{"id":8965,"date":"2022-04-12T15:54:13","date_gmt":"2022-04-12T14:54:13","guid":{"rendered":"https:\/\/eppr3oexnu-staging.onrocket.site\/?page_id=8965"},"modified":"2025-07-18T10:32:50","modified_gmt":"2025-07-18T09:32:50","slug":"tcs","status":"publish","type":"page","link":"https:\/\/thailand-divers.com\/sv\/villkor-och-bestammelser\/","title":{"rendered":"Villkor"},"content":{"rendered":"<div data-elementor-type=\"wp-page\" data-elementor-id=\"8965\" class=\"elementor elementor-8965\" data-elementor-post-type=\"page\">\n\t\t\t\t<div class=\"elementor-element elementor-element-2ebeb579 e-flex e-con-boxed e-con e-parent\" data-id=\"2ebeb579\" data-element_type=\"container\" data-e-type=\"container\">\n\t\t\t\t\t<div class=\"e-con-inner\">\n\t\t\t\t<div class=\"elementor-element elementor-element-4b3c29ed elementor-widget elementor-widget-heading\" data-id=\"4b3c29ed\" data-element_type=\"widget\" data-e-type=\"widget\" data-widget_type=\"heading.default\">\n\t\t\t\t\t<h1 class=\"elementor-heading-title elementor-size-default\">Villkor och best\u00e4mmelser<\/h1>\t\t\t\t<\/div>\n\t\t\t\t<div class=\"elementor-element elementor-element-488322b4 elementor-widget__width-initial elementor-widget elementor-widget-heading\" data-id=\"488322b4\" data-element_type=\"widget\" data-e-type=\"widget\" data-widget_type=\"heading.default\">\n\t\t\t\t\t<p class=\"elementor-heading-title elementor-size-default\">Definitioner\n<br>\nThailand Dive Center ska tolkas som att omfatta \"f\u00f6retaget\", liksom alla deras dotterbolag, tj\u00e4nstem\u00e4n, agenter, anst\u00e4llda, arbetare, styrelseledam\u00f6ter och representanter, oavsett om de \u00e4r personligen eller virtuellt bel\u00e4gna.\n<br><br>\nAllm\u00e4nna bokningsregler\n<br>\n2.1 Alla kunder m\u00e5ste visa upp bevis p\u00e5 dykcertifikat minst Open Water-certifiering.\n<br>\n2.2 Alla kunder m\u00e5ste fylla i och underteckna ett formul\u00e4r f\u00f6r ansvarsfrihet och risktagande.\n<br>\n2.3 F\u00f6retaget f\u00e5r inte ge medicinsk r\u00e5dgivning. R\u00e5dg\u00f6r vid behov med en l\u00e4kare innan du dyker.\n<br>\n2.5 Det h\u00f6gsta till\u00e5tna djupet p\u00e5 fartygen \u00e4r 30 meter, 100 fot f\u00f6r Open Water Divers med Deep Adventure\n<br>\nDykcertifikat, avancerade dykare, divemasters och instrukt\u00f6rer. \u00d6ppet vatten-dykare utan ytterligare djuputbildning f\u00e5r inte dyka djupare \u00e4n 18 meter, 60 fot.\n<br>\n2.6 F\u00f6retaget f\u00f6rbeh\u00e5ller sig r\u00e4tten att \u00e4ndra och\/eller avbryta dykarrangemang av de sk\u00e4l som anges nedan, men som inte \u00e4r begr\u00e4nsade till dessa:\n<br>\n2.6.1 En dykdestination \u00e4r avl\u00e4gsen eller otillg\u00e4nglig;\n<br>\n2.6.2 Lokala sedv\u00e4njor, krig, politisk oro och andra fientligheter (oavsett om kriget \u00e4r f\u00f6rklarat eller inte). Ol\u00e4mpligt beteende fr\u00e5n kunder, klienter och\/eller studenter, inklusive men inte begr\u00e4nsat till verbala eller fysiska handlingar. Thailand Divers f\u00f6rbeh\u00e5ller sig r\u00e4tten att v\u00e4gra service av n\u00e5gon anledning och kan eller kan inte utf\u00e4rda fullst\u00e4ndig eller partiell \u00e5terbetalning av ins\u00e4ttningar eller betalningar;\n<br>\n2.6.3 Force majeure (inklusive COVID-19, \u00f6versv\u00e4mning, jordb\u00e4vning, storm, orkan eller annan naturkatastrof eller sjukdom), och\n<br>\n2.6.4 Alla andra tekniska eller mekaniska sv\u00e5righeter. \u00c5terbetalningar ska utf\u00e4rdas fr\u00e5n fall till fall och helt efter Thailand Divers gottfinnande f\u00f6r varje \u00e4ndring eller avbokning som beror p\u00e5 s\u00e5dana h\u00e4ndelser.\n<br>\n2.7 Kunder, klienter eller elever som av n\u00e5gon anledning inte deltar i n\u00e5gra dyk p\u00e5 en resa, eller i n\u00e5gra kursutbildningar eller tr\u00e4ningsdyk, kan inte f\u00e5 n\u00e5gon ers\u00e4ttning fr\u00e5n f\u00f6retaget f\u00f6r oanv\u00e4nda eller oavslutade delar av resan eller kursen. Thailand Divers f\u00f6rbeh\u00e5ller sig r\u00e4tten att efter eget gottfinnande \u00e4ndra, neka eller helt ers\u00e4tta.\n<br><br>\nF\u00f6rs\u00e4kring\n<br>\n3.1 Kunderna \u00e4r skyldiga att teckna en l\u00e4mplig resef\u00f6rs\u00e4kring hos en v\u00e4lrenommerad f\u00f6rs\u00e4kringsgivare som \u00e4r till\u00e4mplig p\u00e5 de aktiviteter som de kommer att genomf\u00f6ra. S\u00e5dan f\u00f6rs\u00e4kring ska ge omfattande t\u00e4ckning av \u00e5tminstone f\u00f6ljande: dykning, sjukv\u00e5rd, resor, evakuering, personligt ansvar och avbest\u00e4llning av resa. N\u00e4mnda f\u00f6rs\u00e4kringsskydd \u00e4r obligatoriskt f\u00f6r alla kunder ombord p\u00e5 alla b\u00e5tar och lokaler som tillh\u00f6r kunden. F\u00f6retaget ska inte h\u00e5llas ansvarigt f\u00f6r n\u00e5gon resulterande ekonomisk eller personlig f\u00f6rlust eller skada d\u00e4r kunder misslyckas med att s\u00e4kra s\u00e5dan f\u00f6rs\u00e4kring. P\u00e5 avresedagen beg\u00e4r vi ett skriftligt bevis p\u00e5 engelska fr\u00e5n kundens f\u00f6rs\u00e4kringsgivare att de t\u00e4cker evakuering och behandlingar i tryckkammare.\n<br>\n3.2 F\u00f6retaget tar inget ansvar f\u00f6r f\u00f6rlust eller skada p\u00e5 bagage eller dykutrustning ombord p\u00e5 b\u00e5ten, inte heller under \u00f6verf\u00f6ringen till eller fr\u00e5n b\u00e5ten eller p\u00e5 n\u00e5gon av Phuket Dive Centers fastigheter.\n<br>\nPris och betalning\n<br><br>\nAntalet dyk i varje paket \u00e4r en uppskattning baserad p\u00e5 vanliga dykf\u00f6rh\u00e5llanden och ingen garanti. Omst\u00e4ndigheter kan uppst\u00e5 som g\u00f6r att antalet dyk m\u00e5ste \u00e4ndras, t.ex. men inte begr\u00e4nsat till ogynnsamma v\u00e4derf\u00f6rh\u00e5llanden, personlig sjukdom, tekniska eller mekaniska sv\u00e5righeter, avl\u00e4gsna\/tillg\u00e4ngliga dykplatser eller personliga val. S\u00e5dana omst\u00e4ndigheter kan leda till en minskning av det ber\u00e4knade antalet dyk. Ingen \u00e5terbetalning sker under s\u00e5dana omst\u00e4ndigheter.\n<br>\nKundens skyldigheter\n<br><br>\n5.1 Om kunden \u00e4r v\u00e5rdsl\u00f6s eller oansvarig och orsakar skada p\u00e5 eller f\u00f6rlust av egendom och utrustning som tillh\u00f6r f\u00f6retaget, ska kunden ers\u00e4tta f\u00f6retaget fullt ut, till det aktuella detaljhandelspriset f\u00f6r f\u00f6rlust eller skada.\n<br>\n5.2 Kunden f\u00f6rbinder sig att vara fysiskt, k\u00e4nslom\u00e4ssigt och mentalt l\u00e4mplig f\u00f6r att delta i de aktiviteter som han eller hon har anm\u00e4lt sig till. Eventuella skador eller obehag till f\u00f6ljd av dessa aktiviteter, som beror p\u00e5 eventuell ol\u00e4mplighet, ska inte accepteras som grund f\u00f6r klagom\u00e5l eller \u00e5terbetalning.\n<br>\n5.3 Dag- och \u00f6vernattningsresor i Thailand: Kunden kan f\u00f6rbjuda en person att delta i ett eller flera dyk om personen \u00e4r fysiskt, mentalt eller k\u00e4nslom\u00e4ssigt ol\u00e4mplig att dyka, visar en tydlig brist p\u00e5 respekt f\u00f6r National Marine Parks regler och best\u00e4mmelser, hanterar eller skadar marint liv, konsumerar alkohol mellan dyk eller inte f\u00f6ljer allm\u00e4nna internationella normer och praxis f\u00f6r s\u00e4ker dykning.\n<br>\nForce Majeure\n<br><br>\n6.1 F\u00f6retaget f\u00f6rbeh\u00e5ller sig r\u00e4tten att \u00e4ndra, f\u00f6rdr\u00f6ja och\/eller avbryta dykarrangemang om dykdestinationens avl\u00e4gsna eller otillg\u00e4ngliga l\u00e4ge, lokala sedv\u00e4njor, naturkatastrofer (brand, \u00f6versv\u00e4mning, jordb\u00e4vning, storm, orkan eller annan naturkatastrof), krig, politisk oro och andra fientligheter, oavsett om kriget f\u00f6rklarats eller inte, eller andra tekniska eller mekaniska sv\u00e5righeter g\u00f6r att arrangemangen blir os\u00e4kra, farliga och\/eller ogenomf\u00f6rbara.\n<br>\n6.2 Om det r\u00e5der ogynnsamma v\u00e4derf\u00f6rh\u00e5llanden som g\u00f6r det farligt eller ol\u00e4mpligt f\u00f6r kunderna eller b\u00e5ten att landa i och g\u00e5 in i hamnen, f\u00f6rbeh\u00e5ller sig kaptenen r\u00e4tten att skjuta upp seglingen tills gynnsammare f\u00f6rh\u00e5llanden r\u00e5der. Detta kan inneb\u00e4ra en justering av resplanen, vilket kan leda till att landning i en viss hamn st\u00e4lls in och\/eller att \u00f6bes\u00f6k omf\u00f6rdelas.\n<br><br>\nAvbokning\n<br>\n7.1 F\u00f6retaget kommer att \u00e5terbetala alla pengar som kunden har betalat till f\u00f6retaget om f\u00f6retaget sj\u00e4lv st\u00e4ller in en resa eller kurs, annat \u00e4n av sk\u00e4l som anges ovan. F\u00f6retaget ska inte acceptera n\u00e5got ekonomiskt ansvar f\u00f6r \u00e4ndringar i resplanen eller avbokningar som beror p\u00e5 omst\u00e4ndigheter utanf\u00f6r f\u00f6retagets kontroll, s\u00e5som, men inte begr\u00e4nsat till, de som anges ovan.\n<br>\n7.2 Om en kund kr\u00e4ver n\u00f6dutrymning och b\u00e5ten m\u00e5ste \u00e5terv\u00e4nda till land, ska f\u00f6retaget inte ta n\u00e5got ekonomiskt ansvar f\u00f6r eventuella efterf\u00f6ljande \u00e4ndringar av resplanen.\n<br>\n7.3 Om en avbest\u00e4llning g\u00f6rs mer \u00e4n 7 dagar innan resan ska avg\u00e5, kommer alla betalda pengar att \u00e5terbetalas enbart efter Thailand Divers' gottfinnande.\n<br>\n7.4 Om en avbokning g\u00f6rs mellan 7 och 1 dag innan resan ska avg\u00e5 \u00e5terbetalas inte depositionen.\n<br>\n7.5 Om en avbokning gjordes av en kund, vars bokning togs och behandlades av en av f\u00f6retagets agenter, m\u00e5ste kunden kontakta den agenten f\u00f6r n\u00e5gon form av \u00e5terbetalning. F\u00f6retaget kommer inte att kunna behandla n\u00e5gon avbokning av eller f\u00f6rbereda n\u00e5gon \u00e5terbetalning till kunden.\n<br>\n7.6 Alla PADI Professional-kurser kan inte \u00e5terbetalas utan undantag.\n<br><br>\nUppdelbarhet\n<br>\nOm n\u00e5gon av parterna inte lyckas till\u00e4mpa en eller flera av best\u00e4mmelserna i detta avtal p\u00e5 grund av att den eller de best\u00e4mmelserna \u00e4r olagliga, ogiltiga eller ogenomf\u00f6rbara ska detta inte p\u00e5verka giltigheten eller verkst\u00e4llbarheten av andra best\u00e4mmelser i avtalet.\n<br><br>\nUppdrag\n<br>\nKunden f\u00e5r inte \u00f6verl\u00e5ta n\u00e5got av sina ansvarsomr\u00e5den eller skyldigheter eller delegera n\u00e5gra av sina skyldigheter enligt detta avtal utan uttryckligt skriftligt tillst\u00e5nd fr\u00e5n f\u00f6retaget.\n<br><br>\nBefrielse\n<br>\nOm n\u00e5gon av parterna underl\u00e5ter att fullg\u00f6ra en eller flera av sina skyldigheter enligt detta avtal ska detta inte betraktas som ett avst\u00e5ende fr\u00e5n att fullg\u00f6ra andra skyldigheter enligt avtalet.\n<br><br>\nHela avtalet\n<br>\nDetta avtal inneh\u00e5ller b\u00e5da parters r\u00e4ttigheter och skyldigheter i fr\u00e5ga om det som behandlas i avtalet. Inga andra arrangemang, avtal eller \u00e5taganden ska beviljas eller f\u00f6lja av detta avtal.\n<br><br>\nInga tredje parter\n<br>\nInget i detta avtal ska uttryckligen eller underf\u00f6rst\u00e5tt ge r\u00e4ttigheter till n\u00e5gon tredje part.\n<br><br>\nTill\u00e4mplig lag\n<br>\nDetta avtal ska regleras, tolkas och verkst\u00e4llas i enlighet med Thailands lagar. Om n\u00e5gon fr\u00e5ga eller n\u00e5got problem uppst\u00e5r enligt avtalet eller n\u00e5gon av dess best\u00e4mmelser ska den avg\u00f6ras endast av domstolar i Konungariket Thailand, med uteslutande av alla andra domstolar.<\/p>\t\t\t\t<\/div>\n\t\t\t\t\t<\/div>\n\t\t\t\t<\/div>\n\t\t\t\t<\/div>","protected":false},"excerpt":{"rendered":"<p>Terms and Conditions Definitions Thailand Dive Center shall be construed to comprise &#8220;the Company&#8221;, as well as all their affiliates, officers, agents, employees, workers, directors, and representatives whether in-person or virtually located. General Booking Rules \u200b2.1 All customers must show proof of diving certification minimum Open Water Certification 2.2 All customers must complete and sign [&hellip;]<\/p>\n","protected":false},"author":1,"featured_media":0,"parent":0,"menu_order":0,"comment_status":"closed","ping_status":"closed","template":"","meta":{"_angie_page":false,"footnotes":""},"hf_cat_page":[],"class_list":["post-8965","page","type-page","status-publish","hentry"],"_links":{"self":[{"href":"https:\/\/thailand-divers.com\/sv\/wp-json\/wp\/v2\/pages\/8965","targetHints":{"allow":["GET"]}}],"collection":[{"href":"https:\/\/thailand-divers.com\/sv\/wp-json\/wp\/v2\/pages"}],"about":[{"href":"https:\/\/thailand-divers.com\/sv\/wp-json\/wp\/v2\/types\/page"}],"author":[{"embeddable":true,"href":"https:\/\/thailand-divers.com\/sv\/wp-json\/wp\/v2\/users\/1"}],"replies":[{"embeddable":true,"href":"https:\/\/thailand-divers.com\/sv\/wp-json\/wp\/v2\/comments?post=8965"}],"version-history":[{"count":6,"href":"https:\/\/thailand-divers.com\/sv\/wp-json\/wp\/v2\/pages\/8965\/revisions"}],"predecessor-version":[{"id":35141,"href":"https:\/\/thailand-divers.com\/sv\/wp-json\/wp\/v2\/pages\/8965\/revisions\/35141"}],"wp:attachment":[{"href":"https:\/\/thailand-divers.com\/sv\/wp-json\/wp\/v2\/media?parent=8965"}],"wp:term":[{"taxonomy":"hf_cat_page","embeddable":true,"href":"https:\/\/thailand-divers.com\/sv\/wp-json\/wp\/v2\/hf_cat_page?post=8965"}],"curies":[{"name":"wp","href":"https:\/\/api.w.org\/{rel}","templated":true}]}}