{"id":6637,"date":"2021-12-21T00:54:05","date_gmt":"2021-12-21T00:54:05","guid":{"rendered":"https:\/\/eppr3oexnu-staging.onrocket.site\/?page_id=6637"},"modified":"2025-07-18T10:27:35","modified_gmt":"2025-07-18T09:27:35","slug":"cookies-policy","status":"publish","type":"page","link":"https:\/\/thailand-divers.com\/sv\/policy-for-cookies\/","title":{"rendered":"Policy f\u00f6r cookies"},"content":{"rendered":"<div data-elementor-type=\"wp-page\" data-elementor-id=\"6637\" class=\"elementor elementor-6637\" data-elementor-post-type=\"page\">\n\t\t\t\t<div class=\"elementor-element elementor-element-22941d44 e-flex e-con-boxed e-con e-parent\" data-id=\"22941d44\" data-element_type=\"container\" data-e-type=\"container\">\n\t\t\t\t\t<div class=\"e-con-inner\">\n\t\t\t\t<div class=\"elementor-element elementor-element-39bb7393 elementor-widget elementor-widget-heading\" data-id=\"39bb7393\" data-element_type=\"widget\" data-e-type=\"widget\" data-widget_type=\"heading.default\">\n\t\t\t\t\t<p class=\"elementor-heading-title elementor-size-default\">Thailand Divers<\/p>\t\t\t\t<\/div>\n\t\t\t\t<div class=\"elementor-element elementor-element-10f8ac9d elementor-widget elementor-widget-heading\" data-id=\"10f8ac9d\" data-element_type=\"widget\" data-e-type=\"widget\" data-widget_type=\"heading.default\">\n\t\t\t\t\t<h1 class=\"elementor-heading-title elementor-size-default\">Policy f\u00f6r cookies<\/h1>\t\t\t\t<\/div>\n\t\t\t\t<div class=\"elementor-element elementor-element-610226ee elementor-widget__width-initial elementor-widget elementor-widget-heading\" data-id=\"610226ee\" data-element_type=\"widget\" data-e-type=\"widget\" data-widget_type=\"heading.default\">\n\t\t\t\t\t<p class=\"elementor-heading-title elementor-size-default\">Senast uppdaterad: 22 maj - 2024\n<br><br>\nI denna cookiepolicy f\u00f6rklaras vad cookies \u00e4r och hur vi anv\u00e4nder dem. Du b\u00f6r l\u00e4sa denna policy s\u00e5 att du kan f\u00f6rst\u00e5 vilken typ av cookies vi anv\u00e4nder, eller den information vi samlar in med hj\u00e4lp av cookies och hur den informationen anv\u00e4nds.\n<br><br>\nCookies inneh\u00e5ller vanligtvis ingen information som identifierar en anv\u00e4ndare personligen, men personlig information som vi lagrar om dig kan kopplas till den information som lagras i och erh\u00e5lls fr\u00e5n cookies. F\u00f6r ytterligare information om hur vi anv\u00e4nder, lagrar och skyddar dina personuppgifter, se v\u00e5r sekretesspolicy.\n<br><br>\nVi lagrar inte k\u00e4nslig personlig information, s\u00e5som postadresser, l\u00f6senord till konton etc.\n<br>\n<br>\nTolkning och definitioner\n<br><br>\nDe ord i vilka begynnelsebokstaven \u00e4r versal har betydelser som definieras enligt f\u00f6ljande villkor. F\u00f6ljande definitioner ska ha samma inneb\u00f6rd oavsett om de f\u00f6rekommer i singular eller i plural.\nF\u00f6r till\u00e4mpningen av denna cookiepolicy:\n<br><br>\nF\u00f6retaget (ben\u00e4mnt antingen \"f\u00f6retaget\", \"vi\", \"oss\" eller \"v\u00e5r\" i denna cookiepolicy) avser Thailand Divers<br><br>\nCookies \u00e4r sm\u00e5 filer som placeras p\u00e5 din dator, mobila enhet eller n\u00e5gon annan enhet av en webbplats och som inneh\u00e5ller information om din surfhistorik p\u00e5 den webbplatsen, bland m\u00e5nga andra anv\u00e4ndningsomr\u00e5den.<br><br>\nWebbplatsen h\u00e4nvisar till Thailand Divers, tillg\u00e4nglig fr\u00e5n https:\/\/thailand-divers.com\nDu betyder den person som kommer \u00e5t eller anv\u00e4nder webbplatsen, eller ett f\u00f6retag, eller n\u00e5gon juridisk enhet p\u00e5 uppdrag av vilken s\u00e5dan person kommer \u00e5t eller anv\u00e4nder webbplatsen, beroende p\u00e5 vad som \u00e4r till\u00e4mpligt.\n<br>\n<br>\nTyp av cookies som vi anv\u00e4nder\n<br>\nCookies kan vara \"best\u00e4ndiga\" eller \"sessionscookies\". Best\u00e4ndiga cookies finns kvar p\u00e5 din dator eller mobila enhet n\u00e4r du g\u00e5r offline, medan sessionscookies raderas s\u00e5 snart du st\u00e4nger din webbl\u00e4sare.\n<br>\nVi anv\u00e4nder b\u00e5de sessionscookies och permanenta cookies f\u00f6r de \u00e4ndam\u00e5l som anges nedan:\n<br>\nN\u00f6dv\u00e4ndiga\/v\u00e4sentliga cookies Typ: Sessionskakor Administreras av: Vi Syfte: Dessa cookies \u00e4r n\u00f6dv\u00e4ndiga f\u00f6r att ge dig tillg\u00e5ng till de tj\u00e4nster som finns tillg\u00e4ngliga via webbplatsen och f\u00f6r att du ska kunna anv\u00e4nda vissa av dess funktioner. De hj\u00e4lper till att autentisera anv\u00e4ndare och f\u00f6rhindra bedr\u00e4glig anv\u00e4ndning av anv\u00e4ndarkonton. Utan dessa cookies kan de tj\u00e4nster som du har bett om inte tillhandah\u00e5llas, och vi anv\u00e4nder endast dessa cookies f\u00f6r att tillhandah\u00e5lla dig dessa tj\u00e4nster.\nFunktionalitetscookies Typ: Permanenta cookies Administreras av: Vi Syfte: Dessa cookies g\u00f6r det m\u00f6jligt f\u00f6r oss att komma ih\u00e5g de val du g\u00f6r n\u00e4r du anv\u00e4nder webbplatsen, t.ex. dina inloggningsuppgifter eller spr\u00e5kinst\u00e4llningar. Syftet med dessa cookies \u00e4r att ge dig en mer personlig upplevelse och att undvika att du m\u00e5ste ange dina inst\u00e4llningar p\u00e5 nytt varje g\u00e5ng du anv\u00e4nder webbplatsen.\n<br>\nOm du f\u00f6redrar att undvika anv\u00e4ndningen av cookies p\u00e5 webbplatsen m\u00e5ste du f\u00f6rst inaktivera anv\u00e4ndningen av cookies i din webbl\u00e4sare och sedan radera de cookies som sparats i din webbl\u00e4sare och som \u00e4r kopplade till den h\u00e4r webbplatsen. Du kan n\u00e4r som helst anv\u00e4nda detta alternativ f\u00f6r att f\u00f6rhindra anv\u00e4ndningen av cookies.\n<br>\nOm du inte accepterar v\u00e5ra cookies kan du uppleva vissa ol\u00e4genheter n\u00e4r du anv\u00e4nder webbplatsen och vissa funktioner kanske inte fungerar som de ska.\n<br>\nOm du vill radera cookies eller instruera din webbl\u00e4sare att radera eller neka cookies, bes\u00f6k hj\u00e4lpsidorna i din webbl\u00e4sare.\n<br><br>\nF\u00f6r webbl\u00e4saren Chrome, bes\u00f6k denna sida fr\u00e5n Google: https:\/\/support.google.com\/accounts\/answer\/32050<br><br>\nF\u00f6r webbl\u00e4saren Internet Explorer, bes\u00f6k denna sida fr\u00e5n Microsoft: http:\/\/support.microsoft.com\/kb\/278835<br><br>\nF\u00f6r webbl\u00e4saren Firefox, bes\u00f6k denna sida fr\u00e5n Mozilla: https:\/\/support.mozilla.org\/en-US\/kb\/delete-cookies-remove-info-websites-stored<br><br>\nF\u00f6r webbl\u00e4saren Safari, bes\u00f6k denna sida fr\u00e5n Apple: https:\/\/support.apple.com\/guide\/safari\/manage-cookies-and-website-data-sfri11471\/mac\n<br><br>\nF\u00f6r alla andra webbl\u00e4sare, bes\u00f6k din webbl\u00e4sares officiella webbsidor.\n<br>\nOm du har n\u00e5gra fr\u00e5gor om denna cookiepolicy kan du kontakta oss.<\/p>\t\t\t\t<\/div>\n\t\t\t\t\t<\/div>\n\t\t\t\t<\/div>\n\t\t\t\t<\/div>","protected":false},"excerpt":{"rendered":"<p>Thailand Divers Cookie Policy Last updated: May 22 &#8211; 2024 This Cookies Policy explains what Cookies are and how We use them. You should read this policy so You can understand what type of cookies We use, or the information We collect using Cookies and how that information is used. Cookies do not typically contain [&hellip;]<\/p>\n","protected":false},"author":1,"featured_media":0,"parent":0,"menu_order":0,"comment_status":"closed","ping_status":"closed","template":"","meta":{"_angie_page":false,"footnotes":""},"hf_cat_page":[],"class_list":["post-6637","page","type-page","status-publish","hentry"],"_links":{"self":[{"href":"https:\/\/thailand-divers.com\/sv\/wp-json\/wp\/v2\/pages\/6637","targetHints":{"allow":["GET"]}}],"collection":[{"href":"https:\/\/thailand-divers.com\/sv\/wp-json\/wp\/v2\/pages"}],"about":[{"href":"https:\/\/thailand-divers.com\/sv\/wp-json\/wp\/v2\/types\/page"}],"author":[{"embeddable":true,"href":"https:\/\/thailand-divers.com\/sv\/wp-json\/wp\/v2\/users\/1"}],"replies":[{"embeddable":true,"href":"https:\/\/thailand-divers.com\/sv\/wp-json\/wp\/v2\/comments?post=6637"}],"version-history":[{"count":6,"href":"https:\/\/thailand-divers.com\/sv\/wp-json\/wp\/v2\/pages\/6637\/revisions"}],"predecessor-version":[{"id":35031,"href":"https:\/\/thailand-divers.com\/sv\/wp-json\/wp\/v2\/pages\/6637\/revisions\/35031"}],"wp:attachment":[{"href":"https:\/\/thailand-divers.com\/sv\/wp-json\/wp\/v2\/media?parent=6637"}],"wp:term":[{"taxonomy":"hf_cat_page","embeddable":true,"href":"https:\/\/thailand-divers.com\/sv\/wp-json\/wp\/v2\/hf_cat_page?post=6637"}],"curies":[{"name":"wp","href":"https:\/\/api.w.org\/{rel}","templated":true}]}}