{"id":32362,"date":"2025-07-18T10:30:28","date_gmt":"2025-07-18T09:30:28","guid":{"rendered":"https:\/\/thailand-divers.com\/?page_id=32362"},"modified":"2025-07-18T10:32:15","modified_gmt":"2025-07-18T09:32:15","slug":"phi-phi-explorer","status":"publish","type":"page","link":"https:\/\/thailand-divers.com\/sv\/phi-phi-utforskare\/","title":{"rendered":"Phi Phi Explorer"},"content":{"rendered":"<div data-elementor-type=\"wp-page\" data-elementor-id=\"32362\" class=\"elementor elementor-32362\" data-elementor-post-type=\"page\">\n\t\t\t\t<div class=\"elementor-element elementor-element-3696486 e-flex e-con-boxed e-con e-parent\" data-id=\"3696486\" data-element_type=\"container\" data-e-type=\"container\">\n\t\t\t\t\t<div class=\"e-con-inner\">\n\t\t\t\t<div class=\"elementor-element elementor-element-485f2a5 elementor-widget elementor-widget-image\" data-id=\"485f2a5\" data-element_type=\"widget\" data-e-type=\"widget\" data-widget_type=\"image.default\">\n\t\t\t\t\t\t\t\t\t\t\t\t\t\t\t<img decoding=\"async\" width=\"1200\" height=\"600\" src=\"https:\/\/thailand-divers.com\/wp-content\/uploads\/Phi-Phi-Explorer.webp\" class=\"attachment-large size-large wp-image-32255\" alt=\"\" srcset=\"https:\/\/thailand-divers.com\/wp-content\/uploads\/Phi-Phi-Explorer.webp 1200w, https:\/\/thailand-divers.com\/wp-content\/uploads\/Phi-Phi-Explorer-768x384.webp 768w, https:\/\/thailand-divers.com\/wp-content\/uploads\/Phi-Phi-Explorer-18x9.webp 18w\" sizes=\"(max-width: 1200px) 100vw, 1200px\" \/>\t\t\t\t\t\t\t\t\t\t\t\t\t\t\t<\/div>\n\t\t\t\t\t<\/div>\n\t\t\t\t<\/div>\n\t\t<div class=\"elementor-element elementor-element-719a2915 e-flex e-con-boxed e-con e-parent\" data-id=\"719a2915\" data-element_type=\"container\" data-e-type=\"container\" data-settings=\"{&quot;background_background&quot;:&quot;classic&quot;}\">\n\t\t\t\t\t<div class=\"e-con-inner\">\n\t\t<div class=\"elementor-element elementor-element-27dcd8c7 e-flex e-con-boxed e-con e-child\" data-id=\"27dcd8c7\" data-element_type=\"container\" data-e-type=\"container\">\n\t\t\t\t\t<div class=\"e-con-inner\">\n\t\t\t\t<div class=\"elementor-element elementor-element-31df792 elementor-widget__width-initial elementor-widget elementor-widget-heading\" data-id=\"31df792\" data-element_type=\"widget\" data-e-type=\"widget\" data-widget_type=\"heading.default\">\n\t\t\t\t\t<h2 class=\"elementor-heading-title elementor-size-default\">B\u00e4sta dykplatserna i Phuket<\/h2>\t\t\t\t<\/div>\n\t\t\t\t<div class=\"elementor-element elementor-element-32d4ca7d elementor-widget__width-initial elementor-widget elementor-widget-heading\" data-id=\"32d4ca7d\" data-element_type=\"widget\" data-e-type=\"widget\" data-widget_type=\"heading.default\">\n\t\t\t\t\t<h2 class=\"elementor-heading-title elementor-size-default\">2D\/1N 14.900 THB<\/h2>\t\t\t\t<\/div>\n\t\t\t\t<div class=\"elementor-element elementor-element-9d984fb elementor-widget__width-initial elementor-widget elementor-widget-heading\" data-id=\"9d984fb\" data-element_type=\"widget\" data-e-type=\"widget\" data-widget_type=\"heading.default\">\n\t\t\t\t\t<h2 class=\"elementor-heading-title elementor-size-default\">USD$450 \/ 400 EURO<\/h2>\t\t\t\t<\/div>\n\t\t\t\t<div class=\"elementor-element elementor-element-239feb29 elementor-widget elementor-widget-accordion\" data-id=\"239feb29\" data-element_type=\"widget\" data-e-type=\"widget\" data-widget_type=\"accordion.default\">\n\t\t\t\t\t\t\t<div class=\"elementor-accordion\">\n\t\t\t\t\t\t\t<div class=\"elementor-accordion-item\">\n\t\t\t\t\t<div id=\"elementor-tab-title-5971\" class=\"elementor-tab-title\" data-tab=\"1\" role=\"button\" aria-controls=\"elementor-tab-content-5971\" aria-expanded=\"false\">\n\t\t\t\t\t\t\t\t\t\t\t\t\t<span class=\"elementor-accordion-icon elementor-accordion-icon-right\" aria-hidden=\"true\">\n\t\t\t\t\t\t\t\t\t\t\t\t\t\t\t<span class=\"elementor-accordion-icon-closed\"><svg xmlns=\"http:\/\/www.w3.org\/2000\/svg\" width=\"37.5\" viewbox=\"0 0 37.5 37.5\" height=\"37.5\"><defs><clippath id=\"a\"><path d=\"M 0 14 L 37.007812 14 L 37.007812 24 L 0 24 Z M 0 14\"><\/path><\/clippath><clippath id=\"b\"><path d=\"M 14 0 L 23 0 L 23 37.007812 L 14 37.007812 Z M 14 0\"><\/path><\/clippath><\/defs><g clip-path=\"url(#a)\"><path stroke-linecap=\"round\" transform=\"matrix(.75 .00197 -.00197 .75 0 18.75)\" fill=\"none\" d=\"M 0.499998 -0.00131013 L 49.500178 0.000254553\" stroke=\"#000\"><\/path><\/g><g clip-path=\"url(#b)\"><path stroke-linecap=\"round\" transform=\"matrix(-.00633 -.75044 .74997 -.00632 18.69 37.498)\" fill=\"none\" d=\"M 0.497536 0.000809227 L 49.473891 -0.00259276\" stroke=\"#000\"><\/path><\/g><\/svg><\/span>\n\t\t\t\t\t\t\t\t<span class=\"elementor-accordion-icon-opened\"><svg xmlns=\"http:\/\/www.w3.org\/2000\/svg\" width=\"37.5\" viewbox=\"0 0 37.5 37.5\" height=\"37.5\"><defs><clippath id=\"a\"><path d=\"M 0 14 L 37.007812 14 L 37.007812 24 L 0 24 Z M 0 14\"><\/path><\/clippath><\/defs><g clip-path=\"url(#a)\"><path stroke-linecap=\"round\" transform=\"matrix(.75 .00197 -.00197 .75 0 18.75)\" fill=\"none\" d=\"M 0.499998 -0.00131013 L 49.500178 0.000254553\" stroke=\"#000\"><\/path><\/g><\/svg><\/span>\n\t\t\t\t\t\t\t\t\t\t\t\t\t\t<\/span>\n\t\t\t\t\t\t\t\t\t\t\t\t<a class=\"elementor-accordion-title\" tabindex=\"0\">Koh Bida Nai<\/a>\n\t\t\t\t\t<\/div>\n\t\t\t\t\t<div id=\"elementor-tab-content-5971\" class=\"elementor-tab-content elementor-clearfix\" data-tab=\"1\" role=\"region\" aria-labelledby=\"elementor-tab-title-5971\"><p>Denna lilla kalkstens\u00f6 erbjuder branta v\u00e4ggar, sluttande rev och dolda grottor som kryllar av f\u00e4rgglada koraller och svampar. Dykare st\u00f6ter ofta p\u00e5 svarttippade revhajar, stim av snapper, clownfiskar och ibland sk\u00f6ldpaddor eller leopardhajar. Bida Nai passar alla erfarenhetsniv\u00e5er och \u00e4r en favorit f\u00f6r den utm\u00e4rkta sikten och m\u00f6jligheten att utforska b\u00e5de grunda rev och djupare drop-offs under ett och samma dyk.<\/p><\/div>\n\t\t\t\t<\/div>\n\t\t\t\t\t\t\t<div class=\"elementor-accordion-item\">\n\t\t\t\t\t<div id=\"elementor-tab-title-5972\" class=\"elementor-tab-title\" data-tab=\"2\" role=\"button\" aria-controls=\"elementor-tab-content-5972\" aria-expanded=\"false\">\n\t\t\t\t\t\t\t\t\t\t\t\t\t<span class=\"elementor-accordion-icon elementor-accordion-icon-right\" aria-hidden=\"true\">\n\t\t\t\t\t\t\t\t\t\t\t\t\t\t\t<span class=\"elementor-accordion-icon-closed\"><svg xmlns=\"http:\/\/www.w3.org\/2000\/svg\" width=\"37.5\" viewbox=\"0 0 37.5 37.5\" height=\"37.5\"><defs><clippath id=\"a\"><path d=\"M 0 14 L 37.007812 14 L 37.007812 24 L 0 24 Z M 0 14\"><\/path><\/clippath><clippath id=\"b\"><path d=\"M 14 0 L 23 0 L 23 37.007812 L 14 37.007812 Z M 14 0\"><\/path><\/clippath><\/defs><g clip-path=\"url(#a)\"><path stroke-linecap=\"round\" transform=\"matrix(.75 .00197 -.00197 .75 0 18.75)\" fill=\"none\" d=\"M 0.499998 -0.00131013 L 49.500178 0.000254553\" stroke=\"#000\"><\/path><\/g><g clip-path=\"url(#b)\"><path stroke-linecap=\"round\" transform=\"matrix(-.00633 -.75044 .74997 -.00632 18.69 37.498)\" fill=\"none\" d=\"M 0.497536 0.000809227 L 49.473891 -0.00259276\" stroke=\"#000\"><\/path><\/g><\/svg><\/span>\n\t\t\t\t\t\t\t\t<span class=\"elementor-accordion-icon-opened\"><svg xmlns=\"http:\/\/www.w3.org\/2000\/svg\" width=\"37.5\" viewbox=\"0 0 37.5 37.5\" height=\"37.5\"><defs><clippath id=\"a\"><path d=\"M 0 14 L 37.007812 14 L 37.007812 24 L 0 24 Z M 0 14\"><\/path><\/clippath><\/defs><g clip-path=\"url(#a)\"><path stroke-linecap=\"round\" transform=\"matrix(.75 .00197 -.00197 .75 0 18.75)\" fill=\"none\" d=\"M 0.499998 -0.00131013 L 49.500178 0.000254553\" stroke=\"#000\"><\/path><\/g><\/svg><\/span>\n\t\t\t\t\t\t\t\t\t\t\t\t\t\t<\/span>\n\t\t\t\t\t\t\t\t\t\t\t\t<a class=\"elementor-accordion-title\" tabindex=\"0\">Koh Bida Nok<\/a>\n\t\t\t\t\t<\/div>\n\t\t\t\t\t<div id=\"elementor-tab-content-5972\" class=\"elementor-tab-content elementor-clearfix\" data-tab=\"2\" role=\"region\" aria-labelledby=\"elementor-tab-title-5972\"><p>Koh Bida Nok \u00e4r en fantastisk dykplats med branta kalkstensv\u00e4ggar, livfulla koralltr\u00e4dg\u00e5rdar och genomg\u00e5ngar. Den \u00e4r k\u00e4nd f\u00f6r sitt rika marina liv med bland annat mur\u00e4nor, lejonfiskar, barracudor och en och annan svarttippad revhaj. Med b\u00e5de grunda och djupare omr\u00e5den \u00e4r det perfekt f\u00f6r alla dykniv\u00e5er och erbjuder en sp\u00e4nnande blandning av rev- och v\u00e4ggdykning.<\/p><\/div>\n\t\t\t\t<\/div>\n\t\t\t\t\t\t\t<div class=\"elementor-accordion-item\">\n\t\t\t\t\t<div id=\"elementor-tab-title-5973\" class=\"elementor-tab-title\" data-tab=\"3\" role=\"button\" aria-controls=\"elementor-tab-content-5973\" aria-expanded=\"false\">\n\t\t\t\t\t\t\t\t\t\t\t\t\t<span class=\"elementor-accordion-icon elementor-accordion-icon-right\" aria-hidden=\"true\">\n\t\t\t\t\t\t\t\t\t\t\t\t\t\t\t<span class=\"elementor-accordion-icon-closed\"><svg xmlns=\"http:\/\/www.w3.org\/2000\/svg\" width=\"37.5\" viewbox=\"0 0 37.5 37.5\" height=\"37.5\"><defs><clippath id=\"a\"><path d=\"M 0 14 L 37.007812 14 L 37.007812 24 L 0 24 Z M 0 14\"><\/path><\/clippath><clippath id=\"b\"><path d=\"M 14 0 L 23 0 L 23 37.007812 L 14 37.007812 Z M 14 0\"><\/path><\/clippath><\/defs><g clip-path=\"url(#a)\"><path stroke-linecap=\"round\" transform=\"matrix(.75 .00197 -.00197 .75 0 18.75)\" fill=\"none\" d=\"M 0.499998 -0.00131013 L 49.500178 0.000254553\" stroke=\"#000\"><\/path><\/g><g clip-path=\"url(#b)\"><path stroke-linecap=\"round\" transform=\"matrix(-.00633 -.75044 .74997 -.00632 18.69 37.498)\" fill=\"none\" d=\"M 0.497536 0.000809227 L 49.473891 -0.00259276\" stroke=\"#000\"><\/path><\/g><\/svg><\/span>\n\t\t\t\t\t\t\t\t<span class=\"elementor-accordion-icon-opened\"><svg xmlns=\"http:\/\/www.w3.org\/2000\/svg\" width=\"37.5\" viewbox=\"0 0 37.5 37.5\" height=\"37.5\"><defs><clippath id=\"a\"><path d=\"M 0 14 L 37.007812 14 L 37.007812 24 L 0 24 Z M 0 14\"><\/path><\/clippath><\/defs><g clip-path=\"url(#a)\"><path stroke-linecap=\"round\" transform=\"matrix(.75 .00197 -.00197 .75 0 18.75)\" fill=\"none\" d=\"M 0.499998 -0.00131013 L 49.500178 0.000254553\" stroke=\"#000\"><\/path><\/g><\/svg><\/span>\n\t\t\t\t\t\t\t\t\t\t\t\t\t\t<\/span>\n\t\t\t\t\t\t\t\t\t\t\t\t<a class=\"elementor-accordion-title\" tabindex=\"0\">Monkey Bay<\/a>\n\t\t\t\t\t<\/div>\n\t\t\t\t\t<div id=\"elementor-tab-content-5973\" class=\"elementor-tab-content elementor-clearfix\" data-tab=\"3\" role=\"region\" aria-labelledby=\"elementor-tab-title-5973\"><p>N\u00e4r solen g\u00e5r ner kommer det nattliga marina livet fram - du kan st\u00f6ta p\u00e5 jagande bl\u00e4ckfiskar, sovande papegojfiskar i sina slemkokonger, bioluminescerande plankton och sv\u00e5rf\u00e5ngade varelser som nudibrancher, krabbor och bl\u00e4ckfiskar. Sandbotten och de lugna f\u00f6rh\u00e5llandena g\u00f6r det till en idealisk plats f\u00f6r ett lugnt och fascinerande nattdyk, s\u00e4rskilt f\u00f6r dem som inte \u00e4r vana vid att dyka efter m\u00f6rkrets inbrott.<\/p><\/div>\n\t\t\t\t<\/div>\n\t\t\t\t\t\t\t<div class=\"elementor-accordion-item\">\n\t\t\t\t\t<div id=\"elementor-tab-title-5974\" class=\"elementor-tab-title\" data-tab=\"4\" role=\"button\" aria-controls=\"elementor-tab-content-5974\" aria-expanded=\"false\">\n\t\t\t\t\t\t\t\t\t\t\t\t\t<span class=\"elementor-accordion-icon elementor-accordion-icon-right\" aria-hidden=\"true\">\n\t\t\t\t\t\t\t\t\t\t\t\t\t\t\t<span class=\"elementor-accordion-icon-closed\"><svg xmlns=\"http:\/\/www.w3.org\/2000\/svg\" width=\"37.5\" viewbox=\"0 0 37.5 37.5\" height=\"37.5\"><defs><clippath id=\"a\"><path d=\"M 0 14 L 37.007812 14 L 37.007812 24 L 0 24 Z M 0 14\"><\/path><\/clippath><clippath id=\"b\"><path d=\"M 14 0 L 23 0 L 23 37.007812 L 14 37.007812 Z M 14 0\"><\/path><\/clippath><\/defs><g clip-path=\"url(#a)\"><path stroke-linecap=\"round\" transform=\"matrix(.75 .00197 -.00197 .75 0 18.75)\" fill=\"none\" d=\"M 0.499998 -0.00131013 L 49.500178 0.000254553\" stroke=\"#000\"><\/path><\/g><g clip-path=\"url(#b)\"><path stroke-linecap=\"round\" transform=\"matrix(-.00633 -.75044 .74997 -.00632 18.69 37.498)\" fill=\"none\" d=\"M 0.497536 0.000809227 L 49.473891 -0.00259276\" stroke=\"#000\"><\/path><\/g><\/svg><\/span>\n\t\t\t\t\t\t\t\t<span class=\"elementor-accordion-icon-opened\"><svg xmlns=\"http:\/\/www.w3.org\/2000\/svg\" width=\"37.5\" viewbox=\"0 0 37.5 37.5\" height=\"37.5\"><defs><clippath id=\"a\"><path d=\"M 0 14 L 37.007812 14 L 37.007812 24 L 0 24 Z M 0 14\"><\/path><\/clippath><\/defs><g clip-path=\"url(#a)\"><path stroke-linecap=\"round\" transform=\"matrix(.75 .00197 -.00197 .75 0 18.75)\" fill=\"none\" d=\"M 0.499998 -0.00131013 L 49.500178 0.000254553\" stroke=\"#000\"><\/path><\/g><\/svg><\/span>\n\t\t\t\t\t\t\t\t\t\t\t\t\t\t<\/span>\n\t\t\t\t\t\t\t\t\t\t\t\t<a class=\"elementor-accordion-title\" tabindex=\"0\">Kled Keaw vrak<\/a>\n\t\t\t\t\t<\/div>\n\t\t\t\t\t<div id=\"elementor-tab-content-5974\" class=\"elementor-tab-content elementor-clearfix\" data-tab=\"4\" role=\"region\" aria-labelledby=\"elementor-tab-title-5974\"><p>Kled Keaw Wreck \u00e4r ett f\u00f6re detta norskt fartyg fr\u00e5n Royal Navy som s\u00e4nktes 2014 f\u00f6r att skapa ett konstgjort rev.<br \/>Det \u00e4r nu en blomstrande undervattensstad som lockar pelagiska fiskar och ger skydd \u00e5t mindre tropiska arter och makroliv. Dykare ser ofta hajar, sk\u00f6ldpaddor och rockor. Vraket \u00e4r 47 m l\u00e5ngt, 8 m brett och ligger p\u00e5 ett maxdjup av 26 m, med styrhytten p\u00e5 14 m och tv\u00e5 nedre d\u00e4ck.\u00a0<\/p><\/div>\n\t\t\t\t<\/div>\n\t\t\t\t\t\t\t<div class=\"elementor-accordion-item\">\n\t\t\t\t\t<div id=\"elementor-tab-title-5975\" class=\"elementor-tab-title\" data-tab=\"5\" role=\"button\" aria-controls=\"elementor-tab-content-5975\" aria-expanded=\"false\">\n\t\t\t\t\t\t\t\t\t\t\t\t\t<span class=\"elementor-accordion-icon elementor-accordion-icon-right\" aria-hidden=\"true\">\n\t\t\t\t\t\t\t\t\t\t\t\t\t\t\t<span class=\"elementor-accordion-icon-closed\"><svg xmlns=\"http:\/\/www.w3.org\/2000\/svg\" width=\"37.5\" viewbox=\"0 0 37.5 37.5\" height=\"37.5\"><defs><clippath id=\"a\"><path d=\"M 0 14 L 37.007812 14 L 37.007812 24 L 0 24 Z M 0 14\"><\/path><\/clippath><clippath id=\"b\"><path d=\"M 14 0 L 23 0 L 23 37.007812 L 14 37.007812 Z M 14 0\"><\/path><\/clippath><\/defs><g clip-path=\"url(#a)\"><path stroke-linecap=\"round\" transform=\"matrix(.75 .00197 -.00197 .75 0 18.75)\" fill=\"none\" d=\"M 0.499998 -0.00131013 L 49.500178 0.000254553\" stroke=\"#000\"><\/path><\/g><g clip-path=\"url(#b)\"><path stroke-linecap=\"round\" transform=\"matrix(-.00633 -.75044 .74997 -.00632 18.69 37.498)\" fill=\"none\" d=\"M 0.497536 0.000809227 L 49.473891 -0.00259276\" stroke=\"#000\"><\/path><\/g><\/svg><\/span>\n\t\t\t\t\t\t\t\t<span class=\"elementor-accordion-icon-opened\"><svg xmlns=\"http:\/\/www.w3.org\/2000\/svg\" width=\"37.5\" viewbox=\"0 0 37.5 37.5\" height=\"37.5\"><defs><clippath id=\"a\"><path d=\"M 0 14 L 37.007812 14 L 37.007812 24 L 0 24 Z M 0 14\"><\/path><\/clippath><\/defs><g clip-path=\"url(#a)\"><path stroke-linecap=\"round\" transform=\"matrix(.75 .00197 -.00197 .75 0 18.75)\" fill=\"none\" d=\"M 0.499998 -0.00131013 L 49.500178 0.000254553\" stroke=\"#000\"><\/path><\/g><\/svg><\/span>\n\t\t\t\t\t\t\t\t\t\t\t\t\t\t<\/span>\n\t\t\t\t\t\t\t\t\t\t\t\t<a class=\"elementor-accordion-title\" tabindex=\"0\">Garang Heng<\/a>\n\t\t\t\t\t<\/div>\n\t\t\t\t\t<div id=\"elementor-tab-content-5975\" class=\"elementor-tab-content elementor-clearfix\" data-tab=\"5\" role=\"region\" aria-labelledby=\"elementor-tab-title-5975\"><p>Hin Klai, \u00e4ven k\u00e4nd som Garang Heng, \u00e4r en m\u00e5ngsidig dykplats som ligger \u00f6ster om Phi Phi Ley och Phi Phi Don och passar dykare p\u00e5 alla erfarenhetsniv\u00e5er. Dess cylindriska topp n\u00e5r upp till 6 meter fr\u00e5n ytan, vilket g\u00f6r den idealisk f\u00f6r dykare med Open Water-certifikat och upp\u00e5t. Denna livfulla plats har tusentals anemoner, h\u00e5rda korallhuvuden, gigantiska svampar och enorma gorgonian fans. Dykare kan ofta f\u00e5 syn p\u00e5 leopardhajar som vilar p\u00e5 sandbotten, tillsammans med stim av stor\u00f6gd och tv\u00e5fl\u00e4ckig snapper, fusilier, moorish idols, boxfish och pufferfish. Med ett skarpt \u00f6ga kan man ocks\u00e5 hitta mindre varelser som sp\u00f6kpipfiskar, nudibrancher och olika krabbor bland korallerna och sprickorna.<\/p><\/div>\n\t\t\t\t<\/div>\n\t\t\t\t\t\t\t<div class=\"elementor-accordion-item\">\n\t\t\t\t\t<div id=\"elementor-tab-title-5976\" class=\"elementor-tab-title\" data-tab=\"6\" role=\"button\" aria-controls=\"elementor-tab-content-5976\" aria-expanded=\"false\">\n\t\t\t\t\t\t\t\t\t\t\t\t\t<span class=\"elementor-accordion-icon elementor-accordion-icon-right\" aria-hidden=\"true\">\n\t\t\t\t\t\t\t\t\t\t\t\t\t\t\t<span class=\"elementor-accordion-icon-closed\"><svg xmlns=\"http:\/\/www.w3.org\/2000\/svg\" width=\"37.5\" viewbox=\"0 0 37.5 37.5\" height=\"37.5\"><defs><clippath id=\"a\"><path d=\"M 0 14 L 37.007812 14 L 37.007812 24 L 0 24 Z M 0 14\"><\/path><\/clippath><clippath id=\"b\"><path d=\"M 14 0 L 23 0 L 23 37.007812 L 14 37.007812 Z M 14 0\"><\/path><\/clippath><\/defs><g clip-path=\"url(#a)\"><path stroke-linecap=\"round\" transform=\"matrix(.75 .00197 -.00197 .75 0 18.75)\" fill=\"none\" d=\"M 0.499998 -0.00131013 L 49.500178 0.000254553\" stroke=\"#000\"><\/path><\/g><g clip-path=\"url(#b)\"><path stroke-linecap=\"round\" transform=\"matrix(-.00633 -.75044 .74997 -.00632 18.69 37.498)\" fill=\"none\" d=\"M 0.497536 0.000809227 L 49.473891 -0.00259276\" stroke=\"#000\"><\/path><\/g><\/svg><\/span>\n\t\t\t\t\t\t\t\t<span class=\"elementor-accordion-icon-opened\"><svg xmlns=\"http:\/\/www.w3.org\/2000\/svg\" width=\"37.5\" viewbox=\"0 0 37.5 37.5\" height=\"37.5\"><defs><clippath id=\"a\"><path d=\"M 0 14 L 37.007812 14 L 37.007812 24 L 0 24 Z M 0 14\"><\/path><\/clippath><\/defs><g clip-path=\"url(#a)\"><path stroke-linecap=\"round\" transform=\"matrix(.75 .00197 -.00197 .75 0 18.75)\" fill=\"none\" d=\"M 0.499998 -0.00131013 L 49.500178 0.000254553\" stroke=\"#000\"><\/path><\/g><\/svg><\/span>\n\t\t\t\t\t\t\t\t\t\t\t\t\t\t<\/span>\n\t\t\t\t\t\t\t\t\t\t\t\t<a class=\"elementor-accordion-title\" tabindex=\"0\">Vikingagrottan<\/a>\n\t\t\t\t\t<\/div>\n\t\t\t\t\t<div id=\"elementor-tab-content-5976\" class=\"elementor-tab-content elementor-clearfix\" data-tab=\"6\" role=\"region\" aria-labelledby=\"elementor-tab-title-5976\"><p>Viking Bay har en s\u00e4rskild korallodling, vilket \u00f6kar b\u00e5de det ekologiska v\u00e4rdet och intresset f\u00f6r undervattenslivet. Dykare kan st\u00f6ta p\u00e5 ett rikt utbud av marint liv som snappers, pufferfiskar, lejonfiskar och skorpionfiskar, med enstaka observationer av sk\u00f6ldpaddor och havsormar, vilket g\u00f6r det till en \u00f6vertygande dykplats<\/p><\/div>\n\t\t\t\t<\/div>\n\t\t\t\t\t\t\t\t<\/div>\n\t\t\t\t\t\t<\/div>\n\t\t\t\t\t<\/div>\n\t\t\t\t<\/div>\n\t\t<div class=\"elementor-element elementor-element-7586f93e e-flex e-con-boxed e-con e-child\" data-id=\"7586f93e\" data-element_type=\"container\" data-e-type=\"container\">\n\t\t\t\t\t<div class=\"e-con-inner\">\n\t\t\t\t<div class=\"elementor-element elementor-element-16c292a elementor-widget elementor-widget-video\" data-id=\"16c292a\" data-element_type=\"widget\" data-e-type=\"widget\" data-settings=\"{&quot;video_type&quot;:&quot;hosted&quot;,&quot;autoplay&quot;:&quot;yes&quot;,&quot;loop&quot;:&quot;yes&quot;}\" data-widget_type=\"video.default\">\n\t\t\t\t\t\t\t<div class=\"e-hosted-video elementor-wrapper elementor-open-inline\">\n\t\t\t\t\t<video class=\"elementor-video\" src=\"https:\/\/thailand-divers.com\/wp-content\/uploads\/Phi-Phi-Underwater.mp4\" autoplay=\"\" loop=\"\" controlslist=\"nodownload\"><\/video>\n\t\t\t\t<\/div>\n\t\t\t\t\t\t<\/div>\n\t\t\t\t\t<\/div>\n\t\t\t\t<\/div>\n\t\t\t\t\t<\/div>\n\t\t\t\t<\/div>\n\t\t<div class=\"elementor-element elementor-element-22329d9 e-flex e-con-boxed e-con e-parent\" data-id=\"22329d9\" data-element_type=\"container\" data-e-type=\"container\">\n\t\t\t\t\t<div class=\"e-con-inner\">\n\t\t<div class=\"elementor-element elementor-element-1df5cfb e-con-full e-flex e-con e-child\" data-id=\"1df5cfb\" data-element_type=\"container\" data-e-type=\"container\">\n\t\t\t\t<div class=\"elementor-element elementor-element-34a9138 elementor-widget elementor-widget-image\" data-id=\"34a9138\" data-element_type=\"widget\" data-e-type=\"widget\" data-widget_type=\"image.default\">\n\t\t\t\t\t\t\t\t\t\t\t\t\t\t\t<img decoding=\"async\" width=\"1200\" height=\"900\" src=\"https:\/\/thailand-divers.com\/wp-content\/uploads\/phi-phi-explorer-overnight-scuba-diving-trip.webp\" class=\"attachment-large size-large wp-image-32368\" alt=\"\" srcset=\"https:\/\/thailand-divers.com\/wp-content\/uploads\/phi-phi-explorer-overnight-scuba-diving-trip.webp 1200w, https:\/\/thailand-divers.com\/wp-content\/uploads\/phi-phi-explorer-overnight-scuba-diving-trip-768x576.webp 768w, https:\/\/thailand-divers.com\/wp-content\/uploads\/phi-phi-explorer-overnight-scuba-diving-trip-16x12.webp 16w\" sizes=\"(max-width: 1200px) 100vw, 1200px\" \/>\t\t\t\t\t\t\t\t\t\t\t\t\t\t\t<\/div>\n\t\t\t\t<\/div>\n\t\t<div class=\"elementor-element elementor-element-9fae354 e-con-full e-flex e-con e-child\" data-id=\"9fae354\" data-element_type=\"container\" data-e-type=\"container\">\n\t\t<div class=\"elementor-element elementor-element-79976e94 e-con-full e-flex e-con e-child\" data-id=\"79976e94\" data-element_type=\"container\" data-e-type=\"container\">\n\t\t\t\t<div class=\"elementor-element elementor-element-350a0834 elementor-widget elementor-widget-heading\" data-id=\"350a0834\" data-element_type=\"widget\" data-e-type=\"widget\" data-widget_type=\"heading.default\">\n\t\t\t\t\t<h2 class=\"elementor-heading-title elementor-size-default\">Mellan juni och oktober 2025<\/h2>\t\t\t\t<\/div>\n\t\t\t\t<div class=\"elementor-element elementor-element-52e58cb elementor-widget elementor-widget-heading\" data-id=\"52e58cb\" data-element_type=\"widget\" data-e-type=\"widget\" data-widget_type=\"heading.default\">\n\t\t\t\t\t<h2 class=\"elementor-heading-title elementor-size-default\">Phi Phi Explorer<\/h2>\t\t\t\t<\/div>\n\t\t\t\t<div class=\"elementor-element elementor-element-ed9d0b5 elementor-widget elementor-widget-heading\" data-id=\"ed9d0b5\" data-element_type=\"widget\" data-e-type=\"widget\" data-widget_type=\"heading.default\">\n\t\t\t\t\t<h2 class=\"elementor-heading-title elementor-size-default\">Resa med \u00f6vernattning<\/h2>\t\t\t\t<\/div>\n\t\t\t\t<div class=\"elementor-element elementor-element-2fdaf08 elementor-widget__width-initial elementor-widget elementor-widget-heading\" data-id=\"2fdaf08\" data-element_type=\"widget\" data-e-type=\"widget\" data-widget_type=\"heading.default\">\n\t\t\t\t\t<p class=\"elementor-heading-title elementor-size-default\">Bes\u00f6k de sex b\u00e4sta dykplatserna runt Phi Phi Islands National Marine Park p\u00e5 detta dyk\u00e4ventyr med \u00f6vernattning.<\/p>\t\t\t\t<\/div>\n\t\t\t\t<\/div>\n\t\t\t\t<\/div>\n\t\t\t\t\t<\/div>\n\t\t\t\t<\/div>\n\t\t\t\t<\/div>","protected":false},"excerpt":{"rendered":"<p>Best Diving Spots in Phuket 2D\/1N 14,900 THB USD$450 \/ \u20ac400 Koh Bida Nai This small limestone island offers steep walls, sloping reefs, and hidden caverns teeming with colourful corals and sponges. Divers often encounter black-tip reef sharks, schools of snapper, clownfish, and occasionally turtles or leopard sharks. Suitable for all experience levels, Bida Nai [&hellip;]<\/p>\n","protected":false},"author":1,"featured_media":25468,"parent":0,"menu_order":0,"comment_status":"closed","ping_status":"closed","template":"","meta":{"_angie_page":false,"footnotes":""},"hf_cat_page":[],"class_list":["post-32362","page","type-page","status-publish","has-post-thumbnail","hentry"],"_links":{"self":[{"href":"https:\/\/thailand-divers.com\/sv\/wp-json\/wp\/v2\/pages\/32362","targetHints":{"allow":["GET"]}}],"collection":[{"href":"https:\/\/thailand-divers.com\/sv\/wp-json\/wp\/v2\/pages"}],"about":[{"href":"https:\/\/thailand-divers.com\/sv\/wp-json\/wp\/v2\/types\/page"}],"author":[{"embeddable":true,"href":"https:\/\/thailand-divers.com\/sv\/wp-json\/wp\/v2\/users\/1"}],"replies":[{"embeddable":true,"href":"https:\/\/thailand-divers.com\/sv\/wp-json\/wp\/v2\/comments?post=32362"}],"version-history":[{"count":23,"href":"https:\/\/thailand-divers.com\/sv\/wp-json\/wp\/v2\/pages\/32362\/revisions"}],"predecessor-version":[{"id":35138,"href":"https:\/\/thailand-divers.com\/sv\/wp-json\/wp\/v2\/pages\/32362\/revisions\/35138"}],"wp:featuredmedia":[{"embeddable":true,"href":"https:\/\/thailand-divers.com\/sv\/wp-json\/wp\/v2\/media\/25468"}],"wp:attachment":[{"href":"https:\/\/thailand-divers.com\/sv\/wp-json\/wp\/v2\/media?parent=32362"}],"wp:term":[{"taxonomy":"hf_cat_page","embeddable":true,"href":"https:\/\/thailand-divers.com\/sv\/wp-json\/wp\/v2\/hf_cat_page?post=32362"}],"curies":[{"name":"wp","href":"https:\/\/api.w.org\/{rel}","templated":true}]}}