{"id":29136,"date":"2024-10-07T11:48:35","date_gmt":"2024-10-07T10:48:35","guid":{"rendered":"https:\/\/eppr3oexnu-staging.onrocket.site\/?page_id=29136"},"modified":"2025-09-22T13:25:15","modified_gmt":"2025-09-22T12:25:15","slug":"snorkeling-day-trips-main","status":"publish","type":"page","link":"https:\/\/thailand-divers.com\/sv\/snorkling-dagsturer-huvud\/","title":{"rendered":"Snorklingsutflykter"},"content":{"rendered":"<div data-elementor-type=\"wp-page\" data-elementor-id=\"29136\" class=\"elementor elementor-29136\" data-elementor-post-type=\"page\">\n\t\t\t\t<div class=\"elementor-element elementor-element-c26a4b0 e-flex e-con-boxed e-con e-parent\" data-id=\"c26a4b0\" data-element_type=\"container\" data-e-type=\"container\">\n\t\t\t\t\t<div class=\"e-con-inner\">\n\t\t<div class=\"elementor-element elementor-element-a7a36a9 e-con-full e-flex e-con e-child\" data-id=\"a7a36a9\" data-element_type=\"container\" data-e-type=\"container\">\n\t\t<div class=\"elementor-element elementor-element-2e17d9a e-con-full e-flex e-con e-child\" data-id=\"2e17d9a\" data-element_type=\"container\" data-e-type=\"container\">\n\t\t\t\t<div class=\"elementor-element elementor-element-925343f elementor-widget elementor-widget-heading\" data-id=\"925343f\" data-element_type=\"widget\" data-e-type=\"widget\" data-widget_type=\"heading.default\">\n\t\t\t\t\t<h1 class=\"elementor-heading-title elementor-size-default\">Phuket + Similans + Phi Phi-\u00f6arna<\/h1>\t\t\t\t<\/div>\n\t\t\t\t<div class=\"elementor-element elementor-element-6707e62 elementor-widget elementor-widget-heading\" data-id=\"6707e62\" data-element_type=\"widget\" data-e-type=\"widget\" data-widget_type=\"heading.default\">\n\t\t\t\t\t<h2 class=\"elementor-heading-title elementor-size-default\">Dagsturer f\u00f6r snorkling<\/h2>\t\t\t\t<\/div>\n\t\t\t\t<div class=\"elementor-element elementor-element-7a5d1f1 elementor-widget elementor-widget-text-editor\" data-id=\"7a5d1f1\" data-element_type=\"widget\" data-e-type=\"widget\" data-widget_type=\"text-editor.default\">\n\t\t\t\t\t\t\t\t\t<p data-start=\"215\" data-end=\"489\">Uppt\u00e4ck Thailands mest hisnande snorklingsdestinationer p\u00e5 ett heldags\u00e4ventyr med motorb\u00e5t. Oavsett om du dr\u00f6mmer om att simma \u00f6ver livfulla koralltr\u00e4dg\u00e5rdar, utforska marina parker eller koppla av p\u00e5 vita sandstr\u00e4nder, \u00e4r det h\u00e4r de <strong data-start=\"444\" data-end=\"486\">De tre b\u00e4sta snorklingsturerna fr\u00e5n Phuket<\/strong>:<\/p><p data-start=\"215\" data-end=\"489\">\u00a0<\/p><ul data-start=\"491\" data-end=\"1283\"><li data-start=\"491\" data-end=\"746\"><p data-start=\"493\" data-end=\"746\"><strong data-start=\"493\" data-end=\"512\">Phi Phi-\u00f6arna<\/strong><br data-start=\"512\" data-end=\"515\" \/>Phi Phi-\u00f6arna \u00e4r v\u00e4rldsber\u00f6mda f\u00f6r sina dramatiska kalkstensklippor och turkosa laguner och \u00e4r ett m\u00e5ste att se. Snorkla i Thailands National Marine Park, bes\u00f6k den ikoniska Maya Bay och njut av en uts\u00f6kt lunchbuff\u00e9 p\u00e5 stranden.<\/p><\/li><li data-start=\"748\" data-end=\"1033\"><p data-start=\"750\" data-end=\"1033\"><strong data-start=\"750\" data-end=\"769\">Similan\u00f6arna<\/strong><br data-start=\"769\" data-end=\"772\" \/>Similan\u00f6arna \u00e4r k\u00e4nda som Thailands fr\u00e4msta snorklingsdestination och erbjuder kristallklart vatten, or\u00f6rda korallrev och ett rikt marint liv. Tillbringa dagen med att utforska tv\u00e5 \u00f6ar, njut av lunch p\u00e5 en tropisk strand och upplev snorkling n\u00e4r den \u00e4r som allra b\u00e4st.<\/p><\/li><li data-start=\"1035\" data-end=\"1283\"><p data-start=\"1037\" data-end=\"1283\"><strong data-start=\"1037\" data-end=\"1058\">Rok + Haa \u00f6arna<\/strong><br data-start=\"1058\" data-end=\"1061\" \/>Fly undan folkmassorna och uppt\u00e4ck dolda p\u00e4rlor. Dessa \u00f6ar \u00e4r perfekta f\u00f6r dem som s\u00f6ker or\u00f6rd sk\u00f6nhet - snorkla bland livliga rev, hoppa mellan \u00f6arna och promenera l\u00e4ngs lugna sandstr\u00e4nder f\u00f6r en sann paradisupplevelse.<\/p><\/li><\/ul>\t\t\t\t\t\t\t\t<\/div>\n\t\t\t\t<\/div>\n\t\t<div class=\"elementor-element elementor-element-ad1e59f e-con-full e-flex e-con e-child\" data-id=\"ad1e59f\" data-element_type=\"container\" data-e-type=\"container\">\n\t\t\t\t<div class=\"elementor-element elementor-element-68168f6 elementor-widget elementor-widget-image\" data-id=\"68168f6\" data-element_type=\"widget\" data-e-type=\"widget\" data-widget_type=\"image.default\">\n\t\t\t\t\t\t\t\t\t\t\t\t\t\t\t<img decoding=\"async\" width=\"1414\" height=\"2000\" src=\"https:\/\/thailand-divers.com\/wp-content\/uploads\/Snorkeling-Locations-Map.webp\" class=\"attachment-large size-large wp-image-36529\" alt=\"\" srcset=\"https:\/\/thailand-divers.com\/wp-content\/uploads\/Snorkeling-Locations-Map.webp 1414w, https:\/\/thailand-divers.com\/wp-content\/uploads\/Snorkeling-Locations-Map-768x1086.webp 768w, https:\/\/thailand-divers.com\/wp-content\/uploads\/Snorkeling-Locations-Map-1086x1536.webp 1086w, https:\/\/thailand-divers.com\/wp-content\/uploads\/Snorkeling-Locations-Map-8x12.webp 8w\" sizes=\"(max-width: 1414px) 100vw, 1414px\" \/>\t\t\t\t\t\t\t\t\t\t\t\t\t\t\t<\/div>\n\t\t\t\t<\/div>\n\t\t\t\t<\/div>\n\t\t\t\t\t<\/div>\n\t\t\t\t<\/div>\n\t\t<div class=\"elementor-element elementor-element-5b982489 e-flex e-con-boxed e-con e-parent\" data-id=\"5b982489\" data-element_type=\"container\" data-e-type=\"container\">\n\t\t\t\t\t<div class=\"e-con-inner\">\n\t\t<div class=\"elementor-element elementor-element-4054cc13 e-flex e-con-boxed e-con e-child\" data-id=\"4054cc13\" data-element_type=\"container\" data-e-type=\"container\">\n\t\t\t\t\t<div class=\"e-con-inner\">\n\t\t\t\t<div class=\"elementor-element elementor-element-665104ab elementor-widget elementor-widget-image\" data-id=\"665104ab\" data-element_type=\"widget\" data-e-type=\"widget\" data-widget_type=\"image.default\">\n\t\t\t\t\t\t\t\t\t\t\t\t\t\t\t<img decoding=\"async\" width=\"1200\" height=\"900\" src=\"https:\/\/thailand-divers.com\/wp-content\/uploads\/Phi-Phi-Islands-National-Marine-Park-7.webp\" class=\"attachment-large size-large wp-image-24299\" alt=\"En natursk\u00f6n strand p\u00e5 Phi Phi Islands, Thailand, med vit sand, turkost vatten och dramatiska kalkstensklippor t\u00e4ckta av gr\u00f6nska. Bes\u00f6karna ser ut att koppla av och promenera l\u00e4ngs strandlinjen i detta tropiska paradis.\" srcset=\"https:\/\/thailand-divers.com\/wp-content\/uploads\/Phi-Phi-Islands-National-Marine-Park-7.webp 1200w, https:\/\/thailand-divers.com\/wp-content\/uploads\/Phi-Phi-Islands-National-Marine-Park-7-768x576.webp 768w, https:\/\/thailand-divers.com\/wp-content\/uploads\/Phi-Phi-Islands-National-Marine-Park-7-16x12.webp 16w\" sizes=\"(max-width: 1200px) 100vw, 1200px\" \/>\t\t\t\t\t\t\t\t\t\t\t\t\t\t\t<\/div>\n\t\t<div class=\"elementor-element elementor-element-5c1ce457 e-flex e-con-boxed e-con e-child\" data-id=\"5c1ce457\" data-element_type=\"container\" data-e-type=\"container\">\n\t\t\t\t\t<div class=\"e-con-inner\">\n\t\t\t\t<div class=\"elementor-element elementor-element-6d55c784 elementor-widget elementor-widget-heading\" data-id=\"6d55c784\" data-element_type=\"widget\" data-e-type=\"widget\" data-widget_type=\"heading.default\">\n\t\t\t\t\t<div class=\"elementor-heading-title elementor-size-default\">Motorb\u00e5t <\/div>\t\t\t\t<\/div>\n\t\t\t\t<div class=\"elementor-element elementor-element-6c4e5ae7 elementor-widget elementor-widget-heading\" data-id=\"6c4e5ae7\" data-element_type=\"widget\" data-e-type=\"widget\" data-widget_type=\"heading.default\">\n\t\t\t\t\t<div class=\"elementor-heading-title elementor-size-default\">Dagstur<\/div>\t\t\t\t<\/div>\n\t\t\t\t\t<\/div>\n\t\t\t\t<\/div>\n\t\t\t\t<div class=\"elementor-element elementor-element-405ed7 elementor-widget elementor-widget-heading\" data-id=\"405ed7\" data-element_type=\"widget\" data-e-type=\"widget\" data-widget_type=\"heading.default\">\n\t\t\t\t\t<h3 class=\"elementor-heading-title elementor-size-default\">Phi Phi-\u00f6arna<\/h3>\t\t\t\t<\/div>\n\t\t\t\t<div class=\"elementor-element elementor-element-2d09aa3a elementor-align-justify elementor-widget elementor-widget-button\" data-id=\"2d09aa3a\" data-element_type=\"widget\" data-e-type=\"widget\" data-widget_type=\"button.default\">\n\t\t\t\t\t\t\t\t\t\t<a class=\"elementor-button elementor-button-link elementor-size-sm\" href=\"https:\/\/thailand-divers.com\/phi-phi-islands-snorkeling\/\">\n\t\t\t\t\t\t<span class=\"elementor-button-content-wrapper\">\n\t\t\t\t\t\t\t\t\t<span class=\"elementor-button-text\">Info om Phi Phi-\u00f6arna<\/span>\n\t\t\t\t\t<\/span>\n\t\t\t\t\t<\/a>\n\t\t\t\t\t\t\t\t<\/div>\n\t\t\t\t\t<\/div>\n\t\t\t\t<\/div>\n\t\t<div class=\"elementor-element elementor-element-5236acc3 e-flex e-con-boxed e-con e-child\" data-id=\"5236acc3\" data-element_type=\"container\" data-e-type=\"container\">\n\t\t\t\t\t<div class=\"e-con-inner\">\n\t\t\t\t<div class=\"elementor-element elementor-element-3619acb8 elementor-widget elementor-widget-image\" data-id=\"3619acb8\" data-element_type=\"widget\" data-e-type=\"widget\" data-widget_type=\"image.default\">\n\t\t\t\t\t\t\t\t\t\t\t\t\t\t\t<img decoding=\"async\" width=\"1200\" height=\"900\" src=\"https:\/\/thailand-divers.com\/wp-content\/uploads\/Similan-Islands-National-Marine-Park-Thailand-37.webp\" class=\"attachment-large size-large wp-image-24469\" alt=\"Snorklare flyter \u00f6ver ett korallrev i Phuket Thailand och har fri sikt \u00f6ver det marina livet.\" srcset=\"https:\/\/thailand-divers.com\/wp-content\/uploads\/Similan-Islands-National-Marine-Park-Thailand-37.webp 1200w, https:\/\/thailand-divers.com\/wp-content\/uploads\/Similan-Islands-National-Marine-Park-Thailand-37-768x576.webp 768w, https:\/\/thailand-divers.com\/wp-content\/uploads\/Similan-Islands-National-Marine-Park-Thailand-37-16x12.webp 16w\" sizes=\"(max-width: 1200px) 100vw, 1200px\" \/>\t\t\t\t\t\t\t\t\t\t\t\t\t\t\t<\/div>\n\t\t<div class=\"elementor-element elementor-element-674b72b3 e-flex e-con-boxed e-con e-child\" data-id=\"674b72b3\" data-element_type=\"container\" data-e-type=\"container\">\n\t\t\t\t\t<div class=\"e-con-inner\">\n\t\t\t\t<div class=\"elementor-element elementor-element-273a726a elementor-widget elementor-widget-heading\" data-id=\"273a726a\" data-element_type=\"widget\" data-e-type=\"widget\" data-widget_type=\"heading.default\">\n\t\t\t\t\t<div class=\"elementor-heading-title elementor-size-default\">Motorb\u00e5t<\/div>\t\t\t\t<\/div>\n\t\t\t\t<div class=\"elementor-element elementor-element-400b04ba elementor-widget elementor-widget-heading\" data-id=\"400b04ba\" data-element_type=\"widget\" data-e-type=\"widget\" data-widget_type=\"heading.default\">\n\t\t\t\t\t<div class=\"elementor-heading-title elementor-size-default\">Dagstur<\/div>\t\t\t\t<\/div>\n\t\t\t\t\t<\/div>\n\t\t\t\t<\/div>\n\t\t\t\t<div class=\"elementor-element elementor-element-32db3cc9 elementor-widget elementor-widget-heading\" data-id=\"32db3cc9\" data-element_type=\"widget\" data-e-type=\"widget\" data-widget_type=\"heading.default\">\n\t\t\t\t\t<h3 class=\"elementor-heading-title elementor-size-default\">Similan\u00f6arna<\/h3>\t\t\t\t<\/div>\n\t\t\t\t<div class=\"elementor-element elementor-element-71b1625b elementor-align-justify elementor-widget elementor-widget-button\" data-id=\"71b1625b\" data-element_type=\"widget\" data-e-type=\"widget\" data-widget_type=\"button.default\">\n\t\t\t\t\t\t\t\t\t\t<a class=\"elementor-button elementor-button-link elementor-size-sm\" href=\"https:\/\/thailand-divers.com\/similan-islands-snorkeling\/\">\n\t\t\t\t\t\t<span class=\"elementor-button-content-wrapper\">\n\t\t\t\t\t\t\t\t\t<span class=\"elementor-button-text\">Snorkling p\u00e5 Similan\u00f6arna<\/span>\n\t\t\t\t\t<\/span>\n\t\t\t\t\t<\/a>\n\t\t\t\t\t\t\t\t<\/div>\n\t\t\t\t\t<\/div>\n\t\t\t\t<\/div>\n\t\t<div class=\"elementor-element elementor-element-1bc332d4 e-flex e-con-boxed e-con e-child\" data-id=\"1bc332d4\" data-element_type=\"container\" data-e-type=\"container\">\n\t\t\t\t\t<div class=\"e-con-inner\">\n\t\t\t\t<div class=\"elementor-element elementor-element-26136621 elementor-widget elementor-widget-image\" data-id=\"26136621\" data-element_type=\"widget\" data-e-type=\"widget\" data-widget_type=\"image.default\">\n\t\t\t\t\t\t\t\t\t\t\t\t\t\t\t<img decoding=\"async\" width=\"1200\" height=\"900\" src=\"https:\/\/thailand-divers.com\/wp-content\/uploads\/Thailand-Islands-Tropical-Paradise-2.webp\" class=\"attachment-large size-large wp-image-24959\" alt=\"Flygfoto \u00f6ver en tropisk dykplats n\u00e4ra Phuket i Thailand, ett av de fr\u00e4msta resm\u00e5len f\u00f6r dykning och snorkling.\" srcset=\"https:\/\/thailand-divers.com\/wp-content\/uploads\/Thailand-Islands-Tropical-Paradise-2.webp 1200w, https:\/\/thailand-divers.com\/wp-content\/uploads\/Thailand-Islands-Tropical-Paradise-2-768x576.webp 768w, https:\/\/thailand-divers.com\/wp-content\/uploads\/Thailand-Islands-Tropical-Paradise-2-16x12.webp 16w\" sizes=\"(max-width: 1200px) 100vw, 1200px\" \/>\t\t\t\t\t\t\t\t\t\t\t\t\t\t\t<\/div>\n\t\t<div class=\"elementor-element elementor-element-416c84be e-flex e-con-boxed e-con e-child\" data-id=\"416c84be\" data-element_type=\"container\" data-e-type=\"container\">\n\t\t\t\t\t<div class=\"e-con-inner\">\n\t\t\t\t<div class=\"elementor-element elementor-element-38025565 elementor-widget elementor-widget-heading\" data-id=\"38025565\" data-element_type=\"widget\" data-e-type=\"widget\" data-widget_type=\"heading.default\">\n\t\t\t\t\t<div class=\"elementor-heading-title elementor-size-default\">Motorb\u00e5t<\/div>\t\t\t\t<\/div>\n\t\t\t\t<div class=\"elementor-element elementor-element-1cd147e8 elementor-widget elementor-widget-heading\" data-id=\"1cd147e8\" data-element_type=\"widget\" data-e-type=\"widget\" data-widget_type=\"heading.default\">\n\t\t\t\t\t<div class=\"elementor-heading-title elementor-size-default\">Dagstur<\/div>\t\t\t\t<\/div>\n\t\t\t\t\t<\/div>\n\t\t\t\t<\/div>\n\t\t\t\t<div class=\"elementor-element elementor-element-748f7ca1 elementor-widget elementor-widget-heading\" data-id=\"748f7ca1\" data-element_type=\"widget\" data-e-type=\"widget\" data-widget_type=\"heading.default\">\n\t\t\t\t\t<h3 class=\"elementor-heading-title elementor-size-default\">Rok + Haa \u00f6arna<\/h3>\t\t\t\t<\/div>\n\t\t\t\t<div class=\"elementor-element elementor-element-5af72835 elementor-align-justify elementor-widget elementor-widget-button\" data-id=\"5af72835\" data-element_type=\"widget\" data-e-type=\"widget\" data-widget_type=\"button.default\">\n\t\t\t\t\t\t\t\t\t\t<a class=\"elementor-button elementor-button-link elementor-size-sm\" href=\"https:\/\/thailand-divers.com\/rok-island-ha-island-snorkeling-trip\/\">\n\t\t\t\t\t\t<span class=\"elementor-button-content-wrapper\">\n\t\t\t\t\t\t\t\t\t<span class=\"elementor-button-text\">Snorkling p\u00e5 Rok + Haa\u00f6arna<\/span>\n\t\t\t\t\t<\/span>\n\t\t\t\t\t<\/a>\n\t\t\t\t\t\t\t\t<\/div>\n\t\t\t\t\t<\/div>\n\t\t\t\t<\/div>\n\t\t\t\t\t<\/div>\n\t\t\t\t<\/div>\n\t\t\t\t<\/div>","protected":false},"excerpt":{"rendered":"<p>Phuket + Similans + Phi Phi islands Snorkeling Day Trips Discover Thailand\u2019s most breathtaking snorkeling destinations on a full-day speedboat adventure. Whether you dream of swimming over vibrant coral gardens, exploring marine parks, or relaxing on white sandy beaches, these are the top three snorkeling trips from Phuket: \u00a0 Phi Phi IslandsWorld-famous for their dramatic [&hellip;]<\/p>\n","protected":false},"author":1,"featured_media":24461,"parent":0,"menu_order":0,"comment_status":"closed","ping_status":"closed","template":"","meta":{"_angie_page":false,"footnotes":""},"hf_cat_page":[],"class_list":["post-29136","page","type-page","status-publish","has-post-thumbnail","hentry"],"_links":{"self":[{"href":"https:\/\/thailand-divers.com\/sv\/wp-json\/wp\/v2\/pages\/29136","targetHints":{"allow":["GET"]}}],"collection":[{"href":"https:\/\/thailand-divers.com\/sv\/wp-json\/wp\/v2\/pages"}],"about":[{"href":"https:\/\/thailand-divers.com\/sv\/wp-json\/wp\/v2\/types\/page"}],"author":[{"embeddable":true,"href":"https:\/\/thailand-divers.com\/sv\/wp-json\/wp\/v2\/users\/1"}],"replies":[{"embeddable":true,"href":"https:\/\/thailand-divers.com\/sv\/wp-json\/wp\/v2\/comments?post=29136"}],"version-history":[{"count":35,"href":"https:\/\/thailand-divers.com\/sv\/wp-json\/wp\/v2\/pages\/29136\/revisions"}],"predecessor-version":[{"id":36535,"href":"https:\/\/thailand-divers.com\/sv\/wp-json\/wp\/v2\/pages\/29136\/revisions\/36535"}],"wp:featuredmedia":[{"embeddable":true,"href":"https:\/\/thailand-divers.com\/sv\/wp-json\/wp\/v2\/media\/24461"}],"wp:attachment":[{"href":"https:\/\/thailand-divers.com\/sv\/wp-json\/wp\/v2\/media?parent=29136"}],"wp:term":[{"taxonomy":"hf_cat_page","embeddable":true,"href":"https:\/\/thailand-divers.com\/sv\/wp-json\/wp\/v2\/hf_cat_page?post=29136"}],"curies":[{"name":"wp","href":"https:\/\/api.w.org\/{rel}","templated":true}]}}