{"id":23151,"date":"2023-10-14T10:59:55","date_gmt":"2023-10-14T09:59:55","guid":{"rendered":"https:\/\/eppr3oexnu-staging.onrocket.site\/?page_id=23151"},"modified":"2026-03-22T09:06:32","modified_gmt":"2026-03-22T09:06:32","slug":"scuba-diving-insurance","status":"publish","type":"page","link":"https:\/\/thailand-divers.com\/sv\/forsakring-for-dykning\/","title":{"rendered":"F\u00f6rs\u00e4kring f\u00f6r dykning"},"content":{"rendered":"<div data-elementor-type=\"wp-page\" data-elementor-id=\"23151\" class=\"elementor elementor-23151\" data-elementor-post-type=\"page\">\n\t\t\t\t<div class=\"elementor-element elementor-element-c7f0a9f e-flex e-con-boxed e-con e-parent\" data-id=\"c7f0a9f\" data-element_type=\"container\" data-e-type=\"container\" data-settings=\"{&quot;background_background&quot;:&quot;classic&quot;}\">\n\t\t\t\t\t<div class=\"e-con-inner\">\n\t\t<div class=\"elementor-element elementor-element-8b6b874 e-flex e-con-boxed e-con e-child\" data-id=\"8b6b874\" data-element_type=\"container\" data-e-type=\"container\">\n\t\t\t\t\t<div class=\"e-con-inner\">\n\t\t\t\t<div class=\"elementor-element elementor-element-80a59d9 elementor-widget elementor-widget-heading\" data-id=\"80a59d9\" data-element_type=\"widget\" data-e-type=\"widget\" data-widget_type=\"heading.default\">\n\t\t\t\t\t<h2 class=\"elementor-heading-title elementor-size-default\">Dykare<\/h2>\t\t\t\t<\/div>\n\t\t\t\t<div class=\"elementor-element elementor-element-3b85966 elementor-widget elementor-widget-heading\" data-id=\"3b85966\" data-element_type=\"widget\" data-e-type=\"widget\" data-widget_type=\"heading.default\">\n\t\t\t\t\t<h2 class=\"elementor-heading-title elementor-size-default\">Ta hand om dig sj\u00e4lv.<\/h2>\t\t\t\t<\/div>\n\t\t\t\t<div class=\"elementor-element elementor-element-337aa11 elementor-widget__width-initial elementor-widget elementor-widget-heading\" data-id=\"337aa11\" data-element_type=\"widget\" data-e-type=\"widget\" data-widget_type=\"heading.default\">\n\t\t\t\t\t<p class=\"elementor-heading-title elementor-size-default\">Vi rekommenderar starkt att du investerar i en egen personlig dykf\u00f6rs\u00e4kring, s\u00e4rskilt n\u00e4r du dyker i ett fr\u00e4mmande land. Ov\u00e4ntade situationer kan uppst\u00e5 och med en helt\u00e4ckande f\u00f6rs\u00e4kring \u00e4r du skyddad mot eventuella sjukv\u00e5rdskostnader eller dykrelaterade incidenter.\n<br><br>\nOm du f\u00f6r n\u00e4rvarande inte har n\u00e5gon personlig dykf\u00f6rs\u00e4kring beh\u00f6ver du inte oroa dig!<br><br>\nDAN World och Dive Assist erbjuder ett prisv\u00e4rt s\u00e4tt att f\u00e5 en tillf\u00e4llig f\u00f6rs\u00e4kring under dina dykaktiviteter h\u00e4r i Thailand om du inte beh\u00f6ver en f\u00f6rs\u00e4kring som g\u00e4ller \u00e5ret runt.<\/p>\t\t\t\t<\/div>\n\t\t\t\t<div class=\"elementor-element elementor-element-837f17e elementor-widget__width-initial elementor-widget elementor-widget-heading\" data-id=\"837f17e\" data-element_type=\"widget\" data-e-type=\"widget\" data-widget_type=\"heading.default\">\n\t\t\t\t\t<p class=\"elementor-heading-title elementor-size-default\"><a href=\"https:\/\/apps.dan.org\/short-term\/?token=~b181Rb3keg1s68gi14cn2g6gOg331Fv21BgZgC4s4b9dEg9gg9hG4U1K31\" target=\"_blank\" rel=\"noopener\">www.dan.org<\/a><\/p>\t\t\t\t<\/div>\n\t\t\t\t\t<\/div>\n\t\t\t\t<\/div>\n\t\t<div class=\"elementor-element elementor-element-044f269 e-flex e-con-boxed e-con e-child\" data-id=\"044f269\" data-element_type=\"container\" data-e-type=\"container\">\n\t\t\t\t\t<div class=\"e-con-inner\">\n\t\t\t\t<div class=\"elementor-element elementor-element-5feef77 elementor-widget elementor-widget-image\" data-id=\"5feef77\" data-element_type=\"widget\" data-e-type=\"widget\" data-widget_type=\"image.default\">\n\t\t\t\t\t\t\t\t\t\t\t\t\t\t\t\t<a href=\"https:\/\/apps.dan.org\/short-term\/?token=~b181Rb3keg1s68gi14cn2g6gOg331Fv21BgZgC4s4b9dEg9gg9hG4U1K31\" target=\"_blank\" rel=\"noopener\">\n\t\t\t\t\t\t\t<img decoding=\"async\" width=\"320\" height=\"550\" src=\"https:\/\/thailand-divers.com\/wp-content\/uploads\/DAN-insurance-1.jpg\" class=\"attachment-large size-large wp-image-31718\" alt=\"\" srcset=\"https:\/\/thailand-divers.com\/wp-content\/uploads\/DAN-insurance-1.jpg 320w, https:\/\/thailand-divers.com\/wp-content\/uploads\/DAN-insurance-1-7x12.jpg 7w\" sizes=\"(max-width: 320px) 100vw, 320px\" \/>\t\t\t\t\t\t\t\t<\/a>\n\t\t\t\t\t\t\t\t\t\t\t\t\t\t\t<\/div>\n\t\t\t\t\t<\/div>\n\t\t\t\t<\/div>\n\t\t\t\t\t<\/div>\n\t\t\t\t<\/div>\n\t\t<div class=\"elementor-element elementor-element-c451cc0 e-flex e-con-boxed e-con e-parent\" data-id=\"c451cc0\" data-element_type=\"container\" data-e-type=\"container\" data-settings=\"{&quot;background_background&quot;:&quot;classic&quot;}\">\n\t\t\t\t\t<div class=\"e-con-inner\">\n\t\t<div class=\"elementor-element elementor-element-aff0d9a e-flex e-con-boxed e-con e-child\" data-id=\"aff0d9a\" data-element_type=\"container\" data-e-type=\"container\">\n\t\t\t\t\t<div class=\"e-con-inner\">\n\t\t\t\t<div class=\"elementor-element elementor-element-4e7c124 elementor-widget elementor-widget-heading\" data-id=\"4e7c124\" data-element_type=\"widget\" data-e-type=\"widget\" data-widget_type=\"heading.default\">\n\t\t\t\t\t<h1 class=\"elementor-heading-title elementor-size-default\">F\u00f6rs\u00e4kring f\u00f6r dykning<\/h1>\t\t\t\t<\/div>\n\t\t\t\t<div class=\"elementor-element elementor-element-73f74b2 elementor-widget elementor-widget-heading\" data-id=\"73f74b2\" data-element_type=\"widget\" data-e-type=\"widget\" data-widget_type=\"heading.default\">\n\t\t\t\t\t<h2 class=\"elementor-heading-title elementor-size-default\">Ing\u00e5r f\u00f6r nya dykare<\/h2>\t\t\t\t<\/div>\n\t\t\t\t<div class=\"elementor-element elementor-element-9681015 elementor-widget__width-initial elementor-widget elementor-widget-heading\" data-id=\"9681015\" data-element_type=\"widget\" data-e-type=\"widget\" data-widget_type=\"heading.default\">\n\t\t\t\t\t<p class=\"elementor-heading-title elementor-size-default\">N\u00e4r du bokar en Discover Scuba Diving-, Explore Scuba- eller Open Water Diver-kurs med Thailand Divers kan du vara s\u00e4ker p\u00e5 att du \u00e4r fullt f\u00f6rs\u00e4krad f\u00f6r alla dykaktiviteter n\u00e4r du \u00e4r hos oss. Vi registrerar alla v\u00e5ra elever hos DiveAssist.org, en ledande leverant\u00f6r av dykf\u00f6rs\u00e4kringar. \n<br><br>Det inneb\u00e4r att du kommer att f\u00e5 en personlig dykf\u00f6rs\u00e4kring skickad till din e-postadress f\u00f6re dykkursen.\n\nVi erbjuder denna f\u00f6rs\u00e4kring till alla v\u00e5ra elever eftersom vi vill se till att du \u00e4r s\u00e4ker och skyddad n\u00e4r du l\u00e4r dig att dyka.\n\nVi vill ocks\u00e5 ge dig sinnesfrid s\u00e5 att du kan fokusera p\u00e5 att njuta av din dykkurs.<\/p>\t\t\t\t<\/div>\n\t\t\t\t<div class=\"elementor-element elementor-element-71bad16 elementor-widget__width-initial elementor-widget elementor-widget-heading\" data-id=\"71bad16\" data-element_type=\"widget\" data-e-type=\"widget\" data-widget_type=\"heading.default\">\n\t\t\t\t\t<p class=\"elementor-heading-title elementor-size-default\"><a href=\"https:\/\/diveassist.org\/world-diveassist-scuba-diveqr\/?unlock=Qytb65GDF98LMY-837xhre&#038;ref=15\" target=\"_blank\" rel=\"noopener\">DiveAssist.org<\/a><\/p>\t\t\t\t<\/div>\n\t\t\t\t\t<\/div>\n\t\t\t\t<\/div>\n\t\t<div class=\"elementor-element elementor-element-737ad52 e-flex e-con-boxed e-con e-child\" data-id=\"737ad52\" data-element_type=\"container\" data-e-type=\"container\">\n\t\t\t\t\t<div class=\"e-con-inner\">\n\t\t\t\t<div class=\"elementor-element elementor-element-127c509 elementor-widget elementor-widget-image\" data-id=\"127c509\" data-element_type=\"widget\" data-e-type=\"widget\" data-widget_type=\"image.default\">\n\t\t\t\t\t\t\t\t\t\t\t\t\t\t\t<img decoding=\"async\" width=\"1200\" height=\"900\" src=\"https:\/\/thailand-divers.com\/wp-content\/uploads\/Coral-reef-scuba-diving-phuket-thailand-3.webp\" class=\"attachment-large size-large wp-image-25203\" alt=\"En grupp dykare utforskar ett korallrev i Phuket i Thailand, omgivet av ett rikt marint liv.\" srcset=\"https:\/\/thailand-divers.com\/wp-content\/uploads\/Coral-reef-scuba-diving-phuket-thailand-3.webp 1200w, https:\/\/thailand-divers.com\/wp-content\/uploads\/Coral-reef-scuba-diving-phuket-thailand-3-768x576.webp 768w, https:\/\/thailand-divers.com\/wp-content\/uploads\/Coral-reef-scuba-diving-phuket-thailand-3-16x12.webp 16w\" sizes=\"(max-width: 1200px) 100vw, 1200px\" \/>\t\t\t\t\t\t\t\t\t\t\t\t\t\t\t<\/div>\n\t\t\t\t\t<\/div>\n\t\t\t\t<\/div>\n\t\t\t\t\t<\/div>\n\t\t\t\t<\/div>\n\t\t<div class=\"elementor-element elementor-element-cdeb265 e-flex e-con-boxed e-con e-parent\" data-id=\"cdeb265\" data-element_type=\"container\" data-e-type=\"container\" data-settings=\"{&quot;background_background&quot;:&quot;classic&quot;}\">\n\t\t\t\t\t<div class=\"e-con-inner\">\n\t\t<div class=\"elementor-element elementor-element-dd047be e-flex e-con-boxed e-con e-child\" data-id=\"dd047be\" data-element_type=\"container\" data-e-type=\"container\">\n\t\t\t\t\t<div class=\"e-con-inner\">\n\t\t\t\t<div class=\"elementor-element elementor-element-c7f623a elementor-widget elementor-widget-heading\" data-id=\"c7f623a\" data-element_type=\"widget\" data-e-type=\"widget\" data-widget_type=\"heading.default\">\n\t\t\t\t\t<h2 class=\"elementor-heading-title elementor-size-default\">Viktigt f\u00f6r alla<\/h2>\t\t\t\t<\/div>\n\t\t\t\t<div class=\"elementor-element elementor-element-9ae5bf0 elementor-widget elementor-widget-heading\" data-id=\"9ae5bf0\" data-element_type=\"widget\" data-e-type=\"widget\" data-widget_type=\"heading.default\">\n\t\t\t\t\t<h2 class=\"elementor-heading-title elementor-size-default\">Att flyga efter dykning<\/h2>\t\t\t\t<\/div>\n\t\t\t\t<div class=\"elementor-element elementor-element-a9ae19e elementor-widget__width-initial elementor-widget elementor-widget-heading\" data-id=\"a9ae19e\" data-element_type=\"widget\" data-e-type=\"widget\" data-widget_type=\"heading.default\">\n\t\t\t\t\t<p class=\"elementor-heading-title elementor-size-default\">En viktig sak att ta h\u00e4nsyn till n\u00e4r du planerar din dyksemester \u00e4r dina flygdatum och -tider, som avg\u00f6r ditt dykschema. N\u00e4r du dyker f\u00e5r du kv\u00e4ve i kroppen, vilket \u00e4r normalt, och du m\u00e5ste se till att du f\u00e5r ut en h\u00e4lsosam m\u00e4ngd kv\u00e4ve innan du g\u00e5r upp p\u00e5 h\u00f6g h\u00f6jd. \n\n<b><br><br>Regel 1. Du beh\u00f6ver 18 timmar innan du g\u00e5r upp p\u00e5 h\u00f6g h\u00f6jd\n\n<span style=\"font-weight: normal\">Olika organisationer s\u00e4ger olika saker n\u00e4r det g\u00e4ller de timmar som kr\u00e4vs p\u00e5 land innan du g\u00e5r upp p\u00e5 h\u00f6g h\u00f6jd, men PADI s\u00e4ger f\u00f6r n\u00e4rvarande att du beh\u00f6ver <\/span><\/b>12 timmar innan du flyger om du har gjort ett dyk och 18 timmar om du ska g\u00f6ra flera dyk under flera dagar. Det inneb\u00e4r att om du har dykt i en vecka och flyger kl. 13.00 kan du dyka fram till kl. 17.00 dagen innan utan problem.\n<br><br>\nM\u00e5nga m\u00e4nniskor vill ge sig sj\u00e4lva 24 timmar f\u00f6r att vara p\u00e5 den s\u00e4kra sidan och f\u00f6r att de bara vill tillbringa lite tid med att koppla av p\u00e5 stranden den sista semesterdagen, och du \u00e4r naturligtvis v\u00e4lkommen att ge dig sj\u00e4lv s\u00e5 m\u00e5nga timmar som du vill. Men om du \u00e4r en dykfreak \u00e4r 18 timmar vad du beh\u00f6ver, \u00e4ven om du dyker mycket fr\u00e5n en liveaboard. Men som alltid ska du se till att till\u00e4mpa konservativa dykmetoder och undvika att t\u00e4nja p\u00e5 gr\u00e4nserna f\u00f6r dekompression n\u00e4r du dyker.<b style=\"font-weight: bold\">\n\n<br><br><\/b><b style=\"font-weight: bold\">Regel 2. H\u00f6jd betyder inte bara att flyga. <\/b>Om du dyker och sedan planerar att k\u00f6ra upp i bergen f\u00f6r att komma till n\u00e4sta destination r\u00e4knas detta fortfarande som h\u00f6jd \u00f6ver havet. Allt \u00f6ver 300 meter\/1000 fot r\u00e4knas som h\u00f6jd eftersom atmosf\u00e4rstrycket sjunker, s\u00e5 t\u00e4nk p\u00e5 det n\u00e4r du planerar dina resor efter dykningen.\n\n<b><br><br>Regel 3: Att dyka efter att ha flugit \u00e4r okej\n<\/b><br>\nTill skillnad fr\u00e5n dykning efter flygning beh\u00f6ver du inte v\u00e4nta med att dyka efter att du har flugit. Problemet med att flyga efter dykning \u00e4r att kv\u00e4ve ansamlas i kroppen, men det \u00e4r inte en faktor n\u00e4r du precis har stigit av ett plan. Du kan teoretiskt sett hoppa direkt fr\u00e5n planet ner i vattnet (\u00e4ven om vi starkt avr\u00e5der fr\u00e5n detta om du inte \u00e4r ett utbildat proffs!)\n\nDet var de tre enkla reglerna f\u00f6r flygning och dykning. L\u00e4tt, eller hur? <br>Ha en fantastisk dyksemester - vi hoppas f\u00e5 dyka med er n\u00e5gon g\u00e5ng!\n\nLycklig dykning!<\/p>\t\t\t\t<\/div>\n\t\t\t\t<div class=\"elementor-element elementor-element-5d76ffb elementor-widget elementor-widget-heading\" data-id=\"5d76ffb\" data-element_type=\"widget\" data-e-type=\"widget\" data-widget_type=\"heading.default\">\n\t\t\t\t\t<p class=\"elementor-heading-title elementor-size-default\"><a href=\"https:\/\/thailand-divers.com\/instructors\/\">Information om instrukt\u00f6rer <\/a><\/p>\t\t\t\t<\/div>\n\t\t\t\t\t<\/div>\n\t\t\t\t<\/div>\n\t\t<div class=\"elementor-element elementor-element-1de3430 e-flex e-con-boxed e-con e-child\" data-id=\"1de3430\" data-element_type=\"container\" data-e-type=\"container\">\n\t\t\t\t\t<div class=\"e-con-inner\">\n\t\t\t\t<div class=\"elementor-element elementor-element-f29f4db elementor-widget elementor-widget-image\" data-id=\"f29f4db\" data-element_type=\"widget\" data-e-type=\"widget\" data-widget_type=\"image.default\">\n\t\t\t\t\t\t\t\t\t\t\t\t\t\t\t\t<a href=\"https:\/\/thailand-divers.com\/phuket-airport\/\" target=\"_blank\">\n\t\t\t\t\t\t\t<img decoding=\"async\" width=\"510\" height=\"340\" src=\"https:\/\/thailand-divers.com\/wp-content\/uploads\/1-13.webp\" class=\"attachment-large size-large wp-image-20802\" alt=\"Phuket flygplats biluthyrning\" srcset=\"https:\/\/thailand-divers.com\/wp-content\/uploads\/1-13.webp 510w, https:\/\/thailand-divers.com\/wp-content\/uploads\/1-13-18x12.webp 18w\" sizes=\"(max-width: 510px) 100vw, 510px\" \/>\t\t\t\t\t\t\t\t<\/a>\n\t\t\t\t\t\t\t\t\t\t\t\t\t\t\t<\/div>\n\t\t\t\t\t<\/div>\n\t\t\t\t<\/div>\n\t\t\t\t\t<\/div>\n\t\t\t\t<\/div>\n\t\t\t\t<\/div>","protected":false},"excerpt":{"rendered":"<p>Scuba Divers Look After Yourself. We strongly recommend investing in your own personal scuba coverage, especially while diving in a foreign country. Unexpected situations can arise, and having comprehensive insurance ensures you\u2019re protected against any medical expenses or dive-related incidents. If you don\u2019t currently have personal scuba insurance, don\u2019t worry! DAN World and Dive Assist [&hellip;]<\/p>\n","protected":false},"author":1,"featured_media":25427,"parent":0,"menu_order":0,"comment_status":"closed","ping_status":"closed","template":"","meta":{"_angie_page":false,"footnotes":""},"hf_cat_page":[],"class_list":["post-23151","page","type-page","status-publish","has-post-thumbnail","hentry"],"_links":{"self":[{"href":"https:\/\/thailand-divers.com\/sv\/wp-json\/wp\/v2\/pages\/23151","targetHints":{"allow":["GET"]}}],"collection":[{"href":"https:\/\/thailand-divers.com\/sv\/wp-json\/wp\/v2\/pages"}],"about":[{"href":"https:\/\/thailand-divers.com\/sv\/wp-json\/wp\/v2\/types\/page"}],"author":[{"embeddable":true,"href":"https:\/\/thailand-divers.com\/sv\/wp-json\/wp\/v2\/users\/1"}],"replies":[{"embeddable":true,"href":"https:\/\/thailand-divers.com\/sv\/wp-json\/wp\/v2\/comments?post=23151"}],"version-history":[{"count":33,"href":"https:\/\/thailand-divers.com\/sv\/wp-json\/wp\/v2\/pages\/23151\/revisions"}],"predecessor-version":[{"id":37358,"href":"https:\/\/thailand-divers.com\/sv\/wp-json\/wp\/v2\/pages\/23151\/revisions\/37358"}],"wp:featuredmedia":[{"embeddable":true,"href":"https:\/\/thailand-divers.com\/sv\/wp-json\/wp\/v2\/media\/25427"}],"wp:attachment":[{"href":"https:\/\/thailand-divers.com\/sv\/wp-json\/wp\/v2\/media?parent=23151"}],"wp:term":[{"taxonomy":"hf_cat_page","embeddable":true,"href":"https:\/\/thailand-divers.com\/sv\/wp-json\/wp\/v2\/hf_cat_page?post=23151"}],"curies":[{"name":"wp","href":"https:\/\/api.w.org\/{rel}","templated":true}]}}