{"id":23151,"date":"2023-10-14T10:59:55","date_gmt":"2023-10-14T09:59:55","guid":{"rendered":"https:\/\/eppr3oexnu-staging.onrocket.site\/?page_id=23151"},"modified":"2026-03-22T09:06:32","modified_gmt":"2026-03-22T09:06:32","slug":"scuba-diving-insurance","status":"publish","type":"page","link":"https:\/\/thailand-divers.com\/it\/assicurazione-per-le-immersioni-subacquee\/","title":{"rendered":"Assicurazione per le immersioni subacquee"},"content":{"rendered":"<div data-elementor-type=\"wp-page\" data-elementor-id=\"23151\" class=\"elementor elementor-23151\" data-elementor-post-type=\"page\">\n\t\t\t\t<div class=\"elementor-element elementor-element-c7f0a9f e-flex e-con-boxed e-con e-parent\" data-id=\"c7f0a9f\" data-element_type=\"container\" data-e-type=\"container\" data-settings=\"{&quot;background_background&quot;:&quot;classic&quot;}\">\n\t\t\t\t\t<div class=\"e-con-inner\">\n\t\t<div class=\"elementor-element elementor-element-8b6b874 e-flex e-con-boxed e-con e-child\" data-id=\"8b6b874\" data-element_type=\"container\" data-e-type=\"container\">\n\t\t\t\t\t<div class=\"e-con-inner\">\n\t\t\t\t<div class=\"elementor-element elementor-element-80a59d9 elementor-widget elementor-widget-heading\" data-id=\"80a59d9\" data-element_type=\"widget\" data-e-type=\"widget\" data-widget_type=\"heading.default\">\n\t\t\t\t\t<h2 class=\"elementor-heading-title elementor-size-default\">Subacquei<\/h2>\t\t\t\t<\/div>\n\t\t\t\t<div class=\"elementor-element elementor-element-3b85966 elementor-widget elementor-widget-heading\" data-id=\"3b85966\" data-element_type=\"widget\" data-e-type=\"widget\" data-widget_type=\"heading.default\">\n\t\t\t\t\t<h2 class=\"elementor-heading-title elementor-size-default\">Prendetevi cura di voi stessi.<\/h2>\t\t\t\t<\/div>\n\t\t\t\t<div class=\"elementor-element elementor-element-337aa11 elementor-widget__width-initial elementor-widget elementor-widget-heading\" data-id=\"337aa11\" data-element_type=\"widget\" data-e-type=\"widget\" data-widget_type=\"heading.default\">\n\t\t\t\t\t<p class=\"elementor-heading-title elementor-size-default\">Consigliamo vivamente di investire in una copertura subacquea personale, soprattutto quando ci si immerge in un Paese straniero. Possono verificarsi situazioni inaspettate, e un'assicurazione completa vi garantisce di essere protetti da eventuali spese mediche o incidenti legati all'immersione.\n<br><br>\nSe non avete ancora un'assicurazione subacquea personale, non preoccupatevi!<br><br>\nDAN World e Dive Assist offrono un modo conveniente per ottenere una copertura temporanea per la durata delle vostre attivit\u00e0 subacquee qui in Thailandia, se non avete bisogno di una copertura per tutto l'anno.<\/p>\t\t\t\t<\/div>\n\t\t\t\t<div class=\"elementor-element elementor-element-837f17e elementor-widget__width-initial elementor-widget elementor-widget-heading\" data-id=\"837f17e\" data-element_type=\"widget\" data-e-type=\"widget\" data-widget_type=\"heading.default\">\n\t\t\t\t\t<p class=\"elementor-heading-title elementor-size-default\"><a href=\"https:\/\/apps.dan.org\/short-term\/?token=~b181Rb3keg1s68gi14cn2g6gOg331Fv21BgZgC4s4b9dEg9gg9hG4U1K31\" target=\"_blank\" rel=\"noopener\">www.dan.org<\/a><\/p>\t\t\t\t<\/div>\n\t\t\t\t\t<\/div>\n\t\t\t\t<\/div>\n\t\t<div class=\"elementor-element elementor-element-044f269 e-flex e-con-boxed e-con e-child\" data-id=\"044f269\" data-element_type=\"container\" data-e-type=\"container\">\n\t\t\t\t\t<div class=\"e-con-inner\">\n\t\t\t\t<div class=\"elementor-element elementor-element-5feef77 elementor-widget elementor-widget-image\" data-id=\"5feef77\" data-element_type=\"widget\" data-e-type=\"widget\" data-widget_type=\"image.default\">\n\t\t\t\t\t\t\t\t\t\t\t\t\t\t\t\t<a href=\"https:\/\/apps.dan.org\/short-term\/?token=~b181Rb3keg1s68gi14cn2g6gOg331Fv21BgZgC4s4b9dEg9gg9hG4U1K31\" target=\"_blank\" rel=\"noopener\">\n\t\t\t\t\t\t\t<img decoding=\"async\" width=\"320\" height=\"550\" src=\"https:\/\/thailand-divers.com\/wp-content\/uploads\/DAN-insurance-1.jpg\" class=\"attachment-large size-large wp-image-31718\" alt=\"\" srcset=\"https:\/\/thailand-divers.com\/wp-content\/uploads\/DAN-insurance-1.jpg 320w, https:\/\/thailand-divers.com\/wp-content\/uploads\/DAN-insurance-1-7x12.jpg 7w\" sizes=\"(max-width: 320px) 100vw, 320px\" \/>\t\t\t\t\t\t\t\t<\/a>\n\t\t\t\t\t\t\t\t\t\t\t\t\t\t\t<\/div>\n\t\t\t\t\t<\/div>\n\t\t\t\t<\/div>\n\t\t\t\t\t<\/div>\n\t\t\t\t<\/div>\n\t\t<div class=\"elementor-element elementor-element-c451cc0 e-flex e-con-boxed e-con e-parent\" data-id=\"c451cc0\" data-element_type=\"container\" data-e-type=\"container\" data-settings=\"{&quot;background_background&quot;:&quot;classic&quot;}\">\n\t\t\t\t\t<div class=\"e-con-inner\">\n\t\t<div class=\"elementor-element elementor-element-aff0d9a e-flex e-con-boxed e-con e-child\" data-id=\"aff0d9a\" data-element_type=\"container\" data-e-type=\"container\">\n\t\t\t\t\t<div class=\"e-con-inner\">\n\t\t\t\t<div class=\"elementor-element elementor-element-4e7c124 elementor-widget elementor-widget-heading\" data-id=\"4e7c124\" data-element_type=\"widget\" data-e-type=\"widget\" data-widget_type=\"heading.default\">\n\t\t\t\t\t<h1 class=\"elementor-heading-title elementor-size-default\">Assicurazione per le immersioni subacquee<\/h1>\t\t\t\t<\/div>\n\t\t\t\t<div class=\"elementor-element elementor-element-73f74b2 elementor-widget elementor-widget-heading\" data-id=\"73f74b2\" data-element_type=\"widget\" data-e-type=\"widget\" data-widget_type=\"heading.default\">\n\t\t\t\t\t<h2 class=\"elementor-heading-title elementor-size-default\">Incluso per i nuovi subacquei<\/h2>\t\t\t\t<\/div>\n\t\t\t\t<div class=\"elementor-element elementor-element-9681015 elementor-widget__width-initial elementor-widget elementor-widget-heading\" data-id=\"9681015\" data-element_type=\"widget\" data-e-type=\"widget\" data-widget_type=\"heading.default\">\n\t\t\t\t\t<p class=\"elementor-heading-title elementor-size-default\">Quando prenotate un corso Discover Scuba Diving, Explore scuba o Open water diver con Thailand Divers, potete essere certi di essere completamente assicurati per tutte le attivit\u00e0 subacquee mentre siete con noi. Registriamo tutti i nostri studenti con DiveAssist.org, un fornitore leader di assicurazioni per le immersioni subacquee. \n<br><br>Ci\u00f2 significa che riceverete una polizza assicurativa personale per le immersioni subacquee inviata al vostro indirizzo e-mail prima del corso di immersione subacquea.\n\nForniamo questa assicurazione a tutti i nostri studenti perch\u00e9 vogliamo assicurarci che siate sicuri e protetti mentre imparate a immergervi.\n\nVogliamo anche garantirvi la massima tranquillit\u00e0, in modo che possiate concentrarvi sul vostro corso di immersione subacquea.<\/p>\t\t\t\t<\/div>\n\t\t\t\t<div class=\"elementor-element elementor-element-71bad16 elementor-widget__width-initial elementor-widget elementor-widget-heading\" data-id=\"71bad16\" data-element_type=\"widget\" data-e-type=\"widget\" data-widget_type=\"heading.default\">\n\t\t\t\t\t<p class=\"elementor-heading-title elementor-size-default\"><a href=\"https:\/\/diveassist.org\/world-diveassist-scuba-diveqr\/?unlock=Qytb65GDF98LMY-837xhre&#038;ref=15\" target=\"_blank\" rel=\"noopener\">DiveAssist.org<\/a><\/p>\t\t\t\t<\/div>\n\t\t\t\t\t<\/div>\n\t\t\t\t<\/div>\n\t\t<div class=\"elementor-element elementor-element-737ad52 e-flex e-con-boxed e-con e-child\" data-id=\"737ad52\" data-element_type=\"container\" data-e-type=\"container\">\n\t\t\t\t\t<div class=\"e-con-inner\">\n\t\t\t\t<div class=\"elementor-element elementor-element-127c509 elementor-widget elementor-widget-image\" data-id=\"127c509\" data-element_type=\"widget\" data-e-type=\"widget\" data-widget_type=\"image.default\">\n\t\t\t\t\t\t\t\t\t\t\t\t\t\t\t<img decoding=\"async\" width=\"1200\" height=\"900\" src=\"https:\/\/thailand-divers.com\/wp-content\/uploads\/Coral-reef-scuba-diving-phuket-thailand-3.webp\" class=\"attachment-large size-large wp-image-25203\" alt=\"Gruppo di subacquei che esplorano una barriera corallina a Phuket, in Thailandia, circondati da una vivace vita marina.\" srcset=\"https:\/\/thailand-divers.com\/wp-content\/uploads\/Coral-reef-scuba-diving-phuket-thailand-3.webp 1200w, https:\/\/thailand-divers.com\/wp-content\/uploads\/Coral-reef-scuba-diving-phuket-thailand-3-768x576.webp 768w, https:\/\/thailand-divers.com\/wp-content\/uploads\/Coral-reef-scuba-diving-phuket-thailand-3-16x12.webp 16w\" sizes=\"(max-width: 1200px) 100vw, 1200px\" \/>\t\t\t\t\t\t\t\t\t\t\t\t\t\t\t<\/div>\n\t\t\t\t\t<\/div>\n\t\t\t\t<\/div>\n\t\t\t\t\t<\/div>\n\t\t\t\t<\/div>\n\t\t<div class=\"elementor-element elementor-element-cdeb265 e-flex e-con-boxed e-con e-parent\" data-id=\"cdeb265\" data-element_type=\"container\" data-e-type=\"container\" data-settings=\"{&quot;background_background&quot;:&quot;classic&quot;}\">\n\t\t\t\t\t<div class=\"e-con-inner\">\n\t\t<div class=\"elementor-element elementor-element-dd047be e-flex e-con-boxed e-con e-child\" data-id=\"dd047be\" data-element_type=\"container\" data-e-type=\"container\">\n\t\t\t\t\t<div class=\"e-con-inner\">\n\t\t\t\t<div class=\"elementor-element elementor-element-c7f623a elementor-widget elementor-widget-heading\" data-id=\"c7f623a\" data-element_type=\"widget\" data-e-type=\"widget\" data-widget_type=\"heading.default\">\n\t\t\t\t\t<h2 class=\"elementor-heading-title elementor-size-default\">Importante per tutti<\/h2>\t\t\t\t<\/div>\n\t\t\t\t<div class=\"elementor-element elementor-element-9ae5bf0 elementor-widget elementor-widget-heading\" data-id=\"9ae5bf0\" data-element_type=\"widget\" data-e-type=\"widget\" data-widget_type=\"heading.default\">\n\t\t\t\t\t<h2 class=\"elementor-heading-title elementor-size-default\">Volare dopo un'immersione subacquea<\/h2>\t\t\t\t<\/div>\n\t\t\t\t<div class=\"elementor-element elementor-element-a9ae19e elementor-widget__width-initial elementor-widget elementor-widget-heading\" data-id=\"a9ae19e\" data-element_type=\"widget\" data-e-type=\"widget\" data-widget_type=\"heading.default\">\n\t\t\t\t\t<p class=\"elementor-heading-title elementor-size-default\">Una cosa importante da tenere in considerazione quando si pianifica una vacanza subacquea sono le date e gli orari del volo, che determineranno il programma delle immersioni. Quando ci si immerge, l'accumulo di azoto nel corpo \u00e8 normale e bisogna assicurarsi di espellerlo in quantit\u00e0 sana prima di salire in quota. \n\n<b><br><br>Regola 1. Sono necessarie 18 ore prima di andare in quota\n\n<span style=\"font-weight: normal\">Le diverse organizzazioni dicono cose diverse quando si tratta delle ore necessarie sulla terraferma prima di andare in quota, ma la PADI attualmente afferma che \u00e8 necessario <\/span><\/b>12 ore prima del volo se avete fatto un'immersione e 18 ore se state facendo pi\u00f9 immersioni in pi\u00f9 giorni. Ci\u00f2 significa che se vi siete immersi per una settimana e dovete partire alle 13:00, potete immergervi fino alle 17:00 del giorno prima in tutta sicurezza.\n<br><br>\nMolte persone amano concedersi 24 ore per essere prudenti e perch\u00e9 vorrebbero passare un po' di tempo a rilassarsi sulla spiaggia l'ultimo giorno di vacanza, e naturalmente siete liberi di concedervi tutte le ore che volete. Ma se siete dei maniaci delle immersioni, 18 ore sono quelle che vi servono, anche se vi immergete molto da una barca a vela. Come sempre, per\u00f2, assicuratevi di praticare pratiche di immersione conservative e di non superare i vostri limiti di non decompressione quando vi immergete.<b style=\"font-weight: bold\">\n\n<br><br><\/b><b style=\"font-weight: bold\">Regola 2. Altitudine non significa solo volare. <\/b>Se vi immergete e poi avete intenzione di risalire le montagne per raggiungere la vostra prossima destinazione, questo conta ancora come altitudine. Tutto ci\u00f2 che supera i 300 metri conta come altitudine perch\u00e9 la pressione atmosferica si abbassa, quindi tenetelo presente quando pianificate i vostri viaggi dopo l'immersione.\n\n<b><br><br>Regola 3: immergersi dopo il volo va bene\n<\/b><br>\nA differenza dell'immersione dopo il volo, non \u00e8 necessario aspettare prima di immergersi dopo aver volato. La preoccupazione di volare dopo un'immersione \u00e8 l'accumulo di azoto nel corpo, ma questo non \u00e8 un fattore che si verifica quando si \u00e8 appena sbarcati da un aereo. In teoria, si potrebbe saltare direttamente dall'aereo in acqua (anche se lo sconsigliamo vivamente, a meno che non siate professionisti qualificati).\n\nQueste sono le tre semplici regole per volare e tuffarsi. Facile, vero? <br>Vi auguro una fantastica vacanza subacquea - speriamo di poter fare immersioni con voi un giorno!\n\nBuona immersione!<\/p>\t\t\t\t<\/div>\n\t\t\t\t<div class=\"elementor-element elementor-element-5d76ffb elementor-widget elementor-widget-heading\" data-id=\"5d76ffb\" data-element_type=\"widget\" data-e-type=\"widget\" data-widget_type=\"heading.default\">\n\t\t\t\t\t<p class=\"elementor-heading-title elementor-size-default\"><a href=\"https:\/\/thailand-divers.com\/instructors\/\">Informazioni sugli istruttori <\/a><\/p>\t\t\t\t<\/div>\n\t\t\t\t\t<\/div>\n\t\t\t\t<\/div>\n\t\t<div class=\"elementor-element elementor-element-1de3430 e-flex e-con-boxed e-con e-child\" data-id=\"1de3430\" data-element_type=\"container\" data-e-type=\"container\">\n\t\t\t\t\t<div class=\"e-con-inner\">\n\t\t\t\t<div class=\"elementor-element elementor-element-f29f4db elementor-widget elementor-widget-image\" data-id=\"f29f4db\" data-element_type=\"widget\" data-e-type=\"widget\" data-widget_type=\"image.default\">\n\t\t\t\t\t\t\t\t\t\t\t\t\t\t\t\t<a href=\"https:\/\/thailand-divers.com\/phuket-airport\/\" target=\"_blank\">\n\t\t\t\t\t\t\t<img decoding=\"async\" width=\"510\" height=\"340\" src=\"https:\/\/thailand-divers.com\/wp-content\/uploads\/1-13.webp\" class=\"attachment-large size-large wp-image-20802\" alt=\"Noleggio auto all&#039;aeroporto di Phuket\" srcset=\"https:\/\/thailand-divers.com\/wp-content\/uploads\/1-13.webp 510w, https:\/\/thailand-divers.com\/wp-content\/uploads\/1-13-18x12.webp 18w\" sizes=\"(max-width: 510px) 100vw, 510px\" \/>\t\t\t\t\t\t\t\t<\/a>\n\t\t\t\t\t\t\t\t\t\t\t\t\t\t\t<\/div>\n\t\t\t\t\t<\/div>\n\t\t\t\t<\/div>\n\t\t\t\t\t<\/div>\n\t\t\t\t<\/div>\n\t\t\t\t<\/div>","protected":false},"excerpt":{"rendered":"<p>Scuba Divers Look After Yourself. We strongly recommend investing in your own personal scuba coverage, especially while diving in a foreign country. Unexpected situations can arise, and having comprehensive insurance ensures you\u2019re protected against any medical expenses or dive-related incidents. If you don\u2019t currently have personal scuba insurance, don\u2019t worry! DAN World and Dive Assist [&hellip;]<\/p>\n","protected":false},"author":1,"featured_media":25427,"parent":0,"menu_order":0,"comment_status":"closed","ping_status":"closed","template":"","meta":{"_angie_page":false,"footnotes":""},"hf_cat_page":[],"class_list":["post-23151","page","type-page","status-publish","has-post-thumbnail","hentry"],"_links":{"self":[{"href":"https:\/\/thailand-divers.com\/it\/wp-json\/wp\/v2\/pages\/23151","targetHints":{"allow":["GET"]}}],"collection":[{"href":"https:\/\/thailand-divers.com\/it\/wp-json\/wp\/v2\/pages"}],"about":[{"href":"https:\/\/thailand-divers.com\/it\/wp-json\/wp\/v2\/types\/page"}],"author":[{"embeddable":true,"href":"https:\/\/thailand-divers.com\/it\/wp-json\/wp\/v2\/users\/1"}],"replies":[{"embeddable":true,"href":"https:\/\/thailand-divers.com\/it\/wp-json\/wp\/v2\/comments?post=23151"}],"version-history":[{"count":33,"href":"https:\/\/thailand-divers.com\/it\/wp-json\/wp\/v2\/pages\/23151\/revisions"}],"predecessor-version":[{"id":37358,"href":"https:\/\/thailand-divers.com\/it\/wp-json\/wp\/v2\/pages\/23151\/revisions\/37358"}],"wp:featuredmedia":[{"embeddable":true,"href":"https:\/\/thailand-divers.com\/it\/wp-json\/wp\/v2\/media\/25427"}],"wp:attachment":[{"href":"https:\/\/thailand-divers.com\/it\/wp-json\/wp\/v2\/media?parent=23151"}],"wp:term":[{"taxonomy":"hf_cat_page","embeddable":true,"href":"https:\/\/thailand-divers.com\/it\/wp-json\/wp\/v2\/hf_cat_page?post=23151"}],"curies":[{"name":"wp","href":"https:\/\/api.w.org\/{rel}","templated":true}]}}