{"id":6637,"date":"2021-12-21T00:54:05","date_gmt":"2021-12-21T00:54:05","guid":{"rendered":"https:\/\/eppr3oexnu-staging.onrocket.site\/?page_id=6637"},"modified":"2025-07-18T10:27:35","modified_gmt":"2025-07-18T09:27:35","slug":"cookies-policy","status":"publish","type":"page","link":"https:\/\/thailand-divers.com\/fr\/politique-en-matiere-de-cookies\/","title":{"rendered":"Politique en mati\u00e8re de cookies"},"content":{"rendered":"<div data-elementor-type=\"wp-page\" data-elementor-id=\"6637\" class=\"elementor elementor-6637\" data-elementor-post-type=\"page\">\n\t\t\t\t<div class=\"elementor-element elementor-element-22941d44 e-flex e-con-boxed e-con e-parent\" data-id=\"22941d44\" data-element_type=\"container\" data-e-type=\"container\">\n\t\t\t\t\t<div class=\"e-con-inner\">\n\t\t\t\t<div class=\"elementor-element elementor-element-39bb7393 elementor-widget elementor-widget-heading\" data-id=\"39bb7393\" data-element_type=\"widget\" data-e-type=\"widget\" data-widget_type=\"heading.default\">\n\t\t\t\t\t<p class=\"elementor-heading-title elementor-size-default\">Plongeurs de Tha\u00eflande<\/p>\t\t\t\t<\/div>\n\t\t\t\t<div class=\"elementor-element elementor-element-10f8ac9d elementor-widget elementor-widget-heading\" data-id=\"10f8ac9d\" data-element_type=\"widget\" data-e-type=\"widget\" data-widget_type=\"heading.default\">\n\t\t\t\t\t<h1 class=\"elementor-heading-title elementor-size-default\">Politique en mati\u00e8re de cookies<\/h1>\t\t\t\t<\/div>\n\t\t\t\t<div class=\"elementor-element elementor-element-610226ee elementor-widget__width-initial elementor-widget elementor-widget-heading\" data-id=\"610226ee\" data-element_type=\"widget\" data-e-type=\"widget\" data-widget_type=\"heading.default\">\n\t\t\t\t\t<p class=\"elementor-heading-title elementor-size-default\">Derni\u00e8re mise \u00e0 jour : 22 mai - 2024\n<br><br>\nLa pr\u00e9sente politique en mati\u00e8re de cookies explique ce que sont les cookies et comment nous les utilisons. Vous devez lire cette politique afin de comprendre quel type de cookies nous utilisons, ou les informations que nous collectons \u00e0 l'aide de cookies et comment ces informations sont utilis\u00e9es.\n<br><br>\nLes cookies ne contiennent g\u00e9n\u00e9ralement pas d'informations permettant d'identifier personnellement un utilisateur, mais les informations personnelles que nous stockons \u00e0 votre sujet peuvent \u00eatre li\u00e9es aux informations stock\u00e9es dans les cookies et obtenues \u00e0 partir de ceux-ci. Pour plus d'informations sur la mani\u00e8re dont nous utilisons, stockons et s\u00e9curisons vos donn\u00e9es personnelles, consultez notre politique de confidentialit\u00e9.\n<br><br>\nNous ne conservons pas d'informations personnelles sensibles, telles que les adresses postales, les mots de passe des comptes, etc.\n<br>\n<br>\nInterpr\u00e9tation et d\u00e9finitions\n<br><br>\nLes mots dont la lettre initiale est en majuscule ont des significations d\u00e9finies dans les conditions suivantes. Les d\u00e9finitions suivantes ont la m\u00eame signification, qu'elles apparaissent au singulier ou au pluriel.\nAux fins de la pr\u00e9sente politique en mati\u00e8re de cookies :\n<br><br>\nLa soci\u00e9t\u00e9 (d\u00e9sign\u00e9e par \"la soci\u00e9t\u00e9\", \"nous\", \"notre\" ou \"nos\" dans la pr\u00e9sente politique en mati\u00e8re de cookies) fait r\u00e9f\u00e9rence \u00e0 Thailand Divers.<br><br>\nLes cookies sont de petits fichiers plac\u00e9s sur votre ordinateur, votre appareil mobile ou tout autre appareil par un site web, contenant des d\u00e9tails sur votre historique de navigation sur ce site web parmi ses nombreuses utilisations.<br><br>\nLe site web fait r\u00e9f\u00e9rence \u00e0 Thailand Divers, accessible \u00e0 partir de https:\/\/thailand-divers.com.\nVous d\u00e9signe la personne qui acc\u00e8de ou utilise le site web, ou une soci\u00e9t\u00e9, ou toute entit\u00e9 l\u00e9gale au nom de laquelle cette personne acc\u00e8de ou utilise le site web, selon le cas.\n<br>\n<br>\nType de cookies que nous utilisons\n<br>\nLes cookies peuvent \u00eatre \"persistants\" ou \"de session\". Les cookies persistants restent sur votre ordinateur personnel ou votre appareil mobile lorsque vous \u00eates hors ligne, tandis que les cookies de session sont supprim\u00e9s d\u00e8s que vous fermez votre navigateur web.\n<br>\nNous utilisons des cookies de session et des cookies persistants aux fins \u00e9nonc\u00e9es ci-dessous :\n<br>\nCookies n\u00e9cessaires \/ essentiels Type : Cookies de session administr\u00e9s par : Nous Objectif : Ces cookies sont essentiels pour vous fournir les services disponibles sur le site web et vous permettre d'utiliser certaines de ses fonctionnalit\u00e9s. Ils aident \u00e0 authentifier les utilisateurs et \u00e0 pr\u00e9venir l'utilisation frauduleuse des comptes d'utilisateurs. Sans ces cookies, les services que vous avez demand\u00e9s ne peuvent pas \u00eatre fournis, et nous n'utilisons ces cookies que pour vous fournir ces services.\nCookies de fonctionnalit\u00e9 Type : Cookies persistants administr\u00e9s par : Objet : Ces cookies nous permettent de nous souvenir des choix que vous faites lorsque vous utilisez le site Web, par exemple de vos donn\u00e9es de connexion ou de vos pr\u00e9f\u00e9rences linguistiques. L'objectif de ces cookies est de vous offrir une exp\u00e9rience plus personnelle et de vous \u00e9viter d'avoir \u00e0 r\u00e9introduire vos pr\u00e9f\u00e9rences \u00e0 chaque fois que vous utilisez le site web.\n<br>\nSi vous pr\u00e9f\u00e9rez \u00e9viter l'utilisation de cookies sur le site Web, vous devez d'abord d\u00e9sactiver l'utilisation de cookies dans votre navigateur, puis supprimer les cookies enregistr\u00e9s dans votre navigateur et associ\u00e9s \u00e0 ce site Web. Vous pouvez utiliser cette option pour emp\u00eacher l'utilisation de cookies \u00e0 tout moment.\n<br>\nSi vous n'acceptez pas nos cookies, vous risquez d'\u00eatre g\u00ean\u00e9 dans votre utilisation du site Web et certaines fonctions peuvent ne pas fonctionner correctement.\n<br>\nSi vous souhaitez supprimer les cookies ou demander \u00e0 votre navigateur web de les supprimer ou de les refuser, veuillez consulter les pages d'aide de votre navigateur web.\n<br><br>\nPour le navigateur web Chrome, veuillez consulter cette page de Google : https:\/\/support.google.com\/accounts\/answer\/32050<br><br>\nPour le navigateur Internet Explorer, veuillez consulter cette page de Microsoft : http:\/\/support.microsoft.com\/kb\/278835<br><br>\nPour le navigateur web Firefox, veuillez consulter cette page de Mozilla : https:\/\/support.mozilla.org\/en-US\/kb\/delete-cookies-remove-info-websites-stored<br><br>\nPour le navigateur web Safari, veuillez consulter cette page d'Apple : https:\/\/support.apple.com\/guide\/safari\/manage-cookies-and-website-data-sfri11471\/mac\n<br><br>\nPour tout autre navigateur web, veuillez consulter les pages web officielles de votre navigateur.\n<br>\nSi vous avez des questions concernant cette politique en mati\u00e8re de cookies, vous pouvez nous contacter.<\/p>\t\t\t\t<\/div>\n\t\t\t\t\t<\/div>\n\t\t\t\t<\/div>\n\t\t\t\t<\/div>","protected":false},"excerpt":{"rendered":"<p>Thailand Divers Cookie Policy Last updated: May 22 &#8211; 2024 This Cookies Policy explains what Cookies are and how We use them. You should read this policy so You can understand what type of cookies We use, or the information We collect using Cookies and how that information is used. Cookies do not typically contain [&hellip;]<\/p>\n","protected":false},"author":1,"featured_media":0,"parent":0,"menu_order":0,"comment_status":"closed","ping_status":"closed","template":"","meta":{"_angie_page":false,"footnotes":""},"hf_cat_page":[],"class_list":["post-6637","page","type-page","status-publish","hentry"],"_links":{"self":[{"href":"https:\/\/thailand-divers.com\/fr\/wp-json\/wp\/v2\/pages\/6637","targetHints":{"allow":["GET"]}}],"collection":[{"href":"https:\/\/thailand-divers.com\/fr\/wp-json\/wp\/v2\/pages"}],"about":[{"href":"https:\/\/thailand-divers.com\/fr\/wp-json\/wp\/v2\/types\/page"}],"author":[{"embeddable":true,"href":"https:\/\/thailand-divers.com\/fr\/wp-json\/wp\/v2\/users\/1"}],"replies":[{"embeddable":true,"href":"https:\/\/thailand-divers.com\/fr\/wp-json\/wp\/v2\/comments?post=6637"}],"version-history":[{"count":6,"href":"https:\/\/thailand-divers.com\/fr\/wp-json\/wp\/v2\/pages\/6637\/revisions"}],"predecessor-version":[{"id":35031,"href":"https:\/\/thailand-divers.com\/fr\/wp-json\/wp\/v2\/pages\/6637\/revisions\/35031"}],"wp:attachment":[{"href":"https:\/\/thailand-divers.com\/fr\/wp-json\/wp\/v2\/media?parent=6637"}],"wp:term":[{"taxonomy":"hf_cat_page","embeddable":true,"href":"https:\/\/thailand-divers.com\/fr\/wp-json\/wp\/v2\/hf_cat_page?post=6637"}],"curies":[{"name":"wp","href":"https:\/\/api.w.org\/{rel}","templated":true}]}}