{"id":4112,"date":"2021-11-18T22:25:56","date_gmt":"2021-11-18T22:25:56","guid":{"rendered":"https:\/\/eppr3oexnu-staging.onrocket.site\/?page_id=4112"},"modified":"2025-07-21T09:54:41","modified_gmt":"2025-07-21T08:54:41","slug":"privacy-policy","status":"publish","type":"page","link":"https:\/\/thailand-divers.com\/fr\/politique-de-confidentialite\/","title":{"rendered":"Politique de confidentialit\u00e9"},"content":{"rendered":"<div data-elementor-type=\"wp-page\" data-elementor-id=\"4112\" class=\"elementor elementor-4112\" data-elementor-post-type=\"page\">\n\t\t\t\t<div class=\"elementor-element elementor-element-7862f5d e-flex e-con-boxed e-con e-parent\" data-id=\"7862f5d\" data-element_type=\"container\" data-e-type=\"container\">\n\t\t\t\t\t<div class=\"e-con-inner\">\n\t\t\t\t<div class=\"elementor-element elementor-element-202b2d3c elementor-widget elementor-widget-heading\" data-id=\"202b2d3c\" data-element_type=\"widget\" data-e-type=\"widget\" data-widget_type=\"heading.default\">\n\t\t\t\t\t<p class=\"elementor-heading-title elementor-size-default\">Tha\u00eflande<\/p>\t\t\t\t<\/div>\n\t\t\t\t<div class=\"elementor-element elementor-element-36800853 elementor-widget elementor-widget-heading\" data-id=\"36800853\" data-element_type=\"widget\" data-e-type=\"widget\" data-widget_type=\"heading.default\">\n\t\t\t\t\t<h1 class=\"elementor-heading-title elementor-size-default\">Politique de confidentialit\u00e9<\/h1>\t\t\t\t<\/div>\n\t\t\t\t<div class=\"elementor-element elementor-element-3a77d0b8 elementor-widget__width-initial elementor-widget elementor-widget-heading\" data-id=\"3a77d0b8\" data-element_type=\"widget\" data-e-type=\"widget\" data-widget_type=\"heading.default\">\n\t\t\t\t\t<p class=\"elementor-heading-title elementor-size-default\">Qui nous sommes.\n<br>\nL'adresse de notre site web est thailand-divers.com\n<br><br>\nCommentaires\n<br>\nLorsque les visiteurs laissent des commentaires sur le site, nous recueillons les donn\u00e9es indiqu\u00e9es dans le formulaire de commentaires, ainsi que l'adresse IP du visiteur et la cha\u00eene d'agent utilisateur du navigateur pour faciliter la d\u00e9tection des spams.\n<br>\nUne cha\u00eene de caract\u00e8res anonyme cr\u00e9\u00e9e \u00e0 partir de votre adresse \u00e9lectronique (\u00e9galement appel\u00e9e \"hash\") peut \u00eatre fournie au service Gravatar pour v\u00e9rifier si vous l'utilisez. La politique de confidentialit\u00e9 du service Gravatar est disponible ici : https:\/\/automattic.com\/privacy\/. Apr\u00e8s approbation de votre commentaire, votre photo de profil est visible par le public dans le contexte de votre commentaire.\n<br><br>\nM\u00e9dias\n<br>\nSi vous t\u00e9l\u00e9chargez des images sur le site Web, vous devez \u00e9viter de le faire avec des donn\u00e9es de localisation int\u00e9gr\u00e9es (EXIF GPS). Les visiteurs du site web peuvent t\u00e9l\u00e9charger et extraire toutes les donn\u00e9es de localisation des images pr\u00e9sentes sur le site.\n<br><br>\nCookies\n<br>\nSi vous laissez un commentaire sur notre site, vous pouvez choisir d'enregistrer votre nom, votre adresse \u00e9lectronique et votre site Web dans des cookies. Ces cookies vous permettent de ne pas avoir \u00e0 remplir \u00e0 nouveau vos coordonn\u00e9es lorsque vous laissez un autre commentaire. Ces cookies ont une dur\u00e9e de vie d'un an.\n<br><br>\nSi vous visitez notre page de connexion, nous installerons un cookie temporaire pour d\u00e9terminer si votre navigateur accepte les cookies. Ce cookie ne contient aucune donn\u00e9e personnelle et est supprim\u00e9 lorsque vous fermez votre navigateur.\n<br><br>\nLorsque vous vous connectez, nous installons \u00e9galement plusieurs cookies pour enregistrer vos informations de connexion et vos choix d'affichage \u00e0 l'\u00e9cran. Les cookies de connexion ont une dur\u00e9e de vie de deux jours et les cookies d'options d'\u00e9cran ont une dur\u00e9e de vie d'un an. Si vous s\u00e9lectionnez l'option \"Se souvenir de moi\", votre connexion sera conserv\u00e9e pendant deux semaines. Si vous vous d\u00e9connectez de votre compte, les cookies de connexion seront supprim\u00e9s.\n<br><br>\nSi vous modifiez ou publiez un article, un cookie suppl\u00e9mentaire sera enregistr\u00e9 dans votre navigateur. Ce cookie ne comprend aucune donn\u00e9e personnelle et indique simplement l'ID de poste de l'article que vous venez de modifier. Il expire apr\u00e8s 1 jour.\n<br><br>\nContenu int\u00e9gr\u00e9 d'autres sites web\n<br>\nLes articles de ce site peuvent inclure du contenu int\u00e9gr\u00e9 (par exemple des vid\u00e9os, des images, des articles, etc.). Le contenu int\u00e9gr\u00e9 provenant d'autres sites web se comporte exactement de la m\u00eame mani\u00e8re que si le visiteur avait visit\u00e9 l'autre site web.\n<br><br>\nCes sites web peuvent collecter des donn\u00e9es vous concernant, utiliser des cookies, int\u00e9grer un suivi suppl\u00e9mentaire par des tiers et surveiller votre interaction avec ce contenu int\u00e9gr\u00e9, y compris le suivi de votre interaction avec le contenu int\u00e9gr\u00e9 si vous avez un compte et \u00eates connect\u00e9 \u00e0 ce site web.\n<br><br>\nAvec qui nous partageons vos donn\u00e9es\n<br>\nSi vous demandez une r\u00e9initialisation du mot de passe, votre adresse IP sera incluse dans l'e-mail de r\u00e9initialisation.\n<br><br>\nCombien de temps nous conservons vos donn\u00e9es\n<br>\nSi vous laissez un commentaire, celui-ci et ses m\u00e9tadonn\u00e9es sont conserv\u00e9s ind\u00e9finiment. Cela nous permet de reconna\u00eetre et d'approuver automatiquement tout commentaire ult\u00e9rieur, au lieu de le conserver dans une file d'attente de mod\u00e9ration.\n<br><br>\nPour les utilisateurs qui s'inscrivent sur notre site web (le cas \u00e9ch\u00e9ant), nous stockons \u00e9galement les informations personnelles qu'ils fournissent dans leur profil d'utilisateur. Tous les utilisateurs peuvent consulter, modifier ou supprimer leurs informations personnelles \u00e0 tout moment (sauf qu'ils ne peuvent pas modifier leur nom d'utilisateur). Les administrateurs du site web peuvent \u00e9galement voir et modifier ces informations.\n<br><br>\nLes droits dont vous disposez sur vos donn\u00e9es\n<br>\nSi vous avez un compte sur ce site, ou si vous avez laiss\u00e9 des commentaires, vous pouvez demander \u00e0 recevoir un fichier export\u00e9 des donn\u00e9es personnelles que nous d\u00e9tenons \u00e0 votre sujet, y compris les donn\u00e9es que vous nous avez fournies. Vous pouvez \u00e9galement nous demander d'effacer toutes les donn\u00e9es personnelles que nous d\u00e9tenons \u00e0 votre sujet. Ceci n'inclut pas les donn\u00e9es que nous sommes oblig\u00e9s de conserver \u00e0 des fins administratives, l\u00e9gales ou de s\u00e9curit\u00e9.\n<br><br>\nO\u00f9 nous envoyons vos donn\u00e9es\n<br>\nLes commentaires des visiteurs peuvent \u00eatre v\u00e9rifi\u00e9s par un service automatis\u00e9 de d\u00e9tection des spams.<\/p>\t\t\t\t<\/div>\n\t\t\t\t<div class=\"elementor-element elementor-element-5040083 elementor-widget elementor-widget-heading\" data-id=\"5040083\" data-element_type=\"widget\" data-e-type=\"widget\" data-widget_type=\"heading.default\">\n\t\t\t\t\t<h1 class=\"elementor-heading-title elementor-size-default\">Politique de retour<\/h1>\t\t\t\t<\/div>\n\t\t\t\t<div class=\"elementor-element elementor-element-c221355 elementor-widget elementor-widget-text-editor\" data-id=\"c221355\" data-element_type=\"widget\" data-e-type=\"widget\" data-widget_type=\"text-editor.default\">\n\t\t\t\t\t\t\t\t\t<div class=\"edit-section _ngcontent-jwp-37\"><div class=\"edit-section-content _ngcontent-jwp-37\"><div class=\"signal-content _ngcontent-jwp-37\"><div class=\"signal-title-row _ngcontent-jwp-37\"><span style=\"text-decoration: underline;\"><strong>Retours<\/strong><\/span><\/div><div class=\"signal-value-row _ngcontent-jwp-37\"><div class=\"signal-value-text _ngcontent-jwp-37\">Accepter les retours de produits d\u00e9fectueux et non d\u00e9fectueux<\/div><\/div><\/div><div class=\"signal-content _ngcontent-jwp-37\"><div class=\"signal-title-row _ngcontent-jwp-37\">\u00c9changes = Accepter l'\u00e9change<\/div><\/div><p><br \/><span style=\"text-decoration: underline;\"><strong>\u00c9tat du produit et fen\u00eatre<\/strong><\/span><br \/>\u00c9tat du produit = Nouveau et l\u00e9g\u00e8rement utilis\u00e9<br \/>Fen\u00eatre= Dur\u00e9e de vie<\/p><\/div><\/div><div class=\"edit-section _ngcontent-jwp-37\"><div class=\"edit-section-title _ngcontent-jwp-37\"><strong><span style=\"text-decoration: underline;\">M\u00e9thode et frais<\/span><\/strong><\/div><div class=\"edit-section-content _ngcontent-jwp-37\"><div class=\"signal-content _ngcontent-jwp-37\"><div class=\"signal-title-row _ngcontent-jwp-37\">M\u00e9thode= En magasin<\/div><\/div><div class=\"signal-content _ngcontent-jwp-37\"><div class=\"signal-title-row _ngcontent-jwp-37\">Frais de restockage = Pas de frais<\/div><\/div><div class=\"signal-content _ngcontent-jwp-37\"><div class=\"signal-title-row _ngcontent-jwp-37\">D\u00e9lai de traitement du remboursement = 1 jour<\/div><\/div><\/div><\/div>\t\t\t\t\t\t\t\t<\/div>\n\t\t\t\t\t<\/div>\n\t\t\t\t<\/div>\n\t\t\t\t<\/div>","protected":false},"excerpt":{"rendered":"<p>Thailand divers Privacy Policy Who we are. Our website address is thailand-divers.com Comments When visitors leave comments on the site we collect the data shown in the comments form, and also the visitor\u2019s IP address and browser user agent string to help spam detection. An anonymised string created from your email address (also called a [&hellip;]<\/p>\n","protected":false},"author":1,"featured_media":0,"parent":0,"menu_order":0,"comment_status":"closed","ping_status":"closed","template":"","meta":{"_angie_page":false,"footnotes":""},"hf_cat_page":[],"class_list":["post-4112","page","type-page","status-publish","hentry"],"_links":{"self":[{"href":"https:\/\/thailand-divers.com\/fr\/wp-json\/wp\/v2\/pages\/4112","targetHints":{"allow":["GET"]}}],"collection":[{"href":"https:\/\/thailand-divers.com\/fr\/wp-json\/wp\/v2\/pages"}],"about":[{"href":"https:\/\/thailand-divers.com\/fr\/wp-json\/wp\/v2\/types\/page"}],"author":[{"embeddable":true,"href":"https:\/\/thailand-divers.com\/fr\/wp-json\/wp\/v2\/users\/1"}],"replies":[{"embeddable":true,"href":"https:\/\/thailand-divers.com\/fr\/wp-json\/wp\/v2\/comments?post=4112"}],"version-history":[{"count":12,"href":"https:\/\/thailand-divers.com\/fr\/wp-json\/wp\/v2\/pages\/4112\/revisions"}],"predecessor-version":[{"id":35402,"href":"https:\/\/thailand-divers.com\/fr\/wp-json\/wp\/v2\/pages\/4112\/revisions\/35402"}],"wp:attachment":[{"href":"https:\/\/thailand-divers.com\/fr\/wp-json\/wp\/v2\/media?parent=4112"}],"wp:term":[{"taxonomy":"hf_cat_page","embeddable":true,"href":"https:\/\/thailand-divers.com\/fr\/wp-json\/wp\/v2\/hf_cat_page?post=4112"}],"curies":[{"name":"wp","href":"https:\/\/api.w.org\/{rel}","templated":true}]}}