{"id":26347,"date":"2024-05-20T15:31:02","date_gmt":"2024-05-20T14:31:02","guid":{"rendered":"https:\/\/eppr3oexnu-staging.onrocket.site\/?page_id=26347"},"modified":"2025-07-18T10:32:56","modified_gmt":"2025-07-18T09:32:56","slug":"wechat","status":"publish","type":"page","link":"https:\/\/thailand-divers.com\/fr\/wechat\/","title":{"rendered":"WeChat Messager"},"content":{"rendered":"<div data-elementor-type=\"wp-page\" data-elementor-id=\"26347\" class=\"elementor elementor-26347\" data-elementor-post-type=\"page\">\n\t\t\t\t<div class=\"elementor-element elementor-element-cdf5554 e-flex e-con-boxed e-con e-parent\" data-id=\"cdf5554\" data-element_type=\"container\" data-e-type=\"container\">\n\t\t\t\t\t<div class=\"e-con-inner\">\n\t\t\t\t<div class=\"elementor-element elementor-element-fc49730 elementor-widget elementor-widget-heading\" data-id=\"fc49730\" data-element_type=\"widget\" data-e-type=\"widget\" data-widget_type=\"heading.default\">\n\t\t\t\t\t<h1 class=\"elementor-heading-title elementor-size-default\">Veuillez scanner le code QR<br>pour nous contacter<\/h1>\t\t\t\t<\/div>\n\t\t\t\t<div class=\"elementor-element elementor-element-bb76d72 elementor-widget elementor-widget-image\" data-id=\"bb76d72\" data-element_type=\"widget\" data-e-type=\"widget\" data-widget_type=\"image.default\">\n\t\t\t\t\t\t\t\t\t\t\t\t\t\t\t<img decoding=\"async\" width=\"294\" height=\"397\" src=\"https:\/\/thailand-divers.com\/wp-content\/uploads\/Screenshot-2024-05-20-at-15.30.37.png\" class=\"attachment-large size-large wp-image-26350\" alt=\"\" srcset=\"https:\/\/thailand-divers.com\/wp-content\/uploads\/Screenshot-2024-05-20-at-15.30.37.png 294w, https:\/\/thailand-divers.com\/wp-content\/uploads\/Screenshot-2024-05-20-at-15.30.37-9x12.png 9w\" sizes=\"(max-width: 294px) 100vw, 294px\" \/>\t\t\t\t\t\t\t\t\t\t\t\t\t\t\t<\/div>\n\t\t\t\t\t<\/div>\n\t\t\t\t<\/div>\n\t\t<div class=\"elementor-element elementor-element-61ad7a13 e-flex e-con-boxed e-con e-parent\" data-id=\"61ad7a13\" data-element_type=\"container\" data-e-type=\"container\" data-settings=\"{&quot;background_background&quot;:&quot;classic&quot;}\">\n\t\t\t\t\t<div class=\"e-con-inner\">\n\t\t<div class=\"elementor-element elementor-element-741fb8bf e-grid e-con-boxed e-con e-child\" data-id=\"741fb8bf\" data-element_type=\"container\" data-e-type=\"container\">\n\t\t\t\t\t<div class=\"e-con-inner\">\n\t\t<div class=\"elementor-element elementor-element-25ad6d49 e-flex e-con-boxed e-con e-child\" data-id=\"25ad6d49\" data-element_type=\"container\" data-e-type=\"container\" data-settings=\"{&quot;background_background&quot;:&quot;classic&quot;}\">\n\t\t\t\t\t<div class=\"e-con-inner\">\n\t\t\t\t<div class=\"elementor-element elementor-element-7d170a29 elementor-widget elementor-widget-image\" data-id=\"7d170a29\" data-element_type=\"widget\" data-e-type=\"widget\" data-widget_type=\"image.default\">\n\t\t\t\t\t\t\t\t\t\t\t\t\t\t\t<img decoding=\"async\" width=\"1200\" height=\"900\" src=\"https:\/\/thailand-divers.com\/wp-content\/uploads\/Scuba-Diving-Phuket-Thailand-11.webp\" class=\"attachment-large size-large wp-image-25226\" alt=\"Banc de poissons-banni\u00e8res nageant au-dessus d&#039;un r\u00e9cif corallien dans les \u00eeles Similan, en Tha\u00eflande, id\u00e9ales pour les excursions de plong\u00e9e et de snorkeling.\" srcset=\"https:\/\/thailand-divers.com\/wp-content\/uploads\/Scuba-Diving-Phuket-Thailand-11.webp 1200w, https:\/\/thailand-divers.com\/wp-content\/uploads\/Scuba-Diving-Phuket-Thailand-11-768x576.webp 768w, https:\/\/thailand-divers.com\/wp-content\/uploads\/Scuba-Diving-Phuket-Thailand-11-16x12.webp 16w\" sizes=\"(max-width: 1200px) 100vw, 1200px\" \/>\t\t\t\t\t\t\t\t\t\t\t\t\t\t\t<\/div>\n\t\t\t\t\t<\/div>\n\t\t\t\t<\/div>\n\t\t<div class=\"elementor-element elementor-element-d204719 e-con-full e-flex e-con e-child\" data-id=\"d204719\" data-element_type=\"container\" data-e-type=\"container\" data-settings=\"{&quot;background_background&quot;:&quot;classic&quot;}\">\n\t\t\t\t<div class=\"elementor-element elementor-element-3c178b4 elementor-widget elementor-widget-image\" data-id=\"3c178b4\" data-element_type=\"widget\" data-e-type=\"widget\" data-widget_type=\"image.default\">\n\t\t\t\t\t\t\t\t\t\t\t\t\t\t\t<img decoding=\"async\" width=\"1200\" height=\"900\" src=\"https:\/\/thailand-divers.com\/wp-content\/uploads\/Scuba-Diving-Similan-Islands-Thailand-10.webp\" class=\"attachment-large size-large wp-image-25196\" alt=\"Une tortue de mer nageant pr\u00e8s de la surface dans les \u00eeles Similan, en Tha\u00eflande, parfaites pour les aventures de plong\u00e9e et de snorkeling.\" srcset=\"https:\/\/thailand-divers.com\/wp-content\/uploads\/Scuba-Diving-Similan-Islands-Thailand-10.webp 1200w, https:\/\/thailand-divers.com\/wp-content\/uploads\/Scuba-Diving-Similan-Islands-Thailand-10-768x576.webp 768w, https:\/\/thailand-divers.com\/wp-content\/uploads\/Scuba-Diving-Similan-Islands-Thailand-10-16x12.webp 16w\" sizes=\"(max-width: 1200px) 100vw, 1200px\" \/>\t\t\t\t\t\t\t\t\t\t\t\t\t\t\t<\/div>\n\t\t\t\t<\/div>\n\t\t<div class=\"elementor-element elementor-element-9fe2899 e-con-full e-flex e-con e-child\" data-id=\"9fe2899\" data-element_type=\"container\" data-e-type=\"container\" data-settings=\"{&quot;background_background&quot;:&quot;classic&quot;}\">\n\t\t\t\t<div class=\"elementor-element elementor-element-566a51f elementor-widget elementor-widget-image\" data-id=\"566a51f\" data-element_type=\"widget\" data-e-type=\"widget\" data-widget_type=\"image.default\">\n\t\t\t\t\t\t\t\t\t\t\t\t\t\t\t<img decoding=\"async\" width=\"681\" height=\"482\" src=\"https:\/\/thailand-divers.com\/wp-content\/uploads\/Tropical-coral-reef-scuba-diving-phuket-thailand-4-e1726044290912.webp\" class=\"attachment-large size-large wp-image-24853\" alt=\"Un grand banc de poissons jaunes nageant autour du corail dans les \u00eeles Similan, en Tha\u00eflande, parfaites pour les excursions de plong\u00e9e et de snorkeling.\" srcset=\"https:\/\/thailand-divers.com\/wp-content\/uploads\/Tropical-coral-reef-scuba-diving-phuket-thailand-4-e1726044290912.webp 681w, https:\/\/thailand-divers.com\/wp-content\/uploads\/Tropical-coral-reef-scuba-diving-phuket-thailand-4-e1726044290912-18x12.webp 18w\" sizes=\"(max-width: 681px) 100vw, 681px\" \/>\t\t\t\t\t\t\t\t\t\t\t\t\t\t\t<\/div>\n\t\t\t\t<\/div>\n\t\t<div class=\"elementor-element elementor-element-613b8210 e-flex e-con-boxed e-con e-child\" data-id=\"613b8210\" data-element_type=\"container\" data-e-type=\"container\" data-settings=\"{&quot;background_background&quot;:&quot;classic&quot;}\">\n\t\t\t\t\t<div class=\"e-con-inner\">\n\t\t\t\t<div class=\"elementor-element elementor-element-7c2fd828 elementor-widget elementor-widget-image\" data-id=\"7c2fd828\" data-element_type=\"widget\" data-e-type=\"widget\" data-widget_type=\"image.default\">\n\t\t\t\t\t\t\t\t\t\t\t\t\t\t\t<img decoding=\"async\" width=\"1200\" height=\"900\" src=\"https:\/\/thailand-divers.com\/wp-content\/uploads\/Phuket-coral-reef-scuba-diving-3.webp\" class=\"attachment-large size-large wp-image-24323\" alt=\"Une famille de poissons-clowns nageant parmi les an\u00e9mones de mer dans les \u00eeles Similan, en Tha\u00eflande, parfaites pour les excursions de plong\u00e9e et de snorkeling.\" srcset=\"https:\/\/thailand-divers.com\/wp-content\/uploads\/Phuket-coral-reef-scuba-diving-3.webp 1200w, https:\/\/thailand-divers.com\/wp-content\/uploads\/Phuket-coral-reef-scuba-diving-3-768x576.webp 768w, https:\/\/thailand-divers.com\/wp-content\/uploads\/Phuket-coral-reef-scuba-diving-3-16x12.webp 16w\" sizes=\"(max-width: 1200px) 100vw, 1200px\" \/>\t\t\t\t\t\t\t\t\t\t\t\t\t\t\t<\/div>\n\t\t\t\t\t<\/div>\n\t\t\t\t<\/div>\n\t\t<div class=\"elementor-element elementor-element-79d3b71b e-flex e-con-boxed e-con e-child\" data-id=\"79d3b71b\" data-element_type=\"container\" data-e-type=\"container\" data-settings=\"{&quot;background_background&quot;:&quot;classic&quot;}\">\n\t\t\t\t\t<div class=\"e-con-inner\">\n\t\t\t\t<div class=\"elementor-element elementor-element-6fb8d571 elementor-widget elementor-widget-image\" data-id=\"6fb8d571\" data-element_type=\"widget\" data-e-type=\"widget\" data-widget_type=\"image.default\">\n\t\t\t\t\t\t\t\t\t\t\t\t\t\t\t<img decoding=\"async\" width=\"1200\" height=\"900\" src=\"https:\/\/thailand-divers.com\/wp-content\/uploads\/Whale-Shark-Similan-Islands-Thailand-7.webp\" class=\"attachment-large size-large wp-image-24525\" alt=\"Un requin-baleine nageant dans une eau d&#039;un bleu profond, silhouett\u00e9 par la lumi\u00e8re du soleil dans les \u00eeles Similan, en Tha\u00eflande.\" srcset=\"https:\/\/thailand-divers.com\/wp-content\/uploads\/Whale-Shark-Similan-Islands-Thailand-7.webp 1200w, https:\/\/thailand-divers.com\/wp-content\/uploads\/Whale-Shark-Similan-Islands-Thailand-7-768x576.webp 768w, https:\/\/thailand-divers.com\/wp-content\/uploads\/Whale-Shark-Similan-Islands-Thailand-7-16x12.webp 16w\" sizes=\"(max-width: 1200px) 100vw, 1200px\" \/>\t\t\t\t\t\t\t\t\t\t\t\t\t\t\t<\/div>\n\t\t\t\t\t<\/div>\n\t\t\t\t<\/div>\n\t\t<div class=\"elementor-element elementor-element-428c0eda e-flex e-con-boxed e-con e-child\" data-id=\"428c0eda\" data-element_type=\"container\" data-e-type=\"container\" data-settings=\"{&quot;background_background&quot;:&quot;classic&quot;}\">\n\t\t\t\t\t<div class=\"e-con-inner\">\n\t\t\t\t<div class=\"elementor-element elementor-element-18455696 elementor-widget elementor-widget-image\" data-id=\"18455696\" data-element_type=\"widget\" data-e-type=\"widget\" data-widget_type=\"image.default\">\n\t\t\t\t\t\t\t\t\t\t\t\t\t\t\t<img decoding=\"async\" width=\"1200\" height=\"900\" src=\"https:\/\/thailand-divers.com\/wp-content\/uploads\/Tropical-coral-reefs-of-Thailand-15.webp\" class=\"attachment-large size-large wp-image-24507\" alt=\"Gros plan sur des vers de No\u00ebl color\u00e9s sur un r\u00e9cif corallien dans les \u00eeles Similan, en Tha\u00eflande, parfaits pour la plong\u00e9e et le snorkeling.\" srcset=\"https:\/\/thailand-divers.com\/wp-content\/uploads\/Tropical-coral-reefs-of-Thailand-15.webp 1200w, https:\/\/thailand-divers.com\/wp-content\/uploads\/Tropical-coral-reefs-of-Thailand-15-768x576.webp 768w, https:\/\/thailand-divers.com\/wp-content\/uploads\/Tropical-coral-reefs-of-Thailand-15-16x12.webp 16w\" sizes=\"(max-width: 1200px) 100vw, 1200px\" \/>\t\t\t\t\t\t\t\t\t\t\t\t\t\t\t<\/div>\n\t\t\t\t\t<\/div>\n\t\t\t\t<\/div>\n\t\t\t\t\t<\/div>\n\t\t\t\t<\/div>\n\t\t\t\t\t<\/div>\n\t\t\t\t<\/div>\n\t\t\t\t<\/div>","protected":false},"excerpt":{"rendered":"<p>Veuillez scanner le code QR pour vous connecter avec nous<\/p>","protected":false},"author":1,"featured_media":0,"parent":0,"menu_order":0,"comment_status":"closed","ping_status":"closed","template":"","meta":{"_angie_page":false,"footnotes":""},"hf_cat_page":[],"class_list":["post-26347","page","type-page","status-publish","hentry"],"_links":{"self":[{"href":"https:\/\/thailand-divers.com\/fr\/wp-json\/wp\/v2\/pages\/26347","targetHints":{"allow":["GET"]}}],"collection":[{"href":"https:\/\/thailand-divers.com\/fr\/wp-json\/wp\/v2\/pages"}],"about":[{"href":"https:\/\/thailand-divers.com\/fr\/wp-json\/wp\/v2\/types\/page"}],"author":[{"embeddable":true,"href":"https:\/\/thailand-divers.com\/fr\/wp-json\/wp\/v2\/users\/1"}],"replies":[{"embeddable":true,"href":"https:\/\/thailand-divers.com\/fr\/wp-json\/wp\/v2\/comments?post=26347"}],"version-history":[{"count":12,"href":"https:\/\/thailand-divers.com\/fr\/wp-json\/wp\/v2\/pages\/26347\/revisions"}],"predecessor-version":[{"id":35144,"href":"https:\/\/thailand-divers.com\/fr\/wp-json\/wp\/v2\/pages\/26347\/revisions\/35144"}],"wp:attachment":[{"href":"https:\/\/thailand-divers.com\/fr\/wp-json\/wp\/v2\/media?parent=26347"}],"wp:term":[{"taxonomy":"hf_cat_page","embeddable":true,"href":"https:\/\/thailand-divers.com\/fr\/wp-json\/wp\/v2\/hf_cat_page?post=26347"}],"curies":[{"name":"wp","href":"https:\/\/api.w.org\/{rel}","templated":true}]}}