{"id":26139,"date":"2024-05-15T10:08:03","date_gmt":"2024-05-15T09:08:03","guid":{"rendered":"https:\/\/eppr3oexnu-staging.onrocket.site\/?page_id=26139"},"modified":"2025-07-18T10:28:04","modified_gmt":"2025-07-18T09:28:04","slug":"instructors","status":"publish","type":"page","link":"https:\/\/thailand-divers.com\/fr\/instructeurs\/","title":{"rendered":"Informations sur les instructeurs"},"content":{"rendered":"<div data-elementor-type=\"wp-page\" data-elementor-id=\"26139\" class=\"elementor elementor-26139\" data-elementor-post-type=\"page\">\n\t\t\t\t<div class=\"elementor-element elementor-element-2564be4b e-flex e-con-boxed e-con e-parent\" data-id=\"2564be4b\" data-element_type=\"container\" data-e-type=\"container\">\n\t\t\t\t\t<div class=\"e-con-inner\">\n\t\t<div class=\"elementor-element elementor-element-40bb7775 e-flex e-con-boxed e-con e-child\" data-id=\"40bb7775\" data-element_type=\"container\" data-e-type=\"container\">\n\t\t\t\t\t<div class=\"e-con-inner\">\n\t\t\t\t<div class=\"elementor-element elementor-element-6e901ffc elementor-widget__width-initial elementor-widget-tablet__width-inherit elementor-widget elementor-widget-heading\" data-id=\"6e901ffc\" data-element_type=\"widget\" data-e-type=\"widget\" data-widget_type=\"heading.default\">\n\t\t\t\t\t<h1 class=\"elementor-heading-title elementor-size-default\">Informations sur l'instructeur<\/h1>\t\t\t\t<\/div>\n\t\t\t\t<div class=\"elementor-element elementor-element-240617d4 faq-toggle elementor-widget__width-initial elementor-widget-tablet__width-inherit elementor-widget elementor-widget-accordion\" data-id=\"240617d4\" data-element_type=\"widget\" data-e-type=\"widget\" data-widget_type=\"accordion.default\">\n\t\t\t\t\t\t\t<div class=\"elementor-accordion\">\n\t\t\t\t\t\t\t<div class=\"elementor-accordion-item\">\n\t\t\t\t\t<div id=\"elementor-tab-title-6041\" class=\"elementor-tab-title\" data-tab=\"1\" role=\"button\" aria-controls=\"elementor-tab-content-6041\" aria-expanded=\"false\">\n\t\t\t\t\t\t\t\t\t\t\t\t\t<span class=\"elementor-accordion-icon elementor-accordion-icon-right\" aria-hidden=\"true\">\n\t\t\t\t\t\t\t\t\t\t\t\t\t\t\t<span class=\"elementor-accordion-icon-closed\"><svg class=\"e-font-icon-svg e-fas-plus\" viewbox=\"0 0 448 512\" xmlns=\"http:\/\/www.w3.org\/2000\/svg\"><path d=\"M416 208H272V64c0-17.67-14.33-32-32-32h-32c-17.67 0-32 14.33-32 32v144H32c-17.67 0-32 14.33-32 32v32c0 17.67 14.33 32 32 32h144v144c0 17.67 14.33 32 32 32h32c17.67 0 32-14.33 32-32V304h144c17.67 0 32-14.33 32-32v-32c0-17.67-14.33-32-32-32z\"><\/path><\/svg><\/span>\n\t\t\t\t\t\t\t\t<span class=\"elementor-accordion-icon-opened\"><svg class=\"e-font-icon-svg e-fas-minus\" viewbox=\"0 0 448 512\" xmlns=\"http:\/\/www.w3.org\/2000\/svg\"><path d=\"M416 208H32c-17.67 0-32 14.33-32 32v32c0 17.67 14.33 32 32 32h384c17.67 0 32-14.33 32-32v-32c0-17.67-14.33-32-32-32z\"><\/path><\/svg><\/span>\n\t\t\t\t\t\t\t\t\t\t\t\t\t\t<\/span>\n\t\t\t\t\t\t\t\t\t\t\t\t<a class=\"elementor-accordion-title\" tabindex=\"0\">Assurance - Cours de plong\u00e9e + DSD<\/a>\n\t\t\t\t\t<\/div>\n\t\t\t\t\t<div id=\"elementor-tab-content-6041\" class=\"elementor-tab-content elementor-clearfix\" data-tab=\"1\" role=\"region\" aria-labelledby=\"elementor-tab-title-6041\"><p>Tous les participants aux cours de plong\u00e9e sont couverts par <a href=\"https:\/\/diveassist.org\/\" target=\"_blank\" rel=\"nofollow noopener\">Dive Assist Couverture individuelle de plong\u00e9e<\/a> fournie dans le cadre du cours de plong\u00e9e sous-marine. Nous d\u00e9tenons les d\u00e9tails de leur couverture et une copie aura \u00e9t\u00e9 envoy\u00e9e au client.<\/p><p>En cas d'urgence, contacter :<br \/><a href=\"https:\/\/www.northcottglobalsolutions.com\/\" target=\"_blank\" rel=\"nofollow noopener\">Northcott Global Solutions<\/a> ils participeront aux soins des patients.<br \/>Ligne UK 24\/7 +44(0)2071838910 -<\/p><p><a href=\"https:\/\/www.phukethospital.com\/center\/diving-medicine-center\/\" target=\"_blank\" rel=\"nofollow noopener\">Centre m\u00e9dical de plong\u00e9e de l'h\u00f4pital Phuket Bangkok<\/a><br \/>Chambre hyperbare :<br \/>+66 7625 4425 ou +66 7636 1000<\/p><\/div>\n\t\t\t\t<\/div>\n\t\t\t\t\t\t\t<div class=\"elementor-accordion-item\">\n\t\t\t\t\t<div id=\"elementor-tab-title-6042\" class=\"elementor-tab-title\" data-tab=\"2\" role=\"button\" aria-controls=\"elementor-tab-content-6042\" aria-expanded=\"false\">\n\t\t\t\t\t\t\t\t\t\t\t\t\t<span class=\"elementor-accordion-icon elementor-accordion-icon-right\" aria-hidden=\"true\">\n\t\t\t\t\t\t\t\t\t\t\t\t\t\t\t<span class=\"elementor-accordion-icon-closed\"><svg class=\"e-font-icon-svg e-fas-plus\" viewbox=\"0 0 448 512\" xmlns=\"http:\/\/www.w3.org\/2000\/svg\"><path d=\"M416 208H272V64c0-17.67-14.33-32-32-32h-32c-17.67 0-32 14.33-32 32v144H32c-17.67 0-32 14.33-32 32v32c0 17.67 14.33 32 32 32h144v144c0 17.67 14.33 32 32 32h32c17.67 0 32-14.33 32-32V304h144c17.67 0 32-14.33 32-32v-32c0-17.67-14.33-32-32-32z\"><\/path><\/svg><\/span>\n\t\t\t\t\t\t\t\t<span class=\"elementor-accordion-icon-opened\"><svg class=\"e-font-icon-svg e-fas-minus\" viewbox=\"0 0 448 512\" xmlns=\"http:\/\/www.w3.org\/2000\/svg\"><path d=\"M416 208H32c-17.67 0-32 14.33-32 32v32c0 17.67 14.33 32 32 32h384c17.67 0 32-14.33 32-32v-32c0-17.67-14.33-32-32-32z\"><\/path><\/svg><\/span>\n\t\t\t\t\t\t\t\t\t\t\t\t\t\t<\/span>\n\t\t\t\t\t\t\t\t\t\t\t\t<a class=\"elementor-accordion-title\" tabindex=\"0\">Assurance - Fun Divers<\/a>\n\t\t\t\t\t<\/div>\n\t\t\t\t\t<div id=\"elementor-tab-content-6042\" class=\"elementor-tab-content elementor-clearfix\" data-tab=\"2\" role=\"region\" aria-labelledby=\"elementor-tab-title-6042\"><p>La plupart des plongeurs utiliseront DAN comme fournisseur d'assurance personnel et ils auront leurs propres d\u00e9tails de police d'assurance. Nous ne conservons pas ces informations pour les plongeurs de loisir.<\/p><\/div>\n\t\t\t\t<\/div>\n\t\t\t\t\t\t\t\t<\/div>\n\t\t\t\t\t\t<\/div>\n\t\t\t\t\t<\/div>\n\t\t\t\t<\/div>\n\t\t<div class=\"elementor-element elementor-element-341ddfa5 e-flex e-con-boxed e-con e-child\" data-id=\"341ddfa5\" data-element_type=\"container\" data-e-type=\"container\" data-settings=\"{&quot;background_background&quot;:&quot;classic&quot;}\">\n\t\t\t\t\t<div class=\"e-con-inner\">\n\t\t\t\t\t<\/div>\n\t\t\t\t<\/div>\n\t\t\t\t\t<\/div>\n\t\t\t\t<\/div>\n\t\t<div class=\"elementor-element elementor-element-2cbc9ea4 e-flex e-con-boxed e-con e-parent\" data-id=\"2cbc9ea4\" data-element_type=\"container\" data-e-type=\"container\" data-settings=\"{&quot;background_background&quot;:&quot;classic&quot;}\">\n\t\t\t\t\t<div class=\"e-con-inner\">\n\t\t<div class=\"elementor-element elementor-element-229ec8bc e-grid e-con-boxed e-con e-child\" data-id=\"229ec8bc\" data-element_type=\"container\" data-e-type=\"container\">\n\t\t\t\t\t<div class=\"e-con-inner\">\n\t\t<div class=\"elementor-element elementor-element-346ca405 e-flex e-con-boxed e-con e-child\" data-id=\"346ca405\" data-element_type=\"container\" data-e-type=\"container\" data-settings=\"{&quot;background_background&quot;:&quot;classic&quot;}\">\n\t\t\t\t\t<div class=\"e-con-inner\">\n\t\t\t\t<div class=\"elementor-element elementor-element-b34b22e elementor-widget elementor-widget-image\" data-id=\"b34b22e\" data-element_type=\"widget\" data-e-type=\"widget\" data-widget_type=\"image.default\">\n\t\t\t\t\t\t\t\t\t\t\t\t\t\t\t<img decoding=\"async\" width=\"1200\" height=\"900\" src=\"https:\/\/thailand-divers.com\/wp-content\/uploads\/Scuba-Diving-Similan-Islands-Thailand-10.webp\" class=\"attachment-large size-large wp-image-25196\" alt=\"Une tortue de mer nageant pr\u00e8s de la surface dans les \u00eeles Similan, en Tha\u00eflande, parfaites pour les aventures de plong\u00e9e et de snorkeling.\" srcset=\"https:\/\/thailand-divers.com\/wp-content\/uploads\/Scuba-Diving-Similan-Islands-Thailand-10.webp 1200w, https:\/\/thailand-divers.com\/wp-content\/uploads\/Scuba-Diving-Similan-Islands-Thailand-10-768x576.webp 768w, https:\/\/thailand-divers.com\/wp-content\/uploads\/Scuba-Diving-Similan-Islands-Thailand-10-16x12.webp 16w\" sizes=\"(max-width: 1200px) 100vw, 1200px\" \/>\t\t\t\t\t\t\t\t\t\t\t\t\t\t\t<\/div>\n\t\t\t\t\t<\/div>\n\t\t\t\t<\/div>\n\t\t<div class=\"elementor-element elementor-element-a87a56d e-con-full e-flex e-con e-child\" data-id=\"a87a56d\" data-element_type=\"container\" data-e-type=\"container\" data-settings=\"{&quot;background_background&quot;:&quot;classic&quot;}\">\n\t\t\t\t<div class=\"elementor-element elementor-element-2b9e7c7 elementor-widget elementor-widget-image\" data-id=\"2b9e7c7\" data-element_type=\"widget\" data-e-type=\"widget\" data-widget_type=\"image.default\">\n\t\t\t\t\t\t\t\t\t\t\t\t\t\t\t<img decoding=\"async\" width=\"681\" height=\"482\" src=\"https:\/\/thailand-divers.com\/wp-content\/uploads\/Tropical-coral-reef-scuba-diving-phuket-thailand-4-e1726044290912.webp\" class=\"attachment-large size-large wp-image-24853\" alt=\"Un grand banc de poissons jaunes nageant autour du corail dans les \u00eeles Similan, en Tha\u00eflande, parfaites pour les excursions de plong\u00e9e et de snorkeling.\" srcset=\"https:\/\/thailand-divers.com\/wp-content\/uploads\/Tropical-coral-reef-scuba-diving-phuket-thailand-4-e1726044290912.webp 681w, https:\/\/thailand-divers.com\/wp-content\/uploads\/Tropical-coral-reef-scuba-diving-phuket-thailand-4-e1726044290912-18x12.webp 18w\" sizes=\"(max-width: 681px) 100vw, 681px\" \/>\t\t\t\t\t\t\t\t\t\t\t\t\t\t\t<\/div>\n\t\t\t\t<\/div>\n\t\t<div class=\"elementor-element elementor-element-81d6fcd e-con-full e-flex e-con e-child\" data-id=\"81d6fcd\" data-element_type=\"container\" data-e-type=\"container\" data-settings=\"{&quot;background_background&quot;:&quot;classic&quot;}\">\n\t\t\t\t<div class=\"elementor-element elementor-element-f4c5073 elementor-widget elementor-widget-image\" data-id=\"f4c5073\" data-element_type=\"widget\" data-e-type=\"widget\" data-widget_type=\"image.default\">\n\t\t\t\t\t\t\t\t\t\t\t\t\t\t\t<img decoding=\"async\" width=\"1200\" height=\"900\" src=\"https:\/\/thailand-divers.com\/wp-content\/uploads\/Whale-Shark-Similan-Islands-Thailand-7.webp\" class=\"attachment-large size-large wp-image-24525\" alt=\"Un requin-baleine nageant dans une eau d&#039;un bleu profond, silhouett\u00e9 par la lumi\u00e8re du soleil dans les \u00eeles Similan, en Tha\u00eflande.\" srcset=\"https:\/\/thailand-divers.com\/wp-content\/uploads\/Whale-Shark-Similan-Islands-Thailand-7.webp 1200w, https:\/\/thailand-divers.com\/wp-content\/uploads\/Whale-Shark-Similan-Islands-Thailand-7-768x576.webp 768w, https:\/\/thailand-divers.com\/wp-content\/uploads\/Whale-Shark-Similan-Islands-Thailand-7-16x12.webp 16w\" sizes=\"(max-width: 1200px) 100vw, 1200px\" \/>\t\t\t\t\t\t\t\t\t\t\t\t\t\t\t<\/div>\n\t\t\t\t<\/div>\n\t\t<div class=\"elementor-element elementor-element-6025657 e-flex e-con-boxed e-con e-child\" data-id=\"6025657\" data-element_type=\"container\" data-e-type=\"container\" data-settings=\"{&quot;background_background&quot;:&quot;classic&quot;}\">\n\t\t\t\t\t<div class=\"e-con-inner\">\n\t\t\t\t<div class=\"elementor-element elementor-element-568d47ff elementor-widget elementor-widget-image\" data-id=\"568d47ff\" data-element_type=\"widget\" data-e-type=\"widget\" data-widget_type=\"image.default\">\n\t\t\t\t\t\t\t\t\t\t\t\t\t\t\t<img decoding=\"async\" width=\"1200\" height=\"900\" src=\"https:\/\/thailand-divers.com\/wp-content\/uploads\/Phuket-coral-reef-scuba-diving-3.webp\" class=\"attachment-large size-large wp-image-24323\" alt=\"Une famille de poissons-clowns nageant parmi les an\u00e9mones de mer dans les \u00eeles Similan, en Tha\u00eflande, parfaites pour les excursions de plong\u00e9e et de snorkeling.\" srcset=\"https:\/\/thailand-divers.com\/wp-content\/uploads\/Phuket-coral-reef-scuba-diving-3.webp 1200w, https:\/\/thailand-divers.com\/wp-content\/uploads\/Phuket-coral-reef-scuba-diving-3-768x576.webp 768w, https:\/\/thailand-divers.com\/wp-content\/uploads\/Phuket-coral-reef-scuba-diving-3-16x12.webp 16w\" sizes=\"(max-width: 1200px) 100vw, 1200px\" \/>\t\t\t\t\t\t\t\t\t\t\t\t\t\t\t<\/div>\n\t\t\t\t\t<\/div>\n\t\t\t\t<\/div>\n\t\t<div class=\"elementor-element elementor-element-477175fc e-flex e-con-boxed e-con e-child\" data-id=\"477175fc\" data-element_type=\"container\" data-e-type=\"container\" data-settings=\"{&quot;background_background&quot;:&quot;classic&quot;}\">\n\t\t\t\t\t<div class=\"e-con-inner\">\n\t\t\t\t<div class=\"elementor-element elementor-element-6ef06868 elementor-widget elementor-widget-image\" data-id=\"6ef06868\" data-element_type=\"widget\" data-e-type=\"widget\" data-widget_type=\"image.default\">\n\t\t\t\t\t\t\t\t\t\t\t\t\t\t\t<img decoding=\"async\" width=\"1200\" height=\"900\" src=\"https:\/\/thailand-divers.com\/wp-content\/uploads\/Phuket-scuba-diving-turtle-1.webp\" class=\"attachment-large size-large wp-image-24368\" alt=\"Un plongeur sous-marin nage \u00e0 c\u00f4t\u00e9 d&#039;une tortue de mer sur un r\u00e9cif corallien dans les \u00eeles Similan, en Tha\u00eflande, au cours d&#039;une excursion de plong\u00e9e et de snorkeling.\" srcset=\"https:\/\/thailand-divers.com\/wp-content\/uploads\/Phuket-scuba-diving-turtle-1.webp 1200w, https:\/\/thailand-divers.com\/wp-content\/uploads\/Phuket-scuba-diving-turtle-1-768x576.webp 768w, https:\/\/thailand-divers.com\/wp-content\/uploads\/Phuket-scuba-diving-turtle-1-16x12.webp 16w\" sizes=\"(max-width: 1200px) 100vw, 1200px\" \/>\t\t\t\t\t\t\t\t\t\t\t\t\t\t\t<\/div>\n\t\t\t\t\t<\/div>\n\t\t\t\t<\/div>\n\t\t<div class=\"elementor-element elementor-element-6300214d e-flex e-con-boxed e-con e-child\" data-id=\"6300214d\" data-element_type=\"container\" data-e-type=\"container\" data-settings=\"{&quot;background_background&quot;:&quot;classic&quot;}\">\n\t\t\t\t\t<div class=\"e-con-inner\">\n\t\t\t\t<div class=\"elementor-element elementor-element-2f1b6f39 elementor-widget elementor-widget-image\" data-id=\"2f1b6f39\" data-element_type=\"widget\" data-e-type=\"widget\" data-widget_type=\"image.default\">\n\t\t\t\t\t\t\t\t\t\t\t\t\t\t\t<img decoding=\"async\" width=\"1200\" height=\"900\" src=\"https:\/\/thailand-divers.com\/wp-content\/uploads\/Scuba-Diving-Phuket-Thailand-11.webp\" class=\"attachment-large size-large wp-image-25226\" alt=\"Banc de poissons-banni\u00e8res nageant au-dessus d&#039;un r\u00e9cif corallien dans les \u00eeles Similan, en Tha\u00eflande, id\u00e9ales pour les excursions de plong\u00e9e et de snorkeling.\" srcset=\"https:\/\/thailand-divers.com\/wp-content\/uploads\/Scuba-Diving-Phuket-Thailand-11.webp 1200w, https:\/\/thailand-divers.com\/wp-content\/uploads\/Scuba-Diving-Phuket-Thailand-11-768x576.webp 768w, https:\/\/thailand-divers.com\/wp-content\/uploads\/Scuba-Diving-Phuket-Thailand-11-16x12.webp 16w\" sizes=\"(max-width: 1200px) 100vw, 1200px\" \/>\t\t\t\t\t\t\t\t\t\t\t\t\t\t\t<\/div>\n\t\t\t\t\t<\/div>\n\t\t\t\t<\/div>\n\t\t\t\t\t<\/div>\n\t\t\t\t<\/div>\n\t\t\t\t\t<\/div>\n\t\t\t\t<\/div>\n\t\t\t\t<\/div>","protected":false},"excerpt":{"rendered":"<p>Instructor Information Insurance &#8211; Diving Courses + DSD All scuba course participants are covered by Dive Assist Individual scuba cover provided as part of the scuba diving course. We hold the details of their cover and a copy will have been sent to the customer. In case of emergency contact:Northcott Global Solutions they will assist [&hellip;]<\/p>\n","protected":false},"author":1,"featured_media":0,"parent":0,"menu_order":0,"comment_status":"closed","ping_status":"closed","template":"","meta":{"_angie_page":false,"footnotes":""},"hf_cat_page":[],"class_list":["post-26139","page","type-page","status-publish","hentry"],"_links":{"self":[{"href":"https:\/\/thailand-divers.com\/fr\/wp-json\/wp\/v2\/pages\/26139","targetHints":{"allow":["GET"]}}],"collection":[{"href":"https:\/\/thailand-divers.com\/fr\/wp-json\/wp\/v2\/pages"}],"about":[{"href":"https:\/\/thailand-divers.com\/fr\/wp-json\/wp\/v2\/types\/page"}],"author":[{"embeddable":true,"href":"https:\/\/thailand-divers.com\/fr\/wp-json\/wp\/v2\/users\/1"}],"replies":[{"embeddable":true,"href":"https:\/\/thailand-divers.com\/fr\/wp-json\/wp\/v2\/comments?post=26139"}],"version-history":[{"count":9,"href":"https:\/\/thailand-divers.com\/fr\/wp-json\/wp\/v2\/pages\/26139\/revisions"}],"predecessor-version":[{"id":35052,"href":"https:\/\/thailand-divers.com\/fr\/wp-json\/wp\/v2\/pages\/26139\/revisions\/35052"}],"wp:attachment":[{"href":"https:\/\/thailand-divers.com\/fr\/wp-json\/wp\/v2\/media?parent=26139"}],"wp:term":[{"taxonomy":"hf_cat_page","embeddable":true,"href":"https:\/\/thailand-divers.com\/fr\/wp-json\/wp\/v2\/hf_cat_page?post=26139"}],"curies":[{"name":"wp","href":"https:\/\/api.w.org\/{rel}","templated":true}]}}