{"id":23151,"date":"2023-10-14T10:59:55","date_gmt":"2023-10-14T09:59:55","guid":{"rendered":"https:\/\/eppr3oexnu-staging.onrocket.site\/?page_id=23151"},"modified":"2026-03-22T09:06:32","modified_gmt":"2026-03-22T09:06:32","slug":"scuba-diving-insurance","status":"publish","type":"page","link":"https:\/\/thailand-divers.com\/fr\/assurance-plongee-sous-marine\/","title":{"rendered":"Assurance pour la plong\u00e9e sous-marine"},"content":{"rendered":"<div data-elementor-type=\"wp-page\" data-elementor-id=\"23151\" class=\"elementor elementor-23151\" data-elementor-post-type=\"page\">\n\t\t\t\t<div class=\"elementor-element elementor-element-c7f0a9f e-flex e-con-boxed e-con e-parent\" data-id=\"c7f0a9f\" data-element_type=\"container\" data-e-type=\"container\" data-settings=\"{&quot;background_background&quot;:&quot;classic&quot;}\">\n\t\t\t\t\t<div class=\"e-con-inner\">\n\t\t<div class=\"elementor-element elementor-element-8b6b874 e-flex e-con-boxed e-con e-child\" data-id=\"8b6b874\" data-element_type=\"container\" data-e-type=\"container\">\n\t\t\t\t\t<div class=\"e-con-inner\">\n\t\t\t\t<div class=\"elementor-element elementor-element-80a59d9 elementor-widget elementor-widget-heading\" data-id=\"80a59d9\" data-element_type=\"widget\" data-e-type=\"widget\" data-widget_type=\"heading.default\">\n\t\t\t\t\t<h2 class=\"elementor-heading-title elementor-size-default\">Plongeurs<\/h2>\t\t\t\t<\/div>\n\t\t\t\t<div class=\"elementor-element elementor-element-3b85966 elementor-widget elementor-widget-heading\" data-id=\"3b85966\" data-element_type=\"widget\" data-e-type=\"widget\" data-widget_type=\"heading.default\">\n\t\t\t\t\t<h2 class=\"elementor-heading-title elementor-size-default\">Prenez soin de vous.<\/h2>\t\t\t\t<\/div>\n\t\t\t\t<div class=\"elementor-element elementor-element-337aa11 elementor-widget__width-initial elementor-widget elementor-widget-heading\" data-id=\"337aa11\" data-element_type=\"widget\" data-e-type=\"widget\" data-widget_type=\"heading.default\">\n\t\t\t\t\t<p class=\"elementor-heading-title elementor-size-default\">Nous vous recommandons vivement d'investir dans une assurance personnelle pour la plong\u00e9e sous-marine, en particulier lorsque vous plongez dans un pays \u00e9tranger. Des situations inattendues peuvent survenir, et une assurance compl\u00e8te vous prot\u00e8ge contre les frais m\u00e9dicaux ou les incidents li\u00e9s \u00e0 la plong\u00e9e.\n<br><br>\nSi vous n'avez pas d'assurance personnelle pour la plong\u00e9e, ne vous inqui\u00e9tez pas !<br><br>\nDAN World et Dive Assist proposent un moyen abordable d'obtenir une couverture temporaire pour la dur\u00e9e de vos activit\u00e9s de plong\u00e9e ici en Tha\u00eflande si vous n'avez pas besoin d'une couverture tout au long de l'ann\u00e9e.<\/p>\t\t\t\t<\/div>\n\t\t\t\t<div class=\"elementor-element elementor-element-837f17e elementor-widget__width-initial elementor-widget elementor-widget-heading\" data-id=\"837f17e\" data-element_type=\"widget\" data-e-type=\"widget\" data-widget_type=\"heading.default\">\n\t\t\t\t\t<p class=\"elementor-heading-title elementor-size-default\"><a href=\"https:\/\/apps.dan.org\/short-term\/?token=~b181Rb3keg1s68gi14cn2g6gOg331Fv21BgZgC4s4b9dEg9gg9hG4U1K31\" target=\"_blank\" rel=\"noopener\">www.dan.org<\/a><\/p>\t\t\t\t<\/div>\n\t\t\t\t\t<\/div>\n\t\t\t\t<\/div>\n\t\t<div class=\"elementor-element elementor-element-044f269 e-flex e-con-boxed e-con e-child\" data-id=\"044f269\" data-element_type=\"container\" data-e-type=\"container\">\n\t\t\t\t\t<div class=\"e-con-inner\">\n\t\t\t\t<div class=\"elementor-element elementor-element-5feef77 elementor-widget elementor-widget-image\" data-id=\"5feef77\" data-element_type=\"widget\" data-e-type=\"widget\" data-widget_type=\"image.default\">\n\t\t\t\t\t\t\t\t\t\t\t\t\t\t\t\t<a href=\"https:\/\/apps.dan.org\/short-term\/?token=~b181Rb3keg1s68gi14cn2g6gOg331Fv21BgZgC4s4b9dEg9gg9hG4U1K31\" target=\"_blank\" rel=\"noopener\">\n\t\t\t\t\t\t\t<img decoding=\"async\" width=\"320\" height=\"550\" src=\"https:\/\/thailand-divers.com\/wp-content\/uploads\/DAN-insurance-1.jpg\" class=\"attachment-large size-large wp-image-31718\" alt=\"\" srcset=\"https:\/\/thailand-divers.com\/wp-content\/uploads\/DAN-insurance-1.jpg 320w, https:\/\/thailand-divers.com\/wp-content\/uploads\/DAN-insurance-1-7x12.jpg 7w\" sizes=\"(max-width: 320px) 100vw, 320px\" \/>\t\t\t\t\t\t\t\t<\/a>\n\t\t\t\t\t\t\t\t\t\t\t\t\t\t\t<\/div>\n\t\t\t\t\t<\/div>\n\t\t\t\t<\/div>\n\t\t\t\t\t<\/div>\n\t\t\t\t<\/div>\n\t\t<div class=\"elementor-element elementor-element-c451cc0 e-flex e-con-boxed e-con e-parent\" data-id=\"c451cc0\" data-element_type=\"container\" data-e-type=\"container\" data-settings=\"{&quot;background_background&quot;:&quot;classic&quot;}\">\n\t\t\t\t\t<div class=\"e-con-inner\">\n\t\t<div class=\"elementor-element elementor-element-aff0d9a e-flex e-con-boxed e-con e-child\" data-id=\"aff0d9a\" data-element_type=\"container\" data-e-type=\"container\">\n\t\t\t\t\t<div class=\"e-con-inner\">\n\t\t\t\t<div class=\"elementor-element elementor-element-4e7c124 elementor-widget elementor-widget-heading\" data-id=\"4e7c124\" data-element_type=\"widget\" data-e-type=\"widget\" data-widget_type=\"heading.default\">\n\t\t\t\t\t<h1 class=\"elementor-heading-title elementor-size-default\">Assurance plong\u00e9e sous-marine<\/h1>\t\t\t\t<\/div>\n\t\t\t\t<div class=\"elementor-element elementor-element-73f74b2 elementor-widget elementor-widget-heading\" data-id=\"73f74b2\" data-element_type=\"widget\" data-e-type=\"widget\" data-widget_type=\"heading.default\">\n\t\t\t\t\t<h2 class=\"elementor-heading-title elementor-size-default\">Inclus pour les nouveaux plongeurs<\/h2>\t\t\t\t<\/div>\n\t\t\t\t<div class=\"elementor-element elementor-element-9681015 elementor-widget__width-initial elementor-widget elementor-widget-heading\" data-id=\"9681015\" data-element_type=\"widget\" data-e-type=\"widget\" data-widget_type=\"heading.default\">\n\t\t\t\t\t<p class=\"elementor-heading-title elementor-size-default\">Lorsque vous r\u00e9servez un cours de Discover Scuba Diving, d'Explore scuba ou d'Open water diver avec Thailand Divers, vous pouvez \u00eatre s\u00fbr que vous \u00eates enti\u00e8rement assur\u00e9 pour toutes les activit\u00e9s de plong\u00e9e sous-marine pendant que vous \u00eates avec nous. Nous enregistrons tous nos \u00e9tudiants aupr\u00e8s de DiveAssist.org, l'un des principaux fournisseurs d'assurance pour la plong\u00e9e sous-marine. \n<br><br>Cela signifie que vous recevrez une police d'assurance personnelle pour la plong\u00e9e sous-marine envoy\u00e9e \u00e0 votre adresse \u00e9lectronique avant le cours de plong\u00e9e sous-marine.\n\nNous fournissons cette assurance \u00e0 tous nos \u00e9tudiants parce que nous voulons nous assurer que vous \u00eates en s\u00e9curit\u00e9 et prot\u00e9g\u00e9 pendant que vous apprenez \u00e0 plonger.\n\nNous voulons \u00e9galement vous donner une tranquillit\u00e9 d'esprit afin que vous puissiez vous concentrer sur le plaisir de votre cours de plong\u00e9e sous-marine.<\/p>\t\t\t\t<\/div>\n\t\t\t\t<div class=\"elementor-element elementor-element-71bad16 elementor-widget__width-initial elementor-widget elementor-widget-heading\" data-id=\"71bad16\" data-element_type=\"widget\" data-e-type=\"widget\" data-widget_type=\"heading.default\">\n\t\t\t\t\t<p class=\"elementor-heading-title elementor-size-default\"><a href=\"https:\/\/diveassist.org\/world-diveassist-scuba-diveqr\/?unlock=Qytb65GDF98LMY-837xhre&#038;ref=15\" target=\"_blank\" rel=\"noopener\">DiveAssist.org<\/a><\/p>\t\t\t\t<\/div>\n\t\t\t\t\t<\/div>\n\t\t\t\t<\/div>\n\t\t<div class=\"elementor-element elementor-element-737ad52 e-flex e-con-boxed e-con e-child\" data-id=\"737ad52\" data-element_type=\"container\" data-e-type=\"container\">\n\t\t\t\t\t<div class=\"e-con-inner\">\n\t\t\t\t<div class=\"elementor-element elementor-element-127c509 elementor-widget elementor-widget-image\" data-id=\"127c509\" data-element_type=\"widget\" data-e-type=\"widget\" data-widget_type=\"image.default\">\n\t\t\t\t\t\t\t\t\t\t\t\t\t\t\t<img decoding=\"async\" width=\"1200\" height=\"900\" src=\"https:\/\/thailand-divers.com\/wp-content\/uploads\/Coral-reef-scuba-diving-phuket-thailand-3.webp\" class=\"attachment-large size-large wp-image-25203\" alt=\"Groupe de plongeurs explorant un r\u00e9cif corallien \u00e0 Phuket, en Tha\u00eflande, au milieu d&#039;une faune et d&#039;une flore marines tr\u00e8s riches.\" srcset=\"https:\/\/thailand-divers.com\/wp-content\/uploads\/Coral-reef-scuba-diving-phuket-thailand-3.webp 1200w, https:\/\/thailand-divers.com\/wp-content\/uploads\/Coral-reef-scuba-diving-phuket-thailand-3-768x576.webp 768w, https:\/\/thailand-divers.com\/wp-content\/uploads\/Coral-reef-scuba-diving-phuket-thailand-3-16x12.webp 16w\" sizes=\"(max-width: 1200px) 100vw, 1200px\" \/>\t\t\t\t\t\t\t\t\t\t\t\t\t\t\t<\/div>\n\t\t\t\t\t<\/div>\n\t\t\t\t<\/div>\n\t\t\t\t\t<\/div>\n\t\t\t\t<\/div>\n\t\t<div class=\"elementor-element elementor-element-cdeb265 e-flex e-con-boxed e-con e-parent\" data-id=\"cdeb265\" data-element_type=\"container\" data-e-type=\"container\" data-settings=\"{&quot;background_background&quot;:&quot;classic&quot;}\">\n\t\t\t\t\t<div class=\"e-con-inner\">\n\t\t<div class=\"elementor-element elementor-element-dd047be e-flex e-con-boxed e-con e-child\" data-id=\"dd047be\" data-element_type=\"container\" data-e-type=\"container\">\n\t\t\t\t\t<div class=\"e-con-inner\">\n\t\t\t\t<div class=\"elementor-element elementor-element-c7f623a elementor-widget elementor-widget-heading\" data-id=\"c7f623a\" data-element_type=\"widget\" data-e-type=\"widget\" data-widget_type=\"heading.default\">\n\t\t\t\t\t<h2 class=\"elementor-heading-title elementor-size-default\">Important pour tous<\/h2>\t\t\t\t<\/div>\n\t\t\t\t<div class=\"elementor-element elementor-element-9ae5bf0 elementor-widget elementor-widget-heading\" data-id=\"9ae5bf0\" data-element_type=\"widget\" data-e-type=\"widget\" data-widget_type=\"heading.default\">\n\t\t\t\t\t<h2 class=\"elementor-heading-title elementor-size-default\">Voler apr\u00e8s la plong\u00e9e<\/h2>\t\t\t\t<\/div>\n\t\t\t\t<div class=\"elementor-element elementor-element-a9ae19e elementor-widget__width-initial elementor-widget elementor-widget-heading\" data-id=\"a9ae19e\" data-element_type=\"widget\" data-e-type=\"widget\" data-widget_type=\"heading.default\">\n\t\t\t\t\t<p class=\"elementor-heading-title elementor-size-default\">Une chose importante \u00e0 prendre en compte lorsque vous planifiez vos vacances de plong\u00e9e est la date et l'heure de votre vol, qui d\u00e9terminera votre programme de plong\u00e9e. La plong\u00e9e sous-marine entra\u00eene une accumulation d'azote dans le corps, ce qui est normal, et vous devez veiller \u00e0 l'expulser en quantit\u00e9 suffisante avant de monter en altitude. \n\n<b><br><br>R\u00e8gle 1. Vous avez besoin de 18 heures avant de prendre de l'altitude\n\n<span style=\"font-weight: normal\">Les organisations diff\u00e8rent quant au nombre d'heures requises sur terre avant de prendre de l'altitude, mais la PADI indique actuellement qu'il faut <\/span><\/b>12 heures avant de prendre l'avion si vous avez fait une plong\u00e9e et 18 heures si vous faites plusieurs plong\u00e9es sur plusieurs jours. Cela signifie que si vous avez plong\u00e9 pendant une semaine et que vous prenez l'avion \u00e0 13 heures, vous pouvez plonger jusqu'\u00e0 17 heures la veille en toute s\u00e9curit\u00e9.\n<br><br>\nBeaucoup de gens pr\u00e9f\u00e8rent se donner 24 heures par prudence et parce qu'ils aimeraient passer un peu de temps \u00e0 se d\u00e9tendre sur la plage le dernier jour de leurs vacances. Mais si vous \u00eates un mordu de plong\u00e9e, 18 heures suffisent, m\u00eame si vous plongez beaucoup \u00e0 bord d'un bateau de croisi\u00e8re. Comme toujours, veillez \u00e0 adopter des pratiques de plong\u00e9e prudentes et \u00e9vitez de repousser vos limites de non-d\u00e9compression lorsque vous plongez.<b style=\"font-weight: bold\">\n\n<br><br><\/b><b style=\"font-weight: bold\">R\u00e8gle 2. L'altitude ne signifie pas seulement voler. <\/b>Si vous plongez et que vous pr\u00e9voyez ensuite de rouler dans les montagnes pour vous rendre \u00e0 votre prochaine destination, cela compte toujours comme de l'altitude. Tout ce qui d\u00e9passe 300 m\u00e8tres\/1000 pieds est consid\u00e9r\u00e9 comme de l'altitude parce que la pression atmosph\u00e9rique diminue, alors gardez cela \u00e0 l'esprit lorsque vous planifiez vos d\u00e9placements apr\u00e8s la plong\u00e9e.\n\n<b><br><br>R\u00e8gle 3 : Plonger apr\u00e8s avoir vol\u00e9, c'est bien\n<\/b><br>\nContrairement \u00e0 la plong\u00e9e apr\u00e8s un vol, il n'est pas n\u00e9cessaire d'attendre avant de plonger apr\u00e8s avoir pris l'avion. Le probl\u00e8me lorsque l'on prend l'avion apr\u00e8s avoir plong\u00e9 est l'accumulation d'azote dans le corps, mais ce n'est pas le cas lorsque l'on vient de d\u00e9barquer d'un avion. En th\u00e9orie, vous pouvez sauter directement de l'avion dans l'eau (mais nous vous le d\u00e9conseillons fortement, sauf si vous \u00eates un professionnel qualifi\u00e9 !)\n\nVoil\u00e0 pour les trois r\u00e8gles simples concernant le vol et la plong\u00e9e. C'est facile, non ? <br>Passez de fantastiques vacances de plong\u00e9e - nous esp\u00e9rons plonger avec vous un jour !\n\nBonne plong\u00e9e !<\/p>\t\t\t\t<\/div>\n\t\t\t\t<div class=\"elementor-element elementor-element-5d76ffb elementor-widget elementor-widget-heading\" data-id=\"5d76ffb\" data-element_type=\"widget\" data-e-type=\"widget\" data-widget_type=\"heading.default\">\n\t\t\t\t\t<p class=\"elementor-heading-title elementor-size-default\"><a href=\"https:\/\/thailand-divers.com\/instructors\/\">Informations sur les instructeurs <\/a><\/p>\t\t\t\t<\/div>\n\t\t\t\t\t<\/div>\n\t\t\t\t<\/div>\n\t\t<div class=\"elementor-element elementor-element-1de3430 e-flex e-con-boxed e-con e-child\" data-id=\"1de3430\" data-element_type=\"container\" data-e-type=\"container\">\n\t\t\t\t\t<div class=\"e-con-inner\">\n\t\t\t\t<div class=\"elementor-element elementor-element-f29f4db elementor-widget elementor-widget-image\" data-id=\"f29f4db\" data-element_type=\"widget\" data-e-type=\"widget\" data-widget_type=\"image.default\">\n\t\t\t\t\t\t\t\t\t\t\t\t\t\t\t\t<a href=\"https:\/\/thailand-divers.com\/phuket-airport\/\" target=\"_blank\">\n\t\t\t\t\t\t\t<img decoding=\"async\" width=\"510\" height=\"340\" src=\"https:\/\/thailand-divers.com\/wp-content\/uploads\/1-13.webp\" class=\"attachment-large size-large wp-image-20802\" alt=\"Location de voiture \u00e0 l&#039;a\u00e9roport de Phuket\" srcset=\"https:\/\/thailand-divers.com\/wp-content\/uploads\/1-13.webp 510w, https:\/\/thailand-divers.com\/wp-content\/uploads\/1-13-18x12.webp 18w\" sizes=\"(max-width: 510px) 100vw, 510px\" \/>\t\t\t\t\t\t\t\t<\/a>\n\t\t\t\t\t\t\t\t\t\t\t\t\t\t\t<\/div>\n\t\t\t\t\t<\/div>\n\t\t\t\t<\/div>\n\t\t\t\t\t<\/div>\n\t\t\t\t<\/div>\n\t\t\t\t<\/div>","protected":false},"excerpt":{"rendered":"<p>Scuba Divers Look After Yourself. We strongly recommend investing in your own personal scuba coverage, especially while diving in a foreign country. Unexpected situations can arise, and having comprehensive insurance ensures you\u2019re protected against any medical expenses or dive-related incidents. If you don\u2019t currently have personal scuba insurance, don\u2019t worry! DAN World and Dive Assist [&hellip;]<\/p>\n","protected":false},"author":1,"featured_media":25427,"parent":0,"menu_order":0,"comment_status":"closed","ping_status":"closed","template":"","meta":{"_angie_page":false,"footnotes":""},"hf_cat_page":[],"class_list":["post-23151","page","type-page","status-publish","has-post-thumbnail","hentry"],"_links":{"self":[{"href":"https:\/\/thailand-divers.com\/fr\/wp-json\/wp\/v2\/pages\/23151","targetHints":{"allow":["GET"]}}],"collection":[{"href":"https:\/\/thailand-divers.com\/fr\/wp-json\/wp\/v2\/pages"}],"about":[{"href":"https:\/\/thailand-divers.com\/fr\/wp-json\/wp\/v2\/types\/page"}],"author":[{"embeddable":true,"href":"https:\/\/thailand-divers.com\/fr\/wp-json\/wp\/v2\/users\/1"}],"replies":[{"embeddable":true,"href":"https:\/\/thailand-divers.com\/fr\/wp-json\/wp\/v2\/comments?post=23151"}],"version-history":[{"count":33,"href":"https:\/\/thailand-divers.com\/fr\/wp-json\/wp\/v2\/pages\/23151\/revisions"}],"predecessor-version":[{"id":37358,"href":"https:\/\/thailand-divers.com\/fr\/wp-json\/wp\/v2\/pages\/23151\/revisions\/37358"}],"wp:featuredmedia":[{"embeddable":true,"href":"https:\/\/thailand-divers.com\/fr\/wp-json\/wp\/v2\/media\/25427"}],"wp:attachment":[{"href":"https:\/\/thailand-divers.com\/fr\/wp-json\/wp\/v2\/media?parent=23151"}],"wp:term":[{"taxonomy":"hf_cat_page","embeddable":true,"href":"https:\/\/thailand-divers.com\/fr\/wp-json\/wp\/v2\/hf_cat_page?post=23151"}],"curies":[{"name":"wp","href":"https:\/\/api.w.org\/{rel}","templated":true}]}}