{"id":6637,"date":"2021-12-21T00:54:05","date_gmt":"2021-12-21T00:54:05","guid":{"rendered":"https:\/\/eppr3oexnu-staging.onrocket.site\/?page_id=6637"},"modified":"2025-07-18T10:27:35","modified_gmt":"2025-07-18T09:27:35","slug":"cookies-policy","status":"publish","type":"page","link":"https:\/\/thailand-divers.com\/fi\/evastekaytanto\/","title":{"rendered":"Ev\u00e4stek\u00e4yt\u00e4nt\u00f6"},"content":{"rendered":"<div data-elementor-type=\"wp-page\" data-elementor-id=\"6637\" class=\"elementor elementor-6637\" data-elementor-post-type=\"page\">\n\t\t\t\t<div class=\"elementor-element elementor-element-22941d44 e-flex e-con-boxed e-con e-parent\" data-id=\"22941d44\" data-element_type=\"container\" data-e-type=\"container\">\n\t\t\t\t\t<div class=\"e-con-inner\">\n\t\t\t\t<div class=\"elementor-element elementor-element-39bb7393 elementor-widget elementor-widget-heading\" data-id=\"39bb7393\" data-element_type=\"widget\" data-e-type=\"widget\" data-widget_type=\"heading.default\">\n\t\t\t\t\t<p class=\"elementor-heading-title elementor-size-default\">Thaimaa Sukeltajat<\/p>\t\t\t\t<\/div>\n\t\t\t\t<div class=\"elementor-element elementor-element-10f8ac9d elementor-widget elementor-widget-heading\" data-id=\"10f8ac9d\" data-element_type=\"widget\" data-e-type=\"widget\" data-widget_type=\"heading.default\">\n\t\t\t\t\t<h1 class=\"elementor-heading-title elementor-size-default\">Ev\u00e4stek\u00e4yt\u00e4nt\u00f6<\/h1>\t\t\t\t<\/div>\n\t\t\t\t<div class=\"elementor-element elementor-element-610226ee elementor-widget__width-initial elementor-widget elementor-widget-heading\" data-id=\"610226ee\" data-element_type=\"widget\" data-e-type=\"widget\" data-widget_type=\"heading.default\">\n\t\t\t\t\t<p class=\"elementor-heading-title elementor-size-default\">Viimeksi p\u00e4ivitetty: 22. toukokuuta - 2024\n<br><br>\nT\u00e4ss\u00e4 ev\u00e4stek\u00e4yt\u00e4nn\u00f6ss\u00e4 selitet\u00e4\u00e4n, mit\u00e4 ev\u00e4steet ovat ja miten k\u00e4yt\u00e4mme niit\u00e4. Sinun tulisi lukea t\u00e4m\u00e4 k\u00e4yt\u00e4nt\u00f6, jotta ymm\u00e4rr\u00e4t, mink\u00e4 tyyppisi\u00e4 ev\u00e4steit\u00e4 k\u00e4yt\u00e4mme tai mit\u00e4 tietoja ker\u00e4\u00e4mme ev\u00e4steiden avulla ja miten n\u00e4it\u00e4 tietoja k\u00e4ytet\u00e4\u00e4n.\n<br><br>\nEv\u00e4steet eiv\u00e4t yleens\u00e4 sis\u00e4ll\u00e4 mit\u00e4\u00e4n k\u00e4ytt\u00e4j\u00e4n henkil\u00f6kohtaisesti tunnistavia tietoja, mutta sinusta tallentamamme henkil\u00f6kohtaiset tiedot voidaan yhdist\u00e4\u00e4 ev\u00e4steisiin tallennettuihin ja niist\u00e4 saatuihin tietoihin. Lis\u00e4tietoja siit\u00e4, miten k\u00e4yt\u00e4mme, tallennamme ja s\u00e4ilyt\u00e4mme henkil\u00f6tietojasi turvallisesti, on tietosuojaselosteessamme.\n<br><br>\nEmme tallenna arkaluonteisia henkil\u00f6tietoja, kuten postiosoitteita, tilisalasanoja jne.\n<br>\n<br>\nTulkinta ja m\u00e4\u00e4ritelm\u00e4t\n<br><br>\nSanoilla, joiden alkukirjain on kirjoitettu isolla alkukirjaimella, on seuraavin edellytyksin m\u00e4\u00e4ritelty merkitys. Seuraavilla m\u00e4\u00e4ritelmill\u00e4 on sama merkitys riippumatta siit\u00e4, esiintyv\u00e4tk\u00f6 ne yksik\u00f6ss\u00e4 vai monikossa.\nT\u00e4ss\u00e4 ev\u00e4stek\u00e4yt\u00e4nn\u00f6ss\u00e4 tarkoitetaan\n<br><br>\nYritys (johon viitataan t\u00e4ss\u00e4 ev\u00e4stek\u00e4yt\u00e4nn\u00f6ss\u00e4 joko \"Yritys\", \"Me\", \"Me\" tai \"Meid\u00e4n\") viittaa Thailand Diversiin.<br><br>\nEv\u00e4steill\u00e4 tarkoitetaan pieni\u00e4 tiedostoja, jotka verkkosivusto sijoittaa tietokoneellesi, mobiililaitteeseesi tai muuhun laitteeseesi ja jotka sis\u00e4lt\u00e4v\u00e4t muun muassa tietoja selaushistoriastasi kyseisell\u00e4 verkkosivustolla.<br><br>\nVerkkosivusto viittaa Thailand Diversiin, johon p\u00e4\u00e4see osoitteesta https:\/\/thailand-divers.com.\nSin\u00e4 tarkoitat verkkosivustolle p\u00e4\u00e4sev\u00e4\u00e4 tai sit\u00e4 k\u00e4ytt\u00e4v\u00e4\u00e4 yksityishenkil\u00f6\u00e4 tai yrityst\u00e4 tai oikeushenkil\u00f6\u00e4, jonka puolesta kyseinen yksityishenkil\u00f6 verkkosivustolle p\u00e4\u00e4see tai sit\u00e4 k\u00e4ytt\u00e4\u00e4, soveltuvin osin.\n<br>\n<br>\nK\u00e4ytt\u00e4miemme ev\u00e4steiden tyyppi\n<br>\nEv\u00e4steet voivat olla \"pysyvi\u00e4\" tai \"istunto\"-ev\u00e4steit\u00e4. Pysyv\u00e4t ev\u00e4steet pysyv\u00e4t tietokoneellasi tai mobiililaitteellasi, kun poistut verkosta, kun taas istuntoev\u00e4steet poistetaan heti, kun suljet selaimesi.\n<br>\nK\u00e4yt\u00e4mme sek\u00e4 istuntoev\u00e4stej\u00e4 ett\u00e4 pysyvi\u00e4 ev\u00e4steit\u00e4 alla mainittuihin tarkoituksiin:\n<br>\nV\u00e4ltt\u00e4m\u00e4tt\u00f6m\u00e4t \/ v\u00e4ltt\u00e4m\u00e4tt\u00f6m\u00e4t ev\u00e4steet Tyyppi: Ev\u00e4steet: Istuntoev\u00e4steet Hallinnoija: K\u00e4ytt\u00f6tarkoitus: N\u00e4m\u00e4 ev\u00e4steet ovat v\u00e4ltt\u00e4m\u00e4tt\u00f6mi\u00e4, jotta voit tarjota sinulle verkkosivuston kautta saatavilla olevia palveluja ja k\u00e4ytt\u00e4\u00e4 joitakin sen ominaisuuksia. Ne auttavat todentamaan k\u00e4ytt\u00e4j\u00e4t ja est\u00e4m\u00e4\u00e4n k\u00e4ytt\u00e4j\u00e4tilien vilpillist\u00e4 k\u00e4ytt\u00f6\u00e4. Ilman n\u00e4it\u00e4 ev\u00e4steit\u00e4 pyyt\u00e4mi\u00e4si palveluita ei voida tarjota, ja k\u00e4yt\u00e4mme n\u00e4it\u00e4 ev\u00e4steit\u00e4 vain tarjotaksemme sinulle n\u00e4it\u00e4 palveluita.\nToiminnallisuus Ev\u00e4steet Tyyppi: Hallinnoija: Toiminnallisuuden ev\u00e4steet: Tyyppi: Pysyv\u00e4t ev\u00e4steet K\u00e4ytt\u00f6tarkoitus: N\u00e4iden ev\u00e4steiden avulla voimme muistaa tekem\u00e4si valinnat verkkosivustoa k\u00e4ytt\u00e4ess\u00e4si, kuten kirjautumistietojesi tai kielivalintasi. N\u00e4iden ev\u00e4steiden tarkoituksena on tarjota sinulle henkil\u00f6kohtaisempi k\u00e4ytt\u00f6kokemus ja v\u00e4ltt\u00e4\u00e4 se, ett\u00e4 sinun tarvitsee sy\u00f6tt\u00e4\u00e4 asetuksesi uudelleen joka kerta, kun k\u00e4yt\u00e4t verkkosivustoa.\n<br>\nJos haluat v\u00e4ltt\u00e4\u00e4 ev\u00e4steiden k\u00e4yt\u00f6n verkkosivustolla, sinun on ensin poistettava ev\u00e4steiden k\u00e4ytt\u00f6 selaimestasi ja sen j\u00e4lkeen poistettava selaimeesi tallennetut ev\u00e4steet, jotka liittyv\u00e4t t\u00e4h\u00e4n verkkosivustoon. Voit k\u00e4ytt\u00e4\u00e4 t\u00e4t\u00e4 vaihtoehtoa ev\u00e4steiden k\u00e4yt\u00f6n est\u00e4miseksi milloin tahansa.\n<br>\nJos et hyv\u00e4ksy ev\u00e4steit\u00e4mme, saatat kokea jonkin verran hankaluuksia verkkosivuston k\u00e4yt\u00f6ss\u00e4si, ja jotkin ominaisuudet eiv\u00e4t ehk\u00e4 toimi oikein.\n<br>\nJos haluat poistaa ev\u00e4steet tai m\u00e4\u00e4r\u00e4t\u00e4 selaimesi poistamaan tai hylk\u00e4\u00e4m\u00e4\u00e4n ev\u00e4steet, k\u00e4y selaimesi ohjesivuilla.\n<br><br>\nChrome-selaimen osalta k\u00e4y t\u00e4ll\u00e4 Googlen sivulla: https:\/\/support.google.com\/accounts\/answer\/32050.<br><br>\nInternet Explorer -selaimen osalta k\u00e4y t\u00e4ll\u00e4 Microsoftin sivulla: http:\/\/support.microsoft.com\/kb\/278835.<br><br>\nFirefox-selaimen osalta vieraile t\u00e4ll\u00e4 Mozillan sivulla: https:\/\/support.mozilla.org\/en-US\/kb\/delete-cookies-remove-info-websites-stored.<br><br>\nSafari-selaimen osalta k\u00e4y t\u00e4ll\u00e4 Applen sivulla: https:\/\/support.apple.com\/guide\/safari\/manage-cookies-and-website-data-sfri11471\/mac.\n<br><br>\nJos k\u00e4yt\u00e4t muita selaimia, k\u00e4y selaimesi virallisilla sivuilla.\n<br>\nJos sinulla on kysytt\u00e4v\u00e4\u00e4 t\u00e4st\u00e4 ev\u00e4stek\u00e4yt\u00e4nn\u00f6st\u00e4, voit ottaa meihin yhteytt\u00e4.<\/p>\t\t\t\t<\/div>\n\t\t\t\t\t<\/div>\n\t\t\t\t<\/div>\n\t\t\t\t<\/div>","protected":false},"excerpt":{"rendered":"<p>Thailand Divers Cookie Policy Last updated: May 22 &#8211; 2024 This Cookies Policy explains what Cookies are and how We use them. You should read this policy so You can understand what type of cookies We use, or the information We collect using Cookies and how that information is used. Cookies do not typically contain [&hellip;]<\/p>\n","protected":false},"author":1,"featured_media":0,"parent":0,"menu_order":0,"comment_status":"closed","ping_status":"closed","template":"","meta":{"_angie_page":false,"footnotes":""},"hf_cat_page":[],"class_list":["post-6637","page","type-page","status-publish","hentry"],"_links":{"self":[{"href":"https:\/\/thailand-divers.com\/fi\/wp-json\/wp\/v2\/pages\/6637","targetHints":{"allow":["GET"]}}],"collection":[{"href":"https:\/\/thailand-divers.com\/fi\/wp-json\/wp\/v2\/pages"}],"about":[{"href":"https:\/\/thailand-divers.com\/fi\/wp-json\/wp\/v2\/types\/page"}],"author":[{"embeddable":true,"href":"https:\/\/thailand-divers.com\/fi\/wp-json\/wp\/v2\/users\/1"}],"replies":[{"embeddable":true,"href":"https:\/\/thailand-divers.com\/fi\/wp-json\/wp\/v2\/comments?post=6637"}],"version-history":[{"count":6,"href":"https:\/\/thailand-divers.com\/fi\/wp-json\/wp\/v2\/pages\/6637\/revisions"}],"predecessor-version":[{"id":35031,"href":"https:\/\/thailand-divers.com\/fi\/wp-json\/wp\/v2\/pages\/6637\/revisions\/35031"}],"wp:attachment":[{"href":"https:\/\/thailand-divers.com\/fi\/wp-json\/wp\/v2\/media?parent=6637"}],"wp:term":[{"taxonomy":"hf_cat_page","embeddable":true,"href":"https:\/\/thailand-divers.com\/fi\/wp-json\/wp\/v2\/hf_cat_page?post=6637"}],"curies":[{"name":"wp","href":"https:\/\/api.w.org\/{rel}","templated":true}]}}