{"id":4112,"date":"2021-11-18T22:25:56","date_gmt":"2021-11-18T22:25:56","guid":{"rendered":"https:\/\/eppr3oexnu-staging.onrocket.site\/?page_id=4112"},"modified":"2025-07-21T09:54:41","modified_gmt":"2025-07-21T08:54:41","slug":"privacy-policy","status":"publish","type":"page","link":"https:\/\/thailand-divers.com\/fi\/tietosuojapolitiikka\/","title":{"rendered":"Tietosuojak\u00e4yt\u00e4nt\u00f6"},"content":{"rendered":"<div data-elementor-type=\"wp-page\" data-elementor-id=\"4112\" class=\"elementor elementor-4112\" data-elementor-post-type=\"page\">\n\t\t\t\t<div class=\"elementor-element elementor-element-7862f5d e-flex e-con-boxed e-con e-parent\" data-id=\"7862f5d\" data-element_type=\"container\" data-e-type=\"container\">\n\t\t\t\t\t<div class=\"e-con-inner\">\n\t\t\t\t<div class=\"elementor-element elementor-element-202b2d3c elementor-widget elementor-widget-heading\" data-id=\"202b2d3c\" data-element_type=\"widget\" data-e-type=\"widget\" data-widget_type=\"heading.default\">\n\t\t\t\t\t<p class=\"elementor-heading-title elementor-size-default\">Thaimaa<\/p>\t\t\t\t<\/div>\n\t\t\t\t<div class=\"elementor-element elementor-element-36800853 elementor-widget elementor-widget-heading\" data-id=\"36800853\" data-element_type=\"widget\" data-e-type=\"widget\" data-widget_type=\"heading.default\">\n\t\t\t\t\t<h1 class=\"elementor-heading-title elementor-size-default\">Tietosuojak\u00e4yt\u00e4nt\u00f6<\/h1>\t\t\t\t<\/div>\n\t\t\t\t<div class=\"elementor-element elementor-element-3a77d0b8 elementor-widget__width-initial elementor-widget elementor-widget-heading\" data-id=\"3a77d0b8\" data-element_type=\"widget\" data-e-type=\"widget\" data-widget_type=\"heading.default\">\n\t\t\t\t\t<p class=\"elementor-heading-title elementor-size-default\">Keit\u00e4 me olemme.\n<br>\nVerkkosivustomme osoite on thailand-divers.com.\n<br><br>\nKommentit\n<br>\nKun k\u00e4vij\u00e4t j\u00e4tt\u00e4v\u00e4t kommentteja sivustolle, ker\u00e4\u00e4mme kommenttilomakkeessa n\u00e4kyv\u00e4t tiedot sek\u00e4 k\u00e4vij\u00e4n IP-osoitteen ja selaimen k\u00e4ytt\u00e4j\u00e4agenttijonon roskapostin havaitsemisen helpottamiseksi.\n<br>\nGravatar-palvelulle voidaan toimittaa s\u00e4hk\u00f6postiosoitteestasi luotu anonyymi merkkijono (jota kutsutaan my\u00f6s hashiksi), jotta n\u00e4hd\u00e4\u00e4n, k\u00e4yt\u00e4tk\u00f6 sit\u00e4. Gravatar-palvelun tietosuojak\u00e4yt\u00e4nt\u00f6 on saatavilla t\u00e4\u00e4ll\u00e4: https:\/\/automattic.com\/privacy\/. Kun kommenttisi on hyv\u00e4ksytty, profiilikuvasi n\u00e4kyy yleis\u00f6lle kommenttisi yhteydess\u00e4.\n<br><br>\nMedia\n<br>\nJos lataat kuvia verkkosivustolle, sinun tulisi v\u00e4ltt\u00e4\u00e4 sellaisten kuvien lataamista, joihin on sis\u00e4llytetty sijaintitietoja (EXIF GPS). Verkkosivuston k\u00e4vij\u00e4t voivat ladata ja poimia sijaintitietoja verkkosivustolla olevista kuvista.\n<br><br>\nEv\u00e4steet\n<br>\nJos j\u00e4t\u00e4t kommentin sivustollemme, voit suostua siihen, ett\u00e4 nimesi, s\u00e4hk\u00f6postiosoitteesi ja verkkosivustosi tallennetaan ev\u00e4steisiin. N\u00e4m\u00e4 ev\u00e4steet on tarkoitettu sinulle, jotta sinun ei tarvitse t\u00e4ytt\u00e4\u00e4 tietojasi uudelleen, kun j\u00e4t\u00e4t uuden kommentin. N\u00e4m\u00e4 ev\u00e4steet s\u00e4ilyv\u00e4t yhden vuoden ajan.\n<br><br>\nJos k\u00e4yt kirjautumissivullamme, asetamme v\u00e4liaikaisen ev\u00e4steen m\u00e4\u00e4ritt\u00e4\u00e4ksemme, hyv\u00e4ksyyk\u00f6 selaimesi ev\u00e4steet. T\u00e4m\u00e4 ev\u00e4ste ei sis\u00e4ll\u00e4 henkil\u00f6tietoja, ja se h\u00e4vitet\u00e4\u00e4n, kun suljet selaimesi.\n<br><br>\nKun kirjaudut sis\u00e4\u00e4n, asetamme my\u00f6s useita ev\u00e4steit\u00e4 tallentaaksemme kirjautumistietosi ja n\u00e4yt\u00f6n n\u00e4ytt\u00f6valintasi. Sis\u00e4\u00e4nkirjautumisev\u00e4steet s\u00e4ilyv\u00e4t kaksi p\u00e4iv\u00e4\u00e4, ja n\u00e4ytt\u00f6asetusten ev\u00e4steet s\u00e4ilyv\u00e4t vuoden. Jos valitset \"Muista minut\", kirjautumisesi s\u00e4ilyy kaksi viikkoa. Jos kirjaudut ulos tililt\u00e4si, kirjautumisev\u00e4steet poistetaan.\n<br><br>\nJos muokkaat tai julkaiset artikkelin, selaimeesi tallennetaan toinen ev\u00e4ste. T\u00e4m\u00e4 ev\u00e4ste ei sis\u00e4ll\u00e4 henkil\u00f6tietoja, vaan se ilmoittaa vain juuri muokkaamasi artikkelin postitustunnuksen. Se vanhenee 1 p\u00e4iv\u00e4n kuluttua.\n<br><br>\nMuiden verkkosivustojen upotettu sis\u00e4lt\u00f6\n<br>\nT\u00e4m\u00e4n sivuston artikkelit voivat sis\u00e4lt\u00e4\u00e4 upotettua sis\u00e4lt\u00f6\u00e4 (esim. videoita, kuvia, artikkeleita jne.). Muiden verkkosivustojen upotettu sis\u00e4lt\u00f6 k\u00e4ytt\u00e4ytyy aivan samalla tavalla kuin jos k\u00e4vij\u00e4 olisi vieraillut toisella verkkosivustolla.\n<br><br>\nN\u00e4m\u00e4 verkkosivustot voivat ker\u00e4t\u00e4 tietoja sinusta, k\u00e4ytt\u00e4\u00e4 ev\u00e4steit\u00e4, upottaa kolmannen osapuolen lis\u00e4seurantaa ja seurata vuorovaikutustasi upotetun sis\u00e4ll\u00f6n kanssa, mukaan lukien vuorovaikutuksesi seuraaminen upotetun sis\u00e4ll\u00f6n kanssa, jos sinulla on tili ja olet kirjautunut kyseiselle verkkosivustolle.\n<br><br>\nKenen kanssa jaamme tietojasi\n<br>\nJos pyyd\u00e4t salasanan palautusta, IP-osoitteesi sis\u00e4llytet\u00e4\u00e4n palautuss\u00e4hk\u00f6postiin.\n<br><br>\nKuinka kauan s\u00e4ilyt\u00e4mme tietojasi\n<br>\nJos j\u00e4t\u00e4t kommentin, kommentti ja sen metatiedot s\u00e4ilytet\u00e4\u00e4n loputtomiin. N\u00e4in voimme tunnistaa ja hyv\u00e4ksy\u00e4 mahdolliset jatkokommentit automaattisesti sen sijaan, ett\u00e4 pit\u00e4isimme niit\u00e4 moderointijonossa.\n<br><br>\nSivustollamme rekister\u00f6ityneiden k\u00e4ytt\u00e4jien (jos sellaisia on) osalta tallennamme heid\u00e4n antamansa henkil\u00f6tiedot my\u00f6s heid\u00e4n k\u00e4ytt\u00e4j\u00e4profiiliinsa. Kaikki k\u00e4ytt\u00e4j\u00e4t voivat milloin tahansa n\u00e4hd\u00e4, muokata tai poistaa henkil\u00f6kohtaisia tietojaan (paitsi ett\u00e4 he eiv\u00e4t voi muuttaa k\u00e4ytt\u00e4j\u00e4tunnustaan). My\u00f6s verkkosivuston yll\u00e4pit\u00e4j\u00e4t voivat n\u00e4hd\u00e4 ja muokata n\u00e4it\u00e4 tietoja.\n<br><br>\nMit\u00e4 oikeuksia sinulla on tietojesi suhteen\n<br>\nJos sinulla on tili t\u00e4ll\u00e4 sivustolla tai olet j\u00e4tt\u00e4nyt kommentteja, voit pyyt\u00e4\u00e4, ett\u00e4 sinulle l\u00e4hetet\u00e4\u00e4n tiedosto sinusta hallussamme olevista henkil\u00f6tiedoista, mukaan lukien kaikki meille antamasi tiedot. Voit my\u00f6s pyyt\u00e4\u00e4, ett\u00e4 poistamme hallussamme olevat henkil\u00f6tietosi. T\u00e4m\u00e4 ei koske tietoja, jotka meid\u00e4n on s\u00e4ilytett\u00e4v\u00e4 hallinnollisista, oikeudellisista tai turvallisuussyist\u00e4.\n<br><br>\nMinne l\u00e4het\u00e4mme tietosi\n<br>\nVierailijoiden kommentit voidaan tarkistaa automaattisen roskapostin havaitsemispalvelun avulla.<\/p>\t\t\t\t<\/div>\n\t\t\t\t<div class=\"elementor-element elementor-element-5040083 elementor-widget elementor-widget-heading\" data-id=\"5040083\" data-element_type=\"widget\" data-e-type=\"widget\" data-widget_type=\"heading.default\">\n\t\t\t\t\t<h1 class=\"elementor-heading-title elementor-size-default\">Palautusk\u00e4yt\u00e4nt\u00f6<\/h1>\t\t\t\t<\/div>\n\t\t\t\t<div class=\"elementor-element elementor-element-c221355 elementor-widget elementor-widget-text-editor\" data-id=\"c221355\" data-element_type=\"widget\" data-e-type=\"widget\" data-widget_type=\"text-editor.default\">\n\t\t\t\t\t\t\t\t\t<div class=\"edit-section _ngcontent-jwp-37\"><div class=\"edit-section-content _ngcontent-jwp-37\"><div class=\"signal-content _ngcontent-jwp-37\"><div class=\"signal-title-row _ngcontent-jwp-37\"><span style=\"text-decoration: underline;\"><strong>Palauttaa<\/strong><\/span><\/div><div class=\"signal-value-row _ngcontent-jwp-37\"><div class=\"signal-value-text _ngcontent-jwp-37\">Hyv\u00e4ksy palautukset sek\u00e4 viallisista ett\u00e4 virheett\u00f6mist\u00e4 tuotteista.<\/div><\/div><\/div><div class=\"signal-content _ngcontent-jwp-37\"><div class=\"signal-title-row _ngcontent-jwp-37\">Vaihdot = Hyv\u00e4ksy vaihto<\/div><\/div><p><br \/><span style=\"text-decoration: underline;\"><strong>Tuotteen kunto &amp; ikkuna<\/strong><\/span><br \/>Tuotteen kunto = Uusi ja hieman k\u00e4ytetty<br \/>Ikkuna= Elinik\u00e4<\/p><\/div><\/div><div class=\"edit-section _ngcontent-jwp-37\"><div class=\"edit-section-title _ngcontent-jwp-37\"><strong><span style=\"text-decoration: underline;\">Menetelm\u00e4 &amp; maksut<\/span><\/strong><\/div><div class=\"edit-section-content _ngcontent-jwp-37\"><div class=\"signal-content _ngcontent-jwp-37\"><div class=\"signal-title-row _ngcontent-jwp-37\">Menetelm\u00e4= myym\u00e4l\u00e4ss\u00e4<\/div><\/div><div class=\"signal-content _ngcontent-jwp-37\"><div class=\"signal-title-row _ngcontent-jwp-37\">Uudelleenvarastointimaksut = Ei kustannuksia<\/div><\/div><div class=\"signal-content _ngcontent-jwp-37\"><div class=\"signal-title-row _ngcontent-jwp-37\">Palautuksen k\u00e4sittelyaika = 1 p\u00e4iv\u00e4<\/div><\/div><\/div><\/div>\t\t\t\t\t\t\t\t<\/div>\n\t\t\t\t\t<\/div>\n\t\t\t\t<\/div>\n\t\t\t\t<\/div>","protected":false},"excerpt":{"rendered":"<p>Thailand divers Privacy Policy Who we are. Our website address is thailand-divers.com Comments When visitors leave comments on the site we collect the data shown in the comments form, and also the visitor\u2019s IP address and browser user agent string to help spam detection. An anonymised string created from your email address (also called a [&hellip;]<\/p>\n","protected":false},"author":1,"featured_media":0,"parent":0,"menu_order":0,"comment_status":"closed","ping_status":"closed","template":"","meta":{"_angie_page":false,"footnotes":""},"hf_cat_page":[],"class_list":["post-4112","page","type-page","status-publish","hentry"],"_links":{"self":[{"href":"https:\/\/thailand-divers.com\/fi\/wp-json\/wp\/v2\/pages\/4112","targetHints":{"allow":["GET"]}}],"collection":[{"href":"https:\/\/thailand-divers.com\/fi\/wp-json\/wp\/v2\/pages"}],"about":[{"href":"https:\/\/thailand-divers.com\/fi\/wp-json\/wp\/v2\/types\/page"}],"author":[{"embeddable":true,"href":"https:\/\/thailand-divers.com\/fi\/wp-json\/wp\/v2\/users\/1"}],"replies":[{"embeddable":true,"href":"https:\/\/thailand-divers.com\/fi\/wp-json\/wp\/v2\/comments?post=4112"}],"version-history":[{"count":12,"href":"https:\/\/thailand-divers.com\/fi\/wp-json\/wp\/v2\/pages\/4112\/revisions"}],"predecessor-version":[{"id":35402,"href":"https:\/\/thailand-divers.com\/fi\/wp-json\/wp\/v2\/pages\/4112\/revisions\/35402"}],"wp:attachment":[{"href":"https:\/\/thailand-divers.com\/fi\/wp-json\/wp\/v2\/media?parent=4112"}],"wp:term":[{"taxonomy":"hf_cat_page","embeddable":true,"href":"https:\/\/thailand-divers.com\/fi\/wp-json\/wp\/v2\/hf_cat_page?post=4112"}],"curies":[{"name":"wp","href":"https:\/\/api.w.org\/{rel}","templated":true}]}}