{"id":23151,"date":"2023-10-14T10:59:55","date_gmt":"2023-10-14T09:59:55","guid":{"rendered":"https:\/\/eppr3oexnu-staging.onrocket.site\/?page_id=23151"},"modified":"2026-03-22T09:06:32","modified_gmt":"2026-03-22T09:06:32","slug":"scuba-diving-insurance","status":"publish","type":"page","link":"https:\/\/thailand-divers.com\/fi\/sukellusvakuutus\/","title":{"rendered":"Sukellusvakuutus"},"content":{"rendered":"<div data-elementor-type=\"wp-page\" data-elementor-id=\"23151\" class=\"elementor elementor-23151\" data-elementor-post-type=\"page\">\n\t\t\t\t<div class=\"elementor-element elementor-element-c7f0a9f e-flex e-con-boxed e-con e-parent\" data-id=\"c7f0a9f\" data-element_type=\"container\" data-e-type=\"container\" data-settings=\"{&quot;background_background&quot;:&quot;classic&quot;}\">\n\t\t\t\t\t<div class=\"e-con-inner\">\n\t\t<div class=\"elementor-element elementor-element-8b6b874 e-flex e-con-boxed e-con e-child\" data-id=\"8b6b874\" data-element_type=\"container\" data-e-type=\"container\">\n\t\t\t\t\t<div class=\"e-con-inner\">\n\t\t\t\t<div class=\"elementor-element elementor-element-80a59d9 elementor-widget elementor-widget-heading\" data-id=\"80a59d9\" data-element_type=\"widget\" data-e-type=\"widget\" data-widget_type=\"heading.default\">\n\t\t\t\t\t<h2 class=\"elementor-heading-title elementor-size-default\">Sukeltajat<\/h2>\t\t\t\t<\/div>\n\t\t\t\t<div class=\"elementor-element elementor-element-3b85966 elementor-widget elementor-widget-heading\" data-id=\"3b85966\" data-element_type=\"widget\" data-e-type=\"widget\" data-widget_type=\"heading.default\">\n\t\t\t\t\t<h2 class=\"elementor-heading-title elementor-size-default\">Huolehdi itsest\u00e4si.<\/h2>\t\t\t\t<\/div>\n\t\t\t\t<div class=\"elementor-element elementor-element-337aa11 elementor-widget__width-initial elementor-widget elementor-widget-heading\" data-id=\"337aa11\" data-element_type=\"widget\" data-e-type=\"widget\" data-widget_type=\"heading.default\">\n\t\t\t\t\t<p class=\"elementor-heading-title elementor-size-default\">Suosittelemme vahvasti investoimaan omaan henkil\u00f6kohtaiseen sukellusturvaan, erityisesti sukeltaessasi vieraassa maassa. Odottamattomia tilanteita voi sattua, ja kattava vakuutus takaa, ett\u00e4 olet turvassa sairauskulujen tai sukellukseen liittyvien vaaratilanteiden varalta.\n<br><br>\nJos sinulla ei ole t\u00e4ll\u00e4 hetkell\u00e4 henkil\u00f6kohtaista sukellusvakuutusta, \u00e4l\u00e4 huoli!<br><br>\nDAN Worldilla ja Dive Assistilla on edullinen tapa saada v\u00e4liaikainen vakuutusturva sukellustoimintasi ajaksi Thaimaassa, jos et tarvitse ymp\u00e4rivuotista vakuutusta.<\/p>\t\t\t\t<\/div>\n\t\t\t\t<div class=\"elementor-element elementor-element-837f17e elementor-widget__width-initial elementor-widget elementor-widget-heading\" data-id=\"837f17e\" data-element_type=\"widget\" data-e-type=\"widget\" data-widget_type=\"heading.default\">\n\t\t\t\t\t<p class=\"elementor-heading-title elementor-size-default\"><a href=\"https:\/\/apps.dan.org\/short-term\/?token=~b181Rb3keg1s68gi14cn2g6gOg331Fv21BgZgC4s4b9dEg9gg9hG4U1K31\" target=\"_blank\" rel=\"noopener\">www.dan.org<\/a><\/p>\t\t\t\t<\/div>\n\t\t\t\t\t<\/div>\n\t\t\t\t<\/div>\n\t\t<div class=\"elementor-element elementor-element-044f269 e-flex e-con-boxed e-con e-child\" data-id=\"044f269\" data-element_type=\"container\" data-e-type=\"container\">\n\t\t\t\t\t<div class=\"e-con-inner\">\n\t\t\t\t<div class=\"elementor-element elementor-element-5feef77 elementor-widget elementor-widget-image\" data-id=\"5feef77\" data-element_type=\"widget\" data-e-type=\"widget\" data-widget_type=\"image.default\">\n\t\t\t\t\t\t\t\t\t\t\t\t\t\t\t\t<a href=\"https:\/\/apps.dan.org\/short-term\/?token=~b181Rb3keg1s68gi14cn2g6gOg331Fv21BgZgC4s4b9dEg9gg9hG4U1K31\" target=\"_blank\" rel=\"noopener\">\n\t\t\t\t\t\t\t<img decoding=\"async\" width=\"320\" height=\"550\" src=\"https:\/\/thailand-divers.com\/wp-content\/uploads\/DAN-insurance-1.jpg\" class=\"attachment-large size-large wp-image-31718\" alt=\"\" srcset=\"https:\/\/thailand-divers.com\/wp-content\/uploads\/DAN-insurance-1.jpg 320w, https:\/\/thailand-divers.com\/wp-content\/uploads\/DAN-insurance-1-7x12.jpg 7w\" sizes=\"(max-width: 320px) 100vw, 320px\" \/>\t\t\t\t\t\t\t\t<\/a>\n\t\t\t\t\t\t\t\t\t\t\t\t\t\t\t<\/div>\n\t\t\t\t\t<\/div>\n\t\t\t\t<\/div>\n\t\t\t\t\t<\/div>\n\t\t\t\t<\/div>\n\t\t<div class=\"elementor-element elementor-element-c451cc0 e-flex e-con-boxed e-con e-parent\" data-id=\"c451cc0\" data-element_type=\"container\" data-e-type=\"container\" data-settings=\"{&quot;background_background&quot;:&quot;classic&quot;}\">\n\t\t\t\t\t<div class=\"e-con-inner\">\n\t\t<div class=\"elementor-element elementor-element-aff0d9a e-flex e-con-boxed e-con e-child\" data-id=\"aff0d9a\" data-element_type=\"container\" data-e-type=\"container\">\n\t\t\t\t\t<div class=\"e-con-inner\">\n\t\t\t\t<div class=\"elementor-element elementor-element-4e7c124 elementor-widget elementor-widget-heading\" data-id=\"4e7c124\" data-element_type=\"widget\" data-e-type=\"widget\" data-widget_type=\"heading.default\">\n\t\t\t\t\t<h1 class=\"elementor-heading-title elementor-size-default\">Sukellusvakuutus<\/h1>\t\t\t\t<\/div>\n\t\t\t\t<div class=\"elementor-element elementor-element-73f74b2 elementor-widget elementor-widget-heading\" data-id=\"73f74b2\" data-element_type=\"widget\" data-e-type=\"widget\" data-widget_type=\"heading.default\">\n\t\t\t\t\t<h2 class=\"elementor-heading-title elementor-size-default\">Mukana uusille sukeltajille<\/h2>\t\t\t\t<\/div>\n\t\t\t\t<div class=\"elementor-element elementor-element-9681015 elementor-widget__width-initial elementor-widget elementor-widget-heading\" data-id=\"9681015\" data-element_type=\"widget\" data-e-type=\"widget\" data-widget_type=\"heading.default\">\n\t\t\t\t\t<p class=\"elementor-heading-title elementor-size-default\">Kun varaat Discover Scuba Diving, Explore scuba tai Open water diver kurssin Thailand Divers, voit olla varma, ett\u00e4 olet t\u00e4ysin vakuutettu kaikille sukellustoiminnoille, kun olet kanssamme. Rekister\u00f6imme kaikki oppilaamme DiveAssist.orgin, johtavan sukellusvakuutuksen tarjoajan, kautta. \n<br><br>T\u00e4m\u00e4 tarkoittaa, ett\u00e4 saat henkil\u00f6kohtaisen sukellusvakuutuksen s\u00e4hk\u00f6postiisi ennen sukelluskurssia.\n\nTarjoamme t\u00e4m\u00e4n vakuutuksen kaikille oppilaillemme, koska haluamme varmistaa, ett\u00e4 olet turvassa ja suojattu, kun opettelet sukeltamaan.\n\nHaluamme my\u00f6s antaa sinulle mielenrauhan, jotta voit keskitty\u00e4 nauttimaan sukelluskurssista.<\/p>\t\t\t\t<\/div>\n\t\t\t\t<div class=\"elementor-element elementor-element-71bad16 elementor-widget__width-initial elementor-widget elementor-widget-heading\" data-id=\"71bad16\" data-element_type=\"widget\" data-e-type=\"widget\" data-widget_type=\"heading.default\">\n\t\t\t\t\t<p class=\"elementor-heading-title elementor-size-default\"><a href=\"https:\/\/diveassist.org\/world-diveassist-scuba-diveqr\/?unlock=Qytb65GDF98LMY-837xhre&#038;ref=15\" target=\"_blank\" rel=\"noopener\">DiveAssist.org<\/a><\/p>\t\t\t\t<\/div>\n\t\t\t\t\t<\/div>\n\t\t\t\t<\/div>\n\t\t<div class=\"elementor-element elementor-element-737ad52 e-flex e-con-boxed e-con e-child\" data-id=\"737ad52\" data-element_type=\"container\" data-e-type=\"container\">\n\t\t\t\t\t<div class=\"e-con-inner\">\n\t\t\t\t<div class=\"elementor-element elementor-element-127c509 elementor-widget elementor-widget-image\" data-id=\"127c509\" data-element_type=\"widget\" data-e-type=\"widget\" data-widget_type=\"image.default\">\n\t\t\t\t\t\t\t\t\t\t\t\t\t\t\t<img decoding=\"async\" width=\"1200\" height=\"900\" src=\"https:\/\/thailand-divers.com\/wp-content\/uploads\/Coral-reef-scuba-diving-phuket-thailand-3.webp\" class=\"attachment-large size-large wp-image-25203\" alt=\"Sukeltajaryhm\u00e4 tutkimassa koralliriuttaa Phuketissa Thaimaassa, el\u00e4v\u00e4n meriel\u00e4m\u00e4n ymp\u00e4r\u00f6im\u00e4n\u00e4.\" srcset=\"https:\/\/thailand-divers.com\/wp-content\/uploads\/Coral-reef-scuba-diving-phuket-thailand-3.webp 1200w, https:\/\/thailand-divers.com\/wp-content\/uploads\/Coral-reef-scuba-diving-phuket-thailand-3-768x576.webp 768w, https:\/\/thailand-divers.com\/wp-content\/uploads\/Coral-reef-scuba-diving-phuket-thailand-3-16x12.webp 16w\" sizes=\"(max-width: 1200px) 100vw, 1200px\" \/>\t\t\t\t\t\t\t\t\t\t\t\t\t\t\t<\/div>\n\t\t\t\t\t<\/div>\n\t\t\t\t<\/div>\n\t\t\t\t\t<\/div>\n\t\t\t\t<\/div>\n\t\t<div class=\"elementor-element elementor-element-cdeb265 e-flex e-con-boxed e-con e-parent\" data-id=\"cdeb265\" data-element_type=\"container\" data-e-type=\"container\" data-settings=\"{&quot;background_background&quot;:&quot;classic&quot;}\">\n\t\t\t\t\t<div class=\"e-con-inner\">\n\t\t<div class=\"elementor-element elementor-element-dd047be e-flex e-con-boxed e-con e-child\" data-id=\"dd047be\" data-element_type=\"container\" data-e-type=\"container\">\n\t\t\t\t\t<div class=\"e-con-inner\">\n\t\t\t\t<div class=\"elementor-element elementor-element-c7f623a elementor-widget elementor-widget-heading\" data-id=\"c7f623a\" data-element_type=\"widget\" data-e-type=\"widget\" data-widget_type=\"heading.default\">\n\t\t\t\t\t<h2 class=\"elementor-heading-title elementor-size-default\">T\u00e4rke\u00e4\u00e4 kaikille<\/h2>\t\t\t\t<\/div>\n\t\t\t\t<div class=\"elementor-element elementor-element-9ae5bf0 elementor-widget elementor-widget-heading\" data-id=\"9ae5bf0\" data-element_type=\"widget\" data-e-type=\"widget\" data-widget_type=\"heading.default\">\n\t\t\t\t\t<h2 class=\"elementor-heading-title elementor-size-default\">Lent\u00e4minen sukelluksen j\u00e4lkeen<\/h2>\t\t\t\t<\/div>\n\t\t\t\t<div class=\"elementor-element elementor-element-a9ae19e elementor-widget__width-initial elementor-widget elementor-widget-heading\" data-id=\"a9ae19e\" data-element_type=\"widget\" data-e-type=\"widget\" data-widget_type=\"heading.default\">\n\t\t\t\t\t<p class=\"elementor-heading-title elementor-size-default\">T\u00e4rke\u00e4 asia, joka kannattaa ottaa huomioon sukelluslomaa suunnitellessasi, ovat lentop\u00e4iv\u00e4m\u00e4\u00e4r\u00e4t ja -ajat, jotka m\u00e4\u00e4ritt\u00e4v\u00e4t sukellusaikataulusi. Kun sukellat, elimist\u00f6\u00f6si kertyy typpe\u00e4, mik\u00e4 on normaalia, ja sinun on varmistettava, ett\u00e4 poistat sen terveellisen m\u00e4\u00e4r\u00e4n ennen korkeuteen nousemista. \n\n<b><br><br>S\u00e4\u00e4nt\u00f6 1. Tarvitset 18 tuntia ennen korkeuteen nousemista.\n\n<span style=\"font-weight: normal\">Eri j\u00e4rjest\u00f6t sanovat eri asioita siit\u00e4, kuinka monta tuntia tarvitaan maalla ennen korkeuteen nousemista, mutta PADI:n mukaan tarvitset t\u00e4ll\u00e4 hetkell\u00e4 seuraavat tiedot <\/span><\/b>12 tuntia ennen lentoa, jos olet sukeltanut, ja 18 tuntia, jos teet useita sukelluksia useiden p\u00e4ivien aikana. T\u00e4m\u00e4 tarkoittaa sit\u00e4, ett\u00e4 jos olet sukeltanut viikon ajan ja lenn\u00e4t pois klo 13.00, voit sukeltaa turvallisesti edellisen\u00e4 p\u00e4iv\u00e4n\u00e4 klo 17.00 asti.\n<br><br>\nMonet ihmiset haluavat antaa itselleen 24 tuntia varovaisuuden vuoksi ja siksi, ett\u00e4 he haluaisivat vain viett\u00e4\u00e4 aikaa rannalla rentoutuen viimeisen\u00e4 lomap\u00e4iv\u00e4n\u00e4\u00e4n, ja voit tietysti antaa itsellesi niin monta tuntia kuin haluat. Mutta jos olet sukellusfriikki, 18 tuntia on se, mit\u00e4 tarvitset, vaikka sukeltaisitkin paljon liveaboardilta. Kuten aina, varmista kuitenkin, ett\u00e4 noudatat konservatiivisia sukellusk\u00e4yt\u00e4nt\u00f6j\u00e4 ja v\u00e4lt\u00e4t ylitt\u00e4m\u00e4st\u00e4 paineettomuuden rajoja sukeltaessasi.<b style=\"font-weight: bold\">\n\n<br><br><\/b><b style=\"font-weight: bold\">S\u00e4\u00e4nt\u00f6 2. Korkeus ei tarkoita vain lent\u00e4mist\u00e4. <\/b>Jos sukellat ja aiot ajaa vuorille p\u00e4\u00e4st\u00e4kseni seuraavaan kohteeseesi, t\u00e4m\u00e4 lasketaan silti korkeudeksi. Kaikki yli 300 metrin korkeus lasketaan korkeudeksi, koska ilmanpaine laskee, joten pid\u00e4 t\u00e4m\u00e4 mieless\u00e4, kun suunnittelet sukelluksen j\u00e4lkeisi\u00e4 matkojasi.\n\n<b><br><br>S\u00e4\u00e4nt\u00f6 3: Sukellus lent\u00e4misen j\u00e4lkeen on hyv\u00e4\n<\/b><br>\nToisin kuin lent\u00e4misen j\u00e4lkeen sukeltaminen, lent\u00e4misen j\u00e4lkeen sukeltamista ei tarvitse odottaa. Sukelluksen j\u00e4lkeen lent\u00e4minen aiheuttaa huolta siit\u00e4, ett\u00e4 kehoon kertyy typpe\u00e4, mutta t\u00e4m\u00e4 ei ole ongelma, kun olet juuri poistunut lentokoneesta. Teoriassa voisit hyp\u00e4t\u00e4 suoraan lentokoneesta veteen (mutta emme suosittele sit\u00e4, ellet ole koulutettu ammattilainen!).\n\nSiin\u00e4 on kolme yksinkertaista s\u00e4\u00e4nt\u00f6\u00e4 lent\u00e4mist\u00e4 ja sukeltamista varten. Eik\u00f6 olekin helppoa? <br>Pid\u00e4 upea sukellusloma - toivottavasti p\u00e4\u00e4semme sukeltamaan kanssasi jonain p\u00e4iv\u00e4n\u00e4!\n\nHyv\u00e4\u00e4 sukellusta!<\/p>\t\t\t\t<\/div>\n\t\t\t\t<div class=\"elementor-element elementor-element-5d76ffb elementor-widget elementor-widget-heading\" data-id=\"5d76ffb\" data-element_type=\"widget\" data-e-type=\"widget\" data-widget_type=\"heading.default\">\n\t\t\t\t\t<p class=\"elementor-heading-title elementor-size-default\"><a href=\"https:\/\/thailand-divers.com\/instructors\/\">Ohjaajien tiedot <\/a><\/p>\t\t\t\t<\/div>\n\t\t\t\t\t<\/div>\n\t\t\t\t<\/div>\n\t\t<div class=\"elementor-element elementor-element-1de3430 e-flex e-con-boxed e-con e-child\" data-id=\"1de3430\" data-element_type=\"container\" data-e-type=\"container\">\n\t\t\t\t\t<div class=\"e-con-inner\">\n\t\t\t\t<div class=\"elementor-element elementor-element-f29f4db elementor-widget elementor-widget-image\" data-id=\"f29f4db\" data-element_type=\"widget\" data-e-type=\"widget\" data-widget_type=\"image.default\">\n\t\t\t\t\t\t\t\t\t\t\t\t\t\t\t\t<a href=\"https:\/\/thailand-divers.com\/phuket-airport\/\" target=\"_blank\">\n\t\t\t\t\t\t\t<img decoding=\"async\" width=\"510\" height=\"340\" src=\"https:\/\/thailand-divers.com\/wp-content\/uploads\/1-13.webp\" class=\"attachment-large size-large wp-image-20802\" alt=\"Phuketin lentokentt\u00e4 auton vuokraus\" srcset=\"https:\/\/thailand-divers.com\/wp-content\/uploads\/1-13.webp 510w, https:\/\/thailand-divers.com\/wp-content\/uploads\/1-13-18x12.webp 18w\" sizes=\"(max-width: 510px) 100vw, 510px\" \/>\t\t\t\t\t\t\t\t<\/a>\n\t\t\t\t\t\t\t\t\t\t\t\t\t\t\t<\/div>\n\t\t\t\t\t<\/div>\n\t\t\t\t<\/div>\n\t\t\t\t\t<\/div>\n\t\t\t\t<\/div>\n\t\t\t\t<\/div>","protected":false},"excerpt":{"rendered":"<p>Scuba Divers Look After Yourself. We strongly recommend investing in your own personal scuba coverage, especially while diving in a foreign country. Unexpected situations can arise, and having comprehensive insurance ensures you\u2019re protected against any medical expenses or dive-related incidents. If you don\u2019t currently have personal scuba insurance, don\u2019t worry! DAN World and Dive Assist [&hellip;]<\/p>\n","protected":false},"author":1,"featured_media":25427,"parent":0,"menu_order":0,"comment_status":"closed","ping_status":"closed","template":"","meta":{"_angie_page":false,"footnotes":""},"hf_cat_page":[],"class_list":["post-23151","page","type-page","status-publish","has-post-thumbnail","hentry"],"_links":{"self":[{"href":"https:\/\/thailand-divers.com\/fi\/wp-json\/wp\/v2\/pages\/23151","targetHints":{"allow":["GET"]}}],"collection":[{"href":"https:\/\/thailand-divers.com\/fi\/wp-json\/wp\/v2\/pages"}],"about":[{"href":"https:\/\/thailand-divers.com\/fi\/wp-json\/wp\/v2\/types\/page"}],"author":[{"embeddable":true,"href":"https:\/\/thailand-divers.com\/fi\/wp-json\/wp\/v2\/users\/1"}],"replies":[{"embeddable":true,"href":"https:\/\/thailand-divers.com\/fi\/wp-json\/wp\/v2\/comments?post=23151"}],"version-history":[{"count":33,"href":"https:\/\/thailand-divers.com\/fi\/wp-json\/wp\/v2\/pages\/23151\/revisions"}],"predecessor-version":[{"id":37358,"href":"https:\/\/thailand-divers.com\/fi\/wp-json\/wp\/v2\/pages\/23151\/revisions\/37358"}],"wp:featuredmedia":[{"embeddable":true,"href":"https:\/\/thailand-divers.com\/fi\/wp-json\/wp\/v2\/media\/25427"}],"wp:attachment":[{"href":"https:\/\/thailand-divers.com\/fi\/wp-json\/wp\/v2\/media?parent=23151"}],"wp:term":[{"taxonomy":"hf_cat_page","embeddable":true,"href":"https:\/\/thailand-divers.com\/fi\/wp-json\/wp\/v2\/hf_cat_page?post=23151"}],"curies":[{"name":"wp","href":"https:\/\/api.w.org\/{rel}","templated":true}]}}