{"id":8965,"date":"2022-04-12T15:54:13","date_gmt":"2022-04-12T14:54:13","guid":{"rendered":"https:\/\/eppr3oexnu-staging.onrocket.site\/?page_id=8965"},"modified":"2025-07-18T10:32:50","modified_gmt":"2025-07-18T09:32:50","slug":"tcs","status":"publish","type":"page","link":"https:\/\/thailand-divers.com\/es\/tcs\/","title":{"rendered":"T\u00e9rminos y condiciones"},"content":{"rendered":"<div data-elementor-type=\"wp-page\" data-elementor-id=\"8965\" class=\"elementor elementor-8965\" data-elementor-post-type=\"page\">\n\t\t\t\t<div class=\"elementor-element elementor-element-2ebeb579 e-flex e-con-boxed e-con e-parent\" data-id=\"2ebeb579\" data-element_type=\"container\" data-e-type=\"container\">\n\t\t\t\t\t<div class=\"e-con-inner\">\n\t\t\t\t<div class=\"elementor-element elementor-element-4b3c29ed elementor-widget elementor-widget-heading\" data-id=\"4b3c29ed\" data-element_type=\"widget\" data-e-type=\"widget\" data-widget_type=\"heading.default\">\n\t\t\t\t\t<h1 class=\"elementor-heading-title elementor-size-default\">T\u00e9rminos y condiciones<\/h1>\t\t\t\t<\/div>\n\t\t\t\t<div class=\"elementor-element elementor-element-488322b4 elementor-widget__width-initial elementor-widget elementor-widget-heading\" data-id=\"488322b4\" data-element_type=\"widget\" data-e-type=\"widget\" data-widget_type=\"heading.default\">\n\t\t\t\t\t<p class=\"elementor-heading-title elementor-size-default\">Definiciones\n<br>\nPor \"Thailand Dive Center\" se entender\u00e1 \"la Empresa\", as\u00ed como todas sus filiales, directivos, agentes, empleados, trabajadores, directores y representantes, ya se encuentren en persona o virtualmente.\n<br><br>\nReglas generales de reserva\n<br>\n2.1 Todos los clientes deben presentar una prueba de certificaci\u00f3n de buceo, como m\u00ednimo, de aguas abiertas\n<br>\n2.2 Todos los clientes deben rellenar y firmar un formulario de exenci\u00f3n de responsabilidad y asunci\u00f3n de riesgos.\n<br>\n2.3 La Compa\u00f1\u00eda no est\u00e1 autorizada a ofrecer ning\u00fan consejo m\u00e9dico. Por favor, consulte con un m\u00e9dico si es necesario antes de bucear.\n<br>\n2.5 La profundidad m\u00e1xima permitida en las embarcaciones es de 30 metros, 100 pies para los buceadores de aguas abiertas con el Deep Adventure\n<br>\nCertificaci\u00f3n de buceo, buceadores avanzados, divemasters e instructores. Los buceadores de aguas abiertas sin ninguna formaci\u00f3n profunda adicional no podr\u00e1n bucear a m\u00e1s de 18 metros, 60 pies.\n<br>\n2.6 La Compa\u00f1\u00eda se reserva el derecho de modificar y\/o cancelar los acuerdos de buceo por los motivos que se indican a continuaci\u00f3n, pero sin limitarse a ellos:\n<br>\n2.6.1 La lejan\u00eda o inaccesibilidad de un destino de buceo;\n<br>\n2.6.2 Costumbres locales, guerra, disturbios pol\u00edticos y otras hostilidades (independientemente de que se haya declarado o no la guerra). 2.6.3. Comportamiento inapropiado por parte de los clientes, clientes y\/o estudiantes, incluyendo pero no limit\u00e1ndose a actos verbales o f\u00edsicos. Thailand Divers se reserva el derecho de rechazar el servicio por cualquier motivo y puede o no emitir reembolsos totales o parciales de los dep\u00f3sitos o pagos;\n<br>\n2.6.3 Actos de Dios (incluyendo COVID-19, inundaci\u00f3n, terremoto, tormenta, hurac\u00e1n u otro desastre natural o enfermedad)\n<br>\n2.6.4 Cualquier otra dificultad t\u00e9cnica o mec\u00e1nica resultante. Los reembolsos se efectuar\u00e1n caso por caso, a discreci\u00f3n de Thailand Divers, para cualquier modificaci\u00f3n o cancelaci\u00f3n resultante de tales eventos.\n<br>\n2.7 Los clientes, clientes o estudiantes que no participen en ninguna de las inmersiones de un viaje, o en las sesiones de formaci\u00f3n del curso o en las inmersiones de entrenamiento, por cualquier motivo, no podr\u00e1n ser reembolsados por la Compa\u00f1\u00eda por cualquier parte no utilizada o no completada del viaje o del curso. Thailand Divers se reserva el derecho de modificar, denegar o reembolsar completamente a su propia discreci\u00f3n.\n<br><br>\nSeguros\n<br>\n3.1 Los clientes deber\u00e1n contratar un seguro de viaje adecuado con un proveedor de seguros acreditado que sea aplicable a las actividades que vayan a realizar. Dicho seguro debe proporcionar una cobertura completa de al menos lo siguiente: buceo, m\u00e9dico, viaje, evacuaci\u00f3n, responsabilidad personal y provisiones de cancelaci\u00f3n de viaje. Dicha cobertura de seguro es obligatoria para todos los Clientes a bordo de todas las embarcaciones y locales del Cliente. La Compa\u00f1\u00eda no se hace responsable de cualquier p\u00e9rdida financiera o personal resultante o lesiones cuando los clientes no aseguran dicho seguro. En los d\u00edas de salida solicitamos al proveedor del seguro del cliente una PRUEBA escrita en ingl\u00e9s de que cubre los tratamientos de evacuaci\u00f3n y c\u00e1mara de recompresi\u00f3n.\n<br>\n3.2 La Compa\u00f1\u00eda no aceptar\u00e1 ninguna responsabilidad por la p\u00e9rdida o da\u00f1o de cualquier equipaje o equipo de buceo mientras est\u00e9 a bordo del barco, ni durante el traslado(s) hacia o desde el barco o en cualquiera de las propiedades de Phuket Dive Center.\n<br>\nPrecio y pago\n<br><br>\nEl n\u00famero de inmersiones en cualquier paquete es una estimaci\u00f3n basada en las circunstancias habituales de buceo y no una garant\u00eda. Pueden surgir circunstancias que obliguen a modificar el n\u00famero de inmersiones, como por ejemplo: condiciones meteorol\u00f3gicas adversas, enfermedades personales, dificultades t\u00e9cnicas o mec\u00e1nicas, lejan\u00eda\/inaccesibilidad del lugar de inmersi\u00f3n o elecci\u00f3n personal. Circunstancias como estas pueden causar una reducci\u00f3n en el n\u00famero estimado de inmersiones. No habr\u00e1 reembolso en tales circunstancias.\n<br>\nObligaciones del cliente\n<br><br>\n5.1 En caso de que el cliente sea negligente o irresponsable y provoque cualquier da\u00f1o o p\u00e9rdida de bienes y equipos pertenecientes a la Empresa, el cliente deber\u00e1 reembolsar a la Empresa en su totalidad, hasta el precio de venta al p\u00fablico vigente de cualquier p\u00e9rdida o da\u00f1o.\n<br>\n5.2 El cliente se compromete a estar f\u00edsica, emocional y mentalmente apto para participar en las actividades a las que se ha apuntado. Cualquier lesi\u00f3n o incomodidad resultante de estas actividades, debido a cualquier falta de aptitud, no se aceptar\u00e1 como motivo de reclamaci\u00f3n o reembolso.\n<br>\n5.3 Inmersiones diurnas y nocturnas en Tailandia: El cliente podr\u00e1 prohibir la participaci\u00f3n de una persona en una inmersi\u00f3n o inmersiones, cuando no est\u00e9 en condiciones f\u00edsicas, mentales o emocionales de bucear, demuestre una clara falta de respeto por las normas y reglamentos del Parque Marino Nacional, manipule o da\u00f1e la vida marina, consuma alcohol entre inmersiones o no respete las normas y pr\u00e1cticas internacionales generales de buceo seguro.\n<br>\nFuerza mayor\n<br><br>\n6.1 La Compa\u00f1\u00eda se reserva el derecho de modificar, retrasar y\/o cancelar los arreglos de buceo cuando la lejan\u00eda o inaccesibilidad del destino de buceo, las costumbres locales, los actos de Dios (fuego, inundaci\u00f3n, terremoto, tormenta, hurac\u00e1n u otro desastre natural), la guerra, los disturbios pol\u00edticos y otras hostilidades, independientemente de si se declara la guerra, u otras dificultades t\u00e9cnicas o mec\u00e1nicas hacen que los arreglos se vuelvan inseguros, peligrosos y\/o impracticables.\n<br>\n6.2 En caso de que las condiciones meteorol\u00f3gicas sean adversas y hagan peligroso o desaconsejable el desembarco y la entrada en el puerto para los clientes o el barco, el capit\u00e1n se reservar\u00e1 el derecho de posponer la navegaci\u00f3n hasta que se den condiciones m\u00e1s favorables. Esto puede implicar un ajuste del itinerario, que puede dar lugar a la cancelaci\u00f3n del desembarco en un determinado puerto, y\/o la reordenaci\u00f3n de las visitas a las islas.\n<br><br>\nAnulaci\u00f3n\n<br>\n7.1 La Compa\u00f1\u00eda reembolsar\u00e1 todo el dinero pagado por el cliente a la Compa\u00f1\u00eda en caso de que la propia Compa\u00f1\u00eda cancele un viaje o curso, salvo por las razones expuestas anteriormente. La Compa\u00f1\u00eda no aceptar\u00e1 ninguna responsabilidad financiera por cualquier cambio de itinerario o cancelaciones resultantes de circunstancias fuera del control de la Compa\u00f1\u00eda, tales como, pero no limitadas a, las mencionadas anteriormente.\n<br>\n7.2 Si un cliente requiere una evacuaci\u00f3n de emergencia y el barco debe volver a tierra, la Compa\u00f1\u00eda no aceptar\u00e1 ninguna responsabilidad financiera por los cambios de itinerario que se produzcan.\n<br>\n7.3 Si la cancelaci\u00f3n se produce con m\u00e1s de 7 d\u00edas de antelaci\u00f3n a la fecha de salida del viaje, todo el dinero pagado se reembolsar\u00e1 \u00fanicamente a discreci\u00f3n de Thailand Divers.\n<br>\n7.4 Si la cancelaci\u00f3n se produce entre 7 y 1 d\u00edas antes de la salida del viaje, no se devolver\u00e1 el dep\u00f3sito.\n<br>\n7.5 En caso de cancelaci\u00f3n por parte de un cliente cuya reserva haya sido aceptada y tramitada por uno de los Agentes de la Compa\u00f1\u00eda, el cliente deber\u00e1 ponerse en contacto con dicho Agente para obtener cualquier tipo de reembolso. La Compa\u00f1\u00eda no podr\u00e1 procesar ninguna cancelaci\u00f3n ni preparar ning\u00fan reembolso para el cliente.\n<br>\n7.6 Cualquier curso profesional PADI no es reembolsable sin excepci\u00f3n.\n<br><br>\nDivisibilidad\n<br>\nEl hecho de que cualquiera de las partes no pueda aplicar una o varias de las disposiciones del presente acuerdo, debido a la ilegalidad, invalidez o inaplicabilidad de dicha(s) disposici\u00f3n(es), no afectar\u00e1 a la validez o aplicabilidad de cualquier otra disposici\u00f3n del acuerdo.\n<br><br>\nAsignaci\u00f3n\n<br>\nEl cliente no podr\u00e1 ceder ninguna de sus responsabilidades u obligaciones, ni delegar ninguno de sus deberes en virtud de este acuerdo sin la autorizaci\u00f3n expresa y por escrito de la Compa\u00f1\u00eda.\n<br><br>\nRenuncia\n<br>\nEl incumplimiento por cualquiera de las partes de una o varias de sus obligaciones contenidas en el presente acuerdo no se considerar\u00e1 como una renuncia al cumplimiento contractual de cualquier otra obligaci\u00f3n del acuerdo.\n<br><br>\nAcuerdo completo\n<br>\nEste acuerdo contiene todos los derechos y obligaciones de ambas partes en relaci\u00f3n con el objeto del mismo. De este acuerdo no se desprende ning\u00fan otro acuerdo, convenio o compromiso.\n<br><br>\nNo hay terceros\n<br>\nNinguna de las disposiciones del presente acuerdo confiere expresa o impl\u00edcitamente derechos a terceros.\n<br><br>\nDerecho aplicable\n<br>\nEl presente contrato se regir\u00e1, interpretar\u00e1 y aplicar\u00e1 de acuerdo con las leyes del Reino de Tailandia. En caso de que surja cualquier cuesti\u00f3n o asunto en relaci\u00f3n con el acuerdo o cualquiera de sus disposiciones, se decidir\u00e1 \u00fanicamente en los juzgados o tribunales del Reino de Tailandia, con exclusi\u00f3n de cualquier otro juzgado o tribunal.<\/p>\t\t\t\t<\/div>\n\t\t\t\t\t<\/div>\n\t\t\t\t<\/div>\n\t\t\t\t<\/div>","protected":false},"excerpt":{"rendered":"<p>Terms and Conditions Definitions Thailand Dive Center shall be construed to comprise &#8220;the Company&#8221;, as well as all their affiliates, officers, agents, employees, workers, directors, and representatives whether in-person or virtually located. General Booking Rules \u200b2.1 All customers must show proof of diving certification minimum Open Water Certification 2.2 All customers must complete and sign [&hellip;]<\/p>\n","protected":false},"author":1,"featured_media":0,"parent":0,"menu_order":0,"comment_status":"closed","ping_status":"closed","template":"","meta":{"_angie_page":false,"footnotes":""},"hf_cat_page":[],"class_list":["post-8965","page","type-page","status-publish","hentry"],"_links":{"self":[{"href":"https:\/\/thailand-divers.com\/es\/wp-json\/wp\/v2\/pages\/8965","targetHints":{"allow":["GET"]}}],"collection":[{"href":"https:\/\/thailand-divers.com\/es\/wp-json\/wp\/v2\/pages"}],"about":[{"href":"https:\/\/thailand-divers.com\/es\/wp-json\/wp\/v2\/types\/page"}],"author":[{"embeddable":true,"href":"https:\/\/thailand-divers.com\/es\/wp-json\/wp\/v2\/users\/1"}],"replies":[{"embeddable":true,"href":"https:\/\/thailand-divers.com\/es\/wp-json\/wp\/v2\/comments?post=8965"}],"version-history":[{"count":6,"href":"https:\/\/thailand-divers.com\/es\/wp-json\/wp\/v2\/pages\/8965\/revisions"}],"predecessor-version":[{"id":35141,"href":"https:\/\/thailand-divers.com\/es\/wp-json\/wp\/v2\/pages\/8965\/revisions\/35141"}],"wp:attachment":[{"href":"https:\/\/thailand-divers.com\/es\/wp-json\/wp\/v2\/media?parent=8965"}],"wp:term":[{"taxonomy":"hf_cat_page","embeddable":true,"href":"https:\/\/thailand-divers.com\/es\/wp-json\/wp\/v2\/hf_cat_page?post=8965"}],"curies":[{"name":"wp","href":"https:\/\/api.w.org\/{rel}","templated":true}]}}