{"id":6637,"date":"2021-12-21T00:54:05","date_gmt":"2021-12-21T00:54:05","guid":{"rendered":"https:\/\/eppr3oexnu-staging.onrocket.site\/?page_id=6637"},"modified":"2025-07-18T10:27:35","modified_gmt":"2025-07-18T09:27:35","slug":"cookies-policy","status":"publish","type":"page","link":"https:\/\/thailand-divers.com\/es\/politica-de-cookies\/","title":{"rendered":"Pol\u00edtica de cookies"},"content":{"rendered":"<div data-elementor-type=\"wp-page\" data-elementor-id=\"6637\" class=\"elementor elementor-6637\" data-elementor-post-type=\"page\">\n\t\t\t\t<div class=\"elementor-element elementor-element-22941d44 e-flex e-con-boxed e-con e-parent\" data-id=\"22941d44\" data-element_type=\"container\" data-e-type=\"container\">\n\t\t\t\t\t<div class=\"e-con-inner\">\n\t\t\t\t<div class=\"elementor-element elementor-element-39bb7393 elementor-widget elementor-widget-heading\" data-id=\"39bb7393\" data-element_type=\"widget\" data-e-type=\"widget\" data-widget_type=\"heading.default\">\n\t\t\t\t\t<p class=\"elementor-heading-title elementor-size-default\">Buzos de Tailandia<\/p>\t\t\t\t<\/div>\n\t\t\t\t<div class=\"elementor-element elementor-element-10f8ac9d elementor-widget elementor-widget-heading\" data-id=\"10f8ac9d\" data-element_type=\"widget\" data-e-type=\"widget\" data-widget_type=\"heading.default\">\n\t\t\t\t\t<h1 class=\"elementor-heading-title elementor-size-default\">Pol\u00edtica de cookies<\/h1>\t\t\t\t<\/div>\n\t\t\t\t<div class=\"elementor-element elementor-element-610226ee elementor-widget__width-initial elementor-widget elementor-widget-heading\" data-id=\"610226ee\" data-element_type=\"widget\" data-e-type=\"widget\" data-widget_type=\"heading.default\">\n\t\t\t\t\t<p class=\"elementor-heading-title elementor-size-default\">\u00daltima actualizaci\u00f3n: 22 de mayo - 2024\n<br><br>\nEsta Pol\u00edtica de Cookies explica qu\u00e9 son las Cookies y c\u00f3mo las utilizamos. Usted debe leer esta pol\u00edtica para poder entender qu\u00e9 tipo de cookies utilizamos, o la informaci\u00f3n que recopilamos utilizando Cookies y c\u00f3mo se utiliza esa informaci\u00f3n.\n<br><br>\nLas cookies no suelen contener ninguna informaci\u00f3n que identifique personalmente a un usuario, pero la informaci\u00f3n personal que almacenamos sobre Usted puede estar vinculada a la informaci\u00f3n almacenada y obtenida de las cookies. Para m\u00e1s informaci\u00f3n sobre c\u00f3mo utilizamos, almacenamos y mantenemos seguros sus datos personales, consulte nuestra Pol\u00edtica de Privacidad.\n<br><br>\nNo almacenamos informaci\u00f3n personal confidencial, como direcciones de correo, contrase\u00f1as de cuentas, etc.\n<br>\n<br>\nInterpretaci\u00f3n y definiciones\n<br><br>\nLas palabras cuya inicial aparece en may\u00fascula tienen los significados que se definen a continuaci\u00f3n. Las siguientes definiciones tendr\u00e1n el mismo significado independientemente de que aparezcan en singular o en plural.\nA los efectos de la presente Pol\u00edtica de Cookies:\n<br><br>\nEmpresa (denominada \"la Empresa\", \"Nosotros\", \"Nos\" o \"Nuestro\" en esta Pol\u00edtica de Cookies) se refiere a Thailand Divers.<br><br>\nLas cookies son peque\u00f1os archivos que un sitio web coloca en su ordenador, dispositivo m\u00f3vil o cualquier otro dispositivo y que contienen, entre otras cosas, informaci\u00f3n sobre su historial de navegaci\u00f3n en ese sitio web.<br><br>\nSitio web se refiere a Thailand Divers, accesible desde https:\/\/thailand-divers.com\nUsted se refiere a la persona f\u00edsica que accede o utiliza el Sitio Web, o a una empresa, o a cualquier entidad jur\u00eddica en nombre de la cual dicha persona f\u00edsica accede o utiliza el Sitio Web, seg\u00fan corresponda.\n<br>\n<br>\nTipo de cookies que utilizamos\n<br>\nLas cookies pueden ser \"persistentes\" o \"de sesi\u00f3n\". Las Cookies persistentes permanecen en su ordenador personal o dispositivo m\u00f3vil cuando se desconecta, mientras que las Cookies de sesi\u00f3n se eliminan en cuanto cierra su navegador web.\n<br>\nUtilizamos tanto cookies de sesi\u00f3n como persistentes para los fines que se indican a continuaci\u00f3n:\n<br>\nCookies necesarias \/ esenciales Tipo: Cookies de Sesi\u00f3n Administradas por: Nosotros Finalidad: Estas Cookies son esenciales para prestarle los servicios disponibles a trav\u00e9s del Sitio Web y permitirle utilizar algunas de sus funcionalidades. Ayudan a autenticar a los usuarios y a evitar el uso fraudulento de las cuentas de usuario. Sin estas Cookies, los servicios que Usted ha solicitado no pueden ser proporcionados, y s\u00f3lo utilizamos estas Cookies para proporcionarle dichos servicios.\nCookies de Funcionalidad Tipo: Cookies Persistentes Administradas por: Nosotros Finalidad: Estas Cookies nos permiten recordar las elecciones que Usted realiza cuando utiliza el Sitio Web, como recordar sus datos de inicio de sesi\u00f3n o su preferencia de idioma. El objetivo de estas Cookies es proporcionarle una experiencia m\u00e1s personal y evitar que tenga que volver a introducir sus preferencias cada vez que utilice el Sitio Web.\n<br>\nSi prefiere evitar el uso de Cookies en el Sitio Web, primero debe desactivar el uso de Cookies en su navegador y luego eliminar las Cookies guardadas en su navegador asociadas a este sitio web. Puede utilizar esta opci\u00f3n para evitar el uso de Cookies en cualquier momento.\n<br>\nSi no acepta nuestras cookies, es posible que experimente algunos inconvenientes en el uso del sitio web y que algunas funciones no funcionen correctamente.\n<br>\nSi desea eliminar las cookies o indicar a su navegador que las elimine o rechace, visite las p\u00e1ginas de ayuda de su navegador.\n<br><br>\nPara el navegador Chrome, visite esta p\u00e1gina de Google: https:\/\/support.google.com\/accounts\/answer\/32050<br><br>\nPara el navegador Internet Explorer, visite esta p\u00e1gina de Microsoft: http:\/\/support.microsoft.com\/kb\/278835<br><br>\nPara el navegador Firefox, visite esta p\u00e1gina de Mozilla: https:\/\/support.mozilla.org\/en-US\/kb\/delete-cookies-remove-info-websites-stored<br><br>\nPara el navegador Safari, visite esta p\u00e1gina de Apple: https:\/\/support.apple.com\/guide\/safari\/manage-cookies-and-website-data-sfri11471\/mac\n<br><br>\nPara cualquier otro navegador, visite las p\u00e1ginas oficiales de su navegador.\n<br>\nSi tiene alguna pregunta sobre esta Pol\u00edtica de Cookies, puede ponerse en contacto con nosotros.<\/p>\t\t\t\t<\/div>\n\t\t\t\t\t<\/div>\n\t\t\t\t<\/div>\n\t\t\t\t<\/div>","protected":false},"excerpt":{"rendered":"<p>Thailand Divers Cookie Policy Last updated: May 22 &#8211; 2024 This Cookies Policy explains what Cookies are and how We use them. You should read this policy so You can understand what type of cookies We use, or the information We collect using Cookies and how that information is used. Cookies do not typically contain [&hellip;]<\/p>\n","protected":false},"author":1,"featured_media":0,"parent":0,"menu_order":0,"comment_status":"closed","ping_status":"closed","template":"","meta":{"_angie_page":false,"footnotes":""},"hf_cat_page":[],"class_list":["post-6637","page","type-page","status-publish","hentry"],"_links":{"self":[{"href":"https:\/\/thailand-divers.com\/es\/wp-json\/wp\/v2\/pages\/6637","targetHints":{"allow":["GET"]}}],"collection":[{"href":"https:\/\/thailand-divers.com\/es\/wp-json\/wp\/v2\/pages"}],"about":[{"href":"https:\/\/thailand-divers.com\/es\/wp-json\/wp\/v2\/types\/page"}],"author":[{"embeddable":true,"href":"https:\/\/thailand-divers.com\/es\/wp-json\/wp\/v2\/users\/1"}],"replies":[{"embeddable":true,"href":"https:\/\/thailand-divers.com\/es\/wp-json\/wp\/v2\/comments?post=6637"}],"version-history":[{"count":6,"href":"https:\/\/thailand-divers.com\/es\/wp-json\/wp\/v2\/pages\/6637\/revisions"}],"predecessor-version":[{"id":35031,"href":"https:\/\/thailand-divers.com\/es\/wp-json\/wp\/v2\/pages\/6637\/revisions\/35031"}],"wp:attachment":[{"href":"https:\/\/thailand-divers.com\/es\/wp-json\/wp\/v2\/media?parent=6637"}],"wp:term":[{"taxonomy":"hf_cat_page","embeddable":true,"href":"https:\/\/thailand-divers.com\/es\/wp-json\/wp\/v2\/hf_cat_page?post=6637"}],"curies":[{"name":"wp","href":"https:\/\/api.w.org\/{rel}","templated":true}]}}