{"id":4112,"date":"2021-11-18T22:25:56","date_gmt":"2021-11-18T22:25:56","guid":{"rendered":"https:\/\/eppr3oexnu-staging.onrocket.site\/?page_id=4112"},"modified":"2025-07-21T09:54:41","modified_gmt":"2025-07-21T08:54:41","slug":"privacy-policy","status":"publish","type":"page","link":"https:\/\/thailand-divers.com\/es\/politica-de-privacidad\/","title":{"rendered":"Pol\u00edtica de privacidad"},"content":{"rendered":"<div data-elementor-type=\"wp-page\" data-elementor-id=\"4112\" class=\"elementor elementor-4112\" data-elementor-post-type=\"page\">\n\t\t\t\t<div class=\"elementor-element elementor-element-7862f5d e-flex e-con-boxed e-con e-parent\" data-id=\"7862f5d\" data-element_type=\"container\" data-e-type=\"container\">\n\t\t\t\t\t<div class=\"e-con-inner\">\n\t\t\t\t<div class=\"elementor-element elementor-element-202b2d3c elementor-widget elementor-widget-heading\" data-id=\"202b2d3c\" data-element_type=\"widget\" data-e-type=\"widget\" data-widget_type=\"heading.default\">\n\t\t\t\t\t<p class=\"elementor-heading-title elementor-size-default\">Tailandia<\/p>\t\t\t\t<\/div>\n\t\t\t\t<div class=\"elementor-element elementor-element-36800853 elementor-widget elementor-widget-heading\" data-id=\"36800853\" data-element_type=\"widget\" data-e-type=\"widget\" data-widget_type=\"heading.default\">\n\t\t\t\t\t<h1 class=\"elementor-heading-title elementor-size-default\">Pol\u00edtica de privacidad<\/h1>\t\t\t\t<\/div>\n\t\t\t\t<div class=\"elementor-element elementor-element-3a77d0b8 elementor-widget__width-initial elementor-widget elementor-widget-heading\" data-id=\"3a77d0b8\" data-element_type=\"widget\" data-e-type=\"widget\" data-widget_type=\"heading.default\">\n\t\t\t\t\t<p class=\"elementor-heading-title elementor-size-default\">Qui\u00e9nes somos.\n<br>\nLa direcci\u00f3n de nuestro sitio web es thailand-divers.com\n<br><br>\nComentarios\n<br>\nCuando los visitantes dejan comentarios en el sitio, recogemos los datos que aparecen en el formulario de comentarios, as\u00ed como la direcci\u00f3n IP del visitante y la cadena de agentes de usuario del navegador para ayudar a la detecci\u00f3n de spam.\n<br>\nUna cadena an\u00f3nima creada a partir de su direcci\u00f3n de correo electr\u00f3nico (tambi\u00e9n llamada hash) puede ser proporcionada al servicio Gravatar para ver si lo est\u00e1 utilizando. La pol\u00edtica de privacidad del servicio Gravatar est\u00e1 disponible aqu\u00ed: https:\/\/automattic.com\/privacy\/. Tras la aprobaci\u00f3n de su comentario, su foto de perfil es visible para el p\u00fablico en el contexto de su comentario.\n<br><br>\nMedios de comunicaci\u00f3n\n<br>\nSi subes im\u00e1genes al sitio web, debes evitar subirlas con datos de localizaci\u00f3n incrustados (EXIF GPS). Los visitantes del sitio web pueden descargar y extraer cualquier dato de localizaci\u00f3n de las im\u00e1genes del sitio web.\n<br><br>\nGalletas\n<br>\nSi deja un comentario en nuestro sitio, puede optar por guardar su nombre, direcci\u00f3n de correo electr\u00f3nico y sitio web en las cookies. Esto es para su comodidad, para que no tenga que volver a rellenar sus datos cuando deje otro comentario. Estas cookies tienen una duraci\u00f3n de un a\u00f1o.\n<br><br>\nSi visita nuestra p\u00e1gina de inicio de sesi\u00f3n, estableceremos una cookie temporal para determinar si su navegador acepta cookies. Esta cookie no contiene datos personales y se descarta cuando usted cierra su navegador.\n<br><br>\nCuando inicie sesi\u00f3n, tambi\u00e9n instalaremos varias cookies para guardar su informaci\u00f3n de inicio de sesi\u00f3n y sus opciones de visualizaci\u00f3n en pantalla. Las cookies de inicio de sesi\u00f3n duran dos d\u00edas, y las de opciones de pantalla, un a\u00f1o. Si selecciona \"Recordarme\", sus datos de acceso permanecer\u00e1n durante dos semanas. Si sale de su cuenta, se eliminar\u00e1n las cookies de inicio de sesi\u00f3n.\n<br><br>\nSi edita o publica un art\u00edculo, se guardar\u00e1 una cookie adicional en su navegador. Esta cookie no incluye datos personales y simplemente indica el ID del art\u00edculo que acaba de editar. Caduca al cabo de 1 d\u00eda.\n<br><br>\nContenido incrustado de otros sitios web\n<br>\nLos art\u00edculos de este sitio pueden incluir contenido incrustado (por ejemplo, v\u00eddeos, im\u00e1genes, art\u00edculos, etc.). El contenido incrustado de otros sitios web se comporta exactamente igual que si el visitante hubiera visitado el otro sitio web.\n<br><br>\nEstos sitios web pueden recopilar datos sobre usted, utilizar cookies, incrustar un seguimiento adicional de terceros y supervisar su interacci\u00f3n con ese contenido incrustado, incluido el seguimiento de su interacci\u00f3n con el contenido incrustado si tiene una cuenta y ha iniciado sesi\u00f3n en ese sitio web.\n<br><br>\nCon qui\u00e9n compartimos sus datos\n<br>\nSi solicita un restablecimiento de la contrase\u00f1a, su direcci\u00f3n IP se incluir\u00e1 en el correo electr\u00f3nico de restablecimiento.\n<br><br>\nCu\u00e1nto tiempo conservamos sus datos\n<br>\nSi deja un comentario, el comentario y sus metadatos se conservan indefinidamente. De este modo, podemos reconocer y aprobar cualquier comentario posterior de forma autom\u00e1tica en lugar de retenerlo en una cola de moderaci\u00f3n.\n<br><br>\nEn el caso de los usuarios que se registran en nuestro sitio web (si los hay), tambi\u00e9n almacenamos la informaci\u00f3n personal que proporcionan en su perfil de usuario. Todos los usuarios pueden ver, editar o eliminar su informaci\u00f3n personal en cualquier momento (excepto que no pueden cambiar su nombre de usuario). Los administradores del sitio web tambi\u00e9n pueden ver y editar esa informaci\u00f3n.\n<br><br>\nQu\u00e9 derechos tiene usted sobre sus datos\n<br>\nSi tiene una cuenta en este sitio, o ha dejado comentarios, puede solicitar que le enviemos un archivo exportado de los datos personales que tenemos sobre usted, incluidos los que nos haya proporcionado. Tambi\u00e9n puede solicitar que borremos cualquier dato personal que tengamos sobre usted. Esto no incluye los datos que estamos obligados a conservar por motivos administrativos, legales o de seguridad.\n<br><br>\nD\u00f3nde enviamos sus datos\n<br>\nLos comentarios de los visitantes pueden ser revisados a trav\u00e9s de un servicio autom\u00e1tico de detecci\u00f3n de spam.<\/p>\t\t\t\t<\/div>\n\t\t\t\t<div class=\"elementor-element elementor-element-5040083 elementor-widget elementor-widget-heading\" data-id=\"5040083\" data-element_type=\"widget\" data-e-type=\"widget\" data-widget_type=\"heading.default\">\n\t\t\t\t\t<h1 class=\"elementor-heading-title elementor-size-default\">Pol\u00edtica de devoluciones<\/h1>\t\t\t\t<\/div>\n\t\t\t\t<div class=\"elementor-element elementor-element-c221355 elementor-widget elementor-widget-text-editor\" data-id=\"c221355\" data-element_type=\"widget\" data-e-type=\"widget\" data-widget_type=\"text-editor.default\">\n\t\t\t\t\t\t\t\t\t<div class=\"edit-section _ngcontent-jwp-37\"><div class=\"edit-section-content _ngcontent-jwp-37\"><div class=\"signal-content _ngcontent-jwp-37\"><div class=\"signal-title-row _ngcontent-jwp-37\"><span style=\"text-decoration: underline;\"><strong>Devuelve<\/strong><\/span><\/div><div class=\"signal-value-row _ngcontent-jwp-37\"><div class=\"signal-value-text _ngcontent-jwp-37\">Aceptar devoluciones tanto de productos defectuosos como no defectuosos<\/div><\/div><\/div><div class=\"signal-content _ngcontent-jwp-37\"><div class=\"signal-title-row _ngcontent-jwp-37\">Intercambios = Aceptar intercambio<\/div><\/div><p><br \/><span style=\"text-decoration: underline;\"><strong>Estado del producto y escaparate<\/strong><\/span><br \/>Estado del producto = Nuevo y ligeramente usado<br \/>Ventana= de por vida<\/p><\/div><\/div><div class=\"edit-section _ngcontent-jwp-37\"><div class=\"edit-section-title _ngcontent-jwp-37\"><strong><span style=\"text-decoration: underline;\">M\u00e9todo y tasas<\/span><\/strong><\/div><div class=\"edit-section-content _ngcontent-jwp-37\"><div class=\"signal-content _ngcontent-jwp-37\"><div class=\"signal-title-row _ngcontent-jwp-37\">M\u00e9todo= En tienda<\/div><\/div><div class=\"signal-content _ngcontent-jwp-37\"><div class=\"signal-title-row _ngcontent-jwp-37\">Gastos de reposici\u00f3n = Sin gastos<\/div><\/div><div class=\"signal-content _ngcontent-jwp-37\"><div class=\"signal-title-row _ngcontent-jwp-37\">Tiempo de tramitaci\u00f3n de la devoluci\u00f3n= 1 d\u00eda<\/div><\/div><\/div><\/div>\t\t\t\t\t\t\t\t<\/div>\n\t\t\t\t\t<\/div>\n\t\t\t\t<\/div>\n\t\t\t\t<\/div>","protected":false},"excerpt":{"rendered":"<p>Thailand divers Privacy Policy Who we are. Our website address is thailand-divers.com Comments When visitors leave comments on the site we collect the data shown in the comments form, and also the visitor\u2019s IP address and browser user agent string to help spam detection. An anonymised string created from your email address (also called a [&hellip;]<\/p>\n","protected":false},"author":1,"featured_media":0,"parent":0,"menu_order":0,"comment_status":"closed","ping_status":"closed","template":"","meta":{"_angie_page":false,"footnotes":""},"hf_cat_page":[],"class_list":["post-4112","page","type-page","status-publish","hentry"],"_links":{"self":[{"href":"https:\/\/thailand-divers.com\/es\/wp-json\/wp\/v2\/pages\/4112","targetHints":{"allow":["GET"]}}],"collection":[{"href":"https:\/\/thailand-divers.com\/es\/wp-json\/wp\/v2\/pages"}],"about":[{"href":"https:\/\/thailand-divers.com\/es\/wp-json\/wp\/v2\/types\/page"}],"author":[{"embeddable":true,"href":"https:\/\/thailand-divers.com\/es\/wp-json\/wp\/v2\/users\/1"}],"replies":[{"embeddable":true,"href":"https:\/\/thailand-divers.com\/es\/wp-json\/wp\/v2\/comments?post=4112"}],"version-history":[{"count":12,"href":"https:\/\/thailand-divers.com\/es\/wp-json\/wp\/v2\/pages\/4112\/revisions"}],"predecessor-version":[{"id":35402,"href":"https:\/\/thailand-divers.com\/es\/wp-json\/wp\/v2\/pages\/4112\/revisions\/35402"}],"wp:attachment":[{"href":"https:\/\/thailand-divers.com\/es\/wp-json\/wp\/v2\/media?parent=4112"}],"wp:term":[{"taxonomy":"hf_cat_page","embeddable":true,"href":"https:\/\/thailand-divers.com\/es\/wp-json\/wp\/v2\/hf_cat_page?post=4112"}],"curies":[{"name":"wp","href":"https:\/\/api.w.org\/{rel}","templated":true}]}}