{"id":35591,"date":"2025-09-03T15:03:14","date_gmt":"2025-09-03T14:03:14","guid":{"rendered":"https:\/\/thailand-divers.com\/?page_id=35591"},"modified":"2025-11-21T11:43:26","modified_gmt":"2025-11-21T11:43:26","slug":"padi-medical-forms","status":"publish","type":"page","link":"https:\/\/thailand-divers.com\/es\/formularios-medicos-padi\/","title":{"rendered":"Formularios m\u00e9dicos PADI"},"content":{"rendered":"<div data-elementor-type=\"wp-page\" data-elementor-id=\"35591\" class=\"elementor elementor-35591\" data-elementor-post-type=\"page\">\n\t\t\t\t<div class=\"elementor-element elementor-element-69fbaf0f e-flex e-con-boxed e-con e-parent\" data-id=\"69fbaf0f\" data-element_type=\"container\" data-e-type=\"container\" data-settings=\"{&quot;background_background&quot;:&quot;classic&quot;}\">\n\t\t\t\t\t<div class=\"e-con-inner\">\n\t\t<div class=\"elementor-element elementor-element-1547ee13 e-con-full e-flex e-con e-child\" data-id=\"1547ee13\" data-element_type=\"container\" data-e-type=\"container\">\n\t\t\t\t<div class=\"elementor-element elementor-element-23038d90 elementor-widget__width-initial elementor-widget elementor-widget-heading\" data-id=\"23038d90\" data-element_type=\"widget\" data-e-type=\"widget\" data-widget_type=\"heading.default\">\n\t\t\t\t\t<h2 class=\"elementor-heading-title elementor-size-default\">Declaraci\u00f3n m\u00e9dica<\/h2>\t\t\t\t<\/div>\n\t\t\t\t<div class=\"elementor-element elementor-element-26a4249d elementor-widget__width-initial elementor-widget elementor-widget-heading\" data-id=\"26a4249d\" data-element_type=\"widget\" data-e-type=\"widget\" data-widget_type=\"heading.default\">\n\t\t\t\t\t<h2 class=\"elementor-heading-title elementor-size-default\">\u00bfEst\u00e1 en condiciones de bucear?<\/h2>\t\t\t\t<\/div>\n\t\t\t\t<div class=\"elementor-element elementor-element-7e9665ca elementor-widget elementor-widget-accordion\" data-id=\"7e9665ca\" data-element_type=\"widget\" data-e-type=\"widget\" data-widget_type=\"accordion.default\">\n\t\t\t\t\t\t\t<div class=\"elementor-accordion\">\n\t\t\t\t\t\t\t<div class=\"elementor-accordion-item\">\n\t\t\t\t\t<div id=\"elementor-tab-title-2121\" class=\"elementor-tab-title\" data-tab=\"1\" role=\"button\" aria-controls=\"elementor-tab-content-2121\" aria-expanded=\"false\">\n\t\t\t\t\t\t\t\t\t\t\t\t\t<span class=\"elementor-accordion-icon elementor-accordion-icon-right\" aria-hidden=\"true\">\n\t\t\t\t\t\t\t\t\t\t\t\t\t\t\t<span class=\"elementor-accordion-icon-closed\"><svg xmlns=\"http:\/\/www.w3.org\/2000\/svg\" width=\"37.5\" viewbox=\"0 0 37.5 37.5\" height=\"37.5\"><defs><clippath id=\"a\"><path d=\"M 0 14 L 37.007812 14 L 37.007812 24 L 0 24 Z M 0 14\"><\/path><\/clippath><clippath id=\"b\"><path d=\"M 14 0 L 23 0 L 23 37.007812 L 14 37.007812 Z M 14 0\"><\/path><\/clippath><\/defs><g clip-path=\"url(#a)\"><path stroke-linecap=\"round\" transform=\"matrix(.75 .00197 -.00197 .75 0 18.75)\" fill=\"none\" d=\"M 0.499998 -0.00131013 L 49.500178 0.000254553\" stroke=\"#000\"><\/path><\/g><g clip-path=\"url(#b)\"><path stroke-linecap=\"round\" transform=\"matrix(-.00633 -.75044 .74997 -.00632 18.69 37.498)\" fill=\"none\" d=\"M 0.497536 0.000809227 L 49.473891 -0.00259276\" stroke=\"#000\"><\/path><\/g><\/svg><\/span>\n\t\t\t\t\t\t\t\t<span class=\"elementor-accordion-icon-opened\"><svg xmlns=\"http:\/\/www.w3.org\/2000\/svg\" width=\"37.5\" viewbox=\"0 0 37.5 37.5\" height=\"37.5\"><defs><clippath id=\"a\"><path d=\"M 0 14 L 37.007812 14 L 37.007812 24 L 0 24 Z M 0 14\"><\/path><\/clippath><\/defs><g clip-path=\"url(#a)\"><path stroke-linecap=\"round\" transform=\"matrix(.75 .00197 -.00197 .75 0 18.75)\" fill=\"none\" d=\"M 0.499998 -0.00131013 L 49.500178 0.000254553\" stroke=\"#000\"><\/path><\/g><\/svg><\/span>\n\t\t\t\t\t\t\t\t\t\t\t\t\t\t<\/span>\n\t\t\t\t\t\t\t\t\t\t\t\t<a class=\"elementor-accordion-title\" tabindex=\"0\">Cuestionario m\u00e9dico Descargas<\/a>\n\t\t\t\t\t<\/div>\n\t\t\t\t\t<div id=\"elementor-tab-content-2121\" class=\"elementor-tab-content elementor-clearfix\" data-tab=\"1\" role=\"region\" aria-labelledby=\"elementor-tab-title-2121\"><p><strong>Haga clic en su idioma para descargar el formulario m\u00e9dico en PDF.<\/strong><\/p><p><a href=\"https:\/\/drive.google.com\/file\/d\/1Tn-N47s-YWpZ2zbywnVt3KYiIEwXnlww\/view?usp=drive_link\" target=\"_blank\" rel=\"noopener\">\u00c1rabe<\/a> - <a href=\"https:\/\/drive.google.com\/file\/d\/1nG0-zGCgv2Zvz5bjg6bvZOjAH_37Ni7i\/view?usp=drive_link\" target=\"_blank\" rel=\"noopener\">Chino<\/a> - <a href=\"https:\/\/drive.google.com\/file\/d\/1NUIaGNRNIRE6H_WUoZXxFVkFiAs6iUp2\/view?usp=drive_link\" target=\"_blank\" rel=\"noopener\">Dan\u00e9s<\/a> - <a href=\"https:\/\/drive.google.com\/file\/d\/1RD6BlmCxSHcjQ9YTKyJHgZfC14_bjo4P\/view?usp=drive_link\" target=\"_blank\" rel=\"noopener\">Holand\u00e9s<\/a> - <a href=\"https:\/\/drive.google.com\/file\/d\/10tJMphSbwaUx-kYgWxBBi4uop9hh9-hY\/view?usp=drive_link\" target=\"_blank\" rel=\"noopener\">Ingl\u00e9s<\/a> - <a href=\"https:\/\/drive.google.com\/file\/d\/12kgN425L1K4HGa-J_HEHuTdnV4qZeHQW\/view?usp=drive_link\" target=\"_blank\" rel=\"noopener\">Estonia<\/a> - <a href=\"https:\/\/drive.google.com\/file\/d\/1ugE520DUArGvQfI2MvfZcYLLDvO5FUC2\/view?usp=drive_link\" target=\"_blank\" rel=\"noopener\">En fin\u00e9s<\/a> - <a href=\"https:\/\/drive.google.com\/file\/d\/1x7i8COwwT3KO4-DXzg7x5RnbSB1qgTgK\/view?usp=drive_link\" target=\"_blank\" rel=\"noopener\">Franc\u00e9s<\/a> - <a href=\"https:\/\/drive.google.com\/file\/d\/1g0LCBmGM5X6-8YJkXaYq8dW0lpbE2kyB\/view?usp=drive_link\" target=\"_blank\" rel=\"noopener\">Alem\u00e1n<\/a> - <a href=\"https:\/\/drive.google.com\/file\/d\/1YKrNYShatbHORGUW6VR4cqYFTdsNS6Hk\/view?usp=drive_link\" target=\"_blank\" rel=\"noopener\">Griego<\/a> - <a href=\"https:\/\/drive.google.com\/file\/d\/1hdtPGX1VrLfjIb9rJ8JX8AvrPfauRHoJ\/view?usp=drive_link\" target=\"_blank\" rel=\"noopener\">Italiano<\/a> - <a href=\"https:\/\/drive.google.com\/file\/d\/1DZ_xJAeujXmGA7sWbpTU4k_zRt83eNkM\/view?usp=drive_link\" target=\"_blank\" rel=\"noopener\">Japon\u00e9s<\/a> - <a href=\"https:\/\/drive.google.com\/file\/d\/1GMLxDGlIZP3cJBp9U_iECwVe-7UFNMmC\/view?usp=drive_link\" target=\"_blank\" rel=\"noopener\">Coreano<\/a> - <a href=\"https:\/\/drive.google.com\/file\/d\/1ybQ1SD76CMZL1ucoijXt_9WY6ybD6WQo\/view?usp=drive_link\" target=\"_blank\" rel=\"noopener\">Noruega<\/a> - <a href=\"https:\/\/drive.google.com\/file\/d\/1UwRmDMXnlBz5oUX5ol6pgwVQdtpb5Nm6\/view?usp=drive_link\" target=\"_blank\" rel=\"noopener\">Polaco<\/a> - <a href=\"https:\/\/drive.google.com\/file\/d\/1UFOb6GQKEE7kl9_lN4s3adOj61N2Uy6F\/view?usp=drive_link\" target=\"_blank\" rel=\"noopener\">Portugu\u00e9s<\/a> - <a href=\"https:\/\/drive.google.com\/file\/d\/1UhLgpdaKtcNKozxF-AfF8pfmXyyRsX49\/view?usp=drive_link\" target=\"_blank\" rel=\"noopener\">Ruso<\/a> &#8211;\u00a0 <a href=\"https:\/\/drive.google.com\/file\/d\/1pXDzp4LwA-5e_QxHwZjnqQy7EtyKK2SA\/view?usp=drive_link\" target=\"_blank\" rel=\"noopener\">Espa\u00f1ol<\/a> - <a href=\"https:\/\/drive.google.com\/file\/d\/1QC-uzFDOD6JP4vZZ_HYtqdmTKNjxJONk\/view?usp=drive_link\" target=\"_blank\" rel=\"noopener\">Sueco<\/a> - <a href=\"https:\/\/drive.google.com\/file\/d\/1Fjdpb8JCoSq873ykVps3FYKcgkgeNU2K\/view?usp=drive_link\" target=\"_blank\" rel=\"noopener\">Tailand\u00e9s<\/a> - <a href=\"https:\/\/drive.google.com\/file\/d\/1TRIfycmSU30tNAzbHBzSACu-iNmeym1d\/view?usp=drive_link\" target=\"_blank\" rel=\"noopener\">Turco<\/a><\/p><p><strong>Si responde \"S\u00ed<\/strong>\u00a0a cualquier pregunta(s), requerimos que el Formulario M\u00e9dico PADI sea completado y firmado por su m\u00e9dico para que pueda inscribirse en un curso de buceo PADI.<\/p><\/div>\n\t\t\t\t<\/div>\n\t\t\t\t\t\t\t<div class=\"elementor-accordion-item\">\n\t\t\t\t\t<div id=\"elementor-tab-title-2122\" class=\"elementor-tab-title\" data-tab=\"2\" role=\"button\" aria-controls=\"elementor-tab-content-2122\" aria-expanded=\"false\">\n\t\t\t\t\t\t\t\t\t\t\t\t\t<span class=\"elementor-accordion-icon elementor-accordion-icon-right\" aria-hidden=\"true\">\n\t\t\t\t\t\t\t\t\t\t\t\t\t\t\t<span class=\"elementor-accordion-icon-closed\"><svg xmlns=\"http:\/\/www.w3.org\/2000\/svg\" width=\"37.5\" viewbox=\"0 0 37.5 37.5\" height=\"37.5\"><defs><clippath id=\"a\"><path d=\"M 0 14 L 37.007812 14 L 37.007812 24 L 0 24 Z M 0 14\"><\/path><\/clippath><clippath id=\"b\"><path d=\"M 14 0 L 23 0 L 23 37.007812 L 14 37.007812 Z M 14 0\"><\/path><\/clippath><\/defs><g clip-path=\"url(#a)\"><path stroke-linecap=\"round\" transform=\"matrix(.75 .00197 -.00197 .75 0 18.75)\" fill=\"none\" d=\"M 0.499998 -0.00131013 L 49.500178 0.000254553\" stroke=\"#000\"><\/path><\/g><g clip-path=\"url(#b)\"><path stroke-linecap=\"round\" transform=\"matrix(-.00633 -.75044 .74997 -.00632 18.69 37.498)\" fill=\"none\" d=\"M 0.497536 0.000809227 L 49.473891 -0.00259276\" stroke=\"#000\"><\/path><\/g><\/svg><\/span>\n\t\t\t\t\t\t\t\t<span class=\"elementor-accordion-icon-opened\"><svg xmlns=\"http:\/\/www.w3.org\/2000\/svg\" width=\"37.5\" viewbox=\"0 0 37.5 37.5\" height=\"37.5\"><defs><clippath id=\"a\"><path d=\"M 0 14 L 37.007812 14 L 37.007812 24 L 0 24 Z M 0 14\"><\/path><\/clippath><\/defs><g clip-path=\"url(#a)\"><path stroke-linecap=\"round\" transform=\"matrix(.75 .00197 -.00197 .75 0 18.75)\" fill=\"none\" d=\"M 0.499998 -0.00131013 L 49.500178 0.000254553\" stroke=\"#000\"><\/path><\/g><\/svg><\/span>\n\t\t\t\t\t\t\t\t\t\t\t\t\t\t<\/span>\n\t\t\t\t\t\t\t\t\t\t\t\t<a class=\"elementor-accordion-title\" tabindex=\"0\">Cuestionario m\u00e9dico para nuevos buceadores<\/a>\n\t\t\t\t\t<\/div>\n\t\t\t\t\t<div id=\"elementor-tab-content-2122\" class=\"elementor-tab-content elementor-clearfix\" data-tab=\"2\" role=\"region\" aria-labelledby=\"elementor-tab-title-2122\"><p data-start=\"107\" data-end=\"453\"><strong data-start=\"107\" data-end=\"218\">Antes de comenzar cualquier curso de buceo, todos los participantes deben rellenar un cuestionario m\u00e9dico.<\/strong> Este formulario est\u00e1 dise\u00f1ado para identificar cualquier problema de salud que pueda afectar a su seguridad mientras bucea. Incluye preguntas sobre problemas comunes, como afecciones pulmonares, problemas de o\u00eddo o sinusitis, hipertensi\u00f3n, problemas card\u00edacos, etc.<\/p><p data-start=\"455\" data-end=\"766\"><strong data-start=\"455\" data-end=\"564\">Todos los estudiantes deben rellenar el formulario m\u00e9dico oficial PADI antes de inscribirse en un curso de buceo PADI.<\/strong> Si puede responder \"No\" a todas las preguntas, no necesitar\u00e1 autorizaci\u00f3n m\u00e9dica para comenzar su formaci\u00f3n. Sin embargo, si contestas \"S\u00ed\" a alguna de las preguntas, necesitar\u00e1s la aprobaci\u00f3n de un m\u00e9dico antes de participar.<\/p><p data-start=\"768\" data-end=\"881\">Puede descargar e imprimir el cuestionario m\u00e9dico correspondiente en su idioma utilizando los enlaces que se facilitan a continuaci\u00f3n.<\/p><\/div>\n\t\t\t\t<\/div>\n\t\t\t\t\t\t\t<div class=\"elementor-accordion-item\">\n\t\t\t\t\t<div id=\"elementor-tab-title-2123\" class=\"elementor-tab-title\" data-tab=\"3\" role=\"button\" aria-controls=\"elementor-tab-content-2123\" aria-expanded=\"false\">\n\t\t\t\t\t\t\t\t\t\t\t\t\t<span class=\"elementor-accordion-icon elementor-accordion-icon-right\" aria-hidden=\"true\">\n\t\t\t\t\t\t\t\t\t\t\t\t\t\t\t<span class=\"elementor-accordion-icon-closed\"><svg xmlns=\"http:\/\/www.w3.org\/2000\/svg\" width=\"37.5\" viewbox=\"0 0 37.5 37.5\" height=\"37.5\"><defs><clippath id=\"a\"><path d=\"M 0 14 L 37.007812 14 L 37.007812 24 L 0 24 Z M 0 14\"><\/path><\/clippath><clippath id=\"b\"><path d=\"M 14 0 L 23 0 L 23 37.007812 L 14 37.007812 Z M 14 0\"><\/path><\/clippath><\/defs><g clip-path=\"url(#a)\"><path stroke-linecap=\"round\" transform=\"matrix(.75 .00197 -.00197 .75 0 18.75)\" fill=\"none\" d=\"M 0.499998 -0.00131013 L 49.500178 0.000254553\" stroke=\"#000\"><\/path><\/g><g clip-path=\"url(#b)\"><path stroke-linecap=\"round\" transform=\"matrix(-.00633 -.75044 .74997 -.00632 18.69 37.498)\" fill=\"none\" d=\"M 0.497536 0.000809227 L 49.473891 -0.00259276\" stroke=\"#000\"><\/path><\/g><\/svg><\/span>\n\t\t\t\t\t\t\t\t<span class=\"elementor-accordion-icon-opened\"><svg xmlns=\"http:\/\/www.w3.org\/2000\/svg\" width=\"37.5\" viewbox=\"0 0 37.5 37.5\" height=\"37.5\"><defs><clippath id=\"a\"><path d=\"M 0 14 L 37.007812 14 L 37.007812 24 L 0 24 Z M 0 14\"><\/path><\/clippath><\/defs><g clip-path=\"url(#a)\"><path stroke-linecap=\"round\" transform=\"matrix(.75 .00197 -.00197 .75 0 18.75)\" fill=\"none\" d=\"M 0.499998 -0.00131013 L 49.500178 0.000254553\" stroke=\"#000\"><\/path><\/g><\/svg><\/span>\n\t\t\t\t\t\t\t\t\t\t\t\t\t\t<\/span>\n\t\t\t\t\t\t\t\t\t\t\t\t<a class=\"elementor-accordion-title\" tabindex=\"0\">Informaci\u00f3n para buceadores cualificados<\/a>\n\t\t\t\t\t<\/div>\n\t\t\t\t\t<div id=\"elementor-tab-content-2123\" class=\"elementor-tab-content elementor-clearfix\" data-tab=\"3\" role=\"region\" aria-labelledby=\"elementor-tab-title-2123\"><p data-start=\"197\" data-end=\"462\"><strong>Como buceador certificado<\/strong>es su responsabilidad personal asegurarse de que est\u00e1 en condiciones m\u00e9dicas de bucear. Si ha experimentado alg\u00fan cambio o afecci\u00f3n de salud desde su certificaci\u00f3n inicial, es importante que revise su aptitud actual para bucear.<\/p><p data-start=\"464\" data-end=\"584\">Puede descargar e imprimir el cuestionario m\u00e9dico correspondiente en su idioma utilizando los enlaces que se facilitan a continuaci\u00f3n.<\/p><\/div>\n\t\t\t\t<\/div>\n\t\t\t\t\t\t\t\t<\/div>\n\t\t\t\t\t\t<\/div>\n\t\t\t\t<\/div>\n\t\t<div class=\"elementor-element elementor-element-24cdd693 e-flex e-con-boxed e-con e-child\" data-id=\"24cdd693\" data-element_type=\"container\" data-e-type=\"container\">\n\t\t\t\t\t<div class=\"e-con-inner\">\n\t\t\t\t<div class=\"elementor-element elementor-element-7073172c elementor-widget elementor-widget-image\" data-id=\"7073172c\" data-element_type=\"widget\" data-e-type=\"widget\" data-widget_type=\"image.default\">\n\t\t\t\t\t\t\t\t\t\t\t\t\t\t\t<img decoding=\"async\" width=\"1200\" height=\"900\" src=\"https:\/\/thailand-divers.com\/wp-content\/uploads\/Discover-scuba-diving-location-Racha-Islands-Phuket.webp\" class=\"attachment-full size-full wp-image-32509\" alt=\"Una vista a\u00e9rea de las tropicales islas Racha, rodeadas de aguas claras y turquesas, destino de una experiencia de submarinismo para principiantes desde Phuket.\" srcset=\"https:\/\/thailand-divers.com\/wp-content\/uploads\/Discover-scuba-diving-location-Racha-Islands-Phuket.webp 1200w, https:\/\/thailand-divers.com\/wp-content\/uploads\/Discover-scuba-diving-location-Racha-Islands-Phuket-768x576.webp 768w, https:\/\/thailand-divers.com\/wp-content\/uploads\/Discover-scuba-diving-location-Racha-Islands-Phuket-16x12.webp 16w\" sizes=\"(max-width: 1200px) 100vw, 1200px\" \/>\t\t\t\t\t\t\t\t\t\t\t\t\t\t\t<\/div>\n\t\t\t\t\t<\/div>\n\t\t\t\t<\/div>\n\t\t\t\t\t<\/div>\n\t\t\t\t<\/div>\n\t\t\t\t<\/div>","protected":false},"excerpt":{"rendered":"<p>Medical Statement Are You Fit To Dive? Medical Questionnaire Downloads Click on your language to download the Medical Form PDF. Arabic \u2013 Chinese \u2013 Danish \u2013 Dutch \u2013 English \u2013 Estonian \u2013 Finnish \u2013 French \u2013 German \u2013 Greek \u2013 Italian \u2013 Japanese \u2013 Korean \u2013 Norwegian \u2013 Polish \u2013 Portuguese \u2013 Russian &#8211;\u00a0 Spanish [&hellip;]<\/p>\n","protected":false},"author":1,"featured_media":0,"parent":0,"menu_order":0,"comment_status":"closed","ping_status":"closed","template":"","meta":{"_angie_page":false,"footnotes":""},"hf_cat_page":[],"class_list":["post-35591","page","type-page","status-publish","hentry"],"_links":{"self":[{"href":"https:\/\/thailand-divers.com\/es\/wp-json\/wp\/v2\/pages\/35591","targetHints":{"allow":["GET"]}}],"collection":[{"href":"https:\/\/thailand-divers.com\/es\/wp-json\/wp\/v2\/pages"}],"about":[{"href":"https:\/\/thailand-divers.com\/es\/wp-json\/wp\/v2\/types\/page"}],"author":[{"embeddable":true,"href":"https:\/\/thailand-divers.com\/es\/wp-json\/wp\/v2\/users\/1"}],"replies":[{"embeddable":true,"href":"https:\/\/thailand-divers.com\/es\/wp-json\/wp\/v2\/comments?post=35591"}],"version-history":[{"count":38,"href":"https:\/\/thailand-divers.com\/es\/wp-json\/wp\/v2\/pages\/35591\/revisions"}],"predecessor-version":[{"id":36915,"href":"https:\/\/thailand-divers.com\/es\/wp-json\/wp\/v2\/pages\/35591\/revisions\/36915"}],"wp:attachment":[{"href":"https:\/\/thailand-divers.com\/es\/wp-json\/wp\/v2\/media?parent=35591"}],"wp:term":[{"taxonomy":"hf_cat_page","embeddable":true,"href":"https:\/\/thailand-divers.com\/es\/wp-json\/wp\/v2\/hf_cat_page?post=35591"}],"curies":[{"name":"wp","href":"https:\/\/api.w.org\/{rel}","templated":true}]}}