{"id":35459,"date":"2025-09-09T20:26:18","date_gmt":"2025-09-09T19:26:18","guid":{"rendered":"https:\/\/thailand-divers.com\/?page_id=35459"},"modified":"2026-04-13T13:16:39","modified_gmt":"2026-04-13T12:16:39","slug":"about-us","status":"publish","type":"page","link":"https:\/\/thailand-divers.com\/es\/acerca-de-nosotros\/","title":{"rendered":"Qui\u00e9nes somos"},"content":{"rendered":"<div data-elementor-type=\"wp-page\" data-elementor-id=\"35459\" class=\"elementor elementor-35459\" data-elementor-post-type=\"page\">\n\t\t\t\t<div class=\"elementor-element elementor-element-4e42e861 e-flex e-con-boxed e-con e-parent\" data-id=\"4e42e861\" data-element_type=\"container\" data-e-type=\"container\">\n\t\t\t\t\t<div class=\"e-con-inner\">\n\t\t<div class=\"elementor-element elementor-element-77bcd85d e-con-full elementor-hidden-mobile e-flex e-con e-child\" data-id=\"77bcd85d\" data-element_type=\"container\" data-e-type=\"container\" data-settings=\"{&quot;background_background&quot;:&quot;classic&quot;}\">\n\t\t\t\t<\/div>\n\t\t<div class=\"elementor-element elementor-element-1d88880a elementor-hidden-desktop elementor-hidden-tablet e-flex e-con-boxed e-con e-child\" data-id=\"1d88880a\" data-element_type=\"container\" data-e-type=\"container\" data-settings=\"{&quot;background_background&quot;:&quot;classic&quot;}\">\n\t\t\t\t\t<div class=\"e-con-inner\">\n\t\t\t\t<div class=\"elementor-element elementor-element-106ae20f elementor-widget elementor-widget-image\" data-id=\"106ae20f\" data-element_type=\"widget\" data-e-type=\"widget\" data-widget_type=\"image.default\">\n\t\t\t\t\t\t\t\t\t\t\t\t\t\t\t<img decoding=\"async\" width=\"450\" height=\"600\" src=\"https:\/\/thailand-divers.com\/wp-content\/uploads\/Thailand-Divers-Rawai-Beach-Phuket-Thailand.webp\" class=\"attachment-large size-large wp-image-36236\" alt=\"Vista a\u00e9rea de un centro de buceo PADI de 5 estrellas en Phuket, Tailandia, con una piscina de entrenamiento, alumnos de buceo y una zona de estar al aire libre rodeada de vegetaci\u00f3n tropical.\" srcset=\"https:\/\/thailand-divers.com\/wp-content\/uploads\/Thailand-Divers-Rawai-Beach-Phuket-Thailand.webp 450w, https:\/\/thailand-divers.com\/wp-content\/uploads\/Thailand-Divers-Rawai-Beach-Phuket-Thailand-9x12.webp 9w\" sizes=\"(max-width: 450px) 100vw, 450px\" \/>\t\t\t\t\t\t\t\t\t\t\t\t\t\t\t<\/div>\n\t\t\t\t\t<\/div>\n\t\t\t\t<\/div>\n\t\t<div class=\"elementor-element elementor-element-17848184 e-flex e-con-boxed e-con e-child\" data-id=\"17848184\" data-element_type=\"container\" data-e-type=\"container\">\n\t\t\t\t\t<div class=\"e-con-inner\">\n\t\t<div class=\"elementor-element elementor-element-ddae6dc e-flex e-con-boxed e-con e-child\" data-id=\"ddae6dc\" data-element_type=\"container\" data-e-type=\"container\" data-settings=\"{&quot;background_background&quot;:&quot;classic&quot;}\">\n\t\t\t\t\t<div class=\"e-con-inner\">\n\t\t\t\t<div class=\"elementor-element elementor-element-64da34ef elementor-widget__width-initial elementor-widget-tablet__width-inherit elementor-hidden-mobile elementor-widget elementor-widget-heading\" data-id=\"64da34ef\" data-element_type=\"widget\" data-e-type=\"widget\" data-widget_type=\"heading.default\">\n\t\t\t\t\t<h1 class=\"elementor-heading-title elementor-size-default\">Buzos de Tailandia<\/h1>\t\t\t\t<\/div>\n\t\t\t\t<div class=\"elementor-element elementor-element-67f8b933 elementor-widget__width-initial elementor-widget-mobile__width-inherit elementor-widget-tablet__width-inherit elementor-widget elementor-widget-heading\" data-id=\"67f8b933\" data-element_type=\"widget\" data-e-type=\"widget\" data-widget_type=\"heading.default\">\n\t\t\t\t\t<p class=\"elementor-heading-title elementor-size-default\">Fundado en 2004, Thailand Divers es un centro de buceo PADI de 5 estrellas situado en el coraz\u00f3n de Rawai, Phuket. Durante m\u00e1s de 20 a\u00f1os, hemos estado introduciendo a los principiantes al mundo submarino y guiando a los buceadores certificados a trav\u00e9s de los mejores sitios de buceo de Tailandia, incluyendo las Islas Similan, Islas Surin y Richelieu Rock.<\/p>\t\t\t\t<\/div>\n\t\t\t\t<div class=\"elementor-element elementor-element-e49336b elementor-hidden-mobile elementor-widget elementor-widget-image\" data-id=\"e49336b\" data-element_type=\"widget\" data-e-type=\"widget\" data-widget_type=\"image.default\">\n\t\t\t\t\t\t\t\t\t\t\t\t\t\t\t\t<a href=\"https:\/\/www.padi.com\/dive-center\/thailand\/thailand-divers\/\" target=\"_blank\" rel=\"noopener\">\n\t\t\t\t\t\t\t<img decoding=\"async\" width=\"300\" height=\"100\" src=\"https:\/\/thailand-divers.com\/wp-content\/uploads\/5star-1-e1743507115410-1.webp\" class=\"attachment-large size-large wp-image-21962\" alt=\"Centro de submarinismo PADI - Playa de Patong - Phuket Tailandia\" \/>\t\t\t\t\t\t\t\t<\/a>\n\t\t\t\t\t\t\t\t\t\t\t\t\t\t\t<\/div>\n\t\t<div class=\"elementor-element elementor-element-1b7f330a e-flex e-con-boxed e-con e-child\" data-id=\"1b7f330a\" data-element_type=\"container\" data-e-type=\"container\">\n\t\t\t\t\t<div class=\"e-con-inner\">\n\t\t\t\t<div class=\"elementor-element elementor-element-1c6bac74 elementor-widget__width-initial elementor-widget-mobile__width-initial elementor-icon-list--layout-traditional elementor-list-item-link-full_width elementor-widget elementor-widget-icon-list\" data-id=\"1c6bac74\" data-element_type=\"widget\" data-e-type=\"widget\" data-widget_type=\"icon-list.default\">\n\t\t\t\t\t\t\t<ul class=\"elementor-icon-list-items\">\n\t\t\t\t\t\t\t<li class=\"elementor-icon-list-item\">\n\t\t\t\t\t\t\t\t\t\t\t<a href=\"https:\/\/www.google.com\/maps\/place\/Thailand+Divers\/@7.7920841,98.3239021,1086m\/data=!3m2!1e3!4b1!4m6!3m5!1s0x30503aa4ac63b431:0x12c36b2af1157dcc!8m2!3d7.7920841!4d98.3239021!16s%2Fg%2F1tnxzcws?entry=ttu&#038;g_ep=EgoyMDI1MDkwNy4wIKXMDSoASAFQAw%3D%3D\" target=\"_blank\" rel=\"noopener\">\n\n\t\t\t\t\t\t\t\t\t\t\t\t<span class=\"elementor-icon-list-icon\">\n\t\t\t\t\t\t\t<svg aria-hidden=\"true\" class=\"e-font-icon-svg e-fas-dot-circle\" viewbox=\"0 0 512 512\" xmlns=\"http:\/\/www.w3.org\/2000\/svg\"><path d=\"M256 8C119.033 8 8 119.033 8 256s111.033 248 248 248 248-111.033 248-248S392.967 8 256 8zm80 248c0 44.112-35.888 80-80 80s-80-35.888-80-80 35.888-80 80-80 80 35.888 80 80z\"><\/path><\/svg>\t\t\t\t\t\t<\/span>\n\t\t\t\t\t\t\t\t\t\t<span class=\"elementor-icon-list-text\">79 Soi Saiyuan, Rawai, Phuket<\/span>\n\t\t\t\t\t\t\t\t\t\t\t<\/a>\n\t\t\t\t\t\t\t\t\t<\/li>\n\t\t\t\t\t\t<\/ul>\n\t\t\t\t\t\t<\/div>\n\t\t\t\t<div class=\"elementor-element elementor-element-d671ca4 elementor-list-item-link-inline elementor-icon-list--layout-traditional elementor-widget elementor-widget-icon-list\" data-id=\"d671ca4\" data-element_type=\"widget\" data-e-type=\"widget\" data-widget_type=\"icon-list.default\">\n\t\t\t\t\t\t\t<ul class=\"elementor-icon-list-items\">\n\t\t\t\t\t\t\t<li class=\"elementor-icon-list-item\">\n\t\t\t\t\t\t\t\t\t\t\t<a href=\"https:\/\/www.padi.com\/dive-center\/thailand\/thailand-divers\/\" target=\"_blank\" rel=\"noopener\">\n\n\t\t\t\t\t\t\t\t\t\t\t\t<span class=\"elementor-icon-list-icon\">\n\t\t\t\t\t\t\t<svg aria-hidden=\"true\" class=\"e-font-icon-svg e-fas-dot-circle\" viewbox=\"0 0 512 512\" xmlns=\"http:\/\/www.w3.org\/2000\/svg\"><path d=\"M256 8C119.033 8 8 119.033 8 256s111.033 248 248 248 248-111.033 248-248S392.967 8 256 8zm80 248c0 44.112-35.888 80-80 80s-80-35.888-80-80 35.888-80 80-80 80 35.888 80 80z\"><\/path><\/svg>\t\t\t\t\t\t<\/span>\n\t\t\t\t\t\t\t\t\t\t<span class=\"elementor-icon-list-text\">PADI #36101<\/span>\n\t\t\t\t\t\t\t\t\t\t\t<\/a>\n\t\t\t\t\t\t\t\t\t<\/li>\n\t\t\t\t\t\t<\/ul>\n\t\t\t\t\t\t<\/div>\n\t\t\t\t<div class=\"elementor-element elementor-element-d645964 elementor-list-item-link-inline elementor-icon-list--layout-traditional elementor-widget elementor-widget-icon-list\" data-id=\"d645964\" data-element_type=\"widget\" data-e-type=\"widget\" data-widget_type=\"icon-list.default\">\n\t\t\t\t\t\t\t<ul class=\"elementor-icon-list-items\">\n\t\t\t\t\t\t\t<li class=\"elementor-icon-list-item\">\n\t\t\t\t\t\t\t\t\t\t\t<a href=\"https:\/\/api.whatsapp.com\/send?phone=447340764006\" target=\"_blank\" rel=\"noopener\">\n\n\t\t\t\t\t\t\t\t\t\t\t\t<span class=\"elementor-icon-list-icon\">\n\t\t\t\t\t\t\t<svg aria-hidden=\"true\" class=\"e-font-icon-svg e-fas-dot-circle\" viewbox=\"0 0 512 512\" xmlns=\"http:\/\/www.w3.org\/2000\/svg\"><path d=\"M256 8C119.033 8 8 119.033 8 256s111.033 248 248 248 248-111.033 248-248S392.967 8 256 8zm80 248c0 44.112-35.888 80-80 80s-80-35.888-80-80 35.888-80 80-80 80 35.888 80 80z\"><\/path><\/svg>\t\t\t\t\t\t<\/span>\n\t\t\t\t\t\t\t\t\t\t<span class=\"elementor-icon-list-text\">WhatsApp - Haga clic aqu\u00ed<\/span>\n\t\t\t\t\t\t\t\t\t\t\t<\/a>\n\t\t\t\t\t\t\t\t\t<\/li>\n\t\t\t\t\t\t<\/ul>\n\t\t\t\t\t\t<\/div>\n\t\t\t\t<div class=\"elementor-element elementor-element-59ed86e2 elementor-icon-list--layout-traditional elementor-list-item-link-full_width elementor-widget elementor-widget-icon-list\" data-id=\"59ed86e2\" data-element_type=\"widget\" data-e-type=\"widget\" data-widget_type=\"icon-list.default\">\n\t\t\t\t\t\t\t<ul class=\"elementor-icon-list-items\">\n\t\t\t\t\t\t\t<li class=\"elementor-icon-list-item\">\n\t\t\t\t\t\t\t\t\t\t\t<span class=\"elementor-icon-list-icon\">\n\t\t\t\t\t\t\t<svg aria-hidden=\"true\" class=\"e-font-icon-svg e-fas-dot-circle\" viewbox=\"0 0 512 512\" xmlns=\"http:\/\/www.w3.org\/2000\/svg\"><path d=\"M256 8C119.033 8 8 119.033 8 256s111.033 248 248 248 248-111.033 248-248S392.967 8 256 8zm80 248c0 44.112-35.888 80-80 80s-80-35.888-80-80 35.888-80 80-80 80 35.888 80 80z\"><\/path><\/svg>\t\t\t\t\t\t<\/span>\n\t\t\t\t\t\t\t\t\t\t<span class=\"elementor-icon-list-text\">+66 082 669 8983<\/span>\n\t\t\t\t\t\t\t\t\t<\/li>\n\t\t\t\t\t\t<\/ul>\n\t\t\t\t\t\t<\/div>\n\t\t\t\t<div class=\"elementor-element elementor-element-f492d92 elementor-list-item-link-inline elementor-icon-list--layout-traditional elementor-widget elementor-widget-icon-list\" data-id=\"f492d92\" data-element_type=\"widget\" data-e-type=\"widget\" data-widget_type=\"icon-list.default\">\n\t\t\t\t\t\t\t<ul class=\"elementor-icon-list-items\">\n\t\t\t\t\t\t\t<li class=\"elementor-icon-list-item\">\n\t\t\t\t\t\t\t\t\t\t\t<span class=\"elementor-icon-list-icon\">\n\t\t\t\t\t\t\t<svg aria-hidden=\"true\" class=\"e-font-icon-svg e-fas-dot-circle\" viewbox=\"0 0 512 512\" xmlns=\"http:\/\/www.w3.org\/2000\/svg\"><path d=\"M256 8C119.033 8 8 119.033 8 256s111.033 248 248 248 248-111.033 248-248S392.967 8 256 8zm80 248c0 44.112-35.888 80-80 80s-80-35.888-80-80 35.888-80 80-80 80 35.888 80 80z\"><\/path><\/svg>\t\t\t\t\t\t<\/span>\n\t\t\t\t\t\t\t\t\t\t<span class=\"elementor-icon-list-text\">info@thailand-divers.com<\/span>\n\t\t\t\t\t\t\t\t\t<\/li>\n\t\t\t\t\t\t<\/ul>\n\t\t\t\t\t\t<\/div>\n\t\t\t\t\t<\/div>\n\t\t\t\t<\/div>\n\t\t<div class=\"elementor-element elementor-element-265711c e-con-full elementor-hidden-desktop elementor-hidden-tablet e-flex e-con e-child\" data-id=\"265711c\" data-element_type=\"container\" data-e-type=\"container\">\n\t\t\t\t<div class=\"elementor-element elementor-element-1abb887 elementor-widget elementor-widget-google_maps\" data-id=\"1abb887\" data-element_type=\"widget\" data-e-type=\"widget\" data-widget_type=\"google_maps.default\">\n\t\t\t\t\t\t\t<div class=\"elementor-custom-embed\">\n\t\t\t<iframe loading=\"lazy\"\n\t\t\t\t\tsrc=\"https:\/\/maps.google.com\/maps?q=Thailand%20Divers&#038;t=m&#038;z=10&#038;output=embed&#038;iwloc=near\"\n\t\t\t\t\ttitle=\"Buzos de Tailandia\"\n\t\t\t\t\taria-label=\"Buzos de Tailandia\"\n\t\t\t><\/iframe>\n\t\t<\/div>\n\t\t\t\t\t\t<\/div>\n\t\t\t\t<\/div>\n\t\t\t\t\t<\/div>\n\t\t\t\t<\/div>\n\t\t\t\t\t<\/div>\n\t\t\t\t<\/div>\n\t\t\t\t\t<\/div>\n\t\t\t\t<\/div>\n\t\t<div class=\"elementor-element elementor-element-3b9d73b elementor-hidden-mobile e-flex e-con-boxed e-con e-parent\" data-id=\"3b9d73b\" data-element_type=\"container\" data-e-type=\"container\">\n\t\t\t\t\t<div class=\"e-con-inner\">\n\t\t\t\t<div class=\"elementor-element elementor-element-48af1b6 elementor-widget elementor-widget-google_maps\" data-id=\"48af1b6\" data-element_type=\"widget\" data-e-type=\"widget\" data-widget_type=\"google_maps.default\">\n\t\t\t\t\t\t\t<div class=\"elementor-custom-embed\">\n\t\t\t<iframe loading=\"lazy\"\n\t\t\t\t\tsrc=\"https:\/\/maps.google.com\/maps?q=Thailand%20Divers%20Rawai&#038;t=m&#038;z=13&#038;output=embed&#038;iwloc=near\"\n\t\t\t\t\ttitle=\"Tailandia Divers Rawai\"\n\t\t\t\t\taria-label=\"Tailandia Divers Rawai\"\n\t\t\t><\/iframe>\n\t\t<\/div>\n\t\t\t\t\t\t<\/div>\n\t\t\t\t\t<\/div>\n\t\t\t\t<\/div>\n\t\t<div class=\"elementor-element elementor-element-d88925f e-flex e-con-boxed e-con e-parent\" data-id=\"d88925f\" data-element_type=\"container\" data-e-type=\"container\">\n\t\t\t\t\t<div class=\"e-con-inner\">\n\t\t\t\t<div class=\"elementor-element elementor-element-85b2b1d elementor-widget elementor-widget-image\" data-id=\"85b2b1d\" data-element_type=\"widget\" data-e-type=\"widget\" data-widget_type=\"image.default\">\n\t\t\t\t\t\t\t\t\t\t\t\t\t\t\t\t<a href=\"https:\/\/www.padi.com\/dive-center\/thailand\/thailand-divers\/\" target=\"_blank\" rel=\"noopener\">\n\t\t\t\t\t\t\t<img decoding=\"async\" src=\"https:\/\/thailand-divers.com\/wp-content\/uploads\/elementor\/thumbs\/WhatsApp-Image-2025-10-18-at-12.56.10-AM-e1776070406880-rlxu6cf6q39ofevr97hi5kjvh5bw6ubrz8jonvh45k.jpeg\" title=\"Imagen de WhatsApp 2025-10-18 a las 12.56.10 AM\" alt=\"Imagen de WhatsApp 2025-10-18 a las 12.56.10 AM\" loading=\"lazy\" \/>\t\t\t\t\t\t\t\t<\/a>\n\t\t\t\t\t\t\t\t\t\t\t\t\t\t\t<\/div>\n\t\t\t\t<div class=\"elementor-element elementor-element-9371284 elementor-widget elementor-widget-image\" data-id=\"9371284\" data-element_type=\"widget\" data-e-type=\"widget\" data-widget_type=\"image.default\">\n\t\t\t\t\t\t\t\t\t\t\t\t\t\t\t\t<a href=\"https:\/\/www.tripadvisor.com\/Attraction_Review-g1215781-d1177013-Reviews-Thailand_Divers_Phuket_Scuba_Diving-Phuket_Town_Phuket.html\" target=\"_blank\" rel=\"noopener\">\n\t\t\t\t\t\t\t<img decoding=\"async\" width=\"687\" height=\"885\" src=\"https:\/\/thailand-divers.com\/wp-content\/uploads\/Screenshot-2026-04-13-at-09.48.08.png\" class=\"attachment-large size-large wp-image-37576\" alt=\"\" srcset=\"https:\/\/thailand-divers.com\/wp-content\/uploads\/Screenshot-2026-04-13-at-09.48.08.png 687w, https:\/\/thailand-divers.com\/wp-content\/uploads\/Screenshot-2026-04-13-at-09.48.08-9x12.png 9w\" sizes=\"(max-width: 687px) 100vw, 687px\" \/>\t\t\t\t\t\t\t\t<\/a>\n\t\t\t\t\t\t\t\t\t\t\t\t\t\t\t<\/div>\n\t\t\t\t\t<\/div>\n\t\t\t\t<\/div>\n\t\t\t\t<\/div>","protected":false},"excerpt":{"rendered":"<p>Thailand Divers Founded in 2004, Thailand Divers is a PADI 5 Star Dive Centre located in the heart of Rawai, Phuket. For over 20 years, we\u2019ve been introducing beginners to the underwater world and guiding certified divers through Thailand\u2019s best dive sites, including the Similan Islands, Surin Islands, and Richelieu Rock. 79 Soi Saiyuan, Rawai, [&hellip;]<\/p>\n","protected":false},"author":1,"featured_media":0,"parent":0,"menu_order":0,"comment_status":"closed","ping_status":"closed","template":"","meta":{"_angie_page":false,"footnotes":""},"hf_cat_page":[],"class_list":["post-35459","page","type-page","status-publish","hentry"],"_links":{"self":[{"href":"https:\/\/thailand-divers.com\/es\/wp-json\/wp\/v2\/pages\/35459","targetHints":{"allow":["GET"]}}],"collection":[{"href":"https:\/\/thailand-divers.com\/es\/wp-json\/wp\/v2\/pages"}],"about":[{"href":"https:\/\/thailand-divers.com\/es\/wp-json\/wp\/v2\/types\/page"}],"author":[{"embeddable":true,"href":"https:\/\/thailand-divers.com\/es\/wp-json\/wp\/v2\/users\/1"}],"replies":[{"embeddable":true,"href":"https:\/\/thailand-divers.com\/es\/wp-json\/wp\/v2\/comments?post=35459"}],"version-history":[{"count":109,"href":"https:\/\/thailand-divers.com\/es\/wp-json\/wp\/v2\/pages\/35459\/revisions"}],"predecessor-version":[{"id":37603,"href":"https:\/\/thailand-divers.com\/es\/wp-json\/wp\/v2\/pages\/35459\/revisions\/37603"}],"wp:attachment":[{"href":"https:\/\/thailand-divers.com\/es\/wp-json\/wp\/v2\/media?parent=35459"}],"wp:term":[{"taxonomy":"hf_cat_page","embeddable":true,"href":"https:\/\/thailand-divers.com\/es\/wp-json\/wp\/v2\/hf_cat_page?post=35459"}],"curies":[{"name":"wp","href":"https:\/\/api.w.org\/{rel}","templated":true}]}}