{"id":32362,"date":"2025-07-18T10:30:28","date_gmt":"2025-07-18T09:30:28","guid":{"rendered":"https:\/\/thailand-divers.com\/?page_id=32362"},"modified":"2025-07-18T10:32:15","modified_gmt":"2025-07-18T09:32:15","slug":"phi-phi-explorer","status":"publish","type":"page","link":"https:\/\/thailand-divers.com\/es\/explorador-phi-phi\/","title":{"rendered":"Explorador de Phi Phi"},"content":{"rendered":"<div data-elementor-type=\"wp-page\" data-elementor-id=\"32362\" class=\"elementor elementor-32362\" data-elementor-post-type=\"page\">\n\t\t\t\t<div class=\"elementor-element elementor-element-3696486 e-flex e-con-boxed e-con e-parent\" data-id=\"3696486\" data-element_type=\"container\" data-e-type=\"container\">\n\t\t\t\t\t<div class=\"e-con-inner\">\n\t\t\t\t<div class=\"elementor-element elementor-element-485f2a5 elementor-widget elementor-widget-image\" data-id=\"485f2a5\" data-element_type=\"widget\" data-e-type=\"widget\" data-widget_type=\"image.default\">\n\t\t\t\t\t\t\t\t\t\t\t\t\t\t\t<img decoding=\"async\" width=\"1200\" height=\"600\" src=\"https:\/\/thailand-divers.com\/wp-content\/uploads\/Phi-Phi-Explorer.webp\" class=\"attachment-large size-large wp-image-32255\" alt=\"\" srcset=\"https:\/\/thailand-divers.com\/wp-content\/uploads\/Phi-Phi-Explorer.webp 1200w, https:\/\/thailand-divers.com\/wp-content\/uploads\/Phi-Phi-Explorer-768x384.webp 768w, https:\/\/thailand-divers.com\/wp-content\/uploads\/Phi-Phi-Explorer-18x9.webp 18w\" sizes=\"(max-width: 1200px) 100vw, 1200px\" \/>\t\t\t\t\t\t\t\t\t\t\t\t\t\t\t<\/div>\n\t\t\t\t\t<\/div>\n\t\t\t\t<\/div>\n\t\t<div class=\"elementor-element elementor-element-719a2915 e-flex e-con-boxed e-con e-parent\" data-id=\"719a2915\" data-element_type=\"container\" data-e-type=\"container\" data-settings=\"{&quot;background_background&quot;:&quot;classic&quot;}\">\n\t\t\t\t\t<div class=\"e-con-inner\">\n\t\t<div class=\"elementor-element elementor-element-27dcd8c7 e-flex e-con-boxed e-con e-child\" data-id=\"27dcd8c7\" data-element_type=\"container\" data-e-type=\"container\">\n\t\t\t\t\t<div class=\"e-con-inner\">\n\t\t\t\t<div class=\"elementor-element elementor-element-31df792 elementor-widget__width-initial elementor-widget elementor-widget-heading\" data-id=\"31df792\" data-element_type=\"widget\" data-e-type=\"widget\" data-widget_type=\"heading.default\">\n\t\t\t\t\t<h2 class=\"elementor-heading-title elementor-size-default\">Los mejores lugares para bucear en Phuket<\/h2>\t\t\t\t<\/div>\n\t\t\t\t<div class=\"elementor-element elementor-element-32d4ca7d elementor-widget__width-initial elementor-widget elementor-widget-heading\" data-id=\"32d4ca7d\" data-element_type=\"widget\" data-e-type=\"widget\" data-widget_type=\"heading.default\">\n\t\t\t\t\t<h2 class=\"elementor-heading-title elementor-size-default\">2D\/1N 14.900 THB<\/h2>\t\t\t\t<\/div>\n\t\t\t\t<div class=\"elementor-element elementor-element-9d984fb elementor-widget__width-initial elementor-widget elementor-widget-heading\" data-id=\"9d984fb\" data-element_type=\"widget\" data-e-type=\"widget\" data-widget_type=\"heading.default\">\n\t\t\t\t\t<h2 class=\"elementor-heading-title elementor-size-default\">USD$450 \/ 400 EUROS<\/h2>\t\t\t\t<\/div>\n\t\t\t\t<div class=\"elementor-element elementor-element-239feb29 elementor-widget elementor-widget-accordion\" data-id=\"239feb29\" data-element_type=\"widget\" data-e-type=\"widget\" data-widget_type=\"accordion.default\">\n\t\t\t\t\t\t\t<div class=\"elementor-accordion\">\n\t\t\t\t\t\t\t<div class=\"elementor-accordion-item\">\n\t\t\t\t\t<div id=\"elementor-tab-title-5971\" class=\"elementor-tab-title\" data-tab=\"1\" role=\"button\" aria-controls=\"elementor-tab-content-5971\" aria-expanded=\"false\">\n\t\t\t\t\t\t\t\t\t\t\t\t\t<span class=\"elementor-accordion-icon elementor-accordion-icon-right\" aria-hidden=\"true\">\n\t\t\t\t\t\t\t\t\t\t\t\t\t\t\t<span class=\"elementor-accordion-icon-closed\"><svg xmlns=\"http:\/\/www.w3.org\/2000\/svg\" width=\"37.5\" viewbox=\"0 0 37.5 37.5\" height=\"37.5\"><defs><clippath id=\"a\"><path d=\"M 0 14 L 37.007812 14 L 37.007812 24 L 0 24 Z M 0 14\"><\/path><\/clippath><clippath id=\"b\"><path d=\"M 14 0 L 23 0 L 23 37.007812 L 14 37.007812 Z M 14 0\"><\/path><\/clippath><\/defs><g clip-path=\"url(#a)\"><path stroke-linecap=\"round\" transform=\"matrix(.75 .00197 -.00197 .75 0 18.75)\" fill=\"none\" d=\"M 0.499998 -0.00131013 L 49.500178 0.000254553\" stroke=\"#000\"><\/path><\/g><g clip-path=\"url(#b)\"><path stroke-linecap=\"round\" transform=\"matrix(-.00633 -.75044 .74997 -.00632 18.69 37.498)\" fill=\"none\" d=\"M 0.497536 0.000809227 L 49.473891 -0.00259276\" stroke=\"#000\"><\/path><\/g><\/svg><\/span>\n\t\t\t\t\t\t\t\t<span class=\"elementor-accordion-icon-opened\"><svg xmlns=\"http:\/\/www.w3.org\/2000\/svg\" width=\"37.5\" viewbox=\"0 0 37.5 37.5\" height=\"37.5\"><defs><clippath id=\"a\"><path d=\"M 0 14 L 37.007812 14 L 37.007812 24 L 0 24 Z M 0 14\"><\/path><\/clippath><\/defs><g clip-path=\"url(#a)\"><path stroke-linecap=\"round\" transform=\"matrix(.75 .00197 -.00197 .75 0 18.75)\" fill=\"none\" d=\"M 0.499998 -0.00131013 L 49.500178 0.000254553\" stroke=\"#000\"><\/path><\/g><\/svg><\/span>\n\t\t\t\t\t\t\t\t\t\t\t\t\t\t<\/span>\n\t\t\t\t\t\t\t\t\t\t\t\t<a class=\"elementor-accordion-title\" tabindex=\"0\">Koh Bida Nai<\/a>\n\t\t\t\t\t<\/div>\n\t\t\t\t\t<div id=\"elementor-tab-content-5971\" class=\"elementor-tab-content elementor-clearfix\" data-tab=\"1\" role=\"region\" aria-labelledby=\"elementor-tab-title-5971\"><p>Esta peque\u00f1a isla de piedra caliza ofrece paredes escarpadas, arrecifes inclinados y cavernas ocultas repletas de coloridos corales y esponjas. Los buceadores suelen toparse con tiburones de arrecife de puntas negras, bancos de pargos, peces payaso y, ocasionalmente, tortugas o tiburones leopardo. Adecuada para todos los niveles de experiencia, Bida Nai es una de las favoritas por su excelente visibilidad y la posibilidad de explorar arrecifes poco profundos y descensos m\u00e1s profundos en una sola inmersi\u00f3n.<\/p><\/div>\n\t\t\t\t<\/div>\n\t\t\t\t\t\t\t<div class=\"elementor-accordion-item\">\n\t\t\t\t\t<div id=\"elementor-tab-title-5972\" class=\"elementor-tab-title\" data-tab=\"2\" role=\"button\" aria-controls=\"elementor-tab-content-5972\" aria-expanded=\"false\">\n\t\t\t\t\t\t\t\t\t\t\t\t\t<span class=\"elementor-accordion-icon elementor-accordion-icon-right\" aria-hidden=\"true\">\n\t\t\t\t\t\t\t\t\t\t\t\t\t\t\t<span class=\"elementor-accordion-icon-closed\"><svg xmlns=\"http:\/\/www.w3.org\/2000\/svg\" width=\"37.5\" viewbox=\"0 0 37.5 37.5\" height=\"37.5\"><defs><clippath id=\"a\"><path d=\"M 0 14 L 37.007812 14 L 37.007812 24 L 0 24 Z M 0 14\"><\/path><\/clippath><clippath id=\"b\"><path d=\"M 14 0 L 23 0 L 23 37.007812 L 14 37.007812 Z M 14 0\"><\/path><\/clippath><\/defs><g clip-path=\"url(#a)\"><path stroke-linecap=\"round\" transform=\"matrix(.75 .00197 -.00197 .75 0 18.75)\" fill=\"none\" d=\"M 0.499998 -0.00131013 L 49.500178 0.000254553\" stroke=\"#000\"><\/path><\/g><g clip-path=\"url(#b)\"><path stroke-linecap=\"round\" transform=\"matrix(-.00633 -.75044 .74997 -.00632 18.69 37.498)\" fill=\"none\" d=\"M 0.497536 0.000809227 L 49.473891 -0.00259276\" stroke=\"#000\"><\/path><\/g><\/svg><\/span>\n\t\t\t\t\t\t\t\t<span class=\"elementor-accordion-icon-opened\"><svg xmlns=\"http:\/\/www.w3.org\/2000\/svg\" width=\"37.5\" viewbox=\"0 0 37.5 37.5\" height=\"37.5\"><defs><clippath id=\"a\"><path d=\"M 0 14 L 37.007812 14 L 37.007812 24 L 0 24 Z M 0 14\"><\/path><\/clippath><\/defs><g clip-path=\"url(#a)\"><path stroke-linecap=\"round\" transform=\"matrix(.75 .00197 -.00197 .75 0 18.75)\" fill=\"none\" d=\"M 0.499998 -0.00131013 L 49.500178 0.000254553\" stroke=\"#000\"><\/path><\/g><\/svg><\/span>\n\t\t\t\t\t\t\t\t\t\t\t\t\t\t<\/span>\n\t\t\t\t\t\t\t\t\t\t\t\t<a class=\"elementor-accordion-title\" tabindex=\"0\">Koh Bida Nok<\/a>\n\t\t\t\t\t<\/div>\n\t\t\t\t\t<div id=\"elementor-tab-content-5972\" class=\"elementor-tab-content elementor-clearfix\" data-tab=\"2\" role=\"region\" aria-labelledby=\"elementor-tab-title-5972\"><p>Koh Bida Nok es un impresionante punto de inmersi\u00f3n con escarpadas paredes de piedra caliza, vibrantes jardines de coral y pasadizos. Es conocida por su variada vida marina, que incluye morenas, peces le\u00f3n, barracudas y alg\u00fan que otro tibur\u00f3n de arrecife de puntas negras. Con zonas poco profundas y m\u00e1s profundas, es ideal para todos los niveles de buceo y ofrece una emocionante mezcla de buceo en arrecifes y paredes.<\/p><\/div>\n\t\t\t\t<\/div>\n\t\t\t\t\t\t\t<div class=\"elementor-accordion-item\">\n\t\t\t\t\t<div id=\"elementor-tab-title-5973\" class=\"elementor-tab-title\" data-tab=\"3\" role=\"button\" aria-controls=\"elementor-tab-content-5973\" aria-expanded=\"false\">\n\t\t\t\t\t\t\t\t\t\t\t\t\t<span class=\"elementor-accordion-icon elementor-accordion-icon-right\" aria-hidden=\"true\">\n\t\t\t\t\t\t\t\t\t\t\t\t\t\t\t<span class=\"elementor-accordion-icon-closed\"><svg xmlns=\"http:\/\/www.w3.org\/2000\/svg\" width=\"37.5\" viewbox=\"0 0 37.5 37.5\" height=\"37.5\"><defs><clippath id=\"a\"><path d=\"M 0 14 L 37.007812 14 L 37.007812 24 L 0 24 Z M 0 14\"><\/path><\/clippath><clippath id=\"b\"><path d=\"M 14 0 L 23 0 L 23 37.007812 L 14 37.007812 Z M 14 0\"><\/path><\/clippath><\/defs><g clip-path=\"url(#a)\"><path stroke-linecap=\"round\" transform=\"matrix(.75 .00197 -.00197 .75 0 18.75)\" fill=\"none\" d=\"M 0.499998 -0.00131013 L 49.500178 0.000254553\" stroke=\"#000\"><\/path><\/g><g clip-path=\"url(#b)\"><path stroke-linecap=\"round\" transform=\"matrix(-.00633 -.75044 .74997 -.00632 18.69 37.498)\" fill=\"none\" d=\"M 0.497536 0.000809227 L 49.473891 -0.00259276\" stroke=\"#000\"><\/path><\/g><\/svg><\/span>\n\t\t\t\t\t\t\t\t<span class=\"elementor-accordion-icon-opened\"><svg xmlns=\"http:\/\/www.w3.org\/2000\/svg\" width=\"37.5\" viewbox=\"0 0 37.5 37.5\" height=\"37.5\"><defs><clippath id=\"a\"><path d=\"M 0 14 L 37.007812 14 L 37.007812 24 L 0 24 Z M 0 14\"><\/path><\/clippath><\/defs><g clip-path=\"url(#a)\"><path stroke-linecap=\"round\" transform=\"matrix(.75 .00197 -.00197 .75 0 18.75)\" fill=\"none\" d=\"M 0.499998 -0.00131013 L 49.500178 0.000254553\" stroke=\"#000\"><\/path><\/g><\/svg><\/span>\n\t\t\t\t\t\t\t\t\t\t\t\t\t\t<\/span>\n\t\t\t\t\t\t\t\t\t\t\t\t<a class=\"elementor-accordion-title\" tabindex=\"0\">Bah\u00eda de los Monos<\/a>\n\t\t\t\t\t<\/div>\n\t\t\t\t\t<div id=\"elementor-tab-content-5973\" class=\"elementor-tab-content elementor-clearfix\" data-tab=\"3\" role=\"region\" aria-labelledby=\"elementor-tab-title-5973\"><p>A medida que se pone el sol, emerge la vida marina nocturna: podr\u00e1 encontrar sepias cazadoras, peces loro dormidos en sus capullos de mucosidad, plancton bioluminiscente y criaturas escurridizas como nudibranquios, cangrejos y pulpos. El fondo arenoso y las suaves condiciones hacen que sea un lugar ideal para una inmersi\u00f3n nocturna tranquila e hipnotizadora, especialmente para los que se inician en el buceo nocturno.<\/p><\/div>\n\t\t\t\t<\/div>\n\t\t\t\t\t\t\t<div class=\"elementor-accordion-item\">\n\t\t\t\t\t<div id=\"elementor-tab-title-5974\" class=\"elementor-tab-title\" data-tab=\"4\" role=\"button\" aria-controls=\"elementor-tab-content-5974\" aria-expanded=\"false\">\n\t\t\t\t\t\t\t\t\t\t\t\t\t<span class=\"elementor-accordion-icon elementor-accordion-icon-right\" aria-hidden=\"true\">\n\t\t\t\t\t\t\t\t\t\t\t\t\t\t\t<span class=\"elementor-accordion-icon-closed\"><svg xmlns=\"http:\/\/www.w3.org\/2000\/svg\" width=\"37.5\" viewbox=\"0 0 37.5 37.5\" height=\"37.5\"><defs><clippath id=\"a\"><path d=\"M 0 14 L 37.007812 14 L 37.007812 24 L 0 24 Z M 0 14\"><\/path><\/clippath><clippath id=\"b\"><path d=\"M 14 0 L 23 0 L 23 37.007812 L 14 37.007812 Z M 14 0\"><\/path><\/clippath><\/defs><g clip-path=\"url(#a)\"><path stroke-linecap=\"round\" transform=\"matrix(.75 .00197 -.00197 .75 0 18.75)\" fill=\"none\" d=\"M 0.499998 -0.00131013 L 49.500178 0.000254553\" stroke=\"#000\"><\/path><\/g><g clip-path=\"url(#b)\"><path stroke-linecap=\"round\" transform=\"matrix(-.00633 -.75044 .74997 -.00632 18.69 37.498)\" fill=\"none\" d=\"M 0.497536 0.000809227 L 49.473891 -0.00259276\" stroke=\"#000\"><\/path><\/g><\/svg><\/span>\n\t\t\t\t\t\t\t\t<span class=\"elementor-accordion-icon-opened\"><svg xmlns=\"http:\/\/www.w3.org\/2000\/svg\" width=\"37.5\" viewbox=\"0 0 37.5 37.5\" height=\"37.5\"><defs><clippath id=\"a\"><path d=\"M 0 14 L 37.007812 14 L 37.007812 24 L 0 24 Z M 0 14\"><\/path><\/clippath><\/defs><g clip-path=\"url(#a)\"><path stroke-linecap=\"round\" transform=\"matrix(.75 .00197 -.00197 .75 0 18.75)\" fill=\"none\" d=\"M 0.499998 -0.00131013 L 49.500178 0.000254553\" stroke=\"#000\"><\/path><\/g><\/svg><\/span>\n\t\t\t\t\t\t\t\t\t\t\t\t\t\t<\/span>\n\t\t\t\t\t\t\t\t\t\t\t\t<a class=\"elementor-accordion-title\" tabindex=\"0\">Pecio de Kled Keaw<\/a>\n\t\t\t\t\t<\/div>\n\t\t\t\t\t<div id=\"elementor-tab-content-5974\" class=\"elementor-tab-content elementor-clearfix\" data-tab=\"4\" role=\"region\" aria-labelledby=\"elementor-tab-title-5974\"><p>El pecio Kled Keaw es un antiguo buque de la Marina Real Noruega, hundido en 2014 para crear un arrecife artificial.<br \/>Ahora es un pr\u00f3spero para\u00edso submarino que atrae a peces pel\u00e1gicos y alberga especies tropicales m\u00e1s peque\u00f1as y macrofauna. Los submarinistas suelen avistar tiburones, tortugas y rayas. El pecio tiene 47 m de eslora, 8 m de manga y una profundidad m\u00e1xima de 26 m, con el puente de mando a 14 m y dos cubiertas inferiores.\u00a0<\/p><\/div>\n\t\t\t\t<\/div>\n\t\t\t\t\t\t\t<div class=\"elementor-accordion-item\">\n\t\t\t\t\t<div id=\"elementor-tab-title-5975\" class=\"elementor-tab-title\" data-tab=\"5\" role=\"button\" aria-controls=\"elementor-tab-content-5975\" aria-expanded=\"false\">\n\t\t\t\t\t\t\t\t\t\t\t\t\t<span class=\"elementor-accordion-icon elementor-accordion-icon-right\" aria-hidden=\"true\">\n\t\t\t\t\t\t\t\t\t\t\t\t\t\t\t<span class=\"elementor-accordion-icon-closed\"><svg xmlns=\"http:\/\/www.w3.org\/2000\/svg\" width=\"37.5\" viewbox=\"0 0 37.5 37.5\" height=\"37.5\"><defs><clippath id=\"a\"><path d=\"M 0 14 L 37.007812 14 L 37.007812 24 L 0 24 Z M 0 14\"><\/path><\/clippath><clippath id=\"b\"><path d=\"M 14 0 L 23 0 L 23 37.007812 L 14 37.007812 Z M 14 0\"><\/path><\/clippath><\/defs><g clip-path=\"url(#a)\"><path stroke-linecap=\"round\" transform=\"matrix(.75 .00197 -.00197 .75 0 18.75)\" fill=\"none\" d=\"M 0.499998 -0.00131013 L 49.500178 0.000254553\" stroke=\"#000\"><\/path><\/g><g clip-path=\"url(#b)\"><path stroke-linecap=\"round\" transform=\"matrix(-.00633 -.75044 .74997 -.00632 18.69 37.498)\" fill=\"none\" d=\"M 0.497536 0.000809227 L 49.473891 -0.00259276\" stroke=\"#000\"><\/path><\/g><\/svg><\/span>\n\t\t\t\t\t\t\t\t<span class=\"elementor-accordion-icon-opened\"><svg xmlns=\"http:\/\/www.w3.org\/2000\/svg\" width=\"37.5\" viewbox=\"0 0 37.5 37.5\" height=\"37.5\"><defs><clippath id=\"a\"><path d=\"M 0 14 L 37.007812 14 L 37.007812 24 L 0 24 Z M 0 14\"><\/path><\/clippath><\/defs><g clip-path=\"url(#a)\"><path stroke-linecap=\"round\" transform=\"matrix(.75 .00197 -.00197 .75 0 18.75)\" fill=\"none\" d=\"M 0.499998 -0.00131013 L 49.500178 0.000254553\" stroke=\"#000\"><\/path><\/g><\/svg><\/span>\n\t\t\t\t\t\t\t\t\t\t\t\t\t\t<\/span>\n\t\t\t\t\t\t\t\t\t\t\t\t<a class=\"elementor-accordion-title\" tabindex=\"0\">Garang Heng<\/a>\n\t\t\t\t\t<\/div>\n\t\t\t\t\t<div id=\"elementor-tab-content-5975\" class=\"elementor-tab-content elementor-clearfix\" data-tab=\"5\" role=\"region\" aria-labelledby=\"elementor-tab-title-5975\"><p>Hin Klai, tambi\u00e9n conocido como Garang Heng, es un punto de inmersi\u00f3n vers\u00e1til situado al este de Phi Phi Ley y Phi Phi Don, apto para buceadores de todos los niveles de experiencia. Su pin\u00e1culo cil\u00edndrico alcanza los 6 metros de la superficie, por lo que es ideal para buceadores con certificaci\u00f3n Open Water o superior. Este vibrante lugar cuenta con miles de an\u00e9monas, duras cabezas de coral, gigantescas esponjas barril y enormes abanicos de gorgonias. Los buceadores pueden ver con frecuencia tiburones leopardo descansando en el fondo arenoso, junto con bancos de pargos de ojo grande y de dos manchas, fusileros, \u00eddolos moros, peces cofre y peces globo. Con buen ojo, entre los corales y grietas tambi\u00e9n pueden encontrarse criaturas m\u00e1s peque\u00f1as, como peces pipa fantasma, nudibranquios y diversos cangrejos.<\/p><\/div>\n\t\t\t\t<\/div>\n\t\t\t\t\t\t\t<div class=\"elementor-accordion-item\">\n\t\t\t\t\t<div id=\"elementor-tab-title-5976\" class=\"elementor-tab-title\" data-tab=\"6\" role=\"button\" aria-controls=\"elementor-tab-content-5976\" aria-expanded=\"false\">\n\t\t\t\t\t\t\t\t\t\t\t\t\t<span class=\"elementor-accordion-icon elementor-accordion-icon-right\" aria-hidden=\"true\">\n\t\t\t\t\t\t\t\t\t\t\t\t\t\t\t<span class=\"elementor-accordion-icon-closed\"><svg xmlns=\"http:\/\/www.w3.org\/2000\/svg\" width=\"37.5\" viewbox=\"0 0 37.5 37.5\" height=\"37.5\"><defs><clippath id=\"a\"><path d=\"M 0 14 L 37.007812 14 L 37.007812 24 L 0 24 Z M 0 14\"><\/path><\/clippath><clippath id=\"b\"><path d=\"M 14 0 L 23 0 L 23 37.007812 L 14 37.007812 Z M 14 0\"><\/path><\/clippath><\/defs><g clip-path=\"url(#a)\"><path stroke-linecap=\"round\" transform=\"matrix(.75 .00197 -.00197 .75 0 18.75)\" fill=\"none\" d=\"M 0.499998 -0.00131013 L 49.500178 0.000254553\" stroke=\"#000\"><\/path><\/g><g clip-path=\"url(#b)\"><path stroke-linecap=\"round\" transform=\"matrix(-.00633 -.75044 .74997 -.00632 18.69 37.498)\" fill=\"none\" d=\"M 0.497536 0.000809227 L 49.473891 -0.00259276\" stroke=\"#000\"><\/path><\/g><\/svg><\/span>\n\t\t\t\t\t\t\t\t<span class=\"elementor-accordion-icon-opened\"><svg xmlns=\"http:\/\/www.w3.org\/2000\/svg\" width=\"37.5\" viewbox=\"0 0 37.5 37.5\" height=\"37.5\"><defs><clippath id=\"a\"><path d=\"M 0 14 L 37.007812 14 L 37.007812 24 L 0 24 Z M 0 14\"><\/path><\/clippath><\/defs><g clip-path=\"url(#a)\"><path stroke-linecap=\"round\" transform=\"matrix(.75 .00197 -.00197 .75 0 18.75)\" fill=\"none\" d=\"M 0.499998 -0.00131013 L 49.500178 0.000254553\" stroke=\"#000\"><\/path><\/g><\/svg><\/span>\n\t\t\t\t\t\t\t\t\t\t\t\t\t\t<\/span>\n\t\t\t\t\t\t\t\t\t\t\t\t<a class=\"elementor-accordion-title\" tabindex=\"0\">Cueva vikinga<\/a>\n\t\t\t\t\t<\/div>\n\t\t\t\t\t<div id=\"elementor-tab-content-5976\" class=\"elementor-tab-content elementor-clearfix\" data-tab=\"6\" role=\"region\" aria-labelledby=\"elementor-tab-title-5976\"><p>Viking Bay alberga un vivero de coral, lo que aumenta tanto su valor ecol\u00f3gico como su inter\u00e9s subacu\u00e1tico. Los buceadores pueden encontrar una rica variedad de vida marina, como pargos, peces globo, peces le\u00f3n y peces escorpi\u00f3n, con avistamientos ocasionales de tortugas y serpientes marinas, lo que la convierte en un lugar de inmersi\u00f3n irresistible.<\/p><\/div>\n\t\t\t\t<\/div>\n\t\t\t\t\t\t\t\t<\/div>\n\t\t\t\t\t\t<\/div>\n\t\t\t\t\t<\/div>\n\t\t\t\t<\/div>\n\t\t<div class=\"elementor-element elementor-element-7586f93e e-flex e-con-boxed e-con e-child\" data-id=\"7586f93e\" data-element_type=\"container\" data-e-type=\"container\">\n\t\t\t\t\t<div class=\"e-con-inner\">\n\t\t\t\t<div class=\"elementor-element elementor-element-16c292a elementor-widget elementor-widget-video\" data-id=\"16c292a\" data-element_type=\"widget\" data-e-type=\"widget\" data-settings=\"{&quot;video_type&quot;:&quot;hosted&quot;,&quot;autoplay&quot;:&quot;yes&quot;,&quot;loop&quot;:&quot;yes&quot;}\" data-widget_type=\"video.default\">\n\t\t\t\t\t\t\t<div class=\"e-hosted-video elementor-wrapper elementor-open-inline\">\n\t\t\t\t\t<video class=\"elementor-video\" src=\"https:\/\/thailand-divers.com\/wp-content\/uploads\/Phi-Phi-Underwater.mp4\" autoplay=\"\" loop=\"\" controlslist=\"nodownload\"><\/video>\n\t\t\t\t<\/div>\n\t\t\t\t\t\t<\/div>\n\t\t\t\t\t<\/div>\n\t\t\t\t<\/div>\n\t\t\t\t\t<\/div>\n\t\t\t\t<\/div>\n\t\t<div class=\"elementor-element elementor-element-22329d9 e-flex e-con-boxed e-con e-parent\" data-id=\"22329d9\" data-element_type=\"container\" data-e-type=\"container\">\n\t\t\t\t\t<div class=\"e-con-inner\">\n\t\t<div class=\"elementor-element elementor-element-1df5cfb e-con-full e-flex e-con e-child\" data-id=\"1df5cfb\" data-element_type=\"container\" data-e-type=\"container\">\n\t\t\t\t<div class=\"elementor-element elementor-element-34a9138 elementor-widget elementor-widget-image\" data-id=\"34a9138\" data-element_type=\"widget\" data-e-type=\"widget\" data-widget_type=\"image.default\">\n\t\t\t\t\t\t\t\t\t\t\t\t\t\t\t<img decoding=\"async\" width=\"1200\" height=\"900\" src=\"https:\/\/thailand-divers.com\/wp-content\/uploads\/phi-phi-explorer-overnight-scuba-diving-trip.webp\" class=\"attachment-large size-large wp-image-32368\" alt=\"\" srcset=\"https:\/\/thailand-divers.com\/wp-content\/uploads\/phi-phi-explorer-overnight-scuba-diving-trip.webp 1200w, https:\/\/thailand-divers.com\/wp-content\/uploads\/phi-phi-explorer-overnight-scuba-diving-trip-768x576.webp 768w, https:\/\/thailand-divers.com\/wp-content\/uploads\/phi-phi-explorer-overnight-scuba-diving-trip-16x12.webp 16w\" sizes=\"(max-width: 1200px) 100vw, 1200px\" \/>\t\t\t\t\t\t\t\t\t\t\t\t\t\t\t<\/div>\n\t\t\t\t<\/div>\n\t\t<div class=\"elementor-element elementor-element-9fae354 e-con-full e-flex e-con e-child\" data-id=\"9fae354\" data-element_type=\"container\" data-e-type=\"container\">\n\t\t<div class=\"elementor-element elementor-element-79976e94 e-con-full e-flex e-con e-child\" data-id=\"79976e94\" data-element_type=\"container\" data-e-type=\"container\">\n\t\t\t\t<div class=\"elementor-element elementor-element-350a0834 elementor-widget elementor-widget-heading\" data-id=\"350a0834\" data-element_type=\"widget\" data-e-type=\"widget\" data-widget_type=\"heading.default\">\n\t\t\t\t\t<h2 class=\"elementor-heading-title elementor-size-default\">Entre junio y octubre de 2025<\/h2>\t\t\t\t<\/div>\n\t\t\t\t<div class=\"elementor-element elementor-element-52e58cb elementor-widget elementor-widget-heading\" data-id=\"52e58cb\" data-element_type=\"widget\" data-e-type=\"widget\" data-widget_type=\"heading.default\">\n\t\t\t\t\t<h2 class=\"elementor-heading-title elementor-size-default\">Explorador de Phi Phi<\/h2>\t\t\t\t<\/div>\n\t\t\t\t<div class=\"elementor-element elementor-element-ed9d0b5 elementor-widget elementor-widget-heading\" data-id=\"ed9d0b5\" data-element_type=\"widget\" data-e-type=\"widget\" data-widget_type=\"heading.default\">\n\t\t\t\t\t<h2 class=\"elementor-heading-title elementor-size-default\">Viaje nocturno<\/h2>\t\t\t\t<\/div>\n\t\t\t\t<div class=\"elementor-element elementor-element-2fdaf08 elementor-widget__width-initial elementor-widget elementor-widget-heading\" data-id=\"2fdaf08\" data-element_type=\"widget\" data-e-type=\"widget\" data-widget_type=\"heading.default\">\n\t\t\t\t\t<p class=\"elementor-heading-title elementor-size-default\">Visite los seis mejores puntos de inmersi\u00f3n del Parque Nacional Marino de las islas Phi Phi en esta aventura nocturna de submarinismo.<\/p>\t\t\t\t<\/div>\n\t\t\t\t<\/div>\n\t\t\t\t<\/div>\n\t\t\t\t\t<\/div>\n\t\t\t\t<\/div>\n\t\t\t\t<\/div>","protected":false},"excerpt":{"rendered":"<p>Best Diving Spots in Phuket 2D\/1N 14,900 THB USD$450 \/ \u20ac400 Koh Bida Nai This small limestone island offers steep walls, sloping reefs, and hidden caverns teeming with colourful corals and sponges. Divers often encounter black-tip reef sharks, schools of snapper, clownfish, and occasionally turtles or leopard sharks. Suitable for all experience levels, Bida Nai [&hellip;]<\/p>\n","protected":false},"author":1,"featured_media":25468,"parent":0,"menu_order":0,"comment_status":"closed","ping_status":"closed","template":"","meta":{"_angie_page":false,"footnotes":""},"hf_cat_page":[],"class_list":["post-32362","page","type-page","status-publish","has-post-thumbnail","hentry"],"_links":{"self":[{"href":"https:\/\/thailand-divers.com\/es\/wp-json\/wp\/v2\/pages\/32362","targetHints":{"allow":["GET"]}}],"collection":[{"href":"https:\/\/thailand-divers.com\/es\/wp-json\/wp\/v2\/pages"}],"about":[{"href":"https:\/\/thailand-divers.com\/es\/wp-json\/wp\/v2\/types\/page"}],"author":[{"embeddable":true,"href":"https:\/\/thailand-divers.com\/es\/wp-json\/wp\/v2\/users\/1"}],"replies":[{"embeddable":true,"href":"https:\/\/thailand-divers.com\/es\/wp-json\/wp\/v2\/comments?post=32362"}],"version-history":[{"count":23,"href":"https:\/\/thailand-divers.com\/es\/wp-json\/wp\/v2\/pages\/32362\/revisions"}],"predecessor-version":[{"id":35138,"href":"https:\/\/thailand-divers.com\/es\/wp-json\/wp\/v2\/pages\/32362\/revisions\/35138"}],"wp:featuredmedia":[{"embeddable":true,"href":"https:\/\/thailand-divers.com\/es\/wp-json\/wp\/v2\/media\/25468"}],"wp:attachment":[{"href":"https:\/\/thailand-divers.com\/es\/wp-json\/wp\/v2\/media?parent=32362"}],"wp:term":[{"taxonomy":"hf_cat_page","embeddable":true,"href":"https:\/\/thailand-divers.com\/es\/wp-json\/wp\/v2\/hf_cat_page?post=32362"}],"curies":[{"name":"wp","href":"https:\/\/api.w.org\/{rel}","templated":true}]}}