{"id":23151,"date":"2023-10-14T10:59:55","date_gmt":"2023-10-14T09:59:55","guid":{"rendered":"https:\/\/eppr3oexnu-staging.onrocket.site\/?page_id=23151"},"modified":"2026-03-22T09:06:32","modified_gmt":"2026-03-22T09:06:32","slug":"scuba-diving-insurance","status":"publish","type":"page","link":"https:\/\/thailand-divers.com\/es\/seguro-de-buceo\/","title":{"rendered":"Seguro de buceo"},"content":{"rendered":"<div data-elementor-type=\"wp-page\" data-elementor-id=\"23151\" class=\"elementor elementor-23151\" data-elementor-post-type=\"page\">\n\t\t\t\t<div class=\"elementor-element elementor-element-c7f0a9f e-flex e-con-boxed e-con e-parent\" data-id=\"c7f0a9f\" data-element_type=\"container\" data-e-type=\"container\" data-settings=\"{&quot;background_background&quot;:&quot;classic&quot;}\">\n\t\t\t\t\t<div class=\"e-con-inner\">\n\t\t<div class=\"elementor-element elementor-element-8b6b874 e-flex e-con-boxed e-con e-child\" data-id=\"8b6b874\" data-element_type=\"container\" data-e-type=\"container\">\n\t\t\t\t\t<div class=\"e-con-inner\">\n\t\t\t\t<div class=\"elementor-element elementor-element-80a59d9 elementor-widget elementor-widget-heading\" data-id=\"80a59d9\" data-element_type=\"widget\" data-e-type=\"widget\" data-widget_type=\"heading.default\">\n\t\t\t\t\t<h2 class=\"elementor-heading-title elementor-size-default\">Buceadores<\/h2>\t\t\t\t<\/div>\n\t\t\t\t<div class=\"elementor-element elementor-element-3b85966 elementor-widget elementor-widget-heading\" data-id=\"3b85966\" data-element_type=\"widget\" data-e-type=\"widget\" data-widget_type=\"heading.default\">\n\t\t\t\t\t<h2 class=\"elementor-heading-title elementor-size-default\">Cu\u00eddate.<\/h2>\t\t\t\t<\/div>\n\t\t\t\t<div class=\"elementor-element elementor-element-337aa11 elementor-widget__width-initial elementor-widget elementor-widget-heading\" data-id=\"337aa11\" data-element_type=\"widget\" data-e-type=\"widget\" data-widget_type=\"heading.default\">\n\t\t\t\t\t<p class=\"elementor-heading-title elementor-size-default\">Le recomendamos encarecidamente que invierta en su propia cobertura personal de buceo, especialmente si bucea en un pa\u00eds extranjero. Pueden surgir situaciones inesperadas, y tener un seguro a todo riesgo te garantiza estar protegido frente a cualquier gasto m\u00e9dico o incidente relacionado con el buceo.\n<br><br>\nSi actualmente no dispone de un seguro de buceo personal, \u00a1no se preocupe!<br><br>\nDAN World y Dive Assist ofrecen una forma asequible de obtener cobertura temporal durante tus actividades de buceo en Tailandia si no necesitas cobertura durante todo el a\u00f1o.<\/p>\t\t\t\t<\/div>\n\t\t\t\t<div class=\"elementor-element elementor-element-837f17e elementor-widget__width-initial elementor-widget elementor-widget-heading\" data-id=\"837f17e\" data-element_type=\"widget\" data-e-type=\"widget\" data-widget_type=\"heading.default\">\n\t\t\t\t\t<p class=\"elementor-heading-title elementor-size-default\"><a href=\"https:\/\/apps.dan.org\/short-term\/?token=~b181Rb3keg1s68gi14cn2g6gOg331Fv21BgZgC4s4b9dEg9gg9hG4U1K31\" target=\"_blank\" rel=\"noopener\">www.dan.org<\/a><\/p>\t\t\t\t<\/div>\n\t\t\t\t\t<\/div>\n\t\t\t\t<\/div>\n\t\t<div class=\"elementor-element elementor-element-044f269 e-flex e-con-boxed e-con e-child\" data-id=\"044f269\" data-element_type=\"container\" data-e-type=\"container\">\n\t\t\t\t\t<div class=\"e-con-inner\">\n\t\t\t\t<div class=\"elementor-element elementor-element-5feef77 elementor-widget elementor-widget-image\" data-id=\"5feef77\" data-element_type=\"widget\" data-e-type=\"widget\" data-widget_type=\"image.default\">\n\t\t\t\t\t\t\t\t\t\t\t\t\t\t\t\t<a href=\"https:\/\/apps.dan.org\/short-term\/?token=~b181Rb3keg1s68gi14cn2g6gOg331Fv21BgZgC4s4b9dEg9gg9hG4U1K31\" target=\"_blank\" rel=\"noopener\">\n\t\t\t\t\t\t\t<img decoding=\"async\" width=\"320\" height=\"550\" src=\"https:\/\/thailand-divers.com\/wp-content\/uploads\/DAN-insurance-1.jpg\" class=\"attachment-large size-large wp-image-31718\" alt=\"\" srcset=\"https:\/\/thailand-divers.com\/wp-content\/uploads\/DAN-insurance-1.jpg 320w, https:\/\/thailand-divers.com\/wp-content\/uploads\/DAN-insurance-1-7x12.jpg 7w\" sizes=\"(max-width: 320px) 100vw, 320px\" \/>\t\t\t\t\t\t\t\t<\/a>\n\t\t\t\t\t\t\t\t\t\t\t\t\t\t\t<\/div>\n\t\t\t\t\t<\/div>\n\t\t\t\t<\/div>\n\t\t\t\t\t<\/div>\n\t\t\t\t<\/div>\n\t\t<div class=\"elementor-element elementor-element-c451cc0 e-flex e-con-boxed e-con e-parent\" data-id=\"c451cc0\" data-element_type=\"container\" data-e-type=\"container\" data-settings=\"{&quot;background_background&quot;:&quot;classic&quot;}\">\n\t\t\t\t\t<div class=\"e-con-inner\">\n\t\t<div class=\"elementor-element elementor-element-aff0d9a e-flex e-con-boxed e-con e-child\" data-id=\"aff0d9a\" data-element_type=\"container\" data-e-type=\"container\">\n\t\t\t\t\t<div class=\"e-con-inner\">\n\t\t\t\t<div class=\"elementor-element elementor-element-4e7c124 elementor-widget elementor-widget-heading\" data-id=\"4e7c124\" data-element_type=\"widget\" data-e-type=\"widget\" data-widget_type=\"heading.default\">\n\t\t\t\t\t<h1 class=\"elementor-heading-title elementor-size-default\">Seguro de buceo<\/h1>\t\t\t\t<\/div>\n\t\t\t\t<div class=\"elementor-element elementor-element-73f74b2 elementor-widget elementor-widget-heading\" data-id=\"73f74b2\" data-element_type=\"widget\" data-e-type=\"widget\" data-widget_type=\"heading.default\">\n\t\t\t\t\t<h2 class=\"elementor-heading-title elementor-size-default\">Incluido para nuevos buceadores<\/h2>\t\t\t\t<\/div>\n\t\t\t\t<div class=\"elementor-element elementor-element-9681015 elementor-widget__width-initial elementor-widget elementor-widget-heading\" data-id=\"9681015\" data-element_type=\"widget\" data-e-type=\"widget\" data-widget_type=\"heading.default\">\n\t\t\t\t\t<p class=\"elementor-heading-title elementor-size-default\">Cuando reserva un curso Discover Scuba Diving, Explore scuba o Open water diver con Thailand Divers, puede estar seguro de que est\u00e1 totalmente asegurado para todas las actividades de buceo mientras est\u00e9 con nosotros. Registramos a todos nuestros alumnos en DiveAssist.org, un proveedor l\u00edder de seguros de buceo. \n<br><br>Esto significa que recibir\u00e1 una p\u00f3liza de seguro de buceo personal enviada a su direcci\u00f3n de correo electr\u00f3nico antes del curso de buceo.\n\nProporcionamos este seguro a todos nuestros estudiantes porque queremos asegurarnos de que est\u00e1s seguro y protegido mientras aprendes a bucear.\n\nTambi\u00e9n queremos darle tranquilidad para que pueda centrarse en disfrutar de su curso de buceo.<\/p>\t\t\t\t<\/div>\n\t\t\t\t<div class=\"elementor-element elementor-element-71bad16 elementor-widget__width-initial elementor-widget elementor-widget-heading\" data-id=\"71bad16\" data-element_type=\"widget\" data-e-type=\"widget\" data-widget_type=\"heading.default\">\n\t\t\t\t\t<p class=\"elementor-heading-title elementor-size-default\"><a href=\"https:\/\/diveassist.org\/world-diveassist-scuba-diveqr\/?unlock=Qytb65GDF98LMY-837xhre&#038;ref=15\" target=\"_blank\" rel=\"noopener\">DiveAssist.org<\/a><\/p>\t\t\t\t<\/div>\n\t\t\t\t\t<\/div>\n\t\t\t\t<\/div>\n\t\t<div class=\"elementor-element elementor-element-737ad52 e-flex e-con-boxed e-con e-child\" data-id=\"737ad52\" data-element_type=\"container\" data-e-type=\"container\">\n\t\t\t\t\t<div class=\"e-con-inner\">\n\t\t\t\t<div class=\"elementor-element elementor-element-127c509 elementor-widget elementor-widget-image\" data-id=\"127c509\" data-element_type=\"widget\" data-e-type=\"widget\" data-widget_type=\"image.default\">\n\t\t\t\t\t\t\t\t\t\t\t\t\t\t\t<img decoding=\"async\" width=\"1200\" height=\"900\" src=\"https:\/\/thailand-divers.com\/wp-content\/uploads\/Coral-reef-scuba-diving-phuket-thailand-3.webp\" class=\"attachment-large size-large wp-image-25203\" alt=\"Grupo de submarinistas explorando un arrecife de coral en Phuket, Tailandia, rodeados de vibrante vida marina.\" srcset=\"https:\/\/thailand-divers.com\/wp-content\/uploads\/Coral-reef-scuba-diving-phuket-thailand-3.webp 1200w, https:\/\/thailand-divers.com\/wp-content\/uploads\/Coral-reef-scuba-diving-phuket-thailand-3-768x576.webp 768w, https:\/\/thailand-divers.com\/wp-content\/uploads\/Coral-reef-scuba-diving-phuket-thailand-3-16x12.webp 16w\" sizes=\"(max-width: 1200px) 100vw, 1200px\" \/>\t\t\t\t\t\t\t\t\t\t\t\t\t\t\t<\/div>\n\t\t\t\t\t<\/div>\n\t\t\t\t<\/div>\n\t\t\t\t\t<\/div>\n\t\t\t\t<\/div>\n\t\t<div class=\"elementor-element elementor-element-cdeb265 e-flex e-con-boxed e-con e-parent\" data-id=\"cdeb265\" data-element_type=\"container\" data-e-type=\"container\" data-settings=\"{&quot;background_background&quot;:&quot;classic&quot;}\">\n\t\t\t\t\t<div class=\"e-con-inner\">\n\t\t<div class=\"elementor-element elementor-element-dd047be e-flex e-con-boxed e-con e-child\" data-id=\"dd047be\" data-element_type=\"container\" data-e-type=\"container\">\n\t\t\t\t\t<div class=\"e-con-inner\">\n\t\t\t\t<div class=\"elementor-element elementor-element-c7f623a elementor-widget elementor-widget-heading\" data-id=\"c7f623a\" data-element_type=\"widget\" data-e-type=\"widget\" data-widget_type=\"heading.default\">\n\t\t\t\t\t<h2 class=\"elementor-heading-title elementor-size-default\">Importante para todos<\/h2>\t\t\t\t<\/div>\n\t\t\t\t<div class=\"elementor-element elementor-element-9ae5bf0 elementor-widget elementor-widget-heading\" data-id=\"9ae5bf0\" data-element_type=\"widget\" data-e-type=\"widget\" data-widget_type=\"heading.default\">\n\t\t\t\t\t<h2 class=\"elementor-heading-title elementor-size-default\">Volar despu\u00e9s de bucear<\/h2>\t\t\t\t<\/div>\n\t\t\t\t<div class=\"elementor-element elementor-element-a9ae19e elementor-widget__width-initial elementor-widget elementor-widget-heading\" data-id=\"a9ae19e\" data-element_type=\"widget\" data-e-type=\"widget\" data-widget_type=\"heading.default\">\n\t\t\t\t\t<p class=\"elementor-heading-title elementor-size-default\">Un aspecto importante que debe tener en cuenta al planificar sus vacaciones de buceo son las fechas y horarios de su vuelo, que determinar\u00e1n su programa de inmersiones. Cuando se bucea, se acumula nitr\u00f3geno en el cuerpo, lo cual es normal, y hay que asegurarse de expulsarlo hasta una cantidad saludable antes de subir a la altitud. \n\n<b><br><br>Regla 1. Necesitas 18 horas antes de ir a la altitud\n\n<span style=\"font-weight: normal\">Diferentes organizaciones dir\u00e1n cosas diferentes cuando se trata de las horas necesarias en tierra antes de ir a la altitud, pero PADI actualmente establece que usted necesita <\/span><\/b>12 horas antes de volar si has hecho una inmersi\u00f3n y 18 horas si vas a hacer varias inmersiones en varios d\u00edas. Esto significa que si has estado buceando durante una semana y vas a volar a la 1 de la tarde, puedes bucear hasta las 5 de la tarde del d\u00eda anterior sin peligro.\n<br><br>\nA mucha gente le gusta darse 24 horas para ser precavidos y porque les gustar\u00eda pasar un rato relaj\u00e1ndose en la playa el \u00faltimo d\u00eda de vacaciones. Pero si eres un fan\u00e1tico del buceo, 18 horas es lo que necesitas, incluso si buceas mucho desde un barco. Eso s\u00ed, como siempre, aseg\u00farate de llevar a cabo pr\u00e1cticas de buceo conservadoras y evita sobrepasar tus l\u00edmites de no descompresi\u00f3n cuando bucees.<b style=\"font-weight: bold\">\n\n<br><br><\/b><b style=\"font-weight: bold\">Regla 2. La altitud no s\u00f3lo significa volar. <\/b>Si bucea y luego planea subir las monta\u00f1as en coche para llegar a su pr\u00f3ximo destino, esto tambi\u00e9n cuenta como altitud. Todo lo que supere los 300 metros\/1000 pies cuenta como altitud porque la presi\u00f3n atmosf\u00e9rica desciende, as\u00ed que tenlo en cuenta cuando planifiques tus viajes posteriores a la inmersi\u00f3n.\n\n<b><br><br>Regla 3: Bucear despu\u00e9s de volar est\u00e1 bien\n<\/b><br>\nA diferencia de bucear despu\u00e9s de volar, no es necesario esperar antes de bucear despu\u00e9s de haber volado. La preocupaci\u00f3n de volar despu\u00e9s de bucear es la acumulaci\u00f3n de nitr\u00f3geno en el cuerpo, pero esto no es un factor cuando se acaba de desembarcar de un avi\u00f3n. En teor\u00eda, podr\u00eda saltar directamente del avi\u00f3n al agua (aunque se lo desaconsejamos encarecidamente a menos que sea un profesional cualificado).\n\nHasta aqu\u00ed las tres sencillas reglas para volar y bucear. F\u00e1cil, \u00bfverdad? <br>Que tenga unas fant\u00e1sticas vacaciones de buceo. \u00a1Esperamos bucear con usted alg\u00fan d\u00eda!\n\n\u00a1Feliz inmersi\u00f3n!<\/p>\t\t\t\t<\/div>\n\t\t\t\t<div class=\"elementor-element elementor-element-5d76ffb elementor-widget elementor-widget-heading\" data-id=\"5d76ffb\" data-element_type=\"widget\" data-e-type=\"widget\" data-widget_type=\"heading.default\">\n\t\t\t\t\t<p class=\"elementor-heading-title elementor-size-default\"><a href=\"https:\/\/thailand-divers.com\/instructors\/\">Informaci\u00f3n para instructores <\/a><\/p>\t\t\t\t<\/div>\n\t\t\t\t\t<\/div>\n\t\t\t\t<\/div>\n\t\t<div class=\"elementor-element elementor-element-1de3430 e-flex e-con-boxed e-con e-child\" data-id=\"1de3430\" data-element_type=\"container\" data-e-type=\"container\">\n\t\t\t\t\t<div class=\"e-con-inner\">\n\t\t\t\t<div class=\"elementor-element elementor-element-f29f4db elementor-widget elementor-widget-image\" data-id=\"f29f4db\" data-element_type=\"widget\" data-e-type=\"widget\" data-widget_type=\"image.default\">\n\t\t\t\t\t\t\t\t\t\t\t\t\t\t\t\t<a href=\"https:\/\/thailand-divers.com\/phuket-airport\/\" target=\"_blank\">\n\t\t\t\t\t\t\t<img decoding=\"async\" width=\"510\" height=\"340\" src=\"https:\/\/thailand-divers.com\/wp-content\/uploads\/1-13.webp\" class=\"attachment-large size-large wp-image-20802\" alt=\"Alquiler de coches en el aeropuerto de Phuket\" srcset=\"https:\/\/thailand-divers.com\/wp-content\/uploads\/1-13.webp 510w, https:\/\/thailand-divers.com\/wp-content\/uploads\/1-13-18x12.webp 18w\" sizes=\"(max-width: 510px) 100vw, 510px\" \/>\t\t\t\t\t\t\t\t<\/a>\n\t\t\t\t\t\t\t\t\t\t\t\t\t\t\t<\/div>\n\t\t\t\t\t<\/div>\n\t\t\t\t<\/div>\n\t\t\t\t\t<\/div>\n\t\t\t\t<\/div>\n\t\t\t\t<\/div>","protected":false},"excerpt":{"rendered":"<p>Scuba Divers Look After Yourself. We strongly recommend investing in your own personal scuba coverage, especially while diving in a foreign country. Unexpected situations can arise, and having comprehensive insurance ensures you\u2019re protected against any medical expenses or dive-related incidents. If you don\u2019t currently have personal scuba insurance, don\u2019t worry! DAN World and Dive Assist [&hellip;]<\/p>\n","protected":false},"author":1,"featured_media":25427,"parent":0,"menu_order":0,"comment_status":"closed","ping_status":"closed","template":"","meta":{"_angie_page":false,"footnotes":""},"hf_cat_page":[],"class_list":["post-23151","page","type-page","status-publish","has-post-thumbnail","hentry"],"_links":{"self":[{"href":"https:\/\/thailand-divers.com\/es\/wp-json\/wp\/v2\/pages\/23151","targetHints":{"allow":["GET"]}}],"collection":[{"href":"https:\/\/thailand-divers.com\/es\/wp-json\/wp\/v2\/pages"}],"about":[{"href":"https:\/\/thailand-divers.com\/es\/wp-json\/wp\/v2\/types\/page"}],"author":[{"embeddable":true,"href":"https:\/\/thailand-divers.com\/es\/wp-json\/wp\/v2\/users\/1"}],"replies":[{"embeddable":true,"href":"https:\/\/thailand-divers.com\/es\/wp-json\/wp\/v2\/comments?post=23151"}],"version-history":[{"count":33,"href":"https:\/\/thailand-divers.com\/es\/wp-json\/wp\/v2\/pages\/23151\/revisions"}],"predecessor-version":[{"id":37358,"href":"https:\/\/thailand-divers.com\/es\/wp-json\/wp\/v2\/pages\/23151\/revisions\/37358"}],"wp:featuredmedia":[{"embeddable":true,"href":"https:\/\/thailand-divers.com\/es\/wp-json\/wp\/v2\/media\/25427"}],"wp:attachment":[{"href":"https:\/\/thailand-divers.com\/es\/wp-json\/wp\/v2\/media?parent=23151"}],"wp:term":[{"taxonomy":"hf_cat_page","embeddable":true,"href":"https:\/\/thailand-divers.com\/es\/wp-json\/wp\/v2\/hf_cat_page?post=23151"}],"curies":[{"name":"wp","href":"https:\/\/api.w.org\/{rel}","templated":true}]}}