{"id":4112,"date":"2021-11-18T22:25:56","date_gmt":"2021-11-18T22:25:56","guid":{"rendered":"https:\/\/eppr3oexnu-staging.onrocket.site\/?page_id=4112"},"modified":"2025-07-21T09:54:41","modified_gmt":"2025-07-21T08:54:41","slug":"privacy-policy","status":"publish","type":"page","link":"https:\/\/thailand-divers.com\/de\/datenschutzbestimmungen\/","title":{"rendered":"Datenschutzbestimmungen"},"content":{"rendered":"<div data-elementor-type=\"wp-page\" data-elementor-id=\"4112\" class=\"elementor elementor-4112\" data-elementor-post-type=\"page\">\n\t\t\t\t<div class=\"elementor-element elementor-element-7862f5d e-flex e-con-boxed e-con e-parent\" data-id=\"7862f5d\" data-element_type=\"container\" data-e-type=\"container\">\n\t\t\t\t\t<div class=\"e-con-inner\">\n\t\t\t\t<div class=\"elementor-element elementor-element-202b2d3c elementor-widget elementor-widget-heading\" data-id=\"202b2d3c\" data-element_type=\"widget\" data-e-type=\"widget\" data-widget_type=\"heading.default\">\n\t\t\t\t\t<p class=\"elementor-heading-title elementor-size-default\">Thailand<\/p>\t\t\t\t<\/div>\n\t\t\t\t<div class=\"elementor-element elementor-element-36800853 elementor-widget elementor-widget-heading\" data-id=\"36800853\" data-element_type=\"widget\" data-e-type=\"widget\" data-widget_type=\"heading.default\">\n\t\t\t\t\t<h1 class=\"elementor-heading-title elementor-size-default\">Datenschutzbestimmungen<\/h1>\t\t\t\t<\/div>\n\t\t\t\t<div class=\"elementor-element elementor-element-3a77d0b8 elementor-widget__width-initial elementor-widget elementor-widget-heading\" data-id=\"3a77d0b8\" data-element_type=\"widget\" data-e-type=\"widget\" data-widget_type=\"heading.default\">\n\t\t\t\t\t<p class=\"elementor-heading-title elementor-size-default\">Wer wir sind.\n<br>\nUnsere Website-Adresse lautet thailand-divers.com\n<br><br>\nKommentare\n<br>\nWenn Besucher Kommentare auf der Website hinterlassen, erfassen wir die im Kommentarformular angezeigten Daten sowie die IP-Adresse und den User-Agent-String des Browsers des Besuchers, um die Spam-Erkennung zu erleichtern.\n<br>\nEine anonymisierte Zeichenfolge, die aus Ihrer E-Mail-Adresse erstellt wird (auch Hash genannt), kann dem Gravatar-Dienst zur Verf\u00fcgung gestellt werden, um zu sehen, ob Sie ihn benutzen. Die Datenschutzrichtlinien des Gravatar-Dienstes finden Sie hier: https:\/\/automattic.com\/privacy\/. Nach der Freigabe Ihres Kommentars ist Ihr Profilbild im Zusammenhang mit Ihrem Kommentar \u00f6ffentlich sichtbar.\n<br><br>\nMedien\n<br>\nWenn Sie Bilder auf die Website hochladen, sollten Sie es vermeiden, Bilder hochzuladen, die eingebettete Standortdaten (EXIF-GPS) enthalten. Die Besucher der Website k\u00f6nnen alle Standortdaten von den Bildern auf der Website herunterladen und extrahieren.\n<br><br>\nCookies\n<br>\nWenn Sie einen Kommentar auf unserer Website hinterlassen, k\u00f6nnen Sie sich damit einverstanden erkl\u00e4ren, dass Ihr Name, Ihre E-Mail-Adresse und Ihre Website in Cookies gespeichert werden. Diese dienen Ihrer Bequemlichkeit, damit Sie Ihre Daten nicht erneut eingeben m\u00fcssen, wenn Sie einen weiteren Kommentar hinterlassen. Diese Cookies bleiben ein Jahr lang gespeichert.\n<br><br>\nWenn Sie unsere Anmeldeseite besuchen, setzen wir ein tempor\u00e4res Cookie, um festzustellen, ob Ihr Browser Cookies zul\u00e4sst. Dieses Cookie enth\u00e4lt keine pers\u00f6nlichen Daten und wird gel\u00f6scht, wenn Sie Ihren Browser schlie\u00dfen.\n<br><br>\nWenn Sie sich anmelden, legen wir au\u00dferdem mehrere Cookies an, um Ihre Anmeldeinformationen und die von Ihnen gew\u00e4hlten Bildschirmoptionen zu speichern. Die Anmelde-Cookies bleiben zwei Tage lang gespeichert, die Cookies f\u00fcr die Bildschirmoptionen ein Jahr lang. Wenn Sie \"Remember Me\" w\u00e4hlen, bleibt Ihr Login zwei Wochen lang erhalten. Wenn Sie sich von Ihrem Konto abmelden, werden die Anmelde-Cookies entfernt.\n<br><br>\nWenn Sie einen Artikel bearbeiten oder ver\u00f6ffentlichen, wird ein zus\u00e4tzliches Cookie in Ihrem Browser gespeichert. Dieses Cookie enth\u00e4lt keine pers\u00f6nlichen Daten und zeigt lediglich die Post-ID des Artikels an, den Sie gerade bearbeitet haben. Er verf\u00e4llt nach 1 Tag.\n<br><br>\nEingebettete Inhalte von anderen Websites\n<br>\nDie Artikel auf dieser Website k\u00f6nnen eingebettete Inhalte (z. B. Videos, Bilder, Artikel usw.) enthalten. Eingebettete Inhalte von anderen Websites verhalten sich genau so, als ob der Besucher die andere Website besucht h\u00e4tte.\n<br><br>\nDiese Websites k\u00f6nnen Daten \u00fcber Sie sammeln, Cookies verwenden, zus\u00e4tzliche Trackingfunktionen von Dritten einbetten und Ihre Interaktion mit diesen eingebetteten Inhalten \u00fcberwachen, einschlie\u00dflich der Verfolgung Ihrer Interaktion mit den eingebetteten Inhalten, wenn Sie ein Konto haben und auf dieser Website angemeldet sind.\n<br><br>\nMit wem wir Ihre Daten teilen\n<br>\nWenn Sie ein neues Passwort anfordern, wird Ihre IP-Adresse in der E-Mail mit dem neuen Passwort angegeben.\n<br><br>\nWie lange wir Ihre Daten aufbewahren\n<br>\nWenn Sie einen Kommentar hinterlassen, werden der Kommentar und seine Metadaten auf unbestimmte Zeit gespeichert. Auf diese Weise k\u00f6nnen wir Folgekommentare automatisch erkennen und genehmigen, anstatt sie in einer Moderationswarteschlange zu halten.\n<br><br>\nF\u00fcr Benutzer, die sich auf unserer Website registrieren (falls vorhanden), speichern wir auch die pers\u00f6nlichen Informationen, die sie in ihrem Benutzerprofil angeben. Alle Nutzer k\u00f6nnen ihre pers\u00f6nlichen Daten jederzeit einsehen, bearbeiten oder l\u00f6schen (sie k\u00f6nnen jedoch ihren Benutzernamen nicht \u00e4ndern). Auch die Administratoren der Website k\u00f6nnen diese Informationen einsehen und bearbeiten.\n<br><br>\nWelche Rechte Sie an Ihren Daten haben\n<br>\nWenn Sie ein Konto auf dieser Website haben oder Kommentare hinterlassen haben, k\u00f6nnen Sie eine exportierte Datei mit den personenbezogenen Daten anfordern, die wir \u00fcber Sie gespeichert haben, einschlie\u00dflich aller Daten, die Sie uns zur Verf\u00fcgung gestellt haben. Sie k\u00f6nnen auch verlangen, dass wir alle personenbezogenen Daten, die wir \u00fcber Sie gespeichert haben, l\u00f6schen. Davon ausgenommen sind Daten, die wir aus administrativen, rechtlichen oder Sicherheitsgr\u00fcnden aufbewahren m\u00fcssen.\n<br><br>\nWohin wir Ihre Daten senden\n<br>\nDie Kommentare der Besucher k\u00f6nnen durch einen automatischen Spam-Erkennungsdienst \u00fcberpr\u00fcft werden.<\/p>\t\t\t\t<\/div>\n\t\t\t\t<div class=\"elementor-element elementor-element-5040083 elementor-widget elementor-widget-heading\" data-id=\"5040083\" data-element_type=\"widget\" data-e-type=\"widget\" data-widget_type=\"heading.default\">\n\t\t\t\t\t<h1 class=\"elementor-heading-title elementor-size-default\">R\u00fcckgabepolitik<\/h1>\t\t\t\t<\/div>\n\t\t\t\t<div class=\"elementor-element elementor-element-c221355 elementor-widget elementor-widget-text-editor\" data-id=\"c221355\" data-element_type=\"widget\" data-e-type=\"widget\" data-widget_type=\"text-editor.default\">\n\t\t\t\t\t\t\t\t\t<div class=\"edit-section _ngcontent-jwp-37\"><div class=\"edit-section-content _ngcontent-jwp-37\"><div class=\"signal-content _ngcontent-jwp-37\"><div class=\"signal-title-row _ngcontent-jwp-37\"><span style=\"text-decoration: underline;\"><strong>R\u00fcckgabe<\/strong><\/span><\/div><div class=\"signal-value-row _ngcontent-jwp-37\"><div class=\"signal-value-text _ngcontent-jwp-37\">Annahme von R\u00fccksendungen sowohl f\u00fcr defekte als auch f\u00fcr nicht defekte Produkte<\/div><\/div><\/div><div class=\"signal-content _ngcontent-jwp-37\"><div class=\"signal-title-row _ngcontent-jwp-37\">Umtausch = Umtausch akzeptieren<\/div><\/div><p><br \/><span style=\"text-decoration: underline;\"><strong>Produktzustand &amp; Fenster<\/strong><\/span><br \/>Produktzustand = Neu und leicht gebraucht<br \/>Fenster=Lebensdauer<\/p><\/div><\/div><div class=\"edit-section _ngcontent-jwp-37\"><div class=\"edit-section-title _ngcontent-jwp-37\"><strong><span style=\"text-decoration: underline;\">Methode &amp; Geb\u00fchren<\/span><\/strong><\/div><div class=\"edit-section-content _ngcontent-jwp-37\"><div class=\"signal-content _ngcontent-jwp-37\"><div class=\"signal-title-row _ngcontent-jwp-37\">Methode= Im Laden<\/div><\/div><div class=\"signal-content _ngcontent-jwp-37\"><div class=\"signal-title-row _ngcontent-jwp-37\">Wiedereinlagerungsgeb\u00fchren = keine Kosten<\/div><\/div><div class=\"signal-content _ngcontent-jwp-37\"><div class=\"signal-title-row _ngcontent-jwp-37\">Bearbeitungszeit f\u00fcr die Erstattung = 1 Tag<\/div><\/div><\/div><\/div>\t\t\t\t\t\t\t\t<\/div>\n\t\t\t\t\t<\/div>\n\t\t\t\t<\/div>\n\t\t\t\t<\/div>","protected":false},"excerpt":{"rendered":"<p>Thailand divers Privacy Policy Who we are. Our website address is thailand-divers.com Comments When visitors leave comments on the site we collect the data shown in the comments form, and also the visitor\u2019s IP address and browser user agent string to help spam detection. An anonymised string created from your email address (also called a [&hellip;]<\/p>\n","protected":false},"author":1,"featured_media":0,"parent":0,"menu_order":0,"comment_status":"closed","ping_status":"closed","template":"","meta":{"_angie_page":false,"footnotes":""},"hf_cat_page":[],"class_list":["post-4112","page","type-page","status-publish","hentry"],"_links":{"self":[{"href":"https:\/\/thailand-divers.com\/de\/wp-json\/wp\/v2\/pages\/4112","targetHints":{"allow":["GET"]}}],"collection":[{"href":"https:\/\/thailand-divers.com\/de\/wp-json\/wp\/v2\/pages"}],"about":[{"href":"https:\/\/thailand-divers.com\/de\/wp-json\/wp\/v2\/types\/page"}],"author":[{"embeddable":true,"href":"https:\/\/thailand-divers.com\/de\/wp-json\/wp\/v2\/users\/1"}],"replies":[{"embeddable":true,"href":"https:\/\/thailand-divers.com\/de\/wp-json\/wp\/v2\/comments?post=4112"}],"version-history":[{"count":12,"href":"https:\/\/thailand-divers.com\/de\/wp-json\/wp\/v2\/pages\/4112\/revisions"}],"predecessor-version":[{"id":35402,"href":"https:\/\/thailand-divers.com\/de\/wp-json\/wp\/v2\/pages\/4112\/revisions\/35402"}],"wp:attachment":[{"href":"https:\/\/thailand-divers.com\/de\/wp-json\/wp\/v2\/media?parent=4112"}],"wp:term":[{"taxonomy":"hf_cat_page","embeddable":true,"href":"https:\/\/thailand-divers.com\/de\/wp-json\/wp\/v2\/hf_cat_page?post=4112"}],"curies":[{"name":"wp","href":"https:\/\/api.w.org\/{rel}","templated":true}]}}