{"id":35591,"date":"2025-09-03T15:03:14","date_gmt":"2025-09-03T14:03:14","guid":{"rendered":"https:\/\/thailand-divers.com\/?page_id=35591"},"modified":"2025-11-21T11:43:26","modified_gmt":"2025-11-21T11:43:26","slug":"padi-medical-forms","status":"publish","type":"page","link":"https:\/\/thailand-divers.com\/de\/padi-medizinische-formulare\/","title":{"rendered":"PADI Medizinische Formulare"},"content":{"rendered":"<div data-elementor-type=\"wp-page\" data-elementor-id=\"35591\" class=\"elementor elementor-35591\" data-elementor-post-type=\"page\">\n\t\t\t\t<div class=\"elementor-element elementor-element-69fbaf0f e-flex e-con-boxed e-con e-parent\" data-id=\"69fbaf0f\" data-element_type=\"container\" data-e-type=\"container\" data-settings=\"{&quot;background_background&quot;:&quot;classic&quot;}\">\n\t\t\t\t\t<div class=\"e-con-inner\">\n\t\t<div class=\"elementor-element elementor-element-1547ee13 e-con-full e-flex e-con e-child\" data-id=\"1547ee13\" data-element_type=\"container\" data-e-type=\"container\">\n\t\t\t\t<div class=\"elementor-element elementor-element-23038d90 elementor-widget__width-initial elementor-widget elementor-widget-heading\" data-id=\"23038d90\" data-element_type=\"widget\" data-e-type=\"widget\" data-widget_type=\"heading.default\">\n\t\t\t\t\t<h2 class=\"elementor-heading-title elementor-size-default\">\u00c4rztliche Stellungnahme<\/h2>\t\t\t\t<\/div>\n\t\t\t\t<div class=\"elementor-element elementor-element-26a4249d elementor-widget__width-initial elementor-widget elementor-widget-heading\" data-id=\"26a4249d\" data-element_type=\"widget\" data-e-type=\"widget\" data-widget_type=\"heading.default\">\n\t\t\t\t\t<h2 class=\"elementor-heading-title elementor-size-default\">Sind Sie fit zum Tauchen?<\/h2>\t\t\t\t<\/div>\n\t\t\t\t<div class=\"elementor-element elementor-element-7e9665ca elementor-widget elementor-widget-accordion\" data-id=\"7e9665ca\" data-element_type=\"widget\" data-e-type=\"widget\" data-widget_type=\"accordion.default\">\n\t\t\t\t\t\t\t<div class=\"elementor-accordion\">\n\t\t\t\t\t\t\t<div class=\"elementor-accordion-item\">\n\t\t\t\t\t<div id=\"elementor-tab-title-2121\" class=\"elementor-tab-title\" data-tab=\"1\" role=\"button\" aria-controls=\"elementor-tab-content-2121\" aria-expanded=\"false\">\n\t\t\t\t\t\t\t\t\t\t\t\t\t<span class=\"elementor-accordion-icon elementor-accordion-icon-right\" aria-hidden=\"true\">\n\t\t\t\t\t\t\t\t\t\t\t\t\t\t\t<span class=\"elementor-accordion-icon-closed\"><svg xmlns=\"http:\/\/www.w3.org\/2000\/svg\" width=\"37.5\" viewbox=\"0 0 37.5 37.5\" height=\"37.5\"><defs><clippath id=\"a\"><path d=\"M 0 14 L 37.007812 14 L 37.007812 24 L 0 24 Z M 0 14\"><\/path><\/clippath><clippath id=\"b\"><path d=\"M 14 0 L 23 0 L 23 37.007812 L 14 37.007812 Z M 14 0\"><\/path><\/clippath><\/defs><g clip-path=\"url(#a)\"><path stroke-linecap=\"round\" transform=\"matrix(.75 .00197 -.00197 .75 0 18.75)\" fill=\"none\" d=\"M 0.499998 -0.00131013 L 49.500178 0.000254553\" stroke=\"#000\"><\/path><\/g><g clip-path=\"url(#b)\"><path stroke-linecap=\"round\" transform=\"matrix(-.00633 -.75044 .74997 -.00632 18.69 37.498)\" fill=\"none\" d=\"M 0.497536 0.000809227 L 49.473891 -0.00259276\" stroke=\"#000\"><\/path><\/g><\/svg><\/span>\n\t\t\t\t\t\t\t\t<span class=\"elementor-accordion-icon-opened\"><svg xmlns=\"http:\/\/www.w3.org\/2000\/svg\" width=\"37.5\" viewbox=\"0 0 37.5 37.5\" height=\"37.5\"><defs><clippath id=\"a\"><path d=\"M 0 14 L 37.007812 14 L 37.007812 24 L 0 24 Z M 0 14\"><\/path><\/clippath><\/defs><g clip-path=\"url(#a)\"><path stroke-linecap=\"round\" transform=\"matrix(.75 .00197 -.00197 .75 0 18.75)\" fill=\"none\" d=\"M 0.499998 -0.00131013 L 49.500178 0.000254553\" stroke=\"#000\"><\/path><\/g><\/svg><\/span>\n\t\t\t\t\t\t\t\t\t\t\t\t\t\t<\/span>\n\t\t\t\t\t\t\t\t\t\t\t\t<a class=\"elementor-accordion-title\" tabindex=\"0\">Medizinischer Fragebogen Downloads<\/a>\n\t\t\t\t\t<\/div>\n\t\t\t\t\t<div id=\"elementor-tab-content-2121\" class=\"elementor-tab-content elementor-clearfix\" data-tab=\"1\" role=\"region\" aria-labelledby=\"elementor-tab-title-2121\"><p><strong>Klicken Sie auf Ihre Sprache, um das medizinische Formular im PDF-Format herunterzuladen.<\/strong><\/p><p><a href=\"https:\/\/drive.google.com\/file\/d\/1Tn-N47s-YWpZ2zbywnVt3KYiIEwXnlww\/view?usp=drive_link\" target=\"_blank\" rel=\"noopener\">Arabisch<\/a> - <a href=\"https:\/\/drive.google.com\/file\/d\/1nG0-zGCgv2Zvz5bjg6bvZOjAH_37Ni7i\/view?usp=drive_link\" target=\"_blank\" rel=\"noopener\">Chinesisch<\/a> - <a href=\"https:\/\/drive.google.com\/file\/d\/1NUIaGNRNIRE6H_WUoZXxFVkFiAs6iUp2\/view?usp=drive_link\" target=\"_blank\" rel=\"noopener\">D\u00e4nisch<\/a> - <a href=\"https:\/\/drive.google.com\/file\/d\/1RD6BlmCxSHcjQ9YTKyJHgZfC14_bjo4P\/view?usp=drive_link\" target=\"_blank\" rel=\"noopener\">Niederl\u00e4ndisch<\/a> - <a href=\"https:\/\/drive.google.com\/file\/d\/10tJMphSbwaUx-kYgWxBBi4uop9hh9-hY\/view?usp=drive_link\" target=\"_blank\" rel=\"noopener\">Englisch<\/a> - <a href=\"https:\/\/drive.google.com\/file\/d\/12kgN425L1K4HGa-J_HEHuTdnV4qZeHQW\/view?usp=drive_link\" target=\"_blank\" rel=\"noopener\">Estnisch<\/a> - <a href=\"https:\/\/drive.google.com\/file\/d\/1ugE520DUArGvQfI2MvfZcYLLDvO5FUC2\/view?usp=drive_link\" target=\"_blank\" rel=\"noopener\">Finnisch<\/a> - <a href=\"https:\/\/drive.google.com\/file\/d\/1x7i8COwwT3KO4-DXzg7x5RnbSB1qgTgK\/view?usp=drive_link\" target=\"_blank\" rel=\"noopener\">Franz\u00f6sisch<\/a> - <a href=\"https:\/\/drive.google.com\/file\/d\/1g0LCBmGM5X6-8YJkXaYq8dW0lpbE2kyB\/view?usp=drive_link\" target=\"_blank\" rel=\"noopener\">Deutsch<\/a> - <a href=\"https:\/\/drive.google.com\/file\/d\/1YKrNYShatbHORGUW6VR4cqYFTdsNS6Hk\/view?usp=drive_link\" target=\"_blank\" rel=\"noopener\">Griechisch<\/a> - <a href=\"https:\/\/drive.google.com\/file\/d\/1hdtPGX1VrLfjIb9rJ8JX8AvrPfauRHoJ\/view?usp=drive_link\" target=\"_blank\" rel=\"noopener\">Italienisch<\/a> - <a href=\"https:\/\/drive.google.com\/file\/d\/1DZ_xJAeujXmGA7sWbpTU4k_zRt83eNkM\/view?usp=drive_link\" target=\"_blank\" rel=\"noopener\">Japanisch<\/a> - <a href=\"https:\/\/drive.google.com\/file\/d\/1GMLxDGlIZP3cJBp9U_iECwVe-7UFNMmC\/view?usp=drive_link\" target=\"_blank\" rel=\"noopener\">Koreanisch<\/a> - <a href=\"https:\/\/drive.google.com\/file\/d\/1ybQ1SD76CMZL1ucoijXt_9WY6ybD6WQo\/view?usp=drive_link\" target=\"_blank\" rel=\"noopener\">Norwegisch<\/a> - <a href=\"https:\/\/drive.google.com\/file\/d\/1UwRmDMXnlBz5oUX5ol6pgwVQdtpb5Nm6\/view?usp=drive_link\" target=\"_blank\" rel=\"noopener\">Polnisch<\/a> - <a href=\"https:\/\/drive.google.com\/file\/d\/1UFOb6GQKEE7kl9_lN4s3adOj61N2Uy6F\/view?usp=drive_link\" target=\"_blank\" rel=\"noopener\">Portugiesisch<\/a> - <a href=\"https:\/\/drive.google.com\/file\/d\/1UhLgpdaKtcNKozxF-AfF8pfmXyyRsX49\/view?usp=drive_link\" target=\"_blank\" rel=\"noopener\">Russisch<\/a> &#8211;\u00a0 <a href=\"https:\/\/drive.google.com\/file\/d\/1pXDzp4LwA-5e_QxHwZjnqQy7EtyKK2SA\/view?usp=drive_link\" target=\"_blank\" rel=\"noopener\">Spanisch<\/a> - <a href=\"https:\/\/drive.google.com\/file\/d\/1QC-uzFDOD6JP4vZZ_HYtqdmTKNjxJONk\/view?usp=drive_link\" target=\"_blank\" rel=\"noopener\">Schwedisch<\/a> - <a href=\"https:\/\/drive.google.com\/file\/d\/1Fjdpb8JCoSq873ykVps3FYKcgkgeNU2K\/view?usp=drive_link\" target=\"_blank\" rel=\"noopener\">Thail\u00e4ndisch<\/a> - <a href=\"https:\/\/drive.google.com\/file\/d\/1TRIfycmSU30tNAzbHBzSACu-iNmeym1d\/view?usp=drive_link\" target=\"_blank\" rel=\"noopener\">T\u00fcrkisch<\/a><\/p><p><strong>Wenn Sie mit \"Ja\" antworten<\/strong>\u00a0Wenn Sie Fragen haben, ben\u00f6tigen wir das von Ihrem Arzt ausgef\u00fcllte und unterschriebene PADI Medical Form, damit Sie sich f\u00fcr einen PADI Tauchkurs anmelden k\u00f6nnen.<\/p><\/div>\n\t\t\t\t<\/div>\n\t\t\t\t\t\t\t<div class=\"elementor-accordion-item\">\n\t\t\t\t\t<div id=\"elementor-tab-title-2122\" class=\"elementor-tab-title\" data-tab=\"2\" role=\"button\" aria-controls=\"elementor-tab-content-2122\" aria-expanded=\"false\">\n\t\t\t\t\t\t\t\t\t\t\t\t\t<span class=\"elementor-accordion-icon elementor-accordion-icon-right\" aria-hidden=\"true\">\n\t\t\t\t\t\t\t\t\t\t\t\t\t\t\t<span class=\"elementor-accordion-icon-closed\"><svg xmlns=\"http:\/\/www.w3.org\/2000\/svg\" width=\"37.5\" viewbox=\"0 0 37.5 37.5\" height=\"37.5\"><defs><clippath id=\"a\"><path d=\"M 0 14 L 37.007812 14 L 37.007812 24 L 0 24 Z M 0 14\"><\/path><\/clippath><clippath id=\"b\"><path d=\"M 14 0 L 23 0 L 23 37.007812 L 14 37.007812 Z M 14 0\"><\/path><\/clippath><\/defs><g clip-path=\"url(#a)\"><path stroke-linecap=\"round\" transform=\"matrix(.75 .00197 -.00197 .75 0 18.75)\" fill=\"none\" d=\"M 0.499998 -0.00131013 L 49.500178 0.000254553\" stroke=\"#000\"><\/path><\/g><g clip-path=\"url(#b)\"><path stroke-linecap=\"round\" transform=\"matrix(-.00633 -.75044 .74997 -.00632 18.69 37.498)\" fill=\"none\" d=\"M 0.497536 0.000809227 L 49.473891 -0.00259276\" stroke=\"#000\"><\/path><\/g><\/svg><\/span>\n\t\t\t\t\t\t\t\t<span class=\"elementor-accordion-icon-opened\"><svg xmlns=\"http:\/\/www.w3.org\/2000\/svg\" width=\"37.5\" viewbox=\"0 0 37.5 37.5\" height=\"37.5\"><defs><clippath id=\"a\"><path d=\"M 0 14 L 37.007812 14 L 37.007812 24 L 0 24 Z M 0 14\"><\/path><\/clippath><\/defs><g clip-path=\"url(#a)\"><path stroke-linecap=\"round\" transform=\"matrix(.75 .00197 -.00197 .75 0 18.75)\" fill=\"none\" d=\"M 0.499998 -0.00131013 L 49.500178 0.000254553\" stroke=\"#000\"><\/path><\/g><\/svg><\/span>\n\t\t\t\t\t\t\t\t\t\t\t\t\t\t<\/span>\n\t\t\t\t\t\t\t\t\t\t\t\t<a class=\"elementor-accordion-title\" tabindex=\"0\">Medizinischer Fragebogen f\u00fcr neue Taucher<\/a>\n\t\t\t\t\t<\/div>\n\t\t\t\t\t<div id=\"elementor-tab-content-2122\" class=\"elementor-tab-content elementor-clearfix\" data-tab=\"2\" role=\"region\" aria-labelledby=\"elementor-tab-title-2122\"><p data-start=\"107\" data-end=\"453\"><strong data-start=\"107\" data-end=\"218\">Vor Beginn eines Tauchkurses m\u00fcssen alle Teilnehmer einen medizinischen Fragebogen ausf\u00fcllen.<\/strong> Dieses Formular dient dazu, alle Gesundheitszust\u00e4nde zu ermitteln, die Ihre Sicherheit beim Tauchen beeintr\u00e4chtigen k\u00f6nnten. Es enth\u00e4lt Fragen zu h\u00e4ufigen Problemen wie Lungenerkrankungen, Ohren- oder Nebenh\u00f6hlenproblemen, Bluthochdruck, Herzproblemen und mehr.<\/p><p data-start=\"455\" data-end=\"766\"><strong data-start=\"455\" data-end=\"564\">Alle Tauchsch\u00fcler m\u00fcssen das offizielle medizinische Formular von PADI ausf\u00fcllen, bevor sie sich zu einem PADI-Tauchkurs anmelden.<\/strong> Wenn Sie alle Fragen mit \"Nein\" beantworten k\u00f6nnen, ist f\u00fcr den Beginn Ihrer Ausbildung kein \u00e4rztliches Attest erforderlich. Wenn Sie jedoch eine der Fragen mit \"Ja\" beantworten, ben\u00f6tigen Sie vor der Teilnahme die Zustimmung eines Arztes.<\/p><p data-start=\"768\" data-end=\"881\">\u00dcber die nachstehenden Links k\u00f6nnen Sie den entsprechenden medizinischen Fragebogen in Ihrer Sprache herunterladen und ausdrucken.<\/p><\/div>\n\t\t\t\t<\/div>\n\t\t\t\t\t\t\t<div class=\"elementor-accordion-item\">\n\t\t\t\t\t<div id=\"elementor-tab-title-2123\" class=\"elementor-tab-title\" data-tab=\"3\" role=\"button\" aria-controls=\"elementor-tab-content-2123\" aria-expanded=\"false\">\n\t\t\t\t\t\t\t\t\t\t\t\t\t<span class=\"elementor-accordion-icon elementor-accordion-icon-right\" aria-hidden=\"true\">\n\t\t\t\t\t\t\t\t\t\t\t\t\t\t\t<span class=\"elementor-accordion-icon-closed\"><svg xmlns=\"http:\/\/www.w3.org\/2000\/svg\" width=\"37.5\" viewbox=\"0 0 37.5 37.5\" height=\"37.5\"><defs><clippath id=\"a\"><path d=\"M 0 14 L 37.007812 14 L 37.007812 24 L 0 24 Z M 0 14\"><\/path><\/clippath><clippath id=\"b\"><path d=\"M 14 0 L 23 0 L 23 37.007812 L 14 37.007812 Z M 14 0\"><\/path><\/clippath><\/defs><g clip-path=\"url(#a)\"><path stroke-linecap=\"round\" transform=\"matrix(.75 .00197 -.00197 .75 0 18.75)\" fill=\"none\" d=\"M 0.499998 -0.00131013 L 49.500178 0.000254553\" stroke=\"#000\"><\/path><\/g><g clip-path=\"url(#b)\"><path stroke-linecap=\"round\" transform=\"matrix(-.00633 -.75044 .74997 -.00632 18.69 37.498)\" fill=\"none\" d=\"M 0.497536 0.000809227 L 49.473891 -0.00259276\" stroke=\"#000\"><\/path><\/g><\/svg><\/span>\n\t\t\t\t\t\t\t\t<span class=\"elementor-accordion-icon-opened\"><svg xmlns=\"http:\/\/www.w3.org\/2000\/svg\" width=\"37.5\" viewbox=\"0 0 37.5 37.5\" height=\"37.5\"><defs><clippath id=\"a\"><path d=\"M 0 14 L 37.007812 14 L 37.007812 24 L 0 24 Z M 0 14\"><\/path><\/clippath><\/defs><g clip-path=\"url(#a)\"><path stroke-linecap=\"round\" transform=\"matrix(.75 .00197 -.00197 .75 0 18.75)\" fill=\"none\" d=\"M 0.499998 -0.00131013 L 49.500178 0.000254553\" stroke=\"#000\"><\/path><\/g><\/svg><\/span>\n\t\t\t\t\t\t\t\t\t\t\t\t\t\t<\/span>\n\t\t\t\t\t\t\t\t\t\t\t\t<a class=\"elementor-accordion-title\" tabindex=\"0\">Qualifizierte Ger\u00e4tetaucher Informationen<\/a>\n\t\t\t\t\t<\/div>\n\t\t\t\t\t<div id=\"elementor-tab-content-2123\" class=\"elementor-tab-content elementor-clearfix\" data-tab=\"3\" role=\"region\" aria-labelledby=\"elementor-tab-title-2123\"><p data-start=\"197\" data-end=\"462\"><strong>Als zertifizierter Taucher<\/strong>Es liegt in Ihrer pers\u00f6nlichen Verantwortung, sich zu vergewissern, dass Sie medizinisch fit zum Tauchen sind. Wenn sich Ihr Gesundheitszustand seit Ihrer Erstzertifizierung ver\u00e4ndert hat, ist es wichtig, dass Sie Ihre aktuelle Tauchtauglichkeit \u00fcberpr\u00fcfen.<\/p><p data-start=\"464\" data-end=\"584\">\u00dcber die nachstehenden Links k\u00f6nnen Sie den entsprechenden medizinischen Fragebogen in Ihrer Sprache herunterladen und ausdrucken.<\/p><\/div>\n\t\t\t\t<\/div>\n\t\t\t\t\t\t\t\t<\/div>\n\t\t\t\t\t\t<\/div>\n\t\t\t\t<\/div>\n\t\t<div class=\"elementor-element elementor-element-24cdd693 e-flex e-con-boxed e-con e-child\" data-id=\"24cdd693\" data-element_type=\"container\" data-e-type=\"container\">\n\t\t\t\t\t<div class=\"e-con-inner\">\n\t\t\t\t<div class=\"elementor-element elementor-element-7073172c elementor-widget elementor-widget-image\" data-id=\"7073172c\" data-element_type=\"widget\" data-e-type=\"widget\" data-widget_type=\"image.default\">\n\t\t\t\t\t\t\t\t\t\t\t\t\t\t\t<img decoding=\"async\" width=\"1200\" height=\"900\" src=\"https:\/\/thailand-divers.com\/wp-content\/uploads\/Discover-scuba-diving-location-Racha-Islands-Phuket.webp\" class=\"attachment-full size-full wp-image-32509\" alt=\"Ein Blick aus der Luft auf die tropischen Racha-Inseln, umgeben von klarem, t\u00fcrkisfarbenem Wasser, das Ziel f\u00fcr einen Tauchkurs f\u00fcr Anf\u00e4nger von Phuket aus.\" srcset=\"https:\/\/thailand-divers.com\/wp-content\/uploads\/Discover-scuba-diving-location-Racha-Islands-Phuket.webp 1200w, https:\/\/thailand-divers.com\/wp-content\/uploads\/Discover-scuba-diving-location-Racha-Islands-Phuket-768x576.webp 768w, https:\/\/thailand-divers.com\/wp-content\/uploads\/Discover-scuba-diving-location-Racha-Islands-Phuket-16x12.webp 16w\" sizes=\"(max-width: 1200px) 100vw, 1200px\" \/>\t\t\t\t\t\t\t\t\t\t\t\t\t\t\t<\/div>\n\t\t\t\t\t<\/div>\n\t\t\t\t<\/div>\n\t\t\t\t\t<\/div>\n\t\t\t\t<\/div>\n\t\t\t\t<\/div>","protected":false},"excerpt":{"rendered":"<p>Medical Statement Are You Fit To Dive? Medical Questionnaire Downloads Click on your language to download the Medical Form PDF. Arabic \u2013 Chinese \u2013 Danish \u2013 Dutch \u2013 English \u2013 Estonian \u2013 Finnish \u2013 French \u2013 German \u2013 Greek \u2013 Italian \u2013 Japanese \u2013 Korean \u2013 Norwegian \u2013 Polish \u2013 Portuguese \u2013 Russian &#8211;\u00a0 Spanish [&hellip;]<\/p>\n","protected":false},"author":1,"featured_media":0,"parent":0,"menu_order":0,"comment_status":"closed","ping_status":"closed","template":"","meta":{"_angie_page":false,"footnotes":""},"hf_cat_page":[],"class_list":["post-35591","page","type-page","status-publish","hentry"],"_links":{"self":[{"href":"https:\/\/thailand-divers.com\/de\/wp-json\/wp\/v2\/pages\/35591","targetHints":{"allow":["GET"]}}],"collection":[{"href":"https:\/\/thailand-divers.com\/de\/wp-json\/wp\/v2\/pages"}],"about":[{"href":"https:\/\/thailand-divers.com\/de\/wp-json\/wp\/v2\/types\/page"}],"author":[{"embeddable":true,"href":"https:\/\/thailand-divers.com\/de\/wp-json\/wp\/v2\/users\/1"}],"replies":[{"embeddable":true,"href":"https:\/\/thailand-divers.com\/de\/wp-json\/wp\/v2\/comments?post=35591"}],"version-history":[{"count":38,"href":"https:\/\/thailand-divers.com\/de\/wp-json\/wp\/v2\/pages\/35591\/revisions"}],"predecessor-version":[{"id":36915,"href":"https:\/\/thailand-divers.com\/de\/wp-json\/wp\/v2\/pages\/35591\/revisions\/36915"}],"wp:attachment":[{"href":"https:\/\/thailand-divers.com\/de\/wp-json\/wp\/v2\/media?parent=35591"}],"wp:term":[{"taxonomy":"hf_cat_page","embeddable":true,"href":"https:\/\/thailand-divers.com\/de\/wp-json\/wp\/v2\/hf_cat_page?post=35591"}],"curies":[{"name":"wp","href":"https:\/\/api.w.org\/{rel}","templated":true}]}}