{"id":26139,"date":"2024-05-15T10:08:03","date_gmt":"2024-05-15T09:08:03","guid":{"rendered":"https:\/\/eppr3oexnu-staging.onrocket.site\/?page_id=26139"},"modified":"2025-07-18T10:28:04","modified_gmt":"2025-07-18T09:28:04","slug":"instructors","status":"publish","type":"page","link":"https:\/\/thailand-divers.com\/de\/ausbilder\/","title":{"rendered":"Informationen f\u00fcr Ausbilder"},"content":{"rendered":"<div data-elementor-type=\"wp-page\" data-elementor-id=\"26139\" class=\"elementor elementor-26139\" data-elementor-post-type=\"page\">\n\t\t\t\t<div class=\"elementor-element elementor-element-2564be4b e-flex e-con-boxed e-con e-parent\" data-id=\"2564be4b\" data-element_type=\"container\" data-e-type=\"container\">\n\t\t\t\t\t<div class=\"e-con-inner\">\n\t\t<div class=\"elementor-element elementor-element-40bb7775 e-flex e-con-boxed e-con e-child\" data-id=\"40bb7775\" data-element_type=\"container\" data-e-type=\"container\">\n\t\t\t\t\t<div class=\"e-con-inner\">\n\t\t\t\t<div class=\"elementor-element elementor-element-6e901ffc elementor-widget__width-initial elementor-widget-tablet__width-inherit elementor-widget elementor-widget-heading\" data-id=\"6e901ffc\" data-element_type=\"widget\" data-e-type=\"widget\" data-widget_type=\"heading.default\">\n\t\t\t\t\t<h1 class=\"elementor-heading-title elementor-size-default\">Informationen zum Ausbilder<\/h1>\t\t\t\t<\/div>\n\t\t\t\t<div class=\"elementor-element elementor-element-240617d4 faq-toggle elementor-widget__width-initial elementor-widget-tablet__width-inherit elementor-widget elementor-widget-accordion\" data-id=\"240617d4\" data-element_type=\"widget\" data-e-type=\"widget\" data-widget_type=\"accordion.default\">\n\t\t\t\t\t\t\t<div class=\"elementor-accordion\">\n\t\t\t\t\t\t\t<div class=\"elementor-accordion-item\">\n\t\t\t\t\t<div id=\"elementor-tab-title-6041\" class=\"elementor-tab-title\" data-tab=\"1\" role=\"button\" aria-controls=\"elementor-tab-content-6041\" aria-expanded=\"false\">\n\t\t\t\t\t\t\t\t\t\t\t\t\t<span class=\"elementor-accordion-icon elementor-accordion-icon-right\" aria-hidden=\"true\">\n\t\t\t\t\t\t\t\t\t\t\t\t\t\t\t<span class=\"elementor-accordion-icon-closed\"><svg class=\"e-font-icon-svg e-fas-plus\" viewbox=\"0 0 448 512\" xmlns=\"http:\/\/www.w3.org\/2000\/svg\"><path d=\"M416 208H272V64c0-17.67-14.33-32-32-32h-32c-17.67 0-32 14.33-32 32v144H32c-17.67 0-32 14.33-32 32v32c0 17.67 14.33 32 32 32h144v144c0 17.67 14.33 32 32 32h32c17.67 0 32-14.33 32-32V304h144c17.67 0 32-14.33 32-32v-32c0-17.67-14.33-32-32-32z\"><\/path><\/svg><\/span>\n\t\t\t\t\t\t\t\t<span class=\"elementor-accordion-icon-opened\"><svg class=\"e-font-icon-svg e-fas-minus\" viewbox=\"0 0 448 512\" xmlns=\"http:\/\/www.w3.org\/2000\/svg\"><path d=\"M416 208H32c-17.67 0-32 14.33-32 32v32c0 17.67 14.33 32 32 32h384c17.67 0 32-14.33 32-32v-32c0-17.67-14.33-32-32-32z\"><\/path><\/svg><\/span>\n\t\t\t\t\t\t\t\t\t\t\t\t\t\t<\/span>\n\t\t\t\t\t\t\t\t\t\t\t\t<a class=\"elementor-accordion-title\" tabindex=\"0\">Versicherung - Tauchkurse + DSD<\/a>\n\t\t\t\t\t<\/div>\n\t\t\t\t\t<div id=\"elementor-tab-content-6041\" class=\"elementor-tab-content elementor-clearfix\" data-tab=\"1\" role=\"region\" aria-labelledby=\"elementor-tab-title-6041\"><p>Alle Teilnehmer eines Tauchkurses sind versichert durch <a href=\"https:\/\/diveassist.org\/\" target=\"_blank\" rel=\"nofollow noopener\">Dive Assist Individueller Tauchanzug<\/a> die im Rahmen des Tauchkurses angeboten werden. Wir verf\u00fcgen \u00fcber die Einzelheiten des Versicherungsschutzes und haben dem Kunden eine Kopie zugesandt.<\/p><p>In Notf\u00e4llen wenden Sie sich bitte an:<br \/><a href=\"https:\/\/www.northcottglobalsolutions.com\/\" target=\"_blank\" rel=\"nofollow noopener\">Northcott Globale L\u00f6sungen<\/a> Sie helfen bei der Betreuung der Patienten.<br \/>UK 24\/7 Hotline +44(0)2071838910 -<\/p><p><a href=\"https:\/\/www.phukethospital.com\/center\/diving-medicine-center\/\" target=\"_blank\" rel=\"nofollow noopener\">Tauchmedizinisches Zentrum des Phuket Bangkok Hospital<\/a><br \/>\u00dcberdruckkammer:<br \/>+66 7625 4425 oder +66 7636 1000<\/p><\/div>\n\t\t\t\t<\/div>\n\t\t\t\t\t\t\t<div class=\"elementor-accordion-item\">\n\t\t\t\t\t<div id=\"elementor-tab-title-6042\" class=\"elementor-tab-title\" data-tab=\"2\" role=\"button\" aria-controls=\"elementor-tab-content-6042\" aria-expanded=\"false\">\n\t\t\t\t\t\t\t\t\t\t\t\t\t<span class=\"elementor-accordion-icon elementor-accordion-icon-right\" aria-hidden=\"true\">\n\t\t\t\t\t\t\t\t\t\t\t\t\t\t\t<span class=\"elementor-accordion-icon-closed\"><svg class=\"e-font-icon-svg e-fas-plus\" viewbox=\"0 0 448 512\" xmlns=\"http:\/\/www.w3.org\/2000\/svg\"><path d=\"M416 208H272V64c0-17.67-14.33-32-32-32h-32c-17.67 0-32 14.33-32 32v144H32c-17.67 0-32 14.33-32 32v32c0 17.67 14.33 32 32 32h144v144c0 17.67 14.33 32 32 32h32c17.67 0 32-14.33 32-32V304h144c17.67 0 32-14.33 32-32v-32c0-17.67-14.33-32-32-32z\"><\/path><\/svg><\/span>\n\t\t\t\t\t\t\t\t<span class=\"elementor-accordion-icon-opened\"><svg class=\"e-font-icon-svg e-fas-minus\" viewbox=\"0 0 448 512\" xmlns=\"http:\/\/www.w3.org\/2000\/svg\"><path d=\"M416 208H32c-17.67 0-32 14.33-32 32v32c0 17.67 14.33 32 32 32h384c17.67 0 32-14.33 32-32v-32c0-17.67-14.33-32-32-32z\"><\/path><\/svg><\/span>\n\t\t\t\t\t\t\t\t\t\t\t\t\t\t<\/span>\n\t\t\t\t\t\t\t\t\t\t\t\t<a class=\"elementor-accordion-title\" tabindex=\"0\">Versicherung - Fun Divers<\/a>\n\t\t\t\t\t<\/div>\n\t\t\t\t\t<div id=\"elementor-tab-content-6042\" class=\"elementor-tab-content elementor-clearfix\" data-tab=\"2\" role=\"region\" aria-labelledby=\"elementor-tab-title-6042\"><p>Die meisten werden DAN als ihren pers\u00f6nlichen Tauchversicherer nutzen und haben ihre eigenen Versicherungsdetails. Wir bewahren diese Daten nicht f\u00fcr Sporttaucher auf.<\/p><\/div>\n\t\t\t\t<\/div>\n\t\t\t\t\t\t\t\t<\/div>\n\t\t\t\t\t\t<\/div>\n\t\t\t\t\t<\/div>\n\t\t\t\t<\/div>\n\t\t<div class=\"elementor-element elementor-element-341ddfa5 e-flex e-con-boxed e-con e-child\" data-id=\"341ddfa5\" data-element_type=\"container\" data-e-type=\"container\" data-settings=\"{&quot;background_background&quot;:&quot;classic&quot;}\">\n\t\t\t\t\t<div class=\"e-con-inner\">\n\t\t\t\t\t<\/div>\n\t\t\t\t<\/div>\n\t\t\t\t\t<\/div>\n\t\t\t\t<\/div>\n\t\t<div class=\"elementor-element elementor-element-2cbc9ea4 e-flex e-con-boxed e-con e-parent\" data-id=\"2cbc9ea4\" data-element_type=\"container\" data-e-type=\"container\" data-settings=\"{&quot;background_background&quot;:&quot;classic&quot;}\">\n\t\t\t\t\t<div class=\"e-con-inner\">\n\t\t<div class=\"elementor-element elementor-element-229ec8bc e-grid e-con-boxed e-con e-child\" data-id=\"229ec8bc\" data-element_type=\"container\" data-e-type=\"container\">\n\t\t\t\t\t<div class=\"e-con-inner\">\n\t\t<div class=\"elementor-element elementor-element-346ca405 e-flex e-con-boxed e-con e-child\" data-id=\"346ca405\" data-element_type=\"container\" data-e-type=\"container\" data-settings=\"{&quot;background_background&quot;:&quot;classic&quot;}\">\n\t\t\t\t\t<div class=\"e-con-inner\">\n\t\t\t\t<div class=\"elementor-element elementor-element-b34b22e elementor-widget elementor-widget-image\" data-id=\"b34b22e\" data-element_type=\"widget\" data-e-type=\"widget\" data-widget_type=\"image.default\">\n\t\t\t\t\t\t\t\t\t\t\t\t\t\t\t<img decoding=\"async\" width=\"1200\" height=\"900\" src=\"https:\/\/thailand-divers.com\/wp-content\/uploads\/Scuba-Diving-Similan-Islands-Thailand-10.webp\" class=\"attachment-large size-large wp-image-25196\" alt=\"Eine Meeresschildkr\u00f6te, die in der N\u00e4he der Oberfl\u00e4che der Similan-Inseln in Thailand schwimmt - ideal f\u00fcr Schnorchel- und Tauchabenteuer.\" srcset=\"https:\/\/thailand-divers.com\/wp-content\/uploads\/Scuba-Diving-Similan-Islands-Thailand-10.webp 1200w, https:\/\/thailand-divers.com\/wp-content\/uploads\/Scuba-Diving-Similan-Islands-Thailand-10-768x576.webp 768w, https:\/\/thailand-divers.com\/wp-content\/uploads\/Scuba-Diving-Similan-Islands-Thailand-10-16x12.webp 16w\" sizes=\"(max-width: 1200px) 100vw, 1200px\" \/>\t\t\t\t\t\t\t\t\t\t\t\t\t\t\t<\/div>\n\t\t\t\t\t<\/div>\n\t\t\t\t<\/div>\n\t\t<div class=\"elementor-element elementor-element-a87a56d e-con-full e-flex e-con e-child\" data-id=\"a87a56d\" data-element_type=\"container\" data-e-type=\"container\" data-settings=\"{&quot;background_background&quot;:&quot;classic&quot;}\">\n\t\t\t\t<div class=\"elementor-element elementor-element-2b9e7c7 elementor-widget elementor-widget-image\" data-id=\"2b9e7c7\" data-element_type=\"widget\" data-e-type=\"widget\" data-widget_type=\"image.default\">\n\t\t\t\t\t\t\t\t\t\t\t\t\t\t\t<img decoding=\"async\" width=\"681\" height=\"482\" src=\"https:\/\/thailand-divers.com\/wp-content\/uploads\/Tropical-coral-reef-scuba-diving-phuket-thailand-4-e1726044290912.webp\" class=\"attachment-large size-large wp-image-24853\" alt=\"Ein gro\u00dfer Schwarm gelber Fische schwimmt in den Similan-Inseln in Thailand um Korallen herum - ideal f\u00fcr Schnorchel- und Tauchausfl\u00fcge.\" srcset=\"https:\/\/thailand-divers.com\/wp-content\/uploads\/Tropical-coral-reef-scuba-diving-phuket-thailand-4-e1726044290912.webp 681w, https:\/\/thailand-divers.com\/wp-content\/uploads\/Tropical-coral-reef-scuba-diving-phuket-thailand-4-e1726044290912-18x12.webp 18w\" sizes=\"(max-width: 681px) 100vw, 681px\" \/>\t\t\t\t\t\t\t\t\t\t\t\t\t\t\t<\/div>\n\t\t\t\t<\/div>\n\t\t<div class=\"elementor-element elementor-element-81d6fcd e-con-full e-flex e-con e-child\" data-id=\"81d6fcd\" data-element_type=\"container\" data-e-type=\"container\" data-settings=\"{&quot;background_background&quot;:&quot;classic&quot;}\">\n\t\t\t\t<div class=\"elementor-element elementor-element-f4c5073 elementor-widget elementor-widget-image\" data-id=\"f4c5073\" data-element_type=\"widget\" data-e-type=\"widget\" data-widget_type=\"image.default\">\n\t\t\t\t\t\t\t\t\t\t\t\t\t\t\t<img decoding=\"async\" width=\"1200\" height=\"900\" src=\"https:\/\/thailand-divers.com\/wp-content\/uploads\/Whale-Shark-Similan-Islands-Thailand-7.webp\" class=\"attachment-large size-large wp-image-24525\" alt=\"Ein Walhai, der im tiefblauen Wasser schwimmt und sich im Sonnenlicht auf den Similan-Inseln in Thailand abzeichnet.\" srcset=\"https:\/\/thailand-divers.com\/wp-content\/uploads\/Whale-Shark-Similan-Islands-Thailand-7.webp 1200w, https:\/\/thailand-divers.com\/wp-content\/uploads\/Whale-Shark-Similan-Islands-Thailand-7-768x576.webp 768w, https:\/\/thailand-divers.com\/wp-content\/uploads\/Whale-Shark-Similan-Islands-Thailand-7-16x12.webp 16w\" sizes=\"(max-width: 1200px) 100vw, 1200px\" \/>\t\t\t\t\t\t\t\t\t\t\t\t\t\t\t<\/div>\n\t\t\t\t<\/div>\n\t\t<div class=\"elementor-element elementor-element-6025657 e-flex e-con-boxed e-con e-child\" data-id=\"6025657\" data-element_type=\"container\" data-e-type=\"container\" data-settings=\"{&quot;background_background&quot;:&quot;classic&quot;}\">\n\t\t\t\t\t<div class=\"e-con-inner\">\n\t\t\t\t<div class=\"elementor-element elementor-element-568d47ff elementor-widget elementor-widget-image\" data-id=\"568d47ff\" data-element_type=\"widget\" data-e-type=\"widget\" data-widget_type=\"image.default\">\n\t\t\t\t\t\t\t\t\t\t\t\t\t\t\t<img decoding=\"async\" width=\"1200\" height=\"900\" src=\"https:\/\/thailand-divers.com\/wp-content\/uploads\/Phuket-coral-reef-scuba-diving-3.webp\" class=\"attachment-large size-large wp-image-24323\" alt=\"Eine Familie von Clownfischen schwimmt zwischen Seeanemonen auf den Similan-Inseln in Thailand - ideal f\u00fcr Schnorchel- und Tauchtouren.\" srcset=\"https:\/\/thailand-divers.com\/wp-content\/uploads\/Phuket-coral-reef-scuba-diving-3.webp 1200w, https:\/\/thailand-divers.com\/wp-content\/uploads\/Phuket-coral-reef-scuba-diving-3-768x576.webp 768w, https:\/\/thailand-divers.com\/wp-content\/uploads\/Phuket-coral-reef-scuba-diving-3-16x12.webp 16w\" sizes=\"(max-width: 1200px) 100vw, 1200px\" \/>\t\t\t\t\t\t\t\t\t\t\t\t\t\t\t<\/div>\n\t\t\t\t\t<\/div>\n\t\t\t\t<\/div>\n\t\t<div class=\"elementor-element elementor-element-477175fc e-flex e-con-boxed e-con e-child\" data-id=\"477175fc\" data-element_type=\"container\" data-e-type=\"container\" data-settings=\"{&quot;background_background&quot;:&quot;classic&quot;}\">\n\t\t\t\t\t<div class=\"e-con-inner\">\n\t\t\t\t<div class=\"elementor-element elementor-element-6ef06868 elementor-widget elementor-widget-image\" data-id=\"6ef06868\" data-element_type=\"widget\" data-e-type=\"widget\" data-widget_type=\"image.default\">\n\t\t\t\t\t\t\t\t\t\t\t\t\t\t\t<img decoding=\"async\" width=\"1200\" height=\"900\" src=\"https:\/\/thailand-divers.com\/wp-content\/uploads\/Phuket-scuba-diving-turtle-1.webp\" class=\"attachment-large size-large wp-image-24368\" alt=\"Ein Taucher schwimmt w\u00e4hrend einer Schnorchel- und Tauchtour auf den Similan-Inseln in Thailand neben einer Meeresschildkr\u00f6te \u00fcber ein Korallenriff.\" srcset=\"https:\/\/thailand-divers.com\/wp-content\/uploads\/Phuket-scuba-diving-turtle-1.webp 1200w, https:\/\/thailand-divers.com\/wp-content\/uploads\/Phuket-scuba-diving-turtle-1-768x576.webp 768w, https:\/\/thailand-divers.com\/wp-content\/uploads\/Phuket-scuba-diving-turtle-1-16x12.webp 16w\" sizes=\"(max-width: 1200px) 100vw, 1200px\" \/>\t\t\t\t\t\t\t\t\t\t\t\t\t\t\t<\/div>\n\t\t\t\t\t<\/div>\n\t\t\t\t<\/div>\n\t\t<div class=\"elementor-element elementor-element-6300214d e-flex e-con-boxed e-con e-child\" data-id=\"6300214d\" data-element_type=\"container\" data-e-type=\"container\" data-settings=\"{&quot;background_background&quot;:&quot;classic&quot;}\">\n\t\t\t\t\t<div class=\"e-con-inner\">\n\t\t\t\t<div class=\"elementor-element elementor-element-2f1b6f39 elementor-widget elementor-widget-image\" data-id=\"2f1b6f39\" data-element_type=\"widget\" data-e-type=\"widget\" data-widget_type=\"image.default\">\n\t\t\t\t\t\t\t\t\t\t\t\t\t\t\t<img decoding=\"async\" width=\"1200\" height=\"900\" src=\"https:\/\/thailand-divers.com\/wp-content\/uploads\/Scuba-Diving-Phuket-Thailand-11.webp\" class=\"attachment-large size-large wp-image-25226\" alt=\"Ein Schwarm Wimpelfische schwimmt \u00fcber ein Korallenriff auf den Similan-Inseln in Thailand - ideal f\u00fcr Schnorchel- und Tauchtouren.\" srcset=\"https:\/\/thailand-divers.com\/wp-content\/uploads\/Scuba-Diving-Phuket-Thailand-11.webp 1200w, https:\/\/thailand-divers.com\/wp-content\/uploads\/Scuba-Diving-Phuket-Thailand-11-768x576.webp 768w, https:\/\/thailand-divers.com\/wp-content\/uploads\/Scuba-Diving-Phuket-Thailand-11-16x12.webp 16w\" sizes=\"(max-width: 1200px) 100vw, 1200px\" \/>\t\t\t\t\t\t\t\t\t\t\t\t\t\t\t<\/div>\n\t\t\t\t\t<\/div>\n\t\t\t\t<\/div>\n\t\t\t\t\t<\/div>\n\t\t\t\t<\/div>\n\t\t\t\t\t<\/div>\n\t\t\t\t<\/div>\n\t\t\t\t<\/div>","protected":false},"excerpt":{"rendered":"<p>Instructor Information Insurance &#8211; Diving Courses + DSD All scuba course participants are covered by Dive Assist Individual scuba cover provided as part of the scuba diving course. We hold the details of their cover and a copy will have been sent to the customer. In case of emergency contact:Northcott Global Solutions they will assist [&hellip;]<\/p>\n","protected":false},"author":1,"featured_media":0,"parent":0,"menu_order":0,"comment_status":"closed","ping_status":"closed","template":"","meta":{"_angie_page":false,"footnotes":""},"hf_cat_page":[],"class_list":["post-26139","page","type-page","status-publish","hentry"],"_links":{"self":[{"href":"https:\/\/thailand-divers.com\/de\/wp-json\/wp\/v2\/pages\/26139","targetHints":{"allow":["GET"]}}],"collection":[{"href":"https:\/\/thailand-divers.com\/de\/wp-json\/wp\/v2\/pages"}],"about":[{"href":"https:\/\/thailand-divers.com\/de\/wp-json\/wp\/v2\/types\/page"}],"author":[{"embeddable":true,"href":"https:\/\/thailand-divers.com\/de\/wp-json\/wp\/v2\/users\/1"}],"replies":[{"embeddable":true,"href":"https:\/\/thailand-divers.com\/de\/wp-json\/wp\/v2\/comments?post=26139"}],"version-history":[{"count":9,"href":"https:\/\/thailand-divers.com\/de\/wp-json\/wp\/v2\/pages\/26139\/revisions"}],"predecessor-version":[{"id":35052,"href":"https:\/\/thailand-divers.com\/de\/wp-json\/wp\/v2\/pages\/26139\/revisions\/35052"}],"wp:attachment":[{"href":"https:\/\/thailand-divers.com\/de\/wp-json\/wp\/v2\/media?parent=26139"}],"wp:term":[{"taxonomy":"hf_cat_page","embeddable":true,"href":"https:\/\/thailand-divers.com\/de\/wp-json\/wp\/v2\/hf_cat_page?post=26139"}],"curies":[{"name":"wp","href":"https:\/\/api.w.org\/{rel}","templated":true}]}}