{"id":8965,"date":"2022-04-12T15:54:13","date_gmt":"2022-04-12T14:54:13","guid":{"rendered":"https:\/\/eppr3oexnu-staging.onrocket.site\/?page_id=8965"},"modified":"2025-07-18T10:32:50","modified_gmt":"2025-07-18T09:32:50","slug":"tcs","status":"publish","type":"page","link":"https:\/\/thailand-divers.com\/da\/vilkar-og-betingelser\/","title":{"rendered":"T&amp;C's"},"content":{"rendered":"<div data-elementor-type=\"wp-page\" data-elementor-id=\"8965\" class=\"elementor elementor-8965\" data-elementor-post-type=\"page\">\n\t\t\t\t<div class=\"elementor-element elementor-element-2ebeb579 e-flex e-con-boxed e-con e-parent\" data-id=\"2ebeb579\" data-element_type=\"container\" data-e-type=\"container\">\n\t\t\t\t\t<div class=\"e-con-inner\">\n\t\t\t\t<div class=\"elementor-element elementor-element-4b3c29ed elementor-widget elementor-widget-heading\" data-id=\"4b3c29ed\" data-element_type=\"widget\" data-e-type=\"widget\" data-widget_type=\"heading.default\">\n\t\t\t\t\t<h1 class=\"elementor-heading-title elementor-size-default\">Vilk\u00e5r og betingelser<\/h1>\t\t\t\t<\/div>\n\t\t\t\t<div class=\"elementor-element elementor-element-488322b4 elementor-widget__width-initial elementor-widget elementor-widget-heading\" data-id=\"488322b4\" data-element_type=\"widget\" data-e-type=\"widget\" data-widget_type=\"heading.default\">\n\t\t\t\t\t<p class=\"elementor-heading-title elementor-size-default\">Definitioner\n<br>\nThailand Dive Center skal fortolkes som \"virksomheden\", s\u00e5vel som alle deres tilknyttede selskaber, officerer, agenter, medarbejdere, arbejdere, direkt\u00f8rer og repr\u00e6sentanter, uanset om de er personligt eller virtuelt placeret.\n<br><br>\nGenerelle regler for booking\n<br>\n2.1 Alle kunder skal fremvise bevis for dykkercertifikat minimum Open Water Certification\n<br>\n2.2 Alle kunder skal udfylde og underskrive en formular om ansvarsfritagelse og risikoovertagelse.\n<br>\n2.3 Selskabet har ikke tilladelse til at give l\u00e6gelig r\u00e5dgivning. Kontakt om n\u00f8dvendigt en l\u00e6ge f\u00f8r dykning.\n<br>\n2.5 Den maksimale tilladte dybde p\u00e5 skibe er 30 meter, 100 fod for Open Water Divers med Deep Adventure\n<br>\nDykkercertificering, avancerede dykkere, divemasters og instrukt\u00f8rer. Open Water-dykkere uden yderligere dybdeuddannelse har ikke tilladelse til at dykke dybere end 18 meter, 60 fod.\n<br>\n2.6 Selskabet forbeholder sig ret til at \u00e6ndre og\/eller annullere dykningsarrangementer af de \u00e5rsager, der er anf\u00f8rt nedenfor, men ikke begr\u00e6nset til disse:\n<br>\n2.6.1 Dykkerdestinationens afsides beliggenhed eller utilg\u00e6ngelighed;\n<br>\n2.6.2 Lokal skik, krig, politisk uro og andre fjendtligheder (uanset om der er erkl\u00e6ret krig eller ej). Uhensigtsm\u00e6ssig adf\u00e6rd fra kunder, klienter og\/eller studerende, herunder, men ikke begr\u00e6nset til verbale eller fysiske handlinger. Thailand Divers forbeholder sig ret til at n\u00e6gte service af enhver grund og kan eller kan ikke udstede fuld eller delvis tilbagebetaling af indskud eller betalinger;\n<br>\n2.6.3 naturkatastrofer (herunder COVID-19, oversv\u00f8mmelse, jordsk\u00e6lv, storm, orkan eller anden naturkatastrofe eller sygdom), og\n<br>\n2.6.4. Eventuelle andre tekniske eller mekaniske vanskeligheder. Refusioner udstedes fra sag til sag og helt efter Thailand Divers' sk\u00f8n for enhver \u00e6ndring eller aflysning som f\u00f8lge af s\u00e5danne h\u00e6ndelser.\n<br>\n2.7 Kunder, klienter eller elever, der af en hvilken som helst grund ikke deltager i dyk p\u00e5 en tur eller i kursus- eller tr\u00e6ningsdykninger, kan ikke f\u00e5 refunderet en uudnyttet eller ufuldf\u00f8rt del af turen eller kurset af selskabet. Thailand Divers forbeholder sig ret til at \u00e6ndre, n\u00e6gte eller fuldt ud refundere efter eget sk\u00f8n.\n<br><br>\nForsikring\n<br>\n3.1 Kunderne skal sikre sig en passende rejseforsikring hos en velrenommeret forsikringsudbyder, der g\u00e6lder for de aktiviteter, de vil foretage. En s\u00e5dan forsikring skal give omfattende d\u00e6kning af mindst f\u00f8lgende: dykning, l\u00e6gehj\u00e6lp, rejse, evakuering, personligt ansvar og bestemmelser om rejseaflysning. Den n\u00e6vnte forsikringsd\u00e6kning er obligatorisk for alle kunder om bord p\u00e5 alle kundens b\u00e5de og lokaler. Virksomheden kan ikke holdes ansvarlig for eventuelle \u00f8konomiske eller personlige tab eller skader, hvis kunden ikke har tegnet en s\u00e5dan forsikring. P\u00e5 afrejsedagen beder vi om et skriftligt bevis p\u00e5 engelsk fra kundens forsikringsudbyder p\u00e5, at de d\u00e6kker evakuering og behandlinger i rekompressionskammeret.\n<br>\n3.2 Selskabet p\u00e5tager sig intet ansvar for tab eller beskadigelse af bagage eller dykkerudstyr om bord p\u00e5 b\u00e5den eller under overf\u00f8rslen(e) til eller fra b\u00e5den eller p\u00e5 nogen af Phuket Dive Centers ejendomme.\n<br>\nPris og betaling\n<br><br>\nAntallet af dyk i en pakke er et sk\u00f8n baseret p\u00e5 s\u00e6dvanlige dykkerforhold og er ikke en garanti. Der kan opst\u00e5 omst\u00e6ndigheder, som kr\u00e6ver en \u00e6ndring af antallet af dyk, f.eks. ugunstige vejrforhold, personlig sygdom, tekniske eller mekaniske vanskeligheder, fjerntliggende\/utilg\u00e6ngelige dykkesteder eller personlige valg. S\u00e5danne omst\u00e6ndigheder kan medf\u00f8re en reduktion af det ansl\u00e5ede antal dyk. Der vil ikke blive foretaget nogen tilbagebetaling under s\u00e5danne omst\u00e6ndigheder.\n<br>\nKundens forpligtelser\n<br><br>\n5.1 Hvis kunden er uagtsom eller uansvarlig og for\u00e5rsager skade p\u00e5 eller tab af ejendom og udstyr, der tilh\u00f8rer selskabet, skal kunden refundere selskabet fuldt ud til den aktuelle detailpris for ethvert tab eller skade.\n<br>\n5.2 Kunden forpligter sig til at v\u00e6re fysisk, f\u00f8lelsesm\u00e6ssigt og mentalt egnet til at deltage i de aktiviteter, som han\/hun har tilmeldt sig. Eventuelle skader eller ubehag som f\u00f8lge af disse aktiviteter, der skyldes manglende egnethed, kan ikke accepteres som begrundelse for reklamation eller tilbagebetaling.\n<br>\n5.3 Dagsture og ture med overnatning i Thailand: Kunden kan forbyde en person at deltage i et eller flere dyk, hvis vedkommende er fysisk, mentalt eller f\u00f8lelsesm\u00e6ssigt uegnet til at dykke, udviser en tydelig mangel p\u00e5 respekt for National Marine Parks regler og bestemmelser, h\u00e5ndterer eller skader livet i havet, indtager alkohol mellem dykkene eller ikke overholder generelle internationale standarder og praksisser for sikker dykning.\n<br>\nForce Majeure\n<br><br>\n6.1 Selskabet forbeholder sig ret til at \u00e6ndre, forsinke og\/eller annullere dykkearrangementer, hvis dykkerdestinationens afsides beliggenhed eller utilg\u00e6ngelighed, lokale skikke, naturkatastrofer (brand, oversv\u00f8mmelse, jordsk\u00e6lv, storm, orkan eller anden naturkatastrofe), krig, politisk uro og andre fjendtligheder, uanset om der er erkl\u00e6ret krig, eller andre tekniske eller mekaniske vanskeligheder g\u00f8r arrangementerne usikre, farlige og\/eller upraktikable.\n<br>\n6.2 Hvis der hersker ugunstige vejrforhold, som g\u00f8r det farligt eller uhensigtsm\u00e6ssigt for kunderne eller b\u00e5den at g\u00e5 i land og ind i havnen, forbeholder kaptajnen sig ret til at uds\u00e6tte sejladsen, indtil gunstigere forhold g\u00f8r sig g\u00e6ldende. Dette kan indeb\u00e6re en justering af ruten, hvilket kan resultere i en aflysning af landgang i en bestemt havn og\/eller oml\u00e6gning af \u00f8bes\u00f8g i ny r\u00e6kkef\u00f8lge.\n<br><br>\nAfbestilling\n<br>\n7.1 Virksomheden refunderer alle bel\u00f8b, som kunden har betalt til virksomheden, hvis virksomheden selv aflyser en rejse eller et kursus af andre \u00e5rsager end dem, der er angivet ovenfor. Virksomheden p\u00e5tager sig ikke noget \u00f8konomisk ansvar for \u00e6ndringer i rejseplanen eller aflysninger, der skyldes omst\u00e6ndigheder uden for virksomhedens kontrol, som f.eks. men ikke begr\u00e6nset til de ovenfor n\u00e6vnte.\n<br>\n7.2 Hvis en kunde har brug for n\u00f8devakuering, og b\u00e5den m\u00e5 vende tilbage til land, p\u00e5tager selskabet sig ikke noget \u00f8konomisk ansvar for eventuelle deraf f\u00f8lgende \u00e6ndringer i rejseplanen.\n<br>\n7.3 Hvis en afbestilling foretages mere end 7 dage f\u00f8r det tidspunkt, hvor turen skal afg\u00e5, vil alle betalte bel\u00f8b blive refunderet udelukkende efter Thailand Divers' sk\u00f8n.\n<br>\n7.4 Hvis en afbestilling foretages mellem 7 og 1 dag f\u00f8r rejsen skal afg\u00e5, vil depositummet ikke blive refunderet.\n<br>\n7.5 Hvis en afbestilling er foretaget af en kunde, hvis booking er foretaget og behandlet af en af virksomhedens agenter, skal kunden kontakte den p\u00e5g\u00e6ldende agent for enhver form for tilbagebetaling. Virksomheden vil ikke v\u00e6re i stand til at behandle en eventuel afbestilling eller forberede en eventuel tilbagebetaling til kunden.\n<br>\n7.6 Alle PADI Professional-kurser kan ikke refunderes uden undtagelse.\n<br><br>\nAdskillelighed\n<br>\nHvis en af parterne undlader at h\u00e5ndh\u00e6ve en eller flere af bestemmelserne i denne aftale p\u00e5 grund af ulovlighed, ugyldighed eller manglende h\u00e5ndh\u00e6velse af den eller de p\u00e5g\u00e6ldende bestemmelser, p\u00e5virker det ikke gyldigheden eller h\u00e5ndh\u00e6velsen af andre bestemmelser i aftalen.\n<br><br>\nOpgave\n<br>\nKunden m\u00e5 ikke overdrage nogen af sine ansvarsomr\u00e5der eller forpligtelser eller uddelegere nogen af sine opgaver i henhold til denne aftale uden udtrykkelig skriftlig tilladelse fra selskabet.\n<br><br>\nFritagelse\n<br>\nHvis en af parterne undlader at opfylde en eller flere af sine forpligtelser i denne aftale, skal det ikke betragtes som et afkald p\u00e5 opfyldelse af andre forpligtelser i aftalen.\n<br><br>\nHele aftalen\n<br>\nDenne aftale indeholder begge parters rettigheder og forpligtelser i forbindelse med det emne, der er omfattet af aftalen. Ingen andre ordninger, aftaler eller forpligtelser er omfattet af eller f\u00f8lger af denne aftale.\n<br><br>\nIngen tredjeparter\n<br>\nIntet i denne aftale skal udtrykkeligt eller stiltiende give rettigheder til nogen tredjepart.\n<br><br>\nG\u00e6ldende lov\n<br>\nDenne kontrakt er underlagt, fortolkes og h\u00e5ndh\u00e6ves i overensstemmelse med lovgivningen i Kongeriget Thailand. Hvis der opst\u00e5r sp\u00f8rgsm\u00e5l eller problemer i forbindelse med aftalen eller nogen af dens bestemmelser, skal de kun afg\u00f8res ved domstole eller domstole i Kongeriget Thailand, med udelukkelse af alle andre domstole eller domstole.<\/p>\t\t\t\t<\/div>\n\t\t\t\t\t<\/div>\n\t\t\t\t<\/div>\n\t\t\t\t<\/div>","protected":false},"excerpt":{"rendered":"<p>Terms and Conditions Definitions Thailand Dive Center shall be construed to comprise &#8220;the Company&#8221;, as well as all their affiliates, officers, agents, employees, workers, directors, and representatives whether in-person or virtually located. General Booking Rules \u200b2.1 All customers must show proof of diving certification minimum Open Water Certification 2.2 All customers must complete and sign [&hellip;]<\/p>\n","protected":false},"author":1,"featured_media":0,"parent":0,"menu_order":0,"comment_status":"closed","ping_status":"closed","template":"","meta":{"_angie_page":false,"footnotes":""},"hf_cat_page":[],"class_list":["post-8965","page","type-page","status-publish","hentry"],"_links":{"self":[{"href":"https:\/\/thailand-divers.com\/da\/wp-json\/wp\/v2\/pages\/8965","targetHints":{"allow":["GET"]}}],"collection":[{"href":"https:\/\/thailand-divers.com\/da\/wp-json\/wp\/v2\/pages"}],"about":[{"href":"https:\/\/thailand-divers.com\/da\/wp-json\/wp\/v2\/types\/page"}],"author":[{"embeddable":true,"href":"https:\/\/thailand-divers.com\/da\/wp-json\/wp\/v2\/users\/1"}],"replies":[{"embeddable":true,"href":"https:\/\/thailand-divers.com\/da\/wp-json\/wp\/v2\/comments?post=8965"}],"version-history":[{"count":6,"href":"https:\/\/thailand-divers.com\/da\/wp-json\/wp\/v2\/pages\/8965\/revisions"}],"predecessor-version":[{"id":35141,"href":"https:\/\/thailand-divers.com\/da\/wp-json\/wp\/v2\/pages\/8965\/revisions\/35141"}],"wp:attachment":[{"href":"https:\/\/thailand-divers.com\/da\/wp-json\/wp\/v2\/media?parent=8965"}],"wp:term":[{"taxonomy":"hf_cat_page","embeddable":true,"href":"https:\/\/thailand-divers.com\/da\/wp-json\/wp\/v2\/hf_cat_page?post=8965"}],"curies":[{"name":"wp","href":"https:\/\/api.w.org\/{rel}","templated":true}]}}