{"id":6637,"date":"2021-12-21T00:54:05","date_gmt":"2021-12-21T00:54:05","guid":{"rendered":"https:\/\/eppr3oexnu-staging.onrocket.site\/?page_id=6637"},"modified":"2025-07-18T10:27:35","modified_gmt":"2025-07-18T09:27:35","slug":"cookies-policy","status":"publish","type":"page","link":"https:\/\/thailand-divers.com\/da\/cookie-politik\/","title":{"rendered":"Politik om cookies"},"content":{"rendered":"<div data-elementor-type=\"wp-page\" data-elementor-id=\"6637\" class=\"elementor elementor-6637\" data-elementor-post-type=\"page\">\n\t\t\t\t<div class=\"elementor-element elementor-element-22941d44 e-flex e-con-boxed e-con e-parent\" data-id=\"22941d44\" data-element_type=\"container\" data-e-type=\"container\">\n\t\t\t\t\t<div class=\"e-con-inner\">\n\t\t\t\t<div class=\"elementor-element elementor-element-39bb7393 elementor-widget elementor-widget-heading\" data-id=\"39bb7393\" data-element_type=\"widget\" data-e-type=\"widget\" data-widget_type=\"heading.default\">\n\t\t\t\t\t<p class=\"elementor-heading-title elementor-size-default\">Thailand Divers<\/p>\t\t\t\t<\/div>\n\t\t\t\t<div class=\"elementor-element elementor-element-10f8ac9d elementor-widget elementor-widget-heading\" data-id=\"10f8ac9d\" data-element_type=\"widget\" data-e-type=\"widget\" data-widget_type=\"heading.default\">\n\t\t\t\t\t<h1 class=\"elementor-heading-title elementor-size-default\">Cookie-politik<\/h1>\t\t\t\t<\/div>\n\t\t\t\t<div class=\"elementor-element elementor-element-610226ee elementor-widget__width-initial elementor-widget elementor-widget-heading\" data-id=\"610226ee\" data-element_type=\"widget\" data-e-type=\"widget\" data-widget_type=\"heading.default\">\n\t\t\t\t\t<p class=\"elementor-heading-title elementor-size-default\">Sidst opdateret: 22. maj 2024\n<br><br>\nDenne cookiepolitik forklarer, hvad cookies er, og hvordan vi bruger dem. Du b\u00f8r l\u00e6se denne politik, s\u00e5 du kan forst\u00e5, hvilken type cookies vi bruger, eller hvilke oplysninger vi indsamler ved hj\u00e6lp af cookies, og hvordan disse oplysninger bruges.\n<br><br>\nCookies indeholder typisk ingen oplysninger, der identificerer en bruger personligt, men personlige oplysninger, som vi gemmer om dig, kan v\u00e6re knyttet til de oplysninger, der er gemt i og indhentet fra cookies. For yderligere oplysninger om, hvordan vi bruger, gemmer og opbevarer dine personlige oplysninger sikkert, se vores privatlivspolitik.\n<br><br>\nVi gemmer ikke f\u00f8lsomme personlige oplysninger, som f.eks. postadresser, adgangskoder til konti osv.\n<br>\n<br>\nFortolkning og definitioner\n<br><br>\nDe ord, hvis begyndelsesbogstav er skrevet med stort, har betydninger, der er defineret under f\u00f8lgende betingelser. De f\u00f8lgende definitioner har samme betydning, uanset om de optr\u00e6der i ental eller flertal.\nI forbindelse med denne cookiepolitik:\n<br><br>\nVirksomheden (omtalt som enten \"virksomheden\", \"vi\", \"os\" eller \"vores\" i denne cookiepolitik) henviser til Thailand Divers<br><br>\nCookies er sm\u00e5 filer, der placeres p\u00e5 din computer, mobilenhed eller enhver anden enhed af et websted, og som indeholder oplysninger om din browserhistorik p\u00e5 det p\u00e5g\u00e6ldende websted blandt mange andre form\u00e5l.<br><br>\nHjemmesiden henviser til Thailand Divers, der er tilg\u00e6ngelig fra https:\/\/thailand-divers.com\nDu betyder den person, der f\u00e5r adgang til eller bruger webstedet, eller en virksomhed eller enhver juridisk enhed p\u00e5 vegne af hvilken en s\u00e5dan person f\u00e5r adgang til eller bruger webstedet, alt efter hvad der er relevant.\n<br>\n<br>\nType af cookies vi bruger\n<br>\nCookies kan v\u00e6re \"vedvarende\" eller \"sessionscookies\". Permanente cookies forbliver p\u00e5 din personlige computer eller mobilenhed, n\u00e5r du g\u00e5r offline, mens sessionscookies slettes, s\u00e5 snart du lukker din webbrowser.\n<br>\nVi bruger b\u00e5de sessions- og permanente cookies til de form\u00e5l, der er beskrevet nedenfor:\n<br>\nN\u00f8dvendige\/vigtige cookies Type: Sessionscookies Administreret af: Os Form\u00e5l: Disse cookies er afg\u00f8rende for at give dig tjenester, der er tilg\u00e6ngelige via webstedet, og for at give dig mulighed for at bruge nogle af dets funktioner. De hj\u00e6lper med at autentificere brugere og forhindre svigagtig brug af brugerkonti. Uden disse cookies kan de tjenester, du har bedt om, ikke leveres, og vi bruger kun disse cookies til at levere disse tjenester til dig.\nFunktionalitetscookies Type: Permanente cookies Administreret af: Os Form\u00e5l: Disse cookies giver os mulighed for at huske de valg, du foretager, n\u00e5r du bruger webstedet, f.eks. at huske dine loginoplysninger eller sprogpr\u00e6ferencer. Form\u00e5let med disse cookies er at give dig en mere personlig oplevelse og at undg\u00e5, at du skal indtaste dine pr\u00e6ferencer igen, hver gang du bruger webstedet.\n<br>\nHvis du foretr\u00e6kker at undg\u00e5 brugen af cookies p\u00e5 webstedet, skal du f\u00f8rst deaktivere brugen af cookies i din browser og derefter slette de cookies, der er gemt i din browser i forbindelse med dette websted. Du kan til enhver tid benytte denne mulighed for at forhindre brugen af Cookies.\n<br>\nHvis du ikke accepterer vores cookies, kan du opleve visse ulemper i forbindelse med din brug af webstedet, og nogle funktioner fungerer muligvis ikke korrekt.\n<br>\nHvis du gerne vil slette cookies eller instruere din webbrowser i at slette eller afvise cookies, kan du bes\u00f8ge hj\u00e6lpesiderne i din webbrowser.\n<br><br>\nFor Chrome-browseren, bes\u00f8g venligst denne side fra Google: https:\/\/support.google.com\/accounts\/answer\/32050<br><br>\nFor Internet Explorer-webbrowseren kan du bes\u00f8ge denne side fra Microsoft: http:\/\/support.microsoft.com\/kb\/278835<br><br>\nFor Firefox-browseren, bes\u00f8g venligst denne side fra Mozilla: https:\/\/support.mozilla.org\/en-US\/kb\/delete-cookies-remove-info-websites-stored<br><br>\nFor Safari-browseren kan du bes\u00f8ge denne side fra Apple: https:\/\/support.apple.com\/guide\/safari\/manage-cookies-and-website-data-sfri11471\/mac\n<br><br>\nFor enhver anden webbrowser, bes\u00f8g venligst din webbrowsers officielle websider.\n<br>\nHvis du har sp\u00f8rgsm\u00e5l til denne cookiepolitik, kan du kontakte os.<\/p>\t\t\t\t<\/div>\n\t\t\t\t\t<\/div>\n\t\t\t\t<\/div>\n\t\t\t\t<\/div>","protected":false},"excerpt":{"rendered":"<p>Thailand Divers Cookie Policy Last updated: May 22 &#8211; 2024 This Cookies Policy explains what Cookies are and how We use them. You should read this policy so You can understand what type of cookies We use, or the information We collect using Cookies and how that information is used. Cookies do not typically contain [&hellip;]<\/p>\n","protected":false},"author":1,"featured_media":0,"parent":0,"menu_order":0,"comment_status":"closed","ping_status":"closed","template":"","meta":{"_angie_page":false,"footnotes":""},"hf_cat_page":[],"class_list":["post-6637","page","type-page","status-publish","hentry"],"_links":{"self":[{"href":"https:\/\/thailand-divers.com\/da\/wp-json\/wp\/v2\/pages\/6637","targetHints":{"allow":["GET"]}}],"collection":[{"href":"https:\/\/thailand-divers.com\/da\/wp-json\/wp\/v2\/pages"}],"about":[{"href":"https:\/\/thailand-divers.com\/da\/wp-json\/wp\/v2\/types\/page"}],"author":[{"embeddable":true,"href":"https:\/\/thailand-divers.com\/da\/wp-json\/wp\/v2\/users\/1"}],"replies":[{"embeddable":true,"href":"https:\/\/thailand-divers.com\/da\/wp-json\/wp\/v2\/comments?post=6637"}],"version-history":[{"count":6,"href":"https:\/\/thailand-divers.com\/da\/wp-json\/wp\/v2\/pages\/6637\/revisions"}],"predecessor-version":[{"id":35031,"href":"https:\/\/thailand-divers.com\/da\/wp-json\/wp\/v2\/pages\/6637\/revisions\/35031"}],"wp:attachment":[{"href":"https:\/\/thailand-divers.com\/da\/wp-json\/wp\/v2\/media?parent=6637"}],"wp:term":[{"taxonomy":"hf_cat_page","embeddable":true,"href":"https:\/\/thailand-divers.com\/da\/wp-json\/wp\/v2\/hf_cat_page?post=6637"}],"curies":[{"name":"wp","href":"https:\/\/api.w.org\/{rel}","templated":true}]}}