{"id":4112,"date":"2021-11-18T22:25:56","date_gmt":"2021-11-18T22:25:56","guid":{"rendered":"https:\/\/eppr3oexnu-staging.onrocket.site\/?page_id=4112"},"modified":"2025-07-21T09:54:41","modified_gmt":"2025-07-21T08:54:41","slug":"privacy-policy","status":"publish","type":"page","link":"https:\/\/thailand-divers.com\/da\/politik-for-beskyttelse-af-personlige-oplysninger\/","title":{"rendered":"Politik om beskyttelse af personlige oplysninger"},"content":{"rendered":"<div data-elementor-type=\"wp-page\" data-elementor-id=\"4112\" class=\"elementor elementor-4112\" data-elementor-post-type=\"page\">\n\t\t\t\t<div class=\"elementor-element elementor-element-7862f5d e-flex e-con-boxed e-con e-parent\" data-id=\"7862f5d\" data-element_type=\"container\" data-e-type=\"container\">\n\t\t\t\t\t<div class=\"e-con-inner\">\n\t\t\t\t<div class=\"elementor-element elementor-element-202b2d3c elementor-widget elementor-widget-heading\" data-id=\"202b2d3c\" data-element_type=\"widget\" data-e-type=\"widget\" data-widget_type=\"heading.default\">\n\t\t\t\t\t<p class=\"elementor-heading-title elementor-size-default\">Thailand<\/p>\t\t\t\t<\/div>\n\t\t\t\t<div class=\"elementor-element elementor-element-36800853 elementor-widget elementor-widget-heading\" data-id=\"36800853\" data-element_type=\"widget\" data-e-type=\"widget\" data-widget_type=\"heading.default\">\n\t\t\t\t\t<h1 class=\"elementor-heading-title elementor-size-default\">Politik om beskyttelse af personlige oplysninger<\/h1>\t\t\t\t<\/div>\n\t\t\t\t<div class=\"elementor-element elementor-element-3a77d0b8 elementor-widget__width-initial elementor-widget elementor-widget-heading\" data-id=\"3a77d0b8\" data-element_type=\"widget\" data-e-type=\"widget\" data-widget_type=\"heading.default\">\n\t\t\t\t\t<p class=\"elementor-heading-title elementor-size-default\">Hvem vi er.\n<br>\nVores hjemmesideadresse er thailand-divers.com\n<br><br>\nKommentarer\n<br>\nN\u00e5r bes\u00f8gende efterlader kommentarer p\u00e5 webstedet, indsamler vi de data, der vises i kommentarformularen, og ogs\u00e5 den bes\u00f8gendes IP-adresse og browserens brugeragentstreng for at hj\u00e6lpe med at opdage spam.\n<br>\nEn anonymiseret streng, der oprettes ud fra din e-mailadresse (ogs\u00e5 kaldet en hash), kan blive leveret til Gravatar-tjenesten for at se, om du bruger den. Gravatar-tjenestens politik om beskyttelse af personlige oplysninger findes her: https:\/\/automattic.com\/privacy\/. N\u00e5r din kommentar er godkendt, er dit profilbillede synligt for offentligheden i forbindelse med din kommentar.\n<br><br>\nMedier\n<br>\nHvis du uploader billeder til webstedet, b\u00f8r du undg\u00e5 at uploade billeder med indlejrede positionsdata (EXIF GPS). Bes\u00f8gende p\u00e5 webstedet kan downloade og udtr\u00e6kke alle lokaliseringsdata fra billeder p\u00e5 webstedet.\n<br><br>\nCookies\n<br>\nHvis du efterlader en kommentar p\u00e5 vores websted, kan du v\u00e6lge at gemme dit navn, din e-mailadresse og dit websted i cookies. Disse er til din bekvemmelighed, s\u00e5 du ikke beh\u00f8ver at udfylde dine oplysninger igen, n\u00e5r du afgiver en ny kommentar. Disse cookies vil vare i et \u00e5r.\n<br><br>\nHvis du bes\u00f8ger vores login-side, s\u00e6tter vi en midlertidig cookie for at fastsl\u00e5, om din browser accepterer cookies. Denne cookie indeholder ingen personlige data og bliver slettet, n\u00e5r du lukker din browser.\n<br><br>\nN\u00e5r du logger ind, s\u00e6tter vi ogs\u00e5 flere cookies op for at gemme dine loginoplysninger og dine valg af sk\u00e6rmvisning. Login-cookies holder i to dage, og cookies til sk\u00e6rmindstillinger holder i et \u00e5r. Hvis du v\u00e6lger \"Husk mig\", bevares dit login i to uger. Hvis du logger ud af din konto, vil login-cookies blive fjernet.\n<br><br>\nHvis du redigerer eller udgiver en artikel, gemmes der en ekstra cookie i din browser. Denne cookie indeholder ingen personlige data og angiver blot indl\u00e6gs-id'et for den artikel, du netop har redigeret. Den udl\u00f8ber efter 1 dag.\n<br><br>\nIndlejret indhold fra andre websteder\n<br>\nArtikler p\u00e5 dette websted kan indeholde indlejret indhold (f.eks. videoer, billeder, artikler osv.). Indlejret indhold fra andre websteder opf\u00f8rer sig p\u00e5 n\u00f8jagtig samme m\u00e5de, som hvis den bes\u00f8gende har bes\u00f8gt det andet websted.\n<br><br>\nDisse websteder kan indsamle data om dig, bruge cookies, indlejre yderligere sporing fra tredjepart og overv\u00e5ge din interaktion med det indlejrede indhold, herunder spore din interaktion med det indlejrede indhold, hvis du har en konto og er logget ind p\u00e5 det p\u00e5g\u00e6ldende websted.\n<br><br>\nHvem vi deler dine data med\n<br>\nHvis du anmoder om at f\u00e5 nulstillet din adgangskode, vil din IP-adresse blive inkluderet i e-mailen om nulstilling.\n<br><br>\nHvor l\u00e6nge vi opbevarer dine data\n<br>\nHvis du efterlader en kommentar, opbevares kommentaren og dens metadata p\u00e5 ubestemt tid. Det er for at vi kan genkende og godkende eventuelle opf\u00f8lgende kommentarer automatisk i stedet for at holde dem i en k\u00f8 til moderering.\n<br><br>\nFor brugere, der registrerer sig p\u00e5 vores websted (hvis nogen), gemmer vi ogs\u00e5 de personlige oplysninger, som de giver i deres brugerprofil. Alle brugere kan til enhver tid se, redigere eller slette deres personlige oplysninger (bortset fra at de ikke kan \u00e6ndre deres brugernavn). Webstedsadministratorer kan ogs\u00e5 se og redigere disse oplysninger.\n<br><br>\nHvilke rettigheder du har over dine data\n<br>\nHvis du har en konto p\u00e5 dette websted eller har afgivet kommentarer, kan du anmode om at modtage en eksporteret fil med de personoplysninger, vi har om dig, herunder alle de oplysninger, du har givet os. Du kan ogs\u00e5 anmode om, at vi sletter alle personoplysninger, som vi har om dig. Dette omfatter ikke data, som vi er forpligtet til at opbevare af administrative, juridiske eller sikkerhedsm\u00e6ssige \u00e5rsager.\n<br><br>\nHvor vi sender dine data hen\n<br>\nKommentarer fra bes\u00f8gende kan kontrolleres af en automatiseret spamdetektionstjeneste.<\/p>\t\t\t\t<\/div>\n\t\t\t\t<div class=\"elementor-element elementor-element-5040083 elementor-widget elementor-widget-heading\" data-id=\"5040083\" data-element_type=\"widget\" data-e-type=\"widget\" data-widget_type=\"heading.default\">\n\t\t\t\t\t<h1 class=\"elementor-heading-title elementor-size-default\">Returpolitik<\/h1>\t\t\t\t<\/div>\n\t\t\t\t<div class=\"elementor-element elementor-element-c221355 elementor-widget elementor-widget-text-editor\" data-id=\"c221355\" data-element_type=\"widget\" data-e-type=\"widget\" data-widget_type=\"text-editor.default\">\n\t\t\t\t\t\t\t\t\t<div class=\"edit-section _ngcontent-jwp-37\"><div class=\"edit-section-content _ngcontent-jwp-37\"><div class=\"signal-content _ngcontent-jwp-37\"><div class=\"signal-title-row _ngcontent-jwp-37\"><span style=\"text-decoration: underline;\"><strong>Returnerer<\/strong><\/span><\/div><div class=\"signal-value-row _ngcontent-jwp-37\"><div class=\"signal-value-text _ngcontent-jwp-37\">Accepter returnering af b\u00e5de defekte og ikke-defekte produkter<\/div><\/div><\/div><div class=\"signal-content _ngcontent-jwp-37\"><div class=\"signal-title-row _ngcontent-jwp-37\">Udveksling = Accepter udveksling<\/div><\/div><p><br \/><span style=\"text-decoration: underline;\"><strong>Produktets tilstand og vindue<\/strong><\/span><br \/>Produktets tilstand = Ny og let brugt<br \/>Vindue= Levetid<\/p><\/div><\/div><div class=\"edit-section _ngcontent-jwp-37\"><div class=\"edit-section-title _ngcontent-jwp-37\"><strong><span style=\"text-decoration: underline;\">Metode og gebyrer<\/span><\/strong><\/div><div class=\"edit-section-content _ngcontent-jwp-37\"><div class=\"signal-content _ngcontent-jwp-37\"><div class=\"signal-title-row _ngcontent-jwp-37\">Metode= I butikken<\/div><\/div><div class=\"signal-content _ngcontent-jwp-37\"><div class=\"signal-title-row _ngcontent-jwp-37\">Genopfyldningsgebyr = Ingen omkostninger<\/div><\/div><div class=\"signal-content _ngcontent-jwp-37\"><div class=\"signal-title-row _ngcontent-jwp-37\">Behandlingstid for tilbagebetaling = 1 dag<\/div><\/div><\/div><\/div>\t\t\t\t\t\t\t\t<\/div>\n\t\t\t\t\t<\/div>\n\t\t\t\t<\/div>\n\t\t\t\t<\/div>","protected":false},"excerpt":{"rendered":"<p>Thailand divers Privacy Policy Who we are. Our website address is thailand-divers.com Comments When visitors leave comments on the site we collect the data shown in the comments form, and also the visitor\u2019s IP address and browser user agent string to help spam detection. An anonymised string created from your email address (also called a [&hellip;]<\/p>\n","protected":false},"author":1,"featured_media":0,"parent":0,"menu_order":0,"comment_status":"closed","ping_status":"closed","template":"","meta":{"_angie_page":false,"footnotes":""},"hf_cat_page":[],"class_list":["post-4112","page","type-page","status-publish","hentry"],"_links":{"self":[{"href":"https:\/\/thailand-divers.com\/da\/wp-json\/wp\/v2\/pages\/4112","targetHints":{"allow":["GET"]}}],"collection":[{"href":"https:\/\/thailand-divers.com\/da\/wp-json\/wp\/v2\/pages"}],"about":[{"href":"https:\/\/thailand-divers.com\/da\/wp-json\/wp\/v2\/types\/page"}],"author":[{"embeddable":true,"href":"https:\/\/thailand-divers.com\/da\/wp-json\/wp\/v2\/users\/1"}],"replies":[{"embeddable":true,"href":"https:\/\/thailand-divers.com\/da\/wp-json\/wp\/v2\/comments?post=4112"}],"version-history":[{"count":12,"href":"https:\/\/thailand-divers.com\/da\/wp-json\/wp\/v2\/pages\/4112\/revisions"}],"predecessor-version":[{"id":35402,"href":"https:\/\/thailand-divers.com\/da\/wp-json\/wp\/v2\/pages\/4112\/revisions\/35402"}],"wp:attachment":[{"href":"https:\/\/thailand-divers.com\/da\/wp-json\/wp\/v2\/media?parent=4112"}],"wp:term":[{"taxonomy":"hf_cat_page","embeddable":true,"href":"https:\/\/thailand-divers.com\/da\/wp-json\/wp\/v2\/hf_cat_page?post=4112"}],"curies":[{"name":"wp","href":"https:\/\/api.w.org\/{rel}","templated":true}]}}