{"id":32362,"date":"2025-07-18T10:30:28","date_gmt":"2025-07-18T09:30:28","guid":{"rendered":"https:\/\/thailand-divers.com\/?page_id=32362"},"modified":"2025-07-18T10:32:15","modified_gmt":"2025-07-18T09:32:15","slug":"phi-phi-explorer","status":"publish","type":"page","link":"https:\/\/thailand-divers.com\/da\/phi-phi-opdagelsesrejsende\/","title":{"rendered":"Phi Phi Explorer"},"content":{"rendered":"<div data-elementor-type=\"wp-page\" data-elementor-id=\"32362\" class=\"elementor elementor-32362\" data-elementor-post-type=\"page\">\n\t\t\t\t<div class=\"elementor-element elementor-element-3696486 e-flex e-con-boxed e-con e-parent\" data-id=\"3696486\" data-element_type=\"container\" data-e-type=\"container\">\n\t\t\t\t\t<div class=\"e-con-inner\">\n\t\t\t\t<div class=\"elementor-element elementor-element-485f2a5 elementor-widget elementor-widget-image\" data-id=\"485f2a5\" data-element_type=\"widget\" data-e-type=\"widget\" data-widget_type=\"image.default\">\n\t\t\t\t\t\t\t\t\t\t\t\t\t\t\t<img decoding=\"async\" width=\"1200\" height=\"600\" src=\"https:\/\/thailand-divers.com\/wp-content\/uploads\/Phi-Phi-Explorer.webp\" class=\"attachment-large size-large wp-image-32255\" alt=\"\" srcset=\"https:\/\/thailand-divers.com\/wp-content\/uploads\/Phi-Phi-Explorer.webp 1200w, https:\/\/thailand-divers.com\/wp-content\/uploads\/Phi-Phi-Explorer-768x384.webp 768w, https:\/\/thailand-divers.com\/wp-content\/uploads\/Phi-Phi-Explorer-18x9.webp 18w\" sizes=\"(max-width: 1200px) 100vw, 1200px\" \/>\t\t\t\t\t\t\t\t\t\t\t\t\t\t\t<\/div>\n\t\t\t\t\t<\/div>\n\t\t\t\t<\/div>\n\t\t<div class=\"elementor-element elementor-element-719a2915 e-flex e-con-boxed e-con e-parent\" data-id=\"719a2915\" data-element_type=\"container\" data-e-type=\"container\" data-settings=\"{&quot;background_background&quot;:&quot;classic&quot;}\">\n\t\t\t\t\t<div class=\"e-con-inner\">\n\t\t<div class=\"elementor-element elementor-element-27dcd8c7 e-flex e-con-boxed e-con e-child\" data-id=\"27dcd8c7\" data-element_type=\"container\" data-e-type=\"container\">\n\t\t\t\t\t<div class=\"e-con-inner\">\n\t\t\t\t<div class=\"elementor-element elementor-element-31df792 elementor-widget__width-initial elementor-widget elementor-widget-heading\" data-id=\"31df792\" data-element_type=\"widget\" data-e-type=\"widget\" data-widget_type=\"heading.default\">\n\t\t\t\t\t<h2 class=\"elementor-heading-title elementor-size-default\">De bedste dykkersteder i Phuket<\/h2>\t\t\t\t<\/div>\n\t\t\t\t<div class=\"elementor-element elementor-element-32d4ca7d elementor-widget__width-initial elementor-widget elementor-widget-heading\" data-id=\"32d4ca7d\" data-element_type=\"widget\" data-e-type=\"widget\" data-widget_type=\"heading.default\">\n\t\t\t\t\t<h2 class=\"elementor-heading-title elementor-size-default\">2D\/1N 14.900 THB<\/h2>\t\t\t\t<\/div>\n\t\t\t\t<div class=\"elementor-element elementor-element-9d984fb elementor-widget__width-initial elementor-widget elementor-widget-heading\" data-id=\"9d984fb\" data-element_type=\"widget\" data-e-type=\"widget\" data-widget_type=\"heading.default\">\n\t\t\t\t\t<h2 class=\"elementor-heading-title elementor-size-default\">USD$450 \/ \u20ac400<\/h2>\t\t\t\t<\/div>\n\t\t\t\t<div class=\"elementor-element elementor-element-239feb29 elementor-widget elementor-widget-accordion\" data-id=\"239feb29\" data-element_type=\"widget\" data-e-type=\"widget\" data-widget_type=\"accordion.default\">\n\t\t\t\t\t\t\t<div class=\"elementor-accordion\">\n\t\t\t\t\t\t\t<div class=\"elementor-accordion-item\">\n\t\t\t\t\t<div id=\"elementor-tab-title-5971\" class=\"elementor-tab-title\" data-tab=\"1\" role=\"button\" aria-controls=\"elementor-tab-content-5971\" aria-expanded=\"false\">\n\t\t\t\t\t\t\t\t\t\t\t\t\t<span class=\"elementor-accordion-icon elementor-accordion-icon-right\" aria-hidden=\"true\">\n\t\t\t\t\t\t\t\t\t\t\t\t\t\t\t<span class=\"elementor-accordion-icon-closed\"><svg xmlns=\"http:\/\/www.w3.org\/2000\/svg\" width=\"37.5\" viewbox=\"0 0 37.5 37.5\" height=\"37.5\"><defs><clippath id=\"a\"><path d=\"M 0 14 L 37.007812 14 L 37.007812 24 L 0 24 Z M 0 14\"><\/path><\/clippath><clippath id=\"b\"><path d=\"M 14 0 L 23 0 L 23 37.007812 L 14 37.007812 Z M 14 0\"><\/path><\/clippath><\/defs><g clip-path=\"url(#a)\"><path stroke-linecap=\"round\" transform=\"matrix(.75 .00197 -.00197 .75 0 18.75)\" fill=\"none\" d=\"M 0.499998 -0.00131013 L 49.500178 0.000254553\" stroke=\"#000\"><\/path><\/g><g clip-path=\"url(#b)\"><path stroke-linecap=\"round\" transform=\"matrix(-.00633 -.75044 .74997 -.00632 18.69 37.498)\" fill=\"none\" d=\"M 0.497536 0.000809227 L 49.473891 -0.00259276\" stroke=\"#000\"><\/path><\/g><\/svg><\/span>\n\t\t\t\t\t\t\t\t<span class=\"elementor-accordion-icon-opened\"><svg xmlns=\"http:\/\/www.w3.org\/2000\/svg\" width=\"37.5\" viewbox=\"0 0 37.5 37.5\" height=\"37.5\"><defs><clippath id=\"a\"><path d=\"M 0 14 L 37.007812 14 L 37.007812 24 L 0 24 Z M 0 14\"><\/path><\/clippath><\/defs><g clip-path=\"url(#a)\"><path stroke-linecap=\"round\" transform=\"matrix(.75 .00197 -.00197 .75 0 18.75)\" fill=\"none\" d=\"M 0.499998 -0.00131013 L 49.500178 0.000254553\" stroke=\"#000\"><\/path><\/g><\/svg><\/span>\n\t\t\t\t\t\t\t\t\t\t\t\t\t\t<\/span>\n\t\t\t\t\t\t\t\t\t\t\t\t<a class=\"elementor-accordion-title\" tabindex=\"0\">Koh Bida Nai<\/a>\n\t\t\t\t\t<\/div>\n\t\t\t\t\t<div id=\"elementor-tab-content-5971\" class=\"elementor-tab-content elementor-clearfix\" data-tab=\"1\" role=\"region\" aria-labelledby=\"elementor-tab-title-5971\"><p>Denne lille kalkstens\u00f8 byder p\u00e5 stejle v\u00e6gge, skr\u00e5nende rev og skjulte huler, der vrimler med farverige koraller og svampe. Dykkere m\u00f8der ofte sortspidsede revhajer, stimer af snapper, klovnefisk og af og til skildpadder eller leopardhajer. Bida Nai er velegnet til alle erfaringsniveauer og er en favorit p\u00e5 grund af den fremragende sigtbarhed og muligheden for at udforske b\u00e5de lavvandede rev og dybere drop-offs p\u00e5 et enkelt dyk.<\/p><\/div>\n\t\t\t\t<\/div>\n\t\t\t\t\t\t\t<div class=\"elementor-accordion-item\">\n\t\t\t\t\t<div id=\"elementor-tab-title-5972\" class=\"elementor-tab-title\" data-tab=\"2\" role=\"button\" aria-controls=\"elementor-tab-content-5972\" aria-expanded=\"false\">\n\t\t\t\t\t\t\t\t\t\t\t\t\t<span class=\"elementor-accordion-icon elementor-accordion-icon-right\" aria-hidden=\"true\">\n\t\t\t\t\t\t\t\t\t\t\t\t\t\t\t<span class=\"elementor-accordion-icon-closed\"><svg xmlns=\"http:\/\/www.w3.org\/2000\/svg\" width=\"37.5\" viewbox=\"0 0 37.5 37.5\" height=\"37.5\"><defs><clippath id=\"a\"><path d=\"M 0 14 L 37.007812 14 L 37.007812 24 L 0 24 Z M 0 14\"><\/path><\/clippath><clippath id=\"b\"><path d=\"M 14 0 L 23 0 L 23 37.007812 L 14 37.007812 Z M 14 0\"><\/path><\/clippath><\/defs><g clip-path=\"url(#a)\"><path stroke-linecap=\"round\" transform=\"matrix(.75 .00197 -.00197 .75 0 18.75)\" fill=\"none\" d=\"M 0.499998 -0.00131013 L 49.500178 0.000254553\" stroke=\"#000\"><\/path><\/g><g clip-path=\"url(#b)\"><path stroke-linecap=\"round\" transform=\"matrix(-.00633 -.75044 .74997 -.00632 18.69 37.498)\" fill=\"none\" d=\"M 0.497536 0.000809227 L 49.473891 -0.00259276\" stroke=\"#000\"><\/path><\/g><\/svg><\/span>\n\t\t\t\t\t\t\t\t<span class=\"elementor-accordion-icon-opened\"><svg xmlns=\"http:\/\/www.w3.org\/2000\/svg\" width=\"37.5\" viewbox=\"0 0 37.5 37.5\" height=\"37.5\"><defs><clippath id=\"a\"><path d=\"M 0 14 L 37.007812 14 L 37.007812 24 L 0 24 Z M 0 14\"><\/path><\/clippath><\/defs><g clip-path=\"url(#a)\"><path stroke-linecap=\"round\" transform=\"matrix(.75 .00197 -.00197 .75 0 18.75)\" fill=\"none\" d=\"M 0.499998 -0.00131013 L 49.500178 0.000254553\" stroke=\"#000\"><\/path><\/g><\/svg><\/span>\n\t\t\t\t\t\t\t\t\t\t\t\t\t\t<\/span>\n\t\t\t\t\t\t\t\t\t\t\t\t<a class=\"elementor-accordion-title\" tabindex=\"0\">Koh Bida Nok<\/a>\n\t\t\t\t\t<\/div>\n\t\t\t\t\t<div id=\"elementor-tab-content-5972\" class=\"elementor-tab-content elementor-clearfix\" data-tab=\"2\" role=\"region\" aria-labelledby=\"elementor-tab-title-5972\"><p>Koh Bida Nok er et fantastisk dykkersted med stejle kalkstensv\u00e6gge, levende koralhaver og sv\u00f8mmehuller. Det er kendt for sit mangfoldige marineliv, herunder mur\u00e6ner, l\u00f8vefisk, barracudaer og lejlighedsvis sortspidset revhaj. Med b\u00e5de lavvandede og dybere omr\u00e5der er det ideelt for alle dykkerniveauer og byder p\u00e5 en sp\u00e6ndende blanding af rev- og v\u00e6gdykning.<\/p><\/div>\n\t\t\t\t<\/div>\n\t\t\t\t\t\t\t<div class=\"elementor-accordion-item\">\n\t\t\t\t\t<div id=\"elementor-tab-title-5973\" class=\"elementor-tab-title\" data-tab=\"3\" role=\"button\" aria-controls=\"elementor-tab-content-5973\" aria-expanded=\"false\">\n\t\t\t\t\t\t\t\t\t\t\t\t\t<span class=\"elementor-accordion-icon elementor-accordion-icon-right\" aria-hidden=\"true\">\n\t\t\t\t\t\t\t\t\t\t\t\t\t\t\t<span class=\"elementor-accordion-icon-closed\"><svg xmlns=\"http:\/\/www.w3.org\/2000\/svg\" width=\"37.5\" viewbox=\"0 0 37.5 37.5\" height=\"37.5\"><defs><clippath id=\"a\"><path d=\"M 0 14 L 37.007812 14 L 37.007812 24 L 0 24 Z M 0 14\"><\/path><\/clippath><clippath id=\"b\"><path d=\"M 14 0 L 23 0 L 23 37.007812 L 14 37.007812 Z M 14 0\"><\/path><\/clippath><\/defs><g clip-path=\"url(#a)\"><path stroke-linecap=\"round\" transform=\"matrix(.75 .00197 -.00197 .75 0 18.75)\" fill=\"none\" d=\"M 0.499998 -0.00131013 L 49.500178 0.000254553\" stroke=\"#000\"><\/path><\/g><g clip-path=\"url(#b)\"><path stroke-linecap=\"round\" transform=\"matrix(-.00633 -.75044 .74997 -.00632 18.69 37.498)\" fill=\"none\" d=\"M 0.497536 0.000809227 L 49.473891 -0.00259276\" stroke=\"#000\"><\/path><\/g><\/svg><\/span>\n\t\t\t\t\t\t\t\t<span class=\"elementor-accordion-icon-opened\"><svg xmlns=\"http:\/\/www.w3.org\/2000\/svg\" width=\"37.5\" viewbox=\"0 0 37.5 37.5\" height=\"37.5\"><defs><clippath id=\"a\"><path d=\"M 0 14 L 37.007812 14 L 37.007812 24 L 0 24 Z M 0 14\"><\/path><\/clippath><\/defs><g clip-path=\"url(#a)\"><path stroke-linecap=\"round\" transform=\"matrix(.75 .00197 -.00197 .75 0 18.75)\" fill=\"none\" d=\"M 0.499998 -0.00131013 L 49.500178 0.000254553\" stroke=\"#000\"><\/path><\/g><\/svg><\/span>\n\t\t\t\t\t\t\t\t\t\t\t\t\t\t<\/span>\n\t\t\t\t\t\t\t\t\t\t\t\t<a class=\"elementor-accordion-title\" tabindex=\"0\">Monkey Bay<\/a>\n\t\t\t\t\t<\/div>\n\t\t\t\t\t<div id=\"elementor-tab-content-5973\" class=\"elementor-tab-content elementor-clearfix\" data-tab=\"3\" role=\"region\" aria-labelledby=\"elementor-tab-title-5973\"><p>N\u00e5r solen g\u00e5r ned, dukker det natlige marineliv op - du kan m\u00f8de jagende bl\u00e6ksprutter, sovende papeg\u00f8jefisk i deres slimkokoner, bioluminescerende plankton og flygtige skabninger som n\u00f8gensnegle, krabber og bl\u00e6ksprutter. Sandbunden og de milde forhold g\u00f8r det til et ideelt sted for et roligt, fascinerende natdyk, is\u00e6r for dem, der ikke er vant til at dykke efter m\u00f8rkets frembrud.<\/p><\/div>\n\t\t\t\t<\/div>\n\t\t\t\t\t\t\t<div class=\"elementor-accordion-item\">\n\t\t\t\t\t<div id=\"elementor-tab-title-5974\" class=\"elementor-tab-title\" data-tab=\"4\" role=\"button\" aria-controls=\"elementor-tab-content-5974\" aria-expanded=\"false\">\n\t\t\t\t\t\t\t\t\t\t\t\t\t<span class=\"elementor-accordion-icon elementor-accordion-icon-right\" aria-hidden=\"true\">\n\t\t\t\t\t\t\t\t\t\t\t\t\t\t\t<span class=\"elementor-accordion-icon-closed\"><svg xmlns=\"http:\/\/www.w3.org\/2000\/svg\" width=\"37.5\" viewbox=\"0 0 37.5 37.5\" height=\"37.5\"><defs><clippath id=\"a\"><path d=\"M 0 14 L 37.007812 14 L 37.007812 24 L 0 24 Z M 0 14\"><\/path><\/clippath><clippath id=\"b\"><path d=\"M 14 0 L 23 0 L 23 37.007812 L 14 37.007812 Z M 14 0\"><\/path><\/clippath><\/defs><g clip-path=\"url(#a)\"><path stroke-linecap=\"round\" transform=\"matrix(.75 .00197 -.00197 .75 0 18.75)\" fill=\"none\" d=\"M 0.499998 -0.00131013 L 49.500178 0.000254553\" stroke=\"#000\"><\/path><\/g><g clip-path=\"url(#b)\"><path stroke-linecap=\"round\" transform=\"matrix(-.00633 -.75044 .74997 -.00632 18.69 37.498)\" fill=\"none\" d=\"M 0.497536 0.000809227 L 49.473891 -0.00259276\" stroke=\"#000\"><\/path><\/g><\/svg><\/span>\n\t\t\t\t\t\t\t\t<span class=\"elementor-accordion-icon-opened\"><svg xmlns=\"http:\/\/www.w3.org\/2000\/svg\" width=\"37.5\" viewbox=\"0 0 37.5 37.5\" height=\"37.5\"><defs><clippath id=\"a\"><path d=\"M 0 14 L 37.007812 14 L 37.007812 24 L 0 24 Z M 0 14\"><\/path><\/clippath><\/defs><g clip-path=\"url(#a)\"><path stroke-linecap=\"round\" transform=\"matrix(.75 .00197 -.00197 .75 0 18.75)\" fill=\"none\" d=\"M 0.499998 -0.00131013 L 49.500178 0.000254553\" stroke=\"#000\"><\/path><\/g><\/svg><\/span>\n\t\t\t\t\t\t\t\t\t\t\t\t\t\t<\/span>\n\t\t\t\t\t\t\t\t\t\t\t\t<a class=\"elementor-accordion-title\" tabindex=\"0\">Kled Keaw-vraget<\/a>\n\t\t\t\t\t<\/div>\n\t\t\t\t\t<div id=\"elementor-tab-content-5974\" class=\"elementor-tab-content elementor-clearfix\" data-tab=\"4\" role=\"region\" aria-labelledby=\"elementor-tab-title-5974\"><p>Kled Keaw-vraget er et tidligere norsk kongeskib, som blev s\u00e6nket i 2014 for at skabe et kunstigt rev.<br \/>Det er nu et blomstrende undervandsparadis, der tiltr\u00e6kker pelagiske fisk og huser mindre tropiske arter og makroliv. Dykkere ser ofte hajer, skildpadder og rokker. Vraget er 47 m langt, 8 m bredt og ligger p\u00e5 en maksimal dybde p\u00e5 26 m, med styrehuset p\u00e5 14 m og to nedre d\u00e6k.\u00a0<\/p><\/div>\n\t\t\t\t<\/div>\n\t\t\t\t\t\t\t<div class=\"elementor-accordion-item\">\n\t\t\t\t\t<div id=\"elementor-tab-title-5975\" class=\"elementor-tab-title\" data-tab=\"5\" role=\"button\" aria-controls=\"elementor-tab-content-5975\" aria-expanded=\"false\">\n\t\t\t\t\t\t\t\t\t\t\t\t\t<span class=\"elementor-accordion-icon elementor-accordion-icon-right\" aria-hidden=\"true\">\n\t\t\t\t\t\t\t\t\t\t\t\t\t\t\t<span class=\"elementor-accordion-icon-closed\"><svg xmlns=\"http:\/\/www.w3.org\/2000\/svg\" width=\"37.5\" viewbox=\"0 0 37.5 37.5\" height=\"37.5\"><defs><clippath id=\"a\"><path d=\"M 0 14 L 37.007812 14 L 37.007812 24 L 0 24 Z M 0 14\"><\/path><\/clippath><clippath id=\"b\"><path d=\"M 14 0 L 23 0 L 23 37.007812 L 14 37.007812 Z M 14 0\"><\/path><\/clippath><\/defs><g clip-path=\"url(#a)\"><path stroke-linecap=\"round\" transform=\"matrix(.75 .00197 -.00197 .75 0 18.75)\" fill=\"none\" d=\"M 0.499998 -0.00131013 L 49.500178 0.000254553\" stroke=\"#000\"><\/path><\/g><g clip-path=\"url(#b)\"><path stroke-linecap=\"round\" transform=\"matrix(-.00633 -.75044 .74997 -.00632 18.69 37.498)\" fill=\"none\" d=\"M 0.497536 0.000809227 L 49.473891 -0.00259276\" stroke=\"#000\"><\/path><\/g><\/svg><\/span>\n\t\t\t\t\t\t\t\t<span class=\"elementor-accordion-icon-opened\"><svg xmlns=\"http:\/\/www.w3.org\/2000\/svg\" width=\"37.5\" viewbox=\"0 0 37.5 37.5\" height=\"37.5\"><defs><clippath id=\"a\"><path d=\"M 0 14 L 37.007812 14 L 37.007812 24 L 0 24 Z M 0 14\"><\/path><\/clippath><\/defs><g clip-path=\"url(#a)\"><path stroke-linecap=\"round\" transform=\"matrix(.75 .00197 -.00197 .75 0 18.75)\" fill=\"none\" d=\"M 0.499998 -0.00131013 L 49.500178 0.000254553\" stroke=\"#000\"><\/path><\/g><\/svg><\/span>\n\t\t\t\t\t\t\t\t\t\t\t\t\t\t<\/span>\n\t\t\t\t\t\t\t\t\t\t\t\t<a class=\"elementor-accordion-title\" tabindex=\"0\">Garang Heng<\/a>\n\t\t\t\t\t<\/div>\n\t\t\t\t\t<div id=\"elementor-tab-content-5975\" class=\"elementor-tab-content elementor-clearfix\" data-tab=\"5\" role=\"region\" aria-labelledby=\"elementor-tab-title-5975\"><p>Hin Klai, ogs\u00e5 kendt som Garang Heng, er et alsidigt dykkersted, der ligger \u00f8st for Phi Phi Ley og Phi Phi Don, og som er velegnet til dykkere p\u00e5 alle niveauer. Dets cylindriske tinde n\u00e5r op til 6 meter fra overfladen, hvilket g\u00f8r det ideelt for dykkere med Open Water-certifikat og derover. Dette livlige sted kan prale af tusindvis af anemoner, h\u00e5rde koralhoveder, gigantiske t\u00f8ndesvampe og enorme gorgonier. Dykkere kan ofte f\u00e5 \u00f8je p\u00e5 leopardhajer, der hviler sig p\u00e5 sandbunden, sammen med stimer af stor\u00f8jet og toplettet snapper, fusilier, moorish idols, boxfish og pufferfish. Med et skarpt \u00f8je kan man ogs\u00e5 finde mindre skabninger som sp\u00f8gelsesr\u00f8rfisk, n\u00f8gensnegle og forskellige krabber blandt koraller og spr\u00e6kker.<\/p><\/div>\n\t\t\t\t<\/div>\n\t\t\t\t\t\t\t<div class=\"elementor-accordion-item\">\n\t\t\t\t\t<div id=\"elementor-tab-title-5976\" class=\"elementor-tab-title\" data-tab=\"6\" role=\"button\" aria-controls=\"elementor-tab-content-5976\" aria-expanded=\"false\">\n\t\t\t\t\t\t\t\t\t\t\t\t\t<span class=\"elementor-accordion-icon elementor-accordion-icon-right\" aria-hidden=\"true\">\n\t\t\t\t\t\t\t\t\t\t\t\t\t\t\t<span class=\"elementor-accordion-icon-closed\"><svg xmlns=\"http:\/\/www.w3.org\/2000\/svg\" width=\"37.5\" viewbox=\"0 0 37.5 37.5\" height=\"37.5\"><defs><clippath id=\"a\"><path d=\"M 0 14 L 37.007812 14 L 37.007812 24 L 0 24 Z M 0 14\"><\/path><\/clippath><clippath id=\"b\"><path d=\"M 14 0 L 23 0 L 23 37.007812 L 14 37.007812 Z M 14 0\"><\/path><\/clippath><\/defs><g clip-path=\"url(#a)\"><path stroke-linecap=\"round\" transform=\"matrix(.75 .00197 -.00197 .75 0 18.75)\" fill=\"none\" d=\"M 0.499998 -0.00131013 L 49.500178 0.000254553\" stroke=\"#000\"><\/path><\/g><g clip-path=\"url(#b)\"><path stroke-linecap=\"round\" transform=\"matrix(-.00633 -.75044 .74997 -.00632 18.69 37.498)\" fill=\"none\" d=\"M 0.497536 0.000809227 L 49.473891 -0.00259276\" stroke=\"#000\"><\/path><\/g><\/svg><\/span>\n\t\t\t\t\t\t\t\t<span class=\"elementor-accordion-icon-opened\"><svg xmlns=\"http:\/\/www.w3.org\/2000\/svg\" width=\"37.5\" viewbox=\"0 0 37.5 37.5\" height=\"37.5\"><defs><clippath id=\"a\"><path d=\"M 0 14 L 37.007812 14 L 37.007812 24 L 0 24 Z M 0 14\"><\/path><\/clippath><\/defs><g clip-path=\"url(#a)\"><path stroke-linecap=\"round\" transform=\"matrix(.75 .00197 -.00197 .75 0 18.75)\" fill=\"none\" d=\"M 0.499998 -0.00131013 L 49.500178 0.000254553\" stroke=\"#000\"><\/path><\/g><\/svg><\/span>\n\t\t\t\t\t\t\t\t\t\t\t\t\t\t<\/span>\n\t\t\t\t\t\t\t\t\t\t\t\t<a class=\"elementor-accordion-title\" tabindex=\"0\">Vikingernes hule<\/a>\n\t\t\t\t\t<\/div>\n\t\t\t\t\t<div id=\"elementor-tab-content-5976\" class=\"elementor-tab-content elementor-clearfix\" data-tab=\"6\" role=\"region\" aria-labelledby=\"elementor-tab-title-5976\"><p>Viking Bay er v\u00e6rt for en dedikeret koralb\u00f8rnehave, der \u00f8ger b\u00e5de den \u00f8kologiske v\u00e6rdi og undervandsinteressen. Dykkere kan st\u00f8de p\u00e5 et rigt udvalg af marineliv som snappere, kuglefisk, l\u00f8vefisk og skorpionfisk, og lejlighedsvis ses skildpadder og havslanger, hvilket g\u00f8r det til et overbevisende dykkersted.<\/p><\/div>\n\t\t\t\t<\/div>\n\t\t\t\t\t\t\t\t<\/div>\n\t\t\t\t\t\t<\/div>\n\t\t\t\t\t<\/div>\n\t\t\t\t<\/div>\n\t\t<div class=\"elementor-element elementor-element-7586f93e e-flex e-con-boxed e-con e-child\" data-id=\"7586f93e\" data-element_type=\"container\" data-e-type=\"container\">\n\t\t\t\t\t<div class=\"e-con-inner\">\n\t\t\t\t<div class=\"elementor-element elementor-element-16c292a elementor-widget elementor-widget-video\" data-id=\"16c292a\" data-element_type=\"widget\" data-e-type=\"widget\" data-settings=\"{&quot;video_type&quot;:&quot;hosted&quot;,&quot;autoplay&quot;:&quot;yes&quot;,&quot;loop&quot;:&quot;yes&quot;}\" data-widget_type=\"video.default\">\n\t\t\t\t\t\t\t<div class=\"e-hosted-video elementor-wrapper elementor-open-inline\">\n\t\t\t\t\t<video class=\"elementor-video\" src=\"https:\/\/thailand-divers.com\/wp-content\/uploads\/Phi-Phi-Underwater.mp4\" autoplay=\"\" loop=\"\" controlslist=\"nodownload\"><\/video>\n\t\t\t\t<\/div>\n\t\t\t\t\t\t<\/div>\n\t\t\t\t\t<\/div>\n\t\t\t\t<\/div>\n\t\t\t\t\t<\/div>\n\t\t\t\t<\/div>\n\t\t<div class=\"elementor-element elementor-element-22329d9 e-flex e-con-boxed e-con e-parent\" data-id=\"22329d9\" data-element_type=\"container\" data-e-type=\"container\">\n\t\t\t\t\t<div class=\"e-con-inner\">\n\t\t<div class=\"elementor-element elementor-element-1df5cfb e-con-full e-flex e-con e-child\" data-id=\"1df5cfb\" data-element_type=\"container\" data-e-type=\"container\">\n\t\t\t\t<div class=\"elementor-element elementor-element-34a9138 elementor-widget elementor-widget-image\" data-id=\"34a9138\" data-element_type=\"widget\" data-e-type=\"widget\" data-widget_type=\"image.default\">\n\t\t\t\t\t\t\t\t\t\t\t\t\t\t\t<img decoding=\"async\" width=\"1200\" height=\"900\" src=\"https:\/\/thailand-divers.com\/wp-content\/uploads\/phi-phi-explorer-overnight-scuba-diving-trip.webp\" class=\"attachment-large size-large wp-image-32368\" alt=\"\" srcset=\"https:\/\/thailand-divers.com\/wp-content\/uploads\/phi-phi-explorer-overnight-scuba-diving-trip.webp 1200w, https:\/\/thailand-divers.com\/wp-content\/uploads\/phi-phi-explorer-overnight-scuba-diving-trip-768x576.webp 768w, https:\/\/thailand-divers.com\/wp-content\/uploads\/phi-phi-explorer-overnight-scuba-diving-trip-16x12.webp 16w\" sizes=\"(max-width: 1200px) 100vw, 1200px\" \/>\t\t\t\t\t\t\t\t\t\t\t\t\t\t\t<\/div>\n\t\t\t\t<\/div>\n\t\t<div class=\"elementor-element elementor-element-9fae354 e-con-full e-flex e-con e-child\" data-id=\"9fae354\" data-element_type=\"container\" data-e-type=\"container\">\n\t\t<div class=\"elementor-element elementor-element-79976e94 e-con-full e-flex e-con e-child\" data-id=\"79976e94\" data-element_type=\"container\" data-e-type=\"container\">\n\t\t\t\t<div class=\"elementor-element elementor-element-350a0834 elementor-widget elementor-widget-heading\" data-id=\"350a0834\" data-element_type=\"widget\" data-e-type=\"widget\" data-widget_type=\"heading.default\">\n\t\t\t\t\t<h2 class=\"elementor-heading-title elementor-size-default\">Mellem juni og oktober 2025<\/h2>\t\t\t\t<\/div>\n\t\t\t\t<div class=\"elementor-element elementor-element-52e58cb elementor-widget elementor-widget-heading\" data-id=\"52e58cb\" data-element_type=\"widget\" data-e-type=\"widget\" data-widget_type=\"heading.default\">\n\t\t\t\t\t<h2 class=\"elementor-heading-title elementor-size-default\">Phi Phi Explorer<\/h2>\t\t\t\t<\/div>\n\t\t\t\t<div class=\"elementor-element elementor-element-ed9d0b5 elementor-widget elementor-widget-heading\" data-id=\"ed9d0b5\" data-element_type=\"widget\" data-e-type=\"widget\" data-widget_type=\"heading.default\">\n\t\t\t\t\t<h2 class=\"elementor-heading-title elementor-size-default\">Tur med overnatning<\/h2>\t\t\t\t<\/div>\n\t\t\t\t<div class=\"elementor-element elementor-element-2fdaf08 elementor-widget__width-initial elementor-widget elementor-widget-heading\" data-id=\"2fdaf08\" data-element_type=\"widget\" data-e-type=\"widget\" data-widget_type=\"heading.default\">\n\t\t\t\t\t<p class=\"elementor-heading-title elementor-size-default\">Bes\u00f8g de seks bedste dykkersteder omkring Phi Phi Islands National Marine Park p\u00e5 dette dykkereventyr med overnatning.<\/p>\t\t\t\t<\/div>\n\t\t\t\t<\/div>\n\t\t\t\t<\/div>\n\t\t\t\t\t<\/div>\n\t\t\t\t<\/div>\n\t\t\t\t<\/div>","protected":false},"excerpt":{"rendered":"<p>Best Diving Spots in Phuket 2D\/1N 14,900 THB USD$450 \/ \u20ac400 Koh Bida Nai This small limestone island offers steep walls, sloping reefs, and hidden caverns teeming with colourful corals and sponges. Divers often encounter black-tip reef sharks, schools of snapper, clownfish, and occasionally turtles or leopard sharks. Suitable for all experience levels, Bida Nai [&hellip;]<\/p>\n","protected":false},"author":1,"featured_media":25468,"parent":0,"menu_order":0,"comment_status":"closed","ping_status":"closed","template":"","meta":{"_angie_page":false,"footnotes":""},"hf_cat_page":[],"class_list":["post-32362","page","type-page","status-publish","has-post-thumbnail","hentry"],"_links":{"self":[{"href":"https:\/\/thailand-divers.com\/da\/wp-json\/wp\/v2\/pages\/32362","targetHints":{"allow":["GET"]}}],"collection":[{"href":"https:\/\/thailand-divers.com\/da\/wp-json\/wp\/v2\/pages"}],"about":[{"href":"https:\/\/thailand-divers.com\/da\/wp-json\/wp\/v2\/types\/page"}],"author":[{"embeddable":true,"href":"https:\/\/thailand-divers.com\/da\/wp-json\/wp\/v2\/users\/1"}],"replies":[{"embeddable":true,"href":"https:\/\/thailand-divers.com\/da\/wp-json\/wp\/v2\/comments?post=32362"}],"version-history":[{"count":23,"href":"https:\/\/thailand-divers.com\/da\/wp-json\/wp\/v2\/pages\/32362\/revisions"}],"predecessor-version":[{"id":35138,"href":"https:\/\/thailand-divers.com\/da\/wp-json\/wp\/v2\/pages\/32362\/revisions\/35138"}],"wp:featuredmedia":[{"embeddable":true,"href":"https:\/\/thailand-divers.com\/da\/wp-json\/wp\/v2\/media\/25468"}],"wp:attachment":[{"href":"https:\/\/thailand-divers.com\/da\/wp-json\/wp\/v2\/media?parent=32362"}],"wp:term":[{"taxonomy":"hf_cat_page","embeddable":true,"href":"https:\/\/thailand-divers.com\/da\/wp-json\/wp\/v2\/hf_cat_page?post=32362"}],"curies":[{"name":"wp","href":"https:\/\/api.w.org\/{rel}","templated":true}]}}